{"id":808,"date":"2022-08-19T00:47:19","date_gmt":"2022-08-19T00:47:19","guid":{"rendered":"https:\/\/www.acofi.edu.co\/eiei2022\/?page_id=808"},"modified":"2022-09-01T16:48:40","modified_gmt":"2022-09-01T16:48:40","slug":"materiales-y-procesos","status":"publish","type":"page","link":"https:\/\/www.acofi.edu.co\/eiei2022\/jornada-avances-en-investigacion\/materiales-y-procesos\/","title":{"rendered":"Materiales y procesos"},"content":{"rendered":"\n<h3 class=\"wp-block-heading\"><strong>Descripci\u00f3n<\/strong><\/h3>\n\n\n\n<p>En esta jornada se presentar\u00e1n aportes de ingenier\u00eda en composici\u00f3n, estructura, protecci\u00f3n y procesado de los materiales, as\u00ed como sus funciones y desempe\u00f1o. Igualmente, aquellas que incluyan el estudio y optimizaci\u00f3n de materiales.<\/p>\n\n\n\n<h3 class=\"wp-block-heading\"><strong>Motivaci\u00f3n<\/strong><\/h3>\n\n\n\n<p>Los materiales siempre han tenido un rol fundamental en el desarrollo de las regiones y los pa\u00edses. Los nuevos retos tecnol\u00f3gicos, sociales, ambientales, exigen que las iniciativas, proyectos y productos asociados a los materiales requieran de una ingenier\u00eda que permita por un lado cumpla los requerimientos t\u00e9cnicos y a la vez responda a los retos sociales y ambientales.<br><br>El Foro Econ\u00f3mico Mundial recientemente expresa:<\/p>\n\n\n\n<ul class=\"wp-block-list\"><li>Los esfuerzos de mitigaci\u00f3n clim\u00e1tica a menudo pasan por alto las emisiones asociadas con la producci\u00f3n y el consumo de productos.<\/li><li>La transici\u00f3n de materiales tiene como objetivo hacer evolucionar el panorama actual de los materiales al inducir la eficiencia, sustituir materiales intensivos en emisiones y mejorar su circularidad.<\/li><li>La transici\u00f3n de materiales aumentar\u00e1 la capacidad para una transici\u00f3n energ\u00e9tica escalable, al tiempo que extender\u00e1 los esfuerzos de reducci\u00f3n de emisiones a los productos y aplicaciones.<\/li><\/ul>\n\n\n\n<p>Desde las facultades, escuelas y programas de ingenier\u00eda, debemos atender las condiciones t\u00e9cnicas de los materiales y a la vez ser l\u00edderes en promover acciones que incentiven la producci\u00f3n de nuevos materiales, la optimizaci\u00f3n de los existentes, como un aporte fundamental a las ganancias sociales, clim\u00e1ticas econ\u00f3micas.<\/p>\n\n\n\n<h3 class=\"wp-block-heading\"><strong>Agenda<\/strong><\/h3>\n\n\n\n<figure class=\"wp-block-image size-full\"><img loading=\"lazy\" decoding=\"async\" width=\"600\" height=\"164\" src=\"https:\/\/www.acofi.edu.co\/eiei2022\/wp-content\/uploads\/2022\/08\/Agenda-Materiales-y-procesos-1.png\" alt=\"\" class=\"wp-image-1013\" srcset=\"https:\/\/www.acofi.edu.co\/eiei2022\/wp-content\/uploads\/2022\/08\/Agenda-Materiales-y-procesos-1.png 600w, https:\/\/www.acofi.edu.co\/eiei2022\/wp-content\/uploads\/2022\/08\/Agenda-Materiales-y-procesos-1-300x82.png 300w\" sizes=\"auto, (max-width: 600px) 100vw, 600px\" \/><\/figure>\n\n\n\n<h3 class=\"wp-block-heading\"><strong>Metodolog\u00eda<\/strong><\/h3>\n\n\n\n<p>El moderador realizar\u00e1 una breve introducci\u00f3n, presentando con base en su experiencia aspectos que considere relevantes alrededor de los materiales y procesos.<br><br>Se presentar\u00e1n los trabajos y al finalizar el moderador presentar\u00e1 las conclusiones de la jornada.<\/p>\n\n\n\n<h3 class=\"wp-block-heading\"><strong>Avances en investigaci\u00f3n<\/strong><\/h3>\n\n\n\n<figure class=\"wp-block-image size-full\"><img loading=\"lazy\" decoding=\"async\" width=\"800\" height=\"542\" src=\"https:\/\/www.acofi.edu.co\/eiei2022\/wp-content\/uploads\/2022\/08\/Ponencias-Materiales-y-procesos.png\" alt=\"\" class=\"wp-image-988\" srcset=\"https:\/\/www.acofi.edu.co\/eiei2022\/wp-content\/uploads\/2022\/08\/Ponencias-Materiales-y-procesos.png 800w, https:\/\/www.acofi.edu.co\/eiei2022\/wp-content\/uploads\/2022\/08\/Ponencias-Materiales-y-procesos-300x203.png 300w, https:\/\/www.acofi.edu.co\/eiei2022\/wp-content\/uploads\/2022\/08\/Ponencias-Materiales-y-procesos-768x520.png 768w\" sizes=\"auto, (max-width: 800px) 100vw, 800px\" \/><\/figure>\n\n\n\n<h3 class=\"wp-block-heading\"><strong>Coordinaci\u00f3n<\/strong><\/h3>\n\n\n\n<p>Luz Marina Pati\u00f1o, Corporaci\u00f3n Universitaria Empresarial Alexander Von Humboldt \u2013 ACOFI (Colombia)<\/p>\n\n\n\n<h3 class=\"wp-block-heading\"><strong>Aspectos log\u00edsticos<\/strong><\/h3>\n\n\n\n<ul class=\"wp-block-list\"><li>Fecha y horario: martes 13 de septiembre de 2020, 10:00 \u2013 13:30 horas COT.<\/li><li>Idioma: espa\u00f1ol.<\/li><li>N\u00famero de participantes: 25. <strong>CUPO COMPLETADO<\/strong><\/li><li>Lugar: Fundaci\u00f3n Universitaria Colombo Internacional, Centro Hist\u00f3rico \u2013 Calle de la Factor\u00eda 36-27,\u00a0Sal\u00f3n A210<\/li><li>Se solicita a quienes tengan presentaciones, utilicen un n\u00famero adecuado de diapositivas, dado que el tiempo de exposici\u00f3n ser\u00e1 de m\u00e1ximo 12 minutos y tres minutos para comentarios y preguntas.<\/li><\/ul>\n\n\n\n<h3 class=\"wp-block-heading\"><strong>Mapa<\/strong><\/h3>\n\n\n\n<iframe src=\"https:\/\/www.google.com\/maps\/embed?pb=!1m18!1m12!1m3!1d245.2471021404617!2d-75.5521078921709!3d10.425254150919063!2m3!1f0!2f0!3f0!3m2!1i1024!2i768!4f13.1!3m3!1m2!1s0x8ef62fa1c95105bd%3A0xeb20acfe4dc46d2a!2sCentro%20Colombo%20Americano%20de%20Cartagena%20%7C%20Aprende%20ingl%C3%A9s%20de%20verdad!5e0!3m2!1ses-419!2sco!4v1661196304692!5m2!1ses-419!2sco\" width=\"600\" height=\"450\" style=\"border:0;\" allowfullscreen=\"\" loading=\"lazy\" referrerpolicy=\"no-referrer-when-downgrade\"><\/iframe>\n","protected":false},"excerpt":{"rendered":"<p>Descripci\u00f3n En esta jornada se presentar\u00e1n aportes de ingenier\u00eda en composici\u00f3n, estructura, protecci\u00f3n y procesado de los materiales, as\u00ed como sus funciones y desempe\u00f1o. Igualmente, aquellas que incluyan el estudio y optimizaci\u00f3n de materiales. Motivaci\u00f3n Los materiales siempre han tenido un rol fundamental en el desarrollo de las regiones y los pa\u00edses. Los nuevos retos [&hellip;]<\/p>\n","protected":false},"author":1,"featured_media":0,"parent":795,"menu_order":0,"comment_status":"closed","ping_status":"closed","template":"","meta":{"_acf_changed":false,"footnotes":""},"class_list":["post-808","page","type-page","status-publish","hentry"],"acf":[],"_links":{"self":[{"href":"https:\/\/www.acofi.edu.co\/eiei2022\/wp-json\/wp\/v2\/pages\/808","targetHints":{"allow":["GET"]}}],"collection":[{"href":"https:\/\/www.acofi.edu.co\/eiei2022\/wp-json\/wp\/v2\/pages"}],"about":[{"href":"https:\/\/www.acofi.edu.co\/eiei2022\/wp-json\/wp\/v2\/types\/page"}],"author":[{"embeddable":true,"href":"https:\/\/www.acofi.edu.co\/eiei2022\/wp-json\/wp\/v2\/users\/1"}],"replies":[{"embeddable":true,"href":"https:\/\/www.acofi.edu.co\/eiei2022\/wp-json\/wp\/v2\/comments?post=808"}],"version-history":[{"count":9,"href":"https:\/\/www.acofi.edu.co\/eiei2022\/wp-json\/wp\/v2\/pages\/808\/revisions"}],"predecessor-version":[{"id":1075,"href":"https:\/\/www.acofi.edu.co\/eiei2022\/wp-json\/wp\/v2\/pages\/808\/revisions\/1075"}],"up":[{"embeddable":true,"href":"https:\/\/www.acofi.edu.co\/eiei2022\/wp-json\/wp\/v2\/pages\/795"}],"wp:attachment":[{"href":"https:\/\/www.acofi.edu.co\/eiei2022\/wp-json\/wp\/v2\/media?parent=808"}],"curies":[{"name":"wp","href":"https:\/\/api.w.org\/{rel}","templated":true}]}}