{"id":803,"date":"2022-08-19T00:45:59","date_gmt":"2022-08-19T00:45:59","guid":{"rendered":"https:\/\/www.acofi.edu.co\/eiei2022\/?page_id=803"},"modified":"2022-09-01T16:49:42","modified_gmt":"2022-09-01T16:49:42","slug":"ingenieria-para-la-salud","status":"publish","type":"page","link":"https:\/\/www.acofi.edu.co\/eiei2022\/jornada-avances-en-investigacion\/ingenieria-para-la-salud\/","title":{"rendered":"Ingenier\u00eda para la salud"},"content":{"rendered":"\n<h3 class=\"wp-block-heading\"><strong>Descripci\u00f3n<\/strong><\/h3>\n\n\n\n<p>En esta jornada se presentar\u00e1n aportes de ingenier\u00eda que contribuyen al mejoramiento de la calidad de vida a trav\u00e9s de la salud.<br><br>De la misma manera, directivos y profesores de Ingenier\u00eda Biom\u00e9dica, analizar\u00e1n las tendencias en la profesi\u00f3n.<\/p>\n\n\n\n<h3 class=\"wp-block-heading\"><strong>Motivaci\u00f3n<\/strong><\/h3>\n\n\n\n<p>Sobre Ingenier\u00eda para la salud:<br><br>Cuando hablamos de ingenier\u00eda para la salud nos estamos refiriendo a dos conceptos: salud y funci\u00f3n. Funci\u00f3n es calidad de vida para poder desarrollar nuestras actividades diarias sin problemas, actividades que van desde andar, subir escaleras, sentarse o entrar y salir de un coche, hasta poder ponerse o quitarse los zapatos. Pero, para toda esta actividad completamente natural en una persona sana y joven, es necesaria la colaboraci\u00f3n de la ingenier\u00eda cuando existen problemas de salud o cuando vamos cumpliendo a\u00f1os. Como es bien sabido, el siglo XXI se (caracteriza) por un aumento considerable de nuestra vida media, por tanto, hay que prepararse y organizarse para recorrer el mayor trayecto en el m\u00ednimo tiempo posible.<br><br>Somos testigos de los grandes avances logrados en la medicina, que, en gran medida, han ido emparejados a los de la ciencia y la tecnolog\u00eda de otros campos. Si buscamos una explicaci\u00f3n sencilla de qu\u00e9 es la ingenier\u00eda biom\u00e9dica, podr\u00edamos decir que es la ingenier\u00eda al servicio de la (salud humana), lo que implica la educaci\u00f3n y el entrenamiento de los ingenieros en el \u00e1mbito de la medicina y viceversa, los mismos condicionantes para los m\u00e9dicos en el \u00e1mbito de la ingenier\u00eda. Esto, que dicho as\u00ed no parece complicado, en la pr\u00e1ctica lo es y mucho. Para ello es necesario conocer los lenguajes del m\u00e9dico y del ingeniero; yo dir\u00eda que, m\u00e1s a\u00fan, tambi\u00e9n el del bi\u00f3logo y el del especialista en ciencia de los materiales. Claramente es un \u00e1rea interdisciplinar en la que necesariamente se tienen que coordinar especialistas muy diferentes que deben de llegar a ser complementarios.<br><br>La ingenier\u00eda de la salud aborda muchos campos donde est\u00e1n implicados investigadores, tecn\u00f3logos, cl\u00ednicos, gesti\u00f3n hospitalaria e industrias.<a id=\"_ftnref1\" href=\"#_ftn1\"><strong>[1]<\/strong><\/a><br><br>Esta jornada presentar\u00e1 trabajos que aporten en este sentido.<br><br>Sobre el trabajo de los programas de Ingenier\u00eda Biom\u00e9dica<br><br>Es importante conocer y reconocer algunos aspectos de inter\u00e9s en una de las carreras que est\u00e1 en proceso de su consolidaci\u00f3n y donde es importante plantear elementos como su perfil, oportunidades, riesgos y tendencias.<br><br><\/p>\n\n\n\n<ul class=\"wp-block-list\"><li>Visibilidad de la Ingenier\u00eda Biom\u00e9dica como profesi\u00f3n<\/li><li>Aspectos legales y normativos relacionados con la ingenier\u00eda biom\u00e9dica.<\/li><\/ul>\n\n\n\n<h3 class=\"wp-block-heading\"><strong>Agenda<\/strong><\/h3>\n\n\n\n<figure class=\"wp-block-image size-full\"><img loading=\"lazy\" decoding=\"async\" width=\"600\" height=\"185\" src=\"https:\/\/www.acofi.edu.co\/eiei2022\/wp-content\/uploads\/2022\/08\/Agenda-Ingenieria-para-la-salud-1.png\" alt=\"\" class=\"wp-image-1011\" srcset=\"https:\/\/www.acofi.edu.co\/eiei2022\/wp-content\/uploads\/2022\/08\/Agenda-Ingenieria-para-la-salud-1.png 600w, https:\/\/www.acofi.edu.co\/eiei2022\/wp-content\/uploads\/2022\/08\/Agenda-Ingenieria-para-la-salud-1-300x93.png 300w\" sizes=\"auto, (max-width: 600px) 100vw, 600px\" \/><\/figure>\n\n\n\n<h3 class=\"wp-block-heading\"><strong>Metodolog\u00eda de los trabajos<\/strong><\/h3>\n\n\n\n<p>Se presentar\u00e1n los trabajos y al finalizar el moderador presentar\u00e1 las conclusiones de los trabajos.<\/p>\n\n\n\n<h3 class=\"wp-block-heading\"><strong>Avances en investigaci\u00f3n<\/strong><\/h3>\n\n\n\n<figure class=\"wp-block-image size-full\"><img loading=\"lazy\" decoding=\"async\" width=\"800\" height=\"837\" src=\"https:\/\/www.acofi.edu.co\/eiei2022\/wp-content\/uploads\/2022\/08\/Ponencias-Ingenieria-para-la-salud.png\" alt=\"\" class=\"wp-image-984\" srcset=\"https:\/\/www.acofi.edu.co\/eiei2022\/wp-content\/uploads\/2022\/08\/Ponencias-Ingenieria-para-la-salud.png 800w, https:\/\/www.acofi.edu.co\/eiei2022\/wp-content\/uploads\/2022\/08\/Ponencias-Ingenieria-para-la-salud-287x300.png 287w, https:\/\/www.acofi.edu.co\/eiei2022\/wp-content\/uploads\/2022\/08\/Ponencias-Ingenieria-para-la-salud-768x804.png 768w\" sizes=\"auto, (max-width: 800px) 100vw, 800px\" \/><\/figure>\n\n\n\n<h3 class=\"wp-block-heading\"><strong>Coordinaci\u00f3n<\/strong><\/h3>\n\n\n\n<p>Carolina Casta\u00f1o Portilla, Universidad EIA, Colombia<\/p>\n\n\n\n<h3 class=\"wp-block-heading\"><strong>Aspectos log\u00edsticos<\/strong><\/h3>\n\n\n\n<ul class=\"wp-block-list\"><li>Fecha y horario: martes 13 de septiembre de 2020, 09:00 \u2013 16:30 horas COT.<\/li><li>Idioma: espa\u00f1ol.<\/li><li>N\u00famero de participantes: 30. <strong>CUPO COMPLETADO<\/strong><\/li><li>Lugar: Universidad Tecnol\u00f3gica de Bol\u00edvar, Campus Manga, Sal\u00f3n MB \u2013 406<\/li><li>Se solicita a quienes tengan presentaciones, utilicen un n\u00famero adecuado de diapositivas, dado que el tiempo de exposici\u00f3n ser\u00e1 de m\u00e1ximo 12 minutos y tres minutos para comentarios y preguntas.<\/li><\/ul>\n\n\n\n<h3 class=\"wp-block-heading\"><strong>Mapa<\/strong><\/h3>\n\n\n\n<iframe src=\"https:\/\/www.google.com\/maps\/embed?pb=!1m18!1m12!1m3!1d981.0264924410558!2d-75.53839637329686!3d10.413157783584252!2m3!1f0!2f0!3f0!3m2!1i1024!2i768!4f13.1!3m3!1m2!1s0x8ef625936b260037%3A0x9308af08f0ad9383!2sUTB!5e0!3m2!1ses!2sco!4v1661192927377!5m2!1ses!2sco\" width=\"600\" height=\"450\" style=\"border:0;\" allowfullscreen=\"\" loading=\"lazy\" referrerpolicy=\"no-referrer-when-downgrade\"><\/iframe>\n\n\n\n<hr class=\"wp-block-separator has-alpha-channel-opacity\"\/>\n\n\n\n<p><a href=\"#_ftnref1\" id=\"_ftn1\">[1]<\/a> Adaptado de: <a href=\"https:\/\/elpais.com\/diario\/2005\/11\/16\/futuro\/1132095605_850215.html\">https:\/\/elpais.com\/diario\/2005\/11\/16\/futuro\/1132095605_850215.html<\/a><\/p>\n","protected":false},"excerpt":{"rendered":"<p>Descripci\u00f3n En esta jornada se presentar\u00e1n aportes de ingenier\u00eda que contribuyen al mejoramiento de la calidad de vida a trav\u00e9s de la salud. De la misma manera, directivos y profesores de Ingenier\u00eda Biom\u00e9dica, analizar\u00e1n las tendencias en la profesi\u00f3n. Motivaci\u00f3n Sobre Ingenier\u00eda para la salud: Cuando hablamos de ingenier\u00eda para la salud nos estamos refiriendo [&hellip;]<\/p>\n","protected":false},"author":1,"featured_media":0,"parent":795,"menu_order":0,"comment_status":"closed","ping_status":"closed","template":"","meta":{"_acf_changed":false,"footnotes":""},"class_list":["post-803","page","type-page","status-publish","hentry"],"acf":[],"_links":{"self":[{"href":"https:\/\/www.acofi.edu.co\/eiei2022\/wp-json\/wp\/v2\/pages\/803","targetHints":{"allow":["GET"]}}],"collection":[{"href":"https:\/\/www.acofi.edu.co\/eiei2022\/wp-json\/wp\/v2\/pages"}],"about":[{"href":"https:\/\/www.acofi.edu.co\/eiei2022\/wp-json\/wp\/v2\/types\/page"}],"author":[{"embeddable":true,"href":"https:\/\/www.acofi.edu.co\/eiei2022\/wp-json\/wp\/v2\/users\/1"}],"replies":[{"embeddable":true,"href":"https:\/\/www.acofi.edu.co\/eiei2022\/wp-json\/wp\/v2\/comments?post=803"}],"version-history":[{"count":9,"href":"https:\/\/www.acofi.edu.co\/eiei2022\/wp-json\/wp\/v2\/pages\/803\/revisions"}],"predecessor-version":[{"id":1076,"href":"https:\/\/www.acofi.edu.co\/eiei2022\/wp-json\/wp\/v2\/pages\/803\/revisions\/1076"}],"up":[{"embeddable":true,"href":"https:\/\/www.acofi.edu.co\/eiei2022\/wp-json\/wp\/v2\/pages\/795"}],"wp:attachment":[{"href":"https:\/\/www.acofi.edu.co\/eiei2022\/wp-json\/wp\/v2\/media?parent=803"}],"curies":[{"name":"wp","href":"https:\/\/api.w.org\/{rel}","templated":true}]}}