{"id":41,"date":"2021-11-26T16:24:51","date_gmt":"2021-11-26T16:24:51","guid":{"rendered":"\/\/www.acofi.edu.co\/eiei2022\/?page_id=41"},"modified":"2022-10-05T12:35:40","modified_gmt":"2022-10-05T12:35:40","slug":"sobre-el-eiei-acofi-2022","status":"publish","type":"page","link":"https:\/\/www.acofi.edu.co\/eiei2022\/informacion-general\/sobre-el-eiei-acofi-2022\/","title":{"rendered":"Sobre el EIEI ACOFI 2022"},"content":{"rendered":"\n<p>La Asociaci\u00f3n Colombiana de Facultades de Ingenier\u00eda (ACOFI) realiz\u00f3 del 13 al 16 de septiembre de 2022 una nueva edici\u00f3n del Encuentro Internacional de Educaci\u00f3n en Ingenier\u00eda ACOFI (EIEI ACOFI 2022), con el tema central \u201cNuevas realidades para educaci\u00f3n en ingenier\u00eda: curr\u00edculo, tecnolog\u00eda, medio ambiente y desarrollo\u201d. Reunimos a decanos, directivos acad\u00e9micos y administrativos, profesores y estudiantes de ingenier\u00eda, representantes del sector productivo, entidades del Estado, gremios y la sociedad, quienes interactuaron para estudiar, analizar, debatir y reflexionar sobre los retos y oportunidades que el mundo nos presenta.<br><br>En el EIEI ACOFI 2022 se llevaron a cabo conferencias magistrales, paneles y di\u00e1logos con expertos sobre el tema central y tambi\u00e9n cont\u00f3 con las actividades que ha mantenido en cada una de sus versiones asociadas a la ense\u00f1anza de la ingenier\u00eda, las tendencias en las estrategias de ense\u00f1anza \u2013 aprendizaje y el compromiso de la ingenier\u00eda con el desarrollo, en un gran escenario que permitir\u00e1 acoger a expositores y participantes de diferentes lugares, para compartir su conocimiento y experiencia. De la misma manera, se realizaron talleres sobre temas de ingenier\u00eda y actividades t\u00e9cnicas, que se convertieron en los espacios propicios para conocer y compartir experiencias y propuestas.<br><br>El EIEI ACOFI 2022 tuvo diferentes espacios acad\u00e9micos: la presentaci\u00f3n de los trabajos sobre ense\u00f1anza de la ingenier\u00eda, la novena versi\u00f3n del Foro de estudiantes de ingenier\u00eda (FCEI), la cuarta versi\u00f3n del Encuentro Nacional de Estudiantes de Doctorado en Ingenier\u00eda (ENEDI), la presentaci\u00f3n de avances de investigaci\u00f3n en ingenier\u00eda y por primera vez un espacio formal para conocer acerca de buenas pr\u00e1cticas sobre \u00e9tica en ingenier\u00eda. El EIEI ACOFI 2022 fue la oportunidad de relacionarse con empresas, gobierno, organizaciones y representantes de instituciones que imparten programas de ingenier\u00eda en uno de los escenarios m\u00e1s importantes de la ense\u00f1anza de la ingenier\u00eda en el \u00e1mbito global.<br><br>Estuvieron invitadas personalidades referentes de la ingenier\u00eda con el prop\u00f3sito de generar un \u00e1mbito de profundizaci\u00f3n del conocimiento en las distintas \u00e1reas de la profesi\u00f3n, para promover el intercambio de ideas y experiencias, establecer lazos de cooperaci\u00f3n y brindar la oportunidad de concretar acuerdos interinstitucionales.<br><br>El Consejo Directivo de ACOFI agradece a toda la comunidad acad\u00e9mica de ingenier\u00eda, representada por sus facultades, escuelas, programas de pregrado y posgrado, institutos, centros y grupos de investigaci\u00f3n; a los empresarios y gremios relacionados con la ingenier\u00eda; a los gobiernos locales, regionales, nacionales e internacionales; a las organizaciones regionales y globales; a los medios de comunicaci\u00f3n, haber hecho parte del EIEI ACOFI 2022.<\/p>\n\n\n\n<h2 class=\"wp-block-heading\">Sede del evento<\/h2>\n\n\n\n<h3 class=\"wp-block-heading\">Centro de Convenciones Cartagena de Indias<\/h3>\n\n\n\n<figure class=\"wp-block-image size-full is-resized is-style-default\"><img loading=\"lazy\" decoding=\"async\" src=\"https:\/\/www.acofi.edu.co\/eiei2022\/wp-content\/uploads\/2022\/01\/Logo-ccc.png\" alt=\"\" class=\"wp-image-300\" width=\"286\" height=\"122\" srcset=\"https:\/\/www.acofi.edu.co\/eiei2022\/wp-content\/uploads\/2022\/01\/Logo-ccc.png 381w, https:\/\/www.acofi.edu.co\/eiei2022\/wp-content\/uploads\/2022\/01\/Logo-ccc-300x128.png 300w\" sizes=\"auto, (max-width: 286px) 100vw, 286px\" \/><\/figure>\n\n\n\n<p>El CCCI cuenta con m\u00e1s de 20,000 m<sup>2<\/sup> de espacios vers\u00e1tiles para eventos con los m\u00e1s altos est\u00e1ndares internacionales de calidad. Su versatilidad permite atender eventos de hasta m\u00e1s de 2000 delegados en simultaneidad. Lo cual garantiza que sea el espacio ideal para el EIEI ACOFI 2022.<br><br>Dentro de su oferta gastron\u00f3mica el Centro de Convenciones puede ofrecer al desarrollo del EIEI ACOFI 2022 Banquetes, coffee-breaks, almuerzos, cenas, galas empresariales, c\u00f3cteles y fiestas. Esto asegura que la atenci\u00f3n a los asistentes ser\u00e1 de la m\u00e1s alta calidad.<br><br>En cuanto a la oferta tecnol\u00f3gica del CCCI, esta abarca una gran variedad de servicios que pueden brindar al EIEI ACOFI 2022 soluciones pr\u00e1cticas, innovadoras y eficientes para el buen desarrollo del evento. Esta oferta ofrece tecnolog\u00edas tales como audio, microf\u00f3nica digital, traducci\u00f3n simult\u00e1nea, interpretes, sistemas de votaci\u00f3n, votaci\u00f3n por sms, proyecci\u00f3n, monitores, grabaciones, pantallas led, video conferencias, acreditaci\u00f3n, iluminaci\u00f3n e inform\u00e1tica.<br><br>El CCCI ha desarrollado protocolos de seguridad sanitaria que abarcan \u00e1reas como acceso al recinto, control de proveedores, montajes, alimentos y bebidas, equipos audiovisuales, estacionamientos, entre otros, con el objetivo de garantizarle a sus asistentes control en todas las \u00e1reas de interacci\u00f3n al reiniciar sus actividades.<br><br>Con informaci\u00f3n de <a href=\"https:\/\/cccartagena.com\/eventos\/\"><strong>https:\/\/cccartagena.com\/eventos\/<\/strong><\/a><\/p>\n\n\n\n<iframe src=\"https:\/\/www.google.com\/maps\/embed?pb=!1m18!1m12!1m3!1d693.67330097888!2d-75.54861214345418!3d10.420878401993829!2m3!1f0!2f0!3f0!3m2!1i1024!2i768!4f13.1!3m3!1m2!1s0x8ef62f7513b1da9f%3A0x24d9de4304104b6f!2sCentro%20de%20Convenciones%20Cartagena%20de%20Indias!5e0!3m2!1ses!2sco!4v1642619481283!5m2!1ses!2sco\" width=\"400\" height=\"300\" style=\"border:0;\" allowfullscreen=\"\" loading=\"lazy\"><\/iframe>\n\n\n\n<h2 class=\"wp-block-heading\">Nuestro imagotipo<\/h2>\n\n\n\n<figure class=\"wp-block-image size-medium\"><img loading=\"lazy\" decoding=\"async\" width=\"300\" height=\"275\" src=\"https:\/\/www.acofi.edu.co\/eiei2022\/wp-content\/uploads\/2022\/01\/Logo-EIEI-300x275.jpg\" alt=\"\" class=\"wp-image-303\" srcset=\"https:\/\/www.acofi.edu.co\/eiei2022\/wp-content\/uploads\/2022\/01\/Logo-EIEI-300x275.jpg 300w, https:\/\/www.acofi.edu.co\/eiei2022\/wp-content\/uploads\/2022\/01\/Logo-EIEI.jpg 408w\" sizes=\"auto, (max-width: 300px) 100vw, 300px\" \/><\/figure>\n\n\n\n<p>Un logo para representar simb\u00f3licamente las diferentes ramas de la ingenier\u00eda.<\/p>\n\n\n\n<ul class=\"wp-block-list\"><li>Inspirado en la representaci\u00f3n de los vectores, presentes en toda ingenier\u00eda.<\/li><li>Integra diferentes elementos matem\u00e1ticos.<\/li><li>Contiene una abstracci\u00f3n de lo que puede ser una intersecci\u00f3n de planos, d\u00e1ndole un aspecto 3D.<\/li><li>Simplifica el proceso de memorizaci\u00f3n de la sigla como marca.<\/li><li>Recuerda los colores de ACOFI.<\/li><\/ul>\n\n\n\n<p><\/p>\n","protected":false},"excerpt":{"rendered":"<p>La Asociaci\u00f3n Colombiana de Facultades de Ingenier\u00eda (ACOFI) realiz\u00f3 del 13 al 16 de septiembre de 2022 una nueva edici\u00f3n del Encuentro Internacional de Educaci\u00f3n en Ingenier\u00eda ACOFI (EIEI ACOFI 2022), con el tema central \u201cNuevas realidades para educaci\u00f3n en ingenier\u00eda: curr\u00edculo, tecnolog\u00eda, medio ambiente y desarrollo\u201d. Reunimos a decanos, directivos acad\u00e9micos y administrativos, profesores [&hellip;]<\/p>\n","protected":false},"author":1,"featured_media":0,"parent":38,"menu_order":0,"comment_status":"closed","ping_status":"closed","template":"","meta":{"_acf_changed":false,"footnotes":""},"class_list":["post-41","page","type-page","status-publish","hentry"],"acf":[],"_links":{"self":[{"href":"https:\/\/www.acofi.edu.co\/eiei2022\/wp-json\/wp\/v2\/pages\/41","targetHints":{"allow":["GET"]}}],"collection":[{"href":"https:\/\/www.acofi.edu.co\/eiei2022\/wp-json\/wp\/v2\/pages"}],"about":[{"href":"https:\/\/www.acofi.edu.co\/eiei2022\/wp-json\/wp\/v2\/types\/page"}],"author":[{"embeddable":true,"href":"https:\/\/www.acofi.edu.co\/eiei2022\/wp-json\/wp\/v2\/users\/1"}],"replies":[{"embeddable":true,"href":"https:\/\/www.acofi.edu.co\/eiei2022\/wp-json\/wp\/v2\/comments?post=41"}],"version-history":[{"count":17,"href":"https:\/\/www.acofi.edu.co\/eiei2022\/wp-json\/wp\/v2\/pages\/41\/revisions"}],"predecessor-version":[{"id":1145,"href":"https:\/\/www.acofi.edu.co\/eiei2022\/wp-json\/wp\/v2\/pages\/41\/revisions\/1145"}],"up":[{"embeddable":true,"href":"https:\/\/www.acofi.edu.co\/eiei2022\/wp-json\/wp\/v2\/pages\/38"}],"wp:attachment":[{"href":"https:\/\/www.acofi.edu.co\/eiei2022\/wp-json\/wp\/v2\/media?parent=41"}],"curies":[{"name":"wp","href":"https:\/\/api.w.org\/{rel}","templated":true}]}}