{"id":130,"date":"2021-12-16T22:01:23","date_gmt":"2021-12-16T22:01:23","guid":{"rendered":"https:\/\/www.acofi.edu.co\/eiei2022\/?page_id=130"},"modified":"2022-08-19T00:33:28","modified_gmt":"2022-08-19T00:33:28","slug":"buenas-practicas-sobre-etica-en-ingenieria","status":"publish","type":"page","link":"https:\/\/www.acofi.edu.co\/eiei2022\/informacion-academica\/categorias-de-participacion\/buenas-practicas-sobre-etica-en-ingenieria\/","title":{"rendered":"Buenas pr\u00e1cticas sobre \u00e9tica en ingenier\u00eda"},"content":{"rendered":"\n<p>La \u00e9tica es parte fundamental de la formaci\u00f3n en ingenier\u00eda y eje central del ejercicio profesional.<br><br>Los desarrollos asociados a la ingenier\u00eda est\u00e1n transformando permanentemente todas las facetas de la vida humana. En este sentido, las instituciones de educaci\u00f3n superior deben redise\u00f1ar la forma en que se ense\u00f1a su disciplina. Es fundamental para este replanteamiento requerir de estrategias que permitan analizar su labor profesional, frente a las obligaciones \u00e9ticas en las que su labor impacta a la sociedad (adaptado Foro Econ\u00f3mico mundial,&nbsp;<a rel=\"noreferrer noopener\" href=\"https:\/\/www.weforum.org\/agenda\/2021\/10\/3-predictions-about-the-future-of-responsible-technology\/\" target=\"_blank\"><strong>https:\/\/www.weforum.org\/agenda\/2021\/10\/3-predictions-about-the-future-of-responsible-technology\/<\/strong><\/a>).<br><br>Conceptos como la seguridad, la salud, el bienestar, el manejo de la informaci\u00f3n, la protecci\u00f3n por el medio ambiente, entre otros aspectos, que junto a los propios de cada disciplina de la ingenier\u00eda, hacen cada vez m\u00e1s necesaria una visi\u00f3n sustentada en la \u00e9tica y los valores, para lograr por un lado el bienestar social y por otro lado eficiencia, rentabilidad y ventajas competitivas (adaptado, Memorias III Congreso Internacional de \u00c9tica profesional en Ingenier\u00eda,&nbsp;<a rel=\"noreferrer noopener\" href=\"https:\/\/congresodeetica.com.co\/\" target=\"_blank\"><strong>https:\/\/congresodeetica.com.co\/<\/strong><\/a>)<\/p>\n\n\n\n<h3 class=\"wp-block-heading\" id=\"objetivo\">Objetivo<\/h3>\n\n\n\n<p>Socializar experiencias e iniciativas de las facultades, escuelas, programas de ingenier\u00eda, industria, gobiernos y organizaciones en general que promuevan la \u00e9tica en ingenier\u00eda.<\/p>\n\n\n\n<h3 class=\"wp-block-heading\" id=\"metodologia\">Metodolog\u00eda<\/h3>\n\n\n\n<p>Los trabajos ser\u00e1n expuestos&nbsp;<strong>en forma oral y en p\u00f3ster<\/strong> de forma <strong>presencial<\/strong>. Los trabajos seleccionados se expondr\u00e1n de forma oral en una jornada acad\u00e9mica el d\u00eda 13 de septiembre. La exhibici\u00f3n como p\u00f3steres ser\u00e1 los d\u00edas 14, 15 y 16 de septiembre.<br><br>Los trabajos seleccionados deber\u00e1n anexar el dise\u00f1o de un p\u00f3ster que contenga los aspectos m\u00e1s relevantes de la experiencia.<br><br>Esta propuesta se orienta a lograr una mejor interacci\u00f3n y contar con elementos pr\u00e1cticos para la jornada de presentaci\u00f3n de las experiencias.<\/p>\n\n\n\n<h3 class=\"wp-block-heading\" id=\"como-enviar-su-resumen\">C\u00f3mo enviar su resumen<\/h3>\n\n\n\n<p><strong>*Se recomienda que este proceso lo realice el autor principal del trabajo, pues quien inicia el proceso es el \u00fanico contacto entre ACOFI y el trabajo a presentar.<br><br>**Es obligatorio incluir a todos los autores del trabajo en la plataforma acofipapers. Despu\u00e9s de subido el resumen no se pueden hacer modificaciones y no se permitir\u00e1 la adici\u00f3n o sustracci\u00f3n de autores despu\u00e9s de iniciado el proceso.<\/strong><\/p>\n\n\n\n<div data-wp-interactive=\"core\/file\" class=\"wp-block-file\"><object data-wp-bind--hidden=\"!state.hasPdfPreview\" hidden class=\"wp-block-file__embed\" data=\"https:\/\/www.acofi.edu.co\/eiei2022\/wp-content\/uploads\/2022\/03\/Instructivo-para-subir-su-resumen-2022_.pdf\" type=\"application\/pdf\" style=\"width:100%;height:600px\" aria-label=\"Incrustado de PDF incrustado.\"><\/object><a href=\"https:\/\/www.acofi.edu.co\/eiei2022\/wp-content\/uploads\/2022\/03\/Instructivo-para-subir-su-resumen-2022_.pdf\" class=\"wp-block-file__button\" download aria-describedby=\"wp-block-file--media-d12aaaef-49a1-4ab4-9b4e-767968ecf6fd\">Descarga<\/a><\/div>\n\n\n\n<h3 class=\"wp-block-heading\" id=\"dirigida-a\">Dirigida a<\/h3>\n\n\n\n<ul class=\"wp-block-list\"><li>Grupos de investigaci\u00f3n de facultades, escuelas o programas de ingenier\u00eda.<\/li><li>Grupos de trabajo alrededor del trabajo de \u00e9tica en ingenier\u00eda.<\/li><li>Directivos, profesores, estudiantes y personal administrativo de las facultades, escuelas o programas de ingenier\u00eda.<\/li><\/ul>\n\n\n\n<h3 class=\"wp-block-heading\" id=\"cronograma-de-actividades\">Cronograma de actividades<\/h3>\n\n\n\n<figure class=\"wp-block-image size-full\"><img loading=\"lazy\" decoding=\"async\" width=\"800\" height=\"466\" src=\"https:\/\/www.acofi.edu.co\/eiei2022\/wp-content\/uploads\/2022\/03\/cronograma-actividades-2022_def.png\" alt=\"\" class=\"wp-image-413\" srcset=\"https:\/\/www.acofi.edu.co\/eiei2022\/wp-content\/uploads\/2022\/03\/cronograma-actividades-2022_def.png 800w, https:\/\/www.acofi.edu.co\/eiei2022\/wp-content\/uploads\/2022\/03\/cronograma-actividades-2022_def-300x175.png 300w, https:\/\/www.acofi.edu.co\/eiei2022\/wp-content\/uploads\/2022\/03\/cronograma-actividades-2022_def-768x447.png 768w\" sizes=\"auto, (max-width: 800px) 100vw, 800px\" \/><\/figure>\n","protected":false},"excerpt":{"rendered":"<p>La \u00e9tica es parte fundamental de la formaci\u00f3n en ingenier\u00eda y eje central del ejercicio profesional. Los desarrollos asociados a la ingenier\u00eda est\u00e1n transformando permanentemente todas las facetas de la vida humana. En este sentido, las instituciones de educaci\u00f3n superior deben redise\u00f1ar la forma en que se ense\u00f1a su disciplina. Es fundamental para este replanteamiento [&hellip;]<\/p>\n","protected":false},"author":1,"featured_media":0,"parent":30,"menu_order":0,"comment_status":"closed","ping_status":"closed","template":"","meta":{"_acf_changed":false,"footnotes":""},"class_list":["post-130","page","type-page","status-publish","hentry"],"acf":[],"_links":{"self":[{"href":"https:\/\/www.acofi.edu.co\/eiei2022\/wp-json\/wp\/v2\/pages\/130","targetHints":{"allow":["GET"]}}],"collection":[{"href":"https:\/\/www.acofi.edu.co\/eiei2022\/wp-json\/wp\/v2\/pages"}],"about":[{"href":"https:\/\/www.acofi.edu.co\/eiei2022\/wp-json\/wp\/v2\/types\/page"}],"author":[{"embeddable":true,"href":"https:\/\/www.acofi.edu.co\/eiei2022\/wp-json\/wp\/v2\/users\/1"}],"replies":[{"embeddable":true,"href":"https:\/\/www.acofi.edu.co\/eiei2022\/wp-json\/wp\/v2\/comments?post=130"}],"version-history":[{"count":14,"href":"https:\/\/www.acofi.edu.co\/eiei2022\/wp-json\/wp\/v2\/pages\/130\/revisions"}],"predecessor-version":[{"id":794,"href":"https:\/\/www.acofi.edu.co\/eiei2022\/wp-json\/wp\/v2\/pages\/130\/revisions\/794"}],"up":[{"embeddable":true,"href":"https:\/\/www.acofi.edu.co\/eiei2022\/wp-json\/wp\/v2\/pages\/30"}],"wp:attachment":[{"href":"https:\/\/www.acofi.edu.co\/eiei2022\/wp-json\/wp\/v2\/media?parent=130"}],"curies":[{"name":"wp","href":"https:\/\/api.w.org\/{rel}","templated":true}]}}