{"id":122,"date":"2021-12-16T21:59:35","date_gmt":"2021-12-16T21:59:35","guid":{"rendered":"https:\/\/www.acofi.edu.co\/eiei2022\/?page_id=122"},"modified":"2022-03-30T17:20:32","modified_gmt":"2022-03-30T17:20:32","slug":"trabajos-sobre-ensenanza-de-la-ingenieria","status":"publish","type":"page","link":"https:\/\/www.acofi.edu.co\/eiei2022\/informacion-academica\/categorias-de-participacion\/trabajos-sobre-ensenanza-de-la-ingenieria\/","title":{"rendered":"Trabajos sobre ense\u00f1anza de la ingenier\u00eda"},"content":{"rendered":"\n<p>Se expondr\u00e1n las experiencias y propuestas de profesores e investigadores en educaci\u00f3n en ingenier\u00eda, por medio de trabajos de aula e investigaciones en los \u00e1mbitos de los siguientes ejes tem\u00e1ticos:<\/p>\n\n\n\n<ul class=\"wp-block-list\"><li>Calidad y acreditaci\u00f3n<\/li><li>Evaluaci\u00f3n de la ense\u00f1anza en el aula<\/li><li>Desarrollo curricular<\/li><li>Procesos de ense\u00f1anza\u2013aprendizaje<\/li><\/ul>\n\n\n\n<h3 class=\"wp-block-heading\" id=\"metodologia\">Metodolog\u00eda<\/h3>\n\n\n\n<p>Los trabajos ser\u00e1n expuestos <strong>\u00fanicamente en forma oral<\/strong> de manera <strong>presencial<\/strong>, en los horarios especificados. De acuerdo con el correspondiente eje tem\u00e1tico, se presentar\u00e1n durante las sesiones paralelas y se concluir\u00e1 con una sesi\u00f3n de preguntas dentro del tiempo disponible.<\/p>\n\n\n\n<h3 class=\"wp-block-heading\" id=\"dirigida-a\">Dirigida a<\/h3>\n\n\n\n<ul class=\"wp-block-list\"><li>Directivos, profesores y personal administrativo de las facultades, escuelas o programas de ingenier\u00eda.<\/li><li>Grupos de investigaci\u00f3n, de trabajo o de extensi\u00f3n de facultades, escuelas o programas de ingenier\u00eda.<\/li><li>Representantes del sector empresarial y del gobierno que hayan desarrollado trabajos relacionados con los ejes tem\u00e1ticos.<\/li><\/ul>\n\n\n\n<h3 class=\"wp-block-heading\" id=\"como-enviar-su-resumen\">C\u00f3mo enviar su resumen<\/h3>\n\n\n\n<p><strong>*Se recomienda que este proceso lo realice el autor principal del trabajo, pues quien inicia el proceso es el \u00fanico contacto entre ACOFI y el trabajo a presentar.<br><br>**Es obligatorio incluir a todos los autores del trabajo en la plataforma acofipapers. Despu\u00e9s de subido el resumen no se pueden hacer modificaciones y no se permitir\u00e1 la adici\u00f3n o sustracci\u00f3n de autores despu\u00e9s de iniciado el proceso.<\/strong><\/p>\n\n\n\n<div data-wp-interactive=\"core\/file\" class=\"wp-block-file\"><object data-wp-bind--hidden=\"!state.hasPdfPreview\" hidden class=\"wp-block-file__embed\" data=\"https:\/\/www.acofi.edu.co\/eiei2022\/wp-content\/uploads\/2022\/03\/Instructivo-para-subir-su-resumen-2022_.pdf\" type=\"application\/pdf\" style=\"width:100%;height:600px\" aria-label=\"Incrustado de PDF incrustado.\"><\/object><a href=\"https:\/\/www.acofi.edu.co\/eiei2022\/wp-content\/uploads\/2022\/03\/Instructivo-para-subir-su-resumen-2022_.pdf\" class=\"wp-block-file__button\" download aria-describedby=\"wp-block-file--media-adc501e7-a432-42ad-b259-29de2b371e10\">Descarga<\/a><\/div>\n\n\n\n<h3 class=\"wp-block-heading\" id=\"cronograma-de-actividades\">Cronograma de actividades<\/h3>\n\n\n\n<figure class=\"wp-block-image size-full\"><img loading=\"lazy\" decoding=\"async\" width=\"800\" height=\"466\" src=\"https:\/\/www.acofi.edu.co\/eiei2022\/wp-content\/uploads\/2022\/03\/cronograma-actividades-2022_def.png\" alt=\"\" class=\"wp-image-413\" srcset=\"https:\/\/www.acofi.edu.co\/eiei2022\/wp-content\/uploads\/2022\/03\/cronograma-actividades-2022_def.png 800w, https:\/\/www.acofi.edu.co\/eiei2022\/wp-content\/uploads\/2022\/03\/cronograma-actividades-2022_def-300x175.png 300w, https:\/\/www.acofi.edu.co\/eiei2022\/wp-content\/uploads\/2022\/03\/cronograma-actividades-2022_def-768x447.png 768w\" sizes=\"auto, (max-width: 800px) 100vw, 800px\" \/><\/figure>\n","protected":false},"excerpt":{"rendered":"<p>Se expondr\u00e1n las experiencias y propuestas de profesores e investigadores en educaci\u00f3n en ingenier\u00eda, por medio de trabajos de aula e investigaciones en los \u00e1mbitos de los siguientes ejes tem\u00e1ticos: Calidad y acreditaci\u00f3n Evaluaci\u00f3n de la ense\u00f1anza en el aula Desarrollo curricular Procesos de ense\u00f1anza\u2013aprendizaje Metodolog\u00eda Los trabajos ser\u00e1n expuestos \u00fanicamente en forma oral de [&hellip;]<\/p>\n","protected":false},"author":1,"featured_media":0,"parent":30,"menu_order":0,"comment_status":"closed","ping_status":"closed","template":"","meta":{"_acf_changed":false,"footnotes":""},"class_list":["post-122","page","type-page","status-publish","hentry"],"acf":[],"_links":{"self":[{"href":"https:\/\/www.acofi.edu.co\/eiei2022\/wp-json\/wp\/v2\/pages\/122","targetHints":{"allow":["GET"]}}],"collection":[{"href":"https:\/\/www.acofi.edu.co\/eiei2022\/wp-json\/wp\/v2\/pages"}],"about":[{"href":"https:\/\/www.acofi.edu.co\/eiei2022\/wp-json\/wp\/v2\/types\/page"}],"author":[{"embeddable":true,"href":"https:\/\/www.acofi.edu.co\/eiei2022\/wp-json\/wp\/v2\/users\/1"}],"replies":[{"embeddable":true,"href":"https:\/\/www.acofi.edu.co\/eiei2022\/wp-json\/wp\/v2\/comments?post=122"}],"version-history":[{"count":13,"href":"https:\/\/www.acofi.edu.co\/eiei2022\/wp-json\/wp\/v2\/pages\/122\/revisions"}],"predecessor-version":[{"id":460,"href":"https:\/\/www.acofi.edu.co\/eiei2022\/wp-json\/wp\/v2\/pages\/122\/revisions\/460"}],"up":[{"embeddable":true,"href":"https:\/\/www.acofi.edu.co\/eiei2022\/wp-json\/wp\/v2\/pages\/30"}],"wp:attachment":[{"href":"https:\/\/www.acofi.edu.co\/eiei2022\/wp-json\/wp\/v2\/media?parent=122"}],"curies":[{"name":"wp","href":"https:\/\/api.w.org\/{rel}","templated":true}]}}