{"id":841,"date":"2021-09-09T17:16:13","date_gmt":"2021-09-09T17:16:13","guid":{"rendered":"http:\/\/www.acofi.edu.co\/eiei2021\/?page_id=841"},"modified":"2021-09-14T16:20:51","modified_gmt":"2021-09-14T16:20:51","slug":"descarga-nuestra-app","status":"publish","type":"page","link":"https:\/\/www.acofi.edu.co\/eiei2021\/descarga-nuestra-app\/","title":{"rendered":"Descarga nuestra App"},"content":{"rendered":"\n<p>ACOFI y el programa de Ingenier\u00eda de Sistemas de la Universidad El Bosque, presentan la APP del EIEI ACOFI 2021, en la que encontrar\u00e1n la programaci\u00f3n de cada actividad del evento (EIEI, ENEDI, FCEI), los invitados, las conferencias, talleres, p\u00f3steres, patrocinadores e informaci\u00f3n de inter\u00e9s.<br><br>Esta APP le permitir\u00e1, a trav\u00e9s de diferentes filtros de b\u00fasqueda, encontrar la informaci\u00f3n que necesita, haciendo que su experiencia en el EIEI ACOFI 2021 sea de completo agrado.<br><br>Podr\u00e1 calificar las ponencias, los p\u00f3steres, los stands de la muestra comercial y dejar sus comentarios.<br><br>Pr\u00f3ximamente en:<\/p>\n\n\n\n<figure class=\"wp-block-image size-medium is-style-default\"><\/a><\/figure>\n\n\n\n<figure class=\"wp-block-image size-medium is-style-default\"><a href=\"https:\/\/apple.co\/2ZpGjJI\"><img decoding=\"async\" loading=\"lazy\" width=\"300\" height=\"90\" src=\"https:\/\/www.acofi.edu.co\/eiei2021\/wp-content\/uploads\/2021\/09\/app-store-300x90.png\" alt=\"\" class=\"wp-image-845\" srcset=\"https:\/\/www.acofi.edu.co\/eiei2021\/wp-content\/uploads\/2021\/09\/app-store-300x90.png 300w, https:\/\/www.acofi.edu.co\/eiei2021\/wp-content\/uploads\/2021\/09\/app-store.png 594w\" sizes=\"(max-width: 300px) 100vw, 300px\" \/><\/a><\/figure>\n","protected":false},"excerpt":{"rendered":"<p>ACOFI y el programa de Ingenier\u00eda de Sistemas de la Universidad El Bosque, presentan la APP del EIEI ACOFI 2021, en la que encontrar\u00e1n la programaci\u00f3n de cada actividad del evento (EIEI, ENEDI, FCEI), los invitados, las conferencias, talleres, p\u00f3steres, patrocinadores e informaci\u00f3n de inter\u00e9s. Esta APP le permitir\u00e1, a trav\u00e9s de diferentes filtros de [&hellip;]<\/p>\n","protected":false},"author":1,"featured_media":0,"parent":0,"menu_order":0,"comment_status":"closed","ping_status":"closed","template":"","meta":[],"_links":{"self":[{"href":"https:\/\/www.acofi.edu.co\/eiei2021\/wp-json\/wp\/v2\/pages\/841"}],"collection":[{"href":"https:\/\/www.acofi.edu.co\/eiei2021\/wp-json\/wp\/v2\/pages"}],"about":[{"href":"https:\/\/www.acofi.edu.co\/eiei2021\/wp-json\/wp\/v2\/types\/page"}],"author":[{"embeddable":true,"href":"https:\/\/www.acofi.edu.co\/eiei2021\/wp-json\/wp\/v2\/users\/1"}],"replies":[{"embeddable":true,"href":"https:\/\/www.acofi.edu.co\/eiei2021\/wp-json\/wp\/v2\/comments?post=841"}],"version-history":[{"count":7,"href":"https:\/\/www.acofi.edu.co\/eiei2021\/wp-json\/wp\/v2\/pages\/841\/revisions"}],"predecessor-version":[{"id":862,"href":"https:\/\/www.acofi.edu.co\/eiei2021\/wp-json\/wp\/v2\/pages\/841\/revisions\/862"}],"wp:attachment":[{"href":"https:\/\/www.acofi.edu.co\/eiei2021\/wp-json\/wp\/v2\/media?parent=841"}],"curies":[{"name":"wp","href":"https:\/\/api.w.org\/{rel}","templated":true}]}}