{"id":75,"date":"2020-12-01T19:17:38","date_gmt":"2020-12-01T19:17:38","guid":{"rendered":"http:\/\/www.acofi.edu.co\/eiei2021\/?page_id=75"},"modified":"2021-08-24T19:47:43","modified_gmt":"2021-08-24T19:47:43","slug":"hoteles","status":"publish","type":"page","link":"https:\/\/www.acofi.edu.co\/eiei2021\/informacion-de-viaje\/hoteles\/","title":{"rendered":"Hoteles"},"content":{"rendered":"\n<h3>Hotel Caribe<\/h3>\n\n\n\n<figure class=\"is-layout-flex wp-block-gallery-1 wp-block-gallery columns-3\"><ul class=\"blocks-gallery-grid\"><li class=\"blocks-gallery-item\"><figure><img decoding=\"async\" loading=\"lazy\" width=\"1000\" height=\"667\" src=\"https:\/\/www.acofi.edu.co\/eiei2021\/wp-content\/uploads\/2021\/07\/PHOTO-2021-07-23-17-26-07.jpg\" alt=\"\" data-id=\"522\" data-full-url=\"http:\/\/www.acofi.edu.co\/eiei2021\/wp-content\/uploads\/2021\/07\/PHOTO-2021-07-23-17-26-07.jpg\" data-link=\"http:\/\/www.acofi.edu.co\/eiei2021\/informacion-de-viaje\/hoteles\/photo-2021-07-23-17-26-07\/#main\" class=\"wp-image-522\" srcset=\"https:\/\/www.acofi.edu.co\/eiei2021\/wp-content\/uploads\/2021\/07\/PHOTO-2021-07-23-17-26-07.jpg 1000w, https:\/\/www.acofi.edu.co\/eiei2021\/wp-content\/uploads\/2021\/07\/PHOTO-2021-07-23-17-26-07-300x200.jpg 300w, https:\/\/www.acofi.edu.co\/eiei2021\/wp-content\/uploads\/2021\/07\/PHOTO-2021-07-23-17-26-07-768x512.jpg 768w\" sizes=\"(max-width: 1000px) 100vw, 1000px\" \/><\/figure><\/li><li class=\"blocks-gallery-item\"><figure><img decoding=\"async\" loading=\"lazy\" width=\"1000\" height=\"666\" src=\"https:\/\/www.acofi.edu.co\/eiei2021\/wp-content\/uploads\/2021\/07\/PHOTO-2021-07-23-17-26-06.jpg\" alt=\"\" data-id=\"521\" data-full-url=\"http:\/\/www.acofi.edu.co\/eiei2021\/wp-content\/uploads\/2021\/07\/PHOTO-2021-07-23-17-26-06.jpg\" data-link=\"http:\/\/www.acofi.edu.co\/eiei2021\/informacion-de-viaje\/hoteles\/photo-2021-07-23-17-26-06\/#main\" class=\"wp-image-521\" srcset=\"https:\/\/www.acofi.edu.co\/eiei2021\/wp-content\/uploads\/2021\/07\/PHOTO-2021-07-23-17-26-06.jpg 1000w, https:\/\/www.acofi.edu.co\/eiei2021\/wp-content\/uploads\/2021\/07\/PHOTO-2021-07-23-17-26-06-300x200.jpg 300w, https:\/\/www.acofi.edu.co\/eiei2021\/wp-content\/uploads\/2021\/07\/PHOTO-2021-07-23-17-26-06-768x511.jpg 768w\" sizes=\"(max-width: 1000px) 100vw, 1000px\" \/><\/figure><\/li><li class=\"blocks-gallery-item\"><figure><img decoding=\"async\" loading=\"lazy\" width=\"1000\" height=\"667\" src=\"https:\/\/www.acofi.edu.co\/eiei2021\/wp-content\/uploads\/2021\/07\/PHOTO-2021-07-23-17-26-06-1.jpg\" alt=\"\" data-id=\"520\" data-full-url=\"http:\/\/www.acofi.edu.co\/eiei2021\/wp-content\/uploads\/2021\/07\/PHOTO-2021-07-23-17-26-06-1.jpg\" data-link=\"http:\/\/www.acofi.edu.co\/eiei2021\/informacion-de-viaje\/hoteles\/photo-2021-07-23-17-26-06-1\/#main\" class=\"wp-image-520\" srcset=\"https:\/\/www.acofi.edu.co\/eiei2021\/wp-content\/uploads\/2021\/07\/PHOTO-2021-07-23-17-26-06-1.jpg 1000w, https:\/\/www.acofi.edu.co\/eiei2021\/wp-content\/uploads\/2021\/07\/PHOTO-2021-07-23-17-26-06-1-300x200.jpg 300w, https:\/\/www.acofi.edu.co\/eiei2021\/wp-content\/uploads\/2021\/07\/PHOTO-2021-07-23-17-26-06-1-768x512.jpg 768w\" sizes=\"(max-width: 1000px) 100vw, 1000px\" \/><\/figure><\/li><\/ul><\/figure>\n\n\n\n<p><strong>Informaci\u00f3n de las habitaciones<\/strong><br><strong>Torre Laguito:&nbsp;<\/strong>Las habitaciones Superiores del Hotel Caribe Cartagena de Indias son amplias, modernas y con excelentes vistas a los jardines o laguito. Habitaciones luminosas con ventanas grandes te invitan a descansar en un ambiente lleno de paz a pocos pasos de la playa cuentan con&nbsp;televisi\u00f3n, caja de seguridad, wifi sin costo adicional, room service 24 horas, minibar y ba\u00f1o privado con amenities.<br><strong>Torre Lagomar:<\/strong>&nbsp;Las&nbsp;habitaciones Premium Lagomar del Hotel Caribe by Faranda Grand&nbsp;te invitan a disfrutar de un descanso muy especial en un ambiente muy elegante y c\u00e1lido. Vive una escapada en pareja muy especial y rel\u00e1jate en estos dormitorios equipados con camas Queen o King Size, televisi\u00f3n, caja de seguridad, wifi sin costo adicional, room service 24 horas, minibar y ba\u00f1o privado con amenities.<br><strong>Torre Colonial:<\/strong>&nbsp;Las&nbsp;habitaciones Colonial Deluxe del Hotel Caribe by Faranda Grand&nbsp;son espacios repletos de encanto que le garantizan un descanso muy tranquilo en primera l\u00ednea de mar. Estos alojamientos con vista al mar Caribe se equipan con cama King Size, zona de trabajo, mini bar, wifi sin costo adicional, caja de seguridad, room service 24 horas, minibar y ba\u00f1o privado con amenities.<\/p>\n\n\n\n<p>Direcci\u00f3n:<strong>&nbsp;Carrera 1 #2-87<\/strong><br>Lugares cerca:<strong> <\/strong>Al frente de la Playa sector Tur\u00edstico&nbsp;Bocagrande, Centro Comercial Bocagrande Plaza, Base Naval, Centro de Convenciones Julio Cesar Turbay (Centro hist\u00f3rico).<br>Para el EIEI ACOFI 2021, la tarifa ofrecida es de<\/p>\n\n\n\n<figure class=\"wp-block-image size-large\"><img decoding=\"async\" loading=\"lazy\" width=\"700\" height=\"181\" src=\"https:\/\/www.acofi.edu.co\/eiei2021\/wp-content\/uploads\/2021\/07\/tarifas-caribe-2021-asistentes.png\" alt=\"\" class=\"wp-image-531\" srcset=\"https:\/\/www.acofi.edu.co\/eiei2021\/wp-content\/uploads\/2021\/07\/tarifas-caribe-2021-asistentes.png 700w, https:\/\/www.acofi.edu.co\/eiei2021\/wp-content\/uploads\/2021\/07\/tarifas-caribe-2021-asistentes-300x78.png 300w\" sizes=\"(max-width: 700px) 100vw, 700px\" \/><\/figure>\n\n\n\n<p>Incluye:<strong> Desayuno buffet diario. Wifi de cortes\u00eda para su habitaci\u00f3n. C\u00f3ctel de Bienvenida. Gimnasio, piscina semi ol\u00edmpica y dem\u00e1s servicios de un Hotel Cinco (5) Estrellas.<\/strong><br>Reservas:<strong> <\/strong>Esther Ortega, m\u00f3vil&nbsp;3215401659, <strong><a href=\"mailto:eortega@farandahotels.com\">eortega@farandahotels.com<\/a><\/strong><\/p>\n\n\n\n<h3>Armer\u00eda Real Hotel<\/h3>\n\n\n\n<figure class=\"is-layout-flex wp-block-gallery-3 wp-block-gallery columns-3\"><ul class=\"blocks-gallery-grid\"><li class=\"blocks-gallery-item\"><figure><img decoding=\"async\" loading=\"lazy\" width=\"1000\" height=\"667\" src=\"https:\/\/www.acofi.edu.co\/eiei2021\/wp-content\/uploads\/2021\/07\/Foto-fachada-armeria-real.jpg\" alt=\"\" data-id=\"505\" data-full-url=\"https:\/\/www.acofi.edu.co\/eiei2021\/wp-content\/uploads\/2021\/07\/Foto-fachada-armeria-real.jpg\" data-link=\"https:\/\/www.acofi.edu.co\/eiei2021\/informacion-de-viaje\/hoteles\/foto-fachada-armeria-real\/#main\" class=\"wp-image-505\" srcset=\"https:\/\/www.acofi.edu.co\/eiei2021\/wp-content\/uploads\/2021\/07\/Foto-fachada-armeria-real.jpg 1000w, https:\/\/www.acofi.edu.co\/eiei2021\/wp-content\/uploads\/2021\/07\/Foto-fachada-armeria-real-300x200.jpg 300w, https:\/\/www.acofi.edu.co\/eiei2021\/wp-content\/uploads\/2021\/07\/Foto-fachada-armeria-real-768x512.jpg 768w\" sizes=\"(max-width: 1000px) 100vw, 1000px\" \/><\/figure><\/li><li class=\"blocks-gallery-item\"><figure><img decoding=\"async\" loading=\"lazy\" width=\"1000\" height=\"667\" src=\"https:\/\/www.acofi.edu.co\/eiei2021\/wp-content\/uploads\/2021\/07\/Armeria_Desayuno-1.jpg\" alt=\"\" data-id=\"502\" data-full-url=\"https:\/\/www.acofi.edu.co\/eiei2021\/wp-content\/uploads\/2021\/07\/Armeria_Desayuno-1.jpg\" data-link=\"https:\/\/www.acofi.edu.co\/eiei2021\/informacion-de-viaje\/hoteles\/armeria_desayuno-1\/#main\" class=\"wp-image-502\" srcset=\"https:\/\/www.acofi.edu.co\/eiei2021\/wp-content\/uploads\/2021\/07\/Armeria_Desayuno-1.jpg 1000w, https:\/\/www.acofi.edu.co\/eiei2021\/wp-content\/uploads\/2021\/07\/Armeria_Desayuno-1-300x200.jpg 300w, https:\/\/www.acofi.edu.co\/eiei2021\/wp-content\/uploads\/2021\/07\/Armeria_Desayuno-1-768x512.jpg 768w\" sizes=\"(max-width: 1000px) 100vw, 1000px\" \/><\/figure><\/li><li class=\"blocks-gallery-item\"><figure><img decoding=\"async\" loading=\"lazy\" width=\"1000\" height=\"667\" src=\"https:\/\/www.acofi.edu.co\/eiei2021\/wp-content\/uploads\/2021\/07\/Armeria_Habitaciones-Clasica-twin-1.jpg\" alt=\"\" data-id=\"504\" data-full-url=\"https:\/\/www.acofi.edu.co\/eiei2021\/wp-content\/uploads\/2021\/07\/Armeria_Habitaciones-Clasica-twin-1.jpg\" data-link=\"https:\/\/www.acofi.edu.co\/eiei2021\/informacion-de-viaje\/hoteles\/armeria_habitaciones-clasica-twin-1\/#main\" class=\"wp-image-504\" srcset=\"https:\/\/www.acofi.edu.co\/eiei2021\/wp-content\/uploads\/2021\/07\/Armeria_Habitaciones-Clasica-twin-1.jpg 1000w, https:\/\/www.acofi.edu.co\/eiei2021\/wp-content\/uploads\/2021\/07\/Armeria_Habitaciones-Clasica-twin-1-300x200.jpg 300w, https:\/\/www.acofi.edu.co\/eiei2021\/wp-content\/uploads\/2021\/07\/Armeria_Habitaciones-Clasica-twin-1-768x512.jpg 768w\" sizes=\"(max-width: 1000px) 100vw, 1000px\" \/><\/figure><\/li><li class=\"blocks-gallery-item\"><figure><img decoding=\"async\" loading=\"lazy\" width=\"1000\" height=\"667\" src=\"https:\/\/www.acofi.edu.co\/eiei2021\/wp-content\/uploads\/2021\/07\/ARMERIA-3.jpg\" alt=\"\" data-id=\"500\" data-full-url=\"https:\/\/www.acofi.edu.co\/eiei2021\/wp-content\/uploads\/2021\/07\/ARMERIA-3.jpg\" data-link=\"https:\/\/www.acofi.edu.co\/eiei2021\/informacion-de-viaje\/hoteles\/armeria-3\/#main\" class=\"wp-image-500\" srcset=\"https:\/\/www.acofi.edu.co\/eiei2021\/wp-content\/uploads\/2021\/07\/ARMERIA-3.jpg 1000w, https:\/\/www.acofi.edu.co\/eiei2021\/wp-content\/uploads\/2021\/07\/ARMERIA-3-300x200.jpg 300w, https:\/\/www.acofi.edu.co\/eiei2021\/wp-content\/uploads\/2021\/07\/ARMERIA-3-768x512.jpg 768w\" sizes=\"(max-width: 1000px) 100vw, 1000px\" \/><\/figure><\/li><li class=\"blocks-gallery-item\"><figure><img decoding=\"async\" loading=\"lazy\" width=\"1000\" height=\"667\" src=\"https:\/\/www.acofi.edu.co\/eiei2021\/wp-content\/uploads\/2021\/07\/Armeria_Habitaciones-Clasica-.jpg\" alt=\"\" data-id=\"503\" data-full-url=\"https:\/\/www.acofi.edu.co\/eiei2021\/wp-content\/uploads\/2021\/07\/Armeria_Habitaciones-Clasica-.jpg\" data-link=\"https:\/\/www.acofi.edu.co\/eiei2021\/informacion-de-viaje\/hoteles\/armeria_habitaciones-clasica\/#main\" class=\"wp-image-503\" srcset=\"https:\/\/www.acofi.edu.co\/eiei2021\/wp-content\/uploads\/2021\/07\/Armeria_Habitaciones-Clasica-.jpg 1000w, https:\/\/www.acofi.edu.co\/eiei2021\/wp-content\/uploads\/2021\/07\/Armeria_Habitaciones-Clasica--300x200.jpg 300w, https:\/\/www.acofi.edu.co\/eiei2021\/wp-content\/uploads\/2021\/07\/Armeria_Habitaciones-Clasica--768x512.jpg 768w\" sizes=\"(max-width: 1000px) 100vw, 1000px\" \/><\/figure><\/li><\/ul><\/figure>\n\n\n\n<p>Link de reservas <strong><a href=\"https:\/\/www.ghlhoteles.com\/ofertas\/acofi-2021\/?cp=ACOFI\">https:\/\/www.ghlhoteles.com\/ofertas\/acofi-2021\/?cp=ACOFI<\/a> <\/strong>Se debe ingresar con el c\u00f3digo ACOFI2021.<\/p>\n\n\n\n<p>Direcci\u00f3n: <strong>Barrio Getseman\u00ed, Calle las Palmas 25-28<\/strong><br>Lugares cerca: 500 metros del centro de convenciones<br>Habitaci\u00f3n cl\u00e1sica: habitaciones confortables y amplias, de un solo ambiente con capacidad hasta para dos personas, cuenta con una cama King, ba\u00f1o privado. Minibar, televisi\u00f3n por cable, cajilla de seguridad<br>Para el EIEI ACOFI 2021, la tarifa ofrecida es de <strong>COP 250.000, incluye bebida de bienvenida, desayuno buffet, wi-fi.<\/strong><br>Contacto: Olga Vallejo Jim\u00e9nez \u2013 <a href=\"mailto:Olga.vallejo@ghlhoteles.com\"><strong>olga.vallejo@ghlhoteles.com<\/strong><\/a> \u2013 m\u00f3vil 3157382296<\/p>\n\n\n\n<h3>Hotel Corales de Indias<\/h3>\n\n\n\n<figure class=\"is-layout-flex wp-block-gallery-5 wp-block-gallery columns-2\"><ul class=\"blocks-gallery-grid\"><li class=\"blocks-gallery-item\"><figure><img decoding=\"async\" loading=\"lazy\" width=\"1000\" height=\"562\" src=\"https:\/\/www.acofi.edu.co\/eiei2021\/wp-content\/uploads\/2021\/07\/CoralesDeIndias_Fachada_001.jpg\" alt=\"\" data-id=\"492\" data-full-url=\"https:\/\/www.acofi.edu.co\/eiei2021\/wp-content\/uploads\/2021\/07\/CoralesDeIndias_Fachada_001.jpg\" data-link=\"https:\/\/www.acofi.edu.co\/eiei2021\/informacion-de-viaje\/hoteles\/coralesdeindias_fachada_001\/#main\" class=\"wp-image-492\" srcset=\"https:\/\/www.acofi.edu.co\/eiei2021\/wp-content\/uploads\/2021\/07\/CoralesDeIndias_Fachada_001.jpg 1000w, https:\/\/www.acofi.edu.co\/eiei2021\/wp-content\/uploads\/2021\/07\/CoralesDeIndias_Fachada_001-300x169.jpg 300w, https:\/\/www.acofi.edu.co\/eiei2021\/wp-content\/uploads\/2021\/07\/CoralesDeIndias_Fachada_001-768x432.jpg 768w\" sizes=\"(max-width: 1000px) 100vw, 1000px\" \/><\/figure><\/li><li class=\"blocks-gallery-item\"><figure><img decoding=\"async\" loading=\"lazy\" width=\"1000\" height=\"562\" src=\"https:\/\/www.acofi.edu.co\/eiei2021\/wp-content\/uploads\/2021\/07\/Corales-de-Indias-Habitaciones-07.jpg\" alt=\"\" data-id=\"491\" data-full-url=\"https:\/\/www.acofi.edu.co\/eiei2021\/wp-content\/uploads\/2021\/07\/Corales-de-Indias-Habitaciones-07.jpg\" data-link=\"https:\/\/www.acofi.edu.co\/eiei2021\/informacion-de-viaje\/hoteles\/corales-de-indias-habitaciones-07\/#main\" class=\"wp-image-491\" srcset=\"https:\/\/www.acofi.edu.co\/eiei2021\/wp-content\/uploads\/2021\/07\/Corales-de-Indias-Habitaciones-07.jpg 1000w, https:\/\/www.acofi.edu.co\/eiei2021\/wp-content\/uploads\/2021\/07\/Corales-de-Indias-Habitaciones-07-300x169.jpg 300w, https:\/\/www.acofi.edu.co\/eiei2021\/wp-content\/uploads\/2021\/07\/Corales-de-Indias-Habitaciones-07-768x432.jpg 768w\" sizes=\"(max-width: 1000px) 100vw, 1000px\" \/><\/figure><\/li><\/ul><\/figure>\n\n\n\n<p>250 modernas y funcionales habitaciones con varias posibilidades de acomodaci\u00f3n<\/p>\n\n\n\n<ul><li>Balc\u00f3n y vista a mar<\/li><li>Cajilla de seguridad<\/li><li>Televisi\u00f3n por cable nacional e internacional<\/li><li>Ba\u00f1o con ducha<\/li><li>Secador de cabello<\/li><li>Room Service 24 horas<\/li><li>Guest Services 24 horas<\/li><\/ul>\n\n\n\n<p>Direcci\u00f3n:\u00a0 <strong>Carrera 1 No 62-198, Barrio Crespo.<\/strong><br>Lugares cerca: Aeropuerto a 5 minutos, ciudad Amurallada y Boca Grande a 12 minutos.<br>Para el EIEI ACOFI 2021, la tarifa ofrecida es de:\u00a0 <strong>COP 200.000 por habitaci\u00f3n por noche, incluye desayuno.<\/strong><br>Pueden solicitar las reservas a trav\u00e9s del correo <a href=\"mailto:aleyda.herrera@ghlhoteles.com\"><strong>aleyda.herrera@ghlhoteles.com<\/strong><\/a><br>Contacto: Aleyda Herrera Rojas, m\u00f3vil 316 2335754<\/p>\n\n\n\n<h3>Holiday Inn Express Cartagena Manga<\/h3>\n\n\n\n<figure class=\"is-layout-flex wp-block-gallery-7 wp-block-gallery columns-3 is-cropped\"><ul class=\"blocks-gallery-grid\"><li class=\"blocks-gallery-item\"><figure><img decoding=\"async\" loading=\"lazy\" width=\"832\" height=\"473\" src=\"https:\/\/www.acofi.edu.co\/eiei2021\/wp-content\/uploads\/2021\/08\/1manga.png\" alt=\"\" data-id=\"774\" data-full-url=\"https:\/\/www.acofi.edu.co\/eiei2021\/wp-content\/uploads\/2021\/08\/1manga.png\" data-link=\"https:\/\/www.acofi.edu.co\/eiei2021\/informacion-de-viaje\/hoteles\/1manga\/#main\" class=\"wp-image-774\" srcset=\"https:\/\/www.acofi.edu.co\/eiei2021\/wp-content\/uploads\/2021\/08\/1manga.png 832w, https:\/\/www.acofi.edu.co\/eiei2021\/wp-content\/uploads\/2021\/08\/1manga-300x171.png 300w, https:\/\/www.acofi.edu.co\/eiei2021\/wp-content\/uploads\/2021\/08\/1manga-768x437.png 768w\" sizes=\"(max-width: 832px) 100vw, 832px\" \/><\/figure><\/li><li class=\"blocks-gallery-item\"><figure><img decoding=\"async\" loading=\"lazy\" width=\"834\" height=\"469\" src=\"https:\/\/www.acofi.edu.co\/eiei2021\/wp-content\/uploads\/2021\/08\/2manga.png\" alt=\"\" data-id=\"775\" data-full-url=\"https:\/\/www.acofi.edu.co\/eiei2021\/wp-content\/uploads\/2021\/08\/2manga.png\" data-link=\"https:\/\/www.acofi.edu.co\/eiei2021\/informacion-de-viaje\/hoteles\/2manga\/#main\" class=\"wp-image-775\" srcset=\"https:\/\/www.acofi.edu.co\/eiei2021\/wp-content\/uploads\/2021\/08\/2manga.png 834w, https:\/\/www.acofi.edu.co\/eiei2021\/wp-content\/uploads\/2021\/08\/2manga-300x169.png 300w, https:\/\/www.acofi.edu.co\/eiei2021\/wp-content\/uploads\/2021\/08\/2manga-768x432.png 768w\" sizes=\"(max-width: 834px) 100vw, 834px\" \/><\/figure><\/li><li class=\"blocks-gallery-item\"><figure><img decoding=\"async\" loading=\"lazy\" width=\"832\" height=\"473\" src=\"https:\/\/www.acofi.edu.co\/eiei2021\/wp-content\/uploads\/2021\/08\/3manga.png\" alt=\"\" data-id=\"776\" data-full-url=\"https:\/\/www.acofi.edu.co\/eiei2021\/wp-content\/uploads\/2021\/08\/3manga.png\" data-link=\"https:\/\/www.acofi.edu.co\/eiei2021\/informacion-de-viaje\/hoteles\/3manga\/#main\" class=\"wp-image-776\" srcset=\"https:\/\/www.acofi.edu.co\/eiei2021\/wp-content\/uploads\/2021\/08\/3manga.png 832w, https:\/\/www.acofi.edu.co\/eiei2021\/wp-content\/uploads\/2021\/08\/3manga-300x171.png 300w, https:\/\/www.acofi.edu.co\/eiei2021\/wp-content\/uploads\/2021\/08\/3manga-768x437.png 768w\" sizes=\"(max-width: 832px) 100vw, 832px\" \/><\/figure><\/li><\/ul><\/figure>\n\n\n\n<p>El hotel Holiday Inn Express Cartagena Manga se encuentra en la zona portuaria de Cartagena. Ya sea que viaje por negocios o placer, nuestro servicio individualizado, r\u00e1pido y conveniente satisfar\u00e1 todas sus necesidades. Nuestro ambiente acogedor y dise\u00f1o eficiente convertir\u00e1n su estad\u00eda en la mejor experiencia de viaje. Obtenga la mejor noche de sue\u00f1o en c\u00f3modas habitaciones. Mantenga su rutina de ejercicios en el gimnasio y disfrute de una barra de desayuno de cortes\u00eda servida en el piso 10 del hotel, mientras disfruta de una maravillosa vista de la Bah\u00eda de Cartagena.<\/p>\n\n\n\n<ul><li>Habitaci\u00f3n est\u00e1ndar en acomodaci\u00f3n sencilla o doble. Con una cama King o dos camas dobles twin. Con vista al puerto o la bah\u00eda de Cartagena.<\/li><li>Direcci\u00f3n:\u00a0 <strong>Barrio Manga, Carrera 27 # 28-30, al lado de la Sociedad Portuaria de Cartagena<\/strong><\/li><li>Lugares cerca: Sociedad portuaria, centro de convenciones y centro hist\u00f3rico<\/li><li>Para el EIEI ACOFI 2021, la tarifa ofrecida es de:\u00a0 <strong>COP 235.000<\/strong><\/li><\/ul>\n\n\n\n<p><strong>Beneficios adicionales:<\/strong><\/p>\n\n\n\n<ul><li>Desayuno<\/li><li>Amenities<\/li><li>Mesa y plancha en cada habitaci\u00f3n.<\/li><li>Caf\u00e9 de cortes\u00eda en cada habitaci\u00f3n (a solicitud del hu\u00e9sped)<\/li><li>Cajilla de seguridad.<\/li><li>Afiliaci\u00f3n gratuita al IHG REWARDS CLUB, programa de lealtad que premia a los hu\u00e9spedes de Holiday Inn Express, con numerosos beneficios.<\/li><li>Parqueadero cubierto gratis<ul><li>Para reservas; si hay link de reservas o como se va a manejar: <strong>Llamadas al tel fijo 24 horas: +57 5 6932568 o al mail: &nbsp;<a href=\"mailto:reservas@hiexcartagena.com\">reservas@hiexcartagena.com<\/a> \u00f3 al WSP + 57 322 8414831<\/strong><\/li><\/ul><ul><li>Nombre del contacto, celular y correo electr\u00f3nico: <strong>Luz Adriana Ramos \/ Coordinador de Revenue y reservas \/ Mobile: +57 322 8414831\/ E-mail: <a href=\"mailto:reservas@hiexcartagena.com\">reservas@hiexcartagena.com<\/a><\/strong><\/li><\/ul><\/li><\/ul>\n","protected":false},"excerpt":{"rendered":"<p>Hotel Caribe Informaci\u00f3n de las habitacionesTorre Laguito:&nbsp;Las habitaciones Superiores del Hotel Caribe Cartagena de Indias son amplias, modernas y con excelentes vistas a los jardines o laguito. Habitaciones luminosas con ventanas grandes te invitan a descansar en un ambiente lleno de paz a pocos pasos de la playa cuentan con&nbsp;televisi\u00f3n, caja de seguridad, wifi sin [&hellip;]<\/p>\n","protected":false},"author":1,"featured_media":0,"parent":70,"menu_order":0,"comment_status":"closed","ping_status":"closed","template":"","meta":[],"_links":{"self":[{"href":"https:\/\/www.acofi.edu.co\/eiei2021\/wp-json\/wp\/v2\/pages\/75"}],"collection":[{"href":"https:\/\/www.acofi.edu.co\/eiei2021\/wp-json\/wp\/v2\/pages"}],"about":[{"href":"https:\/\/www.acofi.edu.co\/eiei2021\/wp-json\/wp\/v2\/types\/page"}],"author":[{"embeddable":true,"href":"https:\/\/www.acofi.edu.co\/eiei2021\/wp-json\/wp\/v2\/users\/1"}],"replies":[{"embeddable":true,"href":"https:\/\/www.acofi.edu.co\/eiei2021\/wp-json\/wp\/v2\/comments?post=75"}],"version-history":[{"count":19,"href":"https:\/\/www.acofi.edu.co\/eiei2021\/wp-json\/wp\/v2\/pages\/75\/revisions"}],"predecessor-version":[{"id":778,"href":"https:\/\/www.acofi.edu.co\/eiei2021\/wp-json\/wp\/v2\/pages\/75\/revisions\/778"}],"up":[{"embeddable":true,"href":"https:\/\/www.acofi.edu.co\/eiei2021\/wp-json\/wp\/v2\/pages\/70"}],"wp:attachment":[{"href":"https:\/\/www.acofi.edu.co\/eiei2021\/wp-json\/wp\/v2\/media?parent=75"}],"curies":[{"name":"wp","href":"https:\/\/api.w.org\/{rel}","templated":true}]}}