{"id":73,"date":"2020-12-01T19:17:21","date_gmt":"2020-12-01T19:17:21","guid":{"rendered":"http:\/\/www.acofi.edu.co\/eiei2021\/?page_id=73"},"modified":"2021-03-02T19:21:41","modified_gmt":"2021-03-02T19:21:41","slug":"cartagena-de-indias","status":"publish","type":"page","link":"https:\/\/www.acofi.edu.co\/eiei2021\/informacion-de-viaje\/cartagena-de-indias\/","title":{"rendered":"Cartagena de Indias"},"content":{"rendered":"\n<figure class=\"wp-block-embed-youtube aligncenter wp-block-embed is-type-video is-provider-youtube wp-embed-aspect-4-3 wp-has-aspect-ratio\"><div class=\"wp-block-embed__wrapper\">\n<iframe loading=\"lazy\" title=\"Video Marca Ciudad Cartagena de Indias. Una Vez...\" width=\"770\" height=\"578\" src=\"https:\/\/www.youtube.com\/embed\/MZpCuWxTFc4?feature=oembed\" frameborder=\"0\" allow=\"accelerometer; autoplay; clipboard-write; encrypted-media; gyroscope; picture-in-picture\" allowfullscreen><\/iframe>\n<\/div><\/figure>\n\n\n\n<p>Ubicada en la zona norte de Colombia, Cartagena de Indias es considerada como el destino tur\u00edstico m\u00e1s importante del pa\u00eds. Por su ubicaci\u00f3n estrat\u00e9gica en el Caribe, la ciudad fue el principal puerto de Am\u00e9rica para el imperio espa\u00f1ol durante la \u00e9poca colonial, as\u00ed como tambi\u00e9n refugio de tesoros y riquezas. Por esta raz\u00f3n la ciudad tuvo que ser protegida contra ataques de piratas con fortificaciones y murallas, que a\u00fan pueden ser apreciadas en el d\u00eda de hoy, y que le valieron su reconocimiento como Patrimonio Hist\u00f3rico y Cultural de la Humanidad por parte de la UNESCO en 1984.<br><br>Aunque por las calles del Centro Hist\u00f3rico y Getseman\u00ed pueden ser apreciados los vestigios de la arquitectura colonial y republicana, la ciudad ha dado paso a la modernidad con modernas estructuras, generando un contraste \u00fanico, que ha permitido la mezcla de diferentes culturas.<br><br>Para los visitantes, la ciudad ofrece diversidad de planes con sus 11 km de playas y un archipi\u00e9lago de islas cercanas, ideales para disfrutar de la brisa, el sol y realizar todo tipo de deportes n\u00e1uticos; gran cantidad de calles, callejones y murallas esperando ser explorados, plazas y parques donde se puede sentir y vivir la mezcla de culturas entre cartageneros y visitantes, escenarios naturales, entre otros espacios que lo har\u00e1n entender por qu\u00e9 la ciudad es considerada como la cuna del realismo m\u00e1gico, y donde su gente lo esperar\u00e1 con los brazos abiertos.<\/p>\n\n\n\n<p class=\"has-small-font-size\">Tomado de <a href=\"http:\/\/www.cartagenadeindias.travel\/?la=es&amp;\/heroica\"><strong>http:\/\/www.cartagenadeindias.travel\/?la=es&amp;\/heroica<\/strong><\/a><\/p>\n\n\n\n<h2 class=\"has-text-color\" style=\"color:#ef4136\">Datos Generales<\/h2>\n\n\n\n<ul><li>Habitantes: 955.250<\/li><li>Extensi\u00f3n: 709 km<sup>2<\/sup><\/li><li>Altura: 2 m.s.n.m.<\/li><li>Temperatura promedio: 28 \u00b0C<\/li><li>Actividades econ\u00f3micas: Industria, comercio, turismo<\/li><li>Acceso: terrestre, a\u00e9reo, mar\u00edtimo<\/li><\/ul>\n\n\n\n<h2 class=\"has-text-color\" style=\"color:#ef4136\">Aeropuerto Internacional Rafael N\u00fa\u00f1ez<\/h2>\n\n\n\n<figure class=\"wp-block-image\"><img decoding=\"async\" src=\"http:\/\/www.acofi.edu.co\/eiei2018\/wp-content\/uploads\/2017\/11\/aeropuerto.jpg\" alt=\"\" class=\"wp-image-143\"\/><\/figure>\n\n\n\n<ul><li>El aeropuerto internacional de Cartagena de Indias es uno de los m\u00e1s importantes de Colombia, por el movimiento tur\u00edstico. Cuenta con vuelos internacionales provenientes de Am\u00e9rica y Europa. Alrededor de 2.19 millones de pasajeros lo transitaron en 2012.<\/li><li>El aeropuerto se ubica dentro del \u00e1rea urbana de Cartagena de Indias al norte del casco c\u00e9ntrico, en el barrio de Crespo. Autobuses, minibuses y taxis comunican al aeropuerto con los distintos sectores urbanos de la ciudad de Cartagena de Indias. El servicio de taxi opera las 24 horas, mientras que el de autobuses desde las 06:50 hasta las 23:45 horas.<\/li><li>Existen mostradores de alquiler de coches de las compa\u00f1\u00edas m\u00e1s reconocidas. El aeropuerto ofrece adem\u00e1s cajeros autom\u00e1ticos ATM, servicio de cambio de divisas, sector Vip, tel\u00e9fonos p\u00fablicos, acceso a Internet Wi-Fi sin costo y otros servicios.<\/li><\/ul>\n\n\n\n<p><strong><a href=\"https:\/\/aeropuertocartagena.com.co\/\">aeropuertocartagena.com.co<\/a><\/strong><\/p>\n","protected":false},"excerpt":{"rendered":"<p>Ubicada en la zona norte de Colombia, Cartagena de Indias es considerada como el destino tur\u00edstico m\u00e1s importante del pa\u00eds. Por su ubicaci\u00f3n estrat\u00e9gica en el Caribe, la ciudad fue el principal puerto de Am\u00e9rica para el imperio espa\u00f1ol durante la \u00e9poca colonial, as\u00ed como tambi\u00e9n refugio de tesoros y riquezas. Por esta raz\u00f3n la [&hellip;]<\/p>\n","protected":false},"author":1,"featured_media":0,"parent":70,"menu_order":0,"comment_status":"closed","ping_status":"closed","template":"","meta":[],"_links":{"self":[{"href":"https:\/\/www.acofi.edu.co\/eiei2021\/wp-json\/wp\/v2\/pages\/73"}],"collection":[{"href":"https:\/\/www.acofi.edu.co\/eiei2021\/wp-json\/wp\/v2\/pages"}],"about":[{"href":"https:\/\/www.acofi.edu.co\/eiei2021\/wp-json\/wp\/v2\/types\/page"}],"author":[{"embeddable":true,"href":"https:\/\/www.acofi.edu.co\/eiei2021\/wp-json\/wp\/v2\/users\/1"}],"replies":[{"embeddable":true,"href":"https:\/\/www.acofi.edu.co\/eiei2021\/wp-json\/wp\/v2\/comments?post=73"}],"version-history":[{"count":10,"href":"https:\/\/www.acofi.edu.co\/eiei2021\/wp-json\/wp\/v2\/pages\/73\/revisions"}],"predecessor-version":[{"id":381,"href":"https:\/\/www.acofi.edu.co\/eiei2021\/wp-json\/wp\/v2\/pages\/73\/revisions\/381"}],"up":[{"embeddable":true,"href":"https:\/\/www.acofi.edu.co\/eiei2021\/wp-json\/wp\/v2\/pages\/70"}],"wp:attachment":[{"href":"https:\/\/www.acofi.edu.co\/eiei2021\/wp-json\/wp\/v2\/media?parent=73"}],"curies":[{"name":"wp","href":"https:\/\/api.w.org\/{rel}","templated":true}]}}