{"id":43,"date":"2020-12-01T19:11:48","date_gmt":"2020-12-01T19:11:48","guid":{"rendered":"http:\/\/www.acofi.edu.co\/eiei2021\/?page_id=43"},"modified":"2020-12-14T13:21:50","modified_gmt":"2020-12-14T13:21:50","slug":"prensa","status":"publish","type":"page","link":"https:\/\/www.acofi.edu.co\/eiei2021\/informacion-general\/prensa\/","title":{"rendered":"Prensa"},"content":{"rendered":"\n<p>Bienvenido al enlace de Prensa. Hemos dispuesto este espacio para compartir con ustedes las noticias e informaci\u00f3n actualizada sobre las diferentes actividades que tendr\u00e1n lugar en el EIEI ACOFI 2021. Si desea mayor informaci\u00f3n del evento o tiene inquietudes al respecto, escr\u00edbanos al correo\u00a0<strong><a href=\"mailto:prensa@acofi.edu.co\">prensa@acofi.edu.co<\/a><\/strong>, con gusto daremos pronta respuesta.<br>Alix Rubiela Beltr\u00e1n Paipa, Asesora de Comunicaciones. Tel\u00e9fono m\u00f3vil 3183083225.<\/p>\n\n\n\n<h2 style=\"text-align: justify;\"><span style=\"color: #ef4136;\">Redes Sociales<\/span><\/h2>\n<div class=\"row\">\n<div class=\"col-12 col-sm-6\">\n<h4 style=\"text-align: justify;\"><span style=\"color: #fbb040;\">Facebook<\/span><\/h4>\n<iframe loading=\"lazy\" src=\"https:\/\/www.facebook.com\/plugins\/page.php?href=https%3A%2F%2Fwww.facebook.com%2Fface.acofi%2F&amp;tabs=timeline&amp;width=340&amp;height=500&amp;small_header=false&amp;adapt_container_width=true&amp;hide_cover=false&amp;show_facepile=true&amp;appId\" width=\"340\" height=\"500\" frameborder=\"0\" scrolling=\"no\"><\/iframe>\n\n<\/div>\n<div class=\"col-12 col-sm-6\">\n<h4 style=\"text-align: justify;\"><span style=\"color: #fbb040;\">Twitter<\/span><\/h4>\n<a class=\"twitter-timeline\" href=\"https:\/\/twitter.com\/acofi\" data-width=\"350\" data-height=\"600\" data-dnt=\"true\">Tweets by acofi<\/a><script src=\"\/\/platform.twitter.com\/widgets.js\" async=\"\" charset=\"utf-8\"><\/script>\n\n<\/div>\n<\/div>\n<div style=\"clear: both; text-align: justify;\"><\/div>\n<div style=\"clear: both;\"><\/div>\n\n\n\n<p><\/p>\n","protected":false},"excerpt":{"rendered":"<p>Bienvenido al enlace de Prensa. Hemos dispuesto este espacio para compartir con ustedes las noticias e informaci\u00f3n actualizada sobre las diferentes actividades que tendr\u00e1n lugar en el EIEI ACOFI 2021. Si desea mayor informaci\u00f3n del evento o tiene inquietudes al respecto, escr\u00edbanos al correo\u00a0prensa@acofi.edu.co, con gusto daremos pronta respuesta.Alix Rubiela Beltr\u00e1n Paipa, Asesora de Comunicaciones. [&hellip;]<\/p>\n","protected":false},"author":1,"featured_media":0,"parent":29,"menu_order":0,"comment_status":"closed","ping_status":"closed","template":"","meta":[],"_links":{"self":[{"href":"https:\/\/www.acofi.edu.co\/eiei2021\/wp-json\/wp\/v2\/pages\/43"}],"collection":[{"href":"https:\/\/www.acofi.edu.co\/eiei2021\/wp-json\/wp\/v2\/pages"}],"about":[{"href":"https:\/\/www.acofi.edu.co\/eiei2021\/wp-json\/wp\/v2\/types\/page"}],"author":[{"embeddable":true,"href":"https:\/\/www.acofi.edu.co\/eiei2021\/wp-json\/wp\/v2\/users\/1"}],"replies":[{"embeddable":true,"href":"https:\/\/www.acofi.edu.co\/eiei2021\/wp-json\/wp\/v2\/comments?post=43"}],"version-history":[{"count":5,"href":"https:\/\/www.acofi.edu.co\/eiei2021\/wp-json\/wp\/v2\/pages\/43\/revisions"}],"predecessor-version":[{"id":256,"href":"https:\/\/www.acofi.edu.co\/eiei2021\/wp-json\/wp\/v2\/pages\/43\/revisions\/256"}],"up":[{"embeddable":true,"href":"https:\/\/www.acofi.edu.co\/eiei2021\/wp-json\/wp\/v2\/pages\/29"}],"wp:attachment":[{"href":"https:\/\/www.acofi.edu.co\/eiei2021\/wp-json\/wp\/v2\/media?parent=43"}],"curies":[{"name":"wp","href":"https:\/\/api.w.org\/{rel}","templated":true}]}}