{"id":402,"date":"2021-05-14T13:32:47","date_gmt":"2021-05-14T13:32:47","guid":{"rendered":"http:\/\/www.acofi.edu.co\/eiei2021\/?page_id=402"},"modified":"2021-05-14T13:32:47","modified_gmt":"2021-05-14T13:32:47","slug":"instrucciones-fase-2","status":"publish","type":"page","link":"https:\/\/www.acofi.edu.co\/eiei2021\/informacion-academica\/instrucciones-fase-2\/","title":{"rendered":"Instrucciones Fase 2"},"content":{"rendered":"\n<h3 class=\"has-luminous-vivid-amber-color has-text-color\">C\u00f3mo enviar su trabajo en extenso<\/h3>\n\n\n\n<p>Consulte aqu\u00ed el instructivo para la elaboraci\u00f3n y posterior remisi\u00f3n de su trabajo en extenso. Solicitamos una lectura detalla de este instructivo.<\/p>\n\n\n\n<div class=\"wp-block-file\"><a href=\"https:\/\/www.acofi.edu.co\/eiei2021\/wp-content\/uploads\/2021\/05\/Instructivo-presentacion-trabajo-completo-2021.pdf\" class=\"wp-block-file__button\" download><strong>Instructivo para presentaci\u00f3n del trabajo en extenso<\/strong><\/a><\/div>\n\n\n\n<h3 class=\"has-luminous-vivid-amber-color has-text-color\">Plantilla trabajo en extenso<\/h3>\n\n\n\n<p>Descargue la plantilla ejemplo para presentaci\u00f3n de trabajos en extenso.<\/p>\n\n\n\n<div class=\"wp-block-file\"><a href=\"https:\/\/www.acofi.edu.co\/eiei2021\/wp-content\/uploads\/2021\/05\/Formato-plantilla-Trabajo-en-extenso.docx\" class=\"wp-block-file__button\" download><strong>Plantilla Trabajo en extenso<\/strong><\/a><\/div>\n\n\n\n<h3 class=\"has-luminous-vivid-amber-color has-text-color\">C\u00f3mo enviar su p\u00f3ster<\/h3>\n\n\n\n<p>Consulte aqu\u00ed el instructivo para la elaboraci\u00f3n y posterior remisi\u00f3n de su p\u00f3ster. Solicitamos una lectura detalla de este instructivo. Aplica para todas las categor\u00edas, menos para los <strong>Trabajos sobre ense\u00f1anza de la ingenier\u00eda<\/strong>.<\/p>\n\n\n\n<div class=\"wp-block-file\"><a href=\"https:\/\/www.acofi.edu.co\/eiei2021\/wp-content\/uploads\/2021\/05\/Instructivo_posteres-2021.pdf\" class=\"wp-block-file__button\" download><strong>Instructivo para la elaboraci\u00f3n y env\u00edo de p\u00f3steres<\/strong><\/a><\/div>\n\n\n\n<h3 class=\"has-luminous-vivid-amber-color has-text-color\">Derechos de autor<\/h3>\n\n\n\n<p>Todos los trabajos ser\u00e1n compilados en las memorias del Encuentro. Esta publicaci\u00f3n ser\u00e1 realizada por la Asociaci\u00f3n Colombiana de Ingenier\u00eda, ACOFI, dando los cr\u00e9ditos correspondientes a todos los autores. Dicha publicaci\u00f3n no implica ning\u00fan reconocimiento en dinero para los autores. <br><br>La responsabilidad del contenido de las ponencias es de los autores, adem\u00e1s, se deber\u00e1 contar con la autorizaci\u00f3n respectiva para la reproducci\u00f3n de cualquier ilustraci\u00f3n, texto, tabla o figura, tomados de otros autores y\/o fuentes. ACOFI no asume responsabilidad por las opiniones expresadas en los documentos publicados. Una vez la ponencia es aceptada, los autores deber\u00e1n suministrar a la Asociaci\u00f3n, su autorizaci\u00f3n de publicaci\u00f3n por escrito (ver formato). Deben enviar esta carta diligenciada y firmada al correo <a href=\"mailto:eiei@acofi.edu.co\"><strong>eiei@acofi.edu.co<\/strong><\/a> antes del 30 de julio de 2021.<\/p>\n\n\n\n<div class=\"wp-block-file\"><a href=\"https:\/\/www.acofi.edu.co\/eiei2021\/wp-content\/uploads\/2021\/05\/Carta-de-derechos-2021.docx\" class=\"wp-block-file__button\" download><strong>Formato Carta de derechos<\/strong><\/a><\/div>\n\n\n\n<p><\/p>\n","protected":false},"excerpt":{"rendered":"<p>C\u00f3mo enviar su trabajo en extenso Consulte aqu\u00ed el instructivo para la elaboraci\u00f3n y posterior remisi\u00f3n de su trabajo en extenso. Solicitamos una lectura detalla de este instructivo. Plantilla trabajo en extenso Descargue la plantilla ejemplo para presentaci\u00f3n de trabajos en extenso. C\u00f3mo enviar su p\u00f3ster Consulte aqu\u00ed el instructivo para la elaboraci\u00f3n y posterior [&hellip;]<\/p>\n","protected":false},"author":1,"featured_media":0,"parent":10,"menu_order":0,"comment_status":"closed","ping_status":"closed","template":"","meta":[],"_links":{"self":[{"href":"https:\/\/www.acofi.edu.co\/eiei2021\/wp-json\/wp\/v2\/pages\/402"}],"collection":[{"href":"https:\/\/www.acofi.edu.co\/eiei2021\/wp-json\/wp\/v2\/pages"}],"about":[{"href":"https:\/\/www.acofi.edu.co\/eiei2021\/wp-json\/wp\/v2\/types\/page"}],"author":[{"embeddable":true,"href":"https:\/\/www.acofi.edu.co\/eiei2021\/wp-json\/wp\/v2\/users\/1"}],"replies":[{"embeddable":true,"href":"https:\/\/www.acofi.edu.co\/eiei2021\/wp-json\/wp\/v2\/comments?post=402"}],"version-history":[{"count":10,"href":"https:\/\/www.acofi.edu.co\/eiei2021\/wp-json\/wp\/v2\/pages\/402\/revisions"}],"predecessor-version":[{"id":416,"href":"https:\/\/www.acofi.edu.co\/eiei2021\/wp-json\/wp\/v2\/pages\/402\/revisions\/416"}],"up":[{"embeddable":true,"href":"https:\/\/www.acofi.edu.co\/eiei2021\/wp-json\/wp\/v2\/pages\/10"}],"wp:attachment":[{"href":"https:\/\/www.acofi.edu.co\/eiei2021\/wp-json\/wp\/v2\/media?parent=402"}],"curies":[{"name":"wp","href":"https:\/\/api.w.org\/{rel}","templated":true}]}}