{"id":37,"date":"2020-12-01T19:11:00","date_gmt":"2020-12-01T19:11:00","guid":{"rendered":"http:\/\/www.acofi.edu.co\/eiei2021\/?page_id=37"},"modified":"2021-09-18T15:19:10","modified_gmt":"2021-09-18T15:19:10","slug":"pre-inscripcion","status":"publish","type":"page","link":"https:\/\/www.acofi.edu.co\/eiei2021\/informacion-general\/pre-inscripcion\/","title":{"rendered":"Pre-Inscripci\u00f3n"},"content":{"rendered":"\n<h3 class=\"has-text-color\" style=\"color:#ef4136\"><strong>Tarifas<\/strong><\/h3>\n\n\n\n<div class=\"wp-block-image\"><figure class=\"aligncenter size-large\"><img decoding=\"async\" loading=\"lazy\" width=\"1024\" height=\"397\" src=\"https:\/\/www.acofi.edu.co\/eiei2021\/wp-content\/uploads\/2021\/06\/Tarifas-2021_def-PRONTO-PAGO-1024x397.png\" alt=\"\" class=\"wp-image-462\" srcset=\"https:\/\/www.acofi.edu.co\/eiei2021\/wp-content\/uploads\/2021\/06\/Tarifas-2021_def-PRONTO-PAGO-1024x397.png 1024w, https:\/\/www.acofi.edu.co\/eiei2021\/wp-content\/uploads\/2021\/06\/Tarifas-2021_def-PRONTO-PAGO-300x116.png 300w, https:\/\/www.acofi.edu.co\/eiei2021\/wp-content\/uploads\/2021\/06\/Tarifas-2021_def-PRONTO-PAGO-768x298.png 768w, https:\/\/www.acofi.edu.co\/eiei2021\/wp-content\/uploads\/2021\/06\/Tarifas-2021_def-PRONTO-PAGO.png 1456w\" sizes=\"(max-width: 1024px) 100vw, 1024px\" \/><\/figure><\/div>\n\n\n\n<div class=\"is-layout-flow wp-block-group\"><div class=\"wp-block-group__inner-container\">\n<p><strong>Importante:&nbsp;Los pagos recibidos por concepto de inscripci\u00f3n al Encuentro Internacional de Educaci\u00f3n en Ingenier\u00eda ACOFI 2021, no son reembolsables.<\/strong><br><br><strong>La Inscripci\u00f3n al Encuentro se har\u00e1 oficial, una vez se haya cancelado el valor de la inscripci\u00f3n de cada participante.<\/strong><br><br><strong>*Ponentes extranjeros: tarifa para quienes residan fuera de Colombia<\/strong>.<br><strong>**Tarifa pronto pago:<\/strong> <strong>Aplica para inscripciones y pagos efectivos realizados hasta el 30 de julio de 2021.<\/strong><\/p>\n<\/div><\/div>\n\n\n\n<h3 class=\"has-text-color\" style=\"color:#ef4136\">Medios de pago<\/h3>\n\n\n\n<p>Hemos facilitado las siguientes opciones para que realice su pago de manera \u00e1gil:<\/p>\n\n\n\n<h4 class=\"has-text-color\" style=\"color:#fbb040\">Pago en L\u00ednea<\/h4>\n\n\n\n<div class=\"is-layout-flex wp-container-4 wp-block-columns\">\n<div class=\"is-layout-flow wp-block-column\">\n<div class=\"wp-block-button aligncenter\"><a class=\"wp-block-button__link has-luminous-vivid-amber-background-color has-background\" href=\"https:\/\/www.zonapagos.com\/t_acofi\" style=\"border-radius:14px\"><strong>PESOS (COP)<\/strong><\/a><\/div>\n<\/div>\n\n\n\n<div class=\"is-layout-flow wp-block-column\">\n<div class=\"wp-block-button aligncenter\"><a class=\"wp-block-button__link has-luminous-vivid-amber-background-color has-background\" href=\"https:\/\/www.zonapagos.com\/t_acofius\" style=\"border-radius:14px\"><strong>D\u00d3LARES (USD)<\/strong><\/a><\/div>\n<\/div>\n<\/div>\n\n\n\n<h4 class=\"has-text-color\" style=\"color:#fbb040\">Datos para transferencia bancaria en Colombia<\/h4>\n\n\n\n<p>Nombre beneficiario: ACOFI. Asociaci\u00f3n Colombiana de Facultades de Ingenier\u00eda<br>Tel\u00e9fono del beneficiario: 571 4273065 ext. 103<br>Entidad bancaria: Bancolombia, sucursal salitre, calle 25 N\u00b0. 68B-02, Bogot\u00e1. Tel: 571 4273070<br>N\u00famero de cuenta: 17126041844<br>Tipo de cuenta: Corriente<br>Ciudad y pa\u00eds: Bogot\u00e1, Colombia<\/p>\n\n\n\n<h4 class=\"has-text-color\" style=\"color:#fbb040\">Datos para transferencia bancaria en el exterior<\/h4>\n\n\n\n<h4><strong>D\u00f3lares<\/strong> y Euros<\/h4>\n\n\n\n<p>Banco pagador: BANCOLOMBIA<br>SWIFT BANCOLOMBIA: COLOCOBM<br>Acreditar a la cuenta: #17126041844 de BANCOLOMBIA<\/p>\n\n\n\n<h3 class=\"has-text-color\" style=\"color:#ef4136\">Contacto<\/h3>\n\n\n\n<p>En la consignaci\u00f3n, indicar nombre del inscrito e instituci\u00f3n que presenta y enviarla al fax (57 1) 4273065 ext. 102 \u00f3 111. e-mail:&nbsp;<strong><a rel=\"noreferrer noopener\" href=\"mailto:administrativa@acofi.edu.co\" target=\"_blank\">administrativa@acofi.edu.co<\/a><\/strong>&nbsp;ACOFI expedir\u00e1 la factura una vez se haya realizado el pago.<br><br>Si usted requiere un tr\u00e1mite diferente para el pago de su inscripci\u00f3n, por favor escr\u00edbanos haciendo la solicitud respectiva a&nbsp;<strong><a rel=\"noreferrer noopener\" href=\"mailto:administrativa@acofi.edu.co\" target=\"_blank\">administrativa@acofi.edu.co<\/a><\/strong>. Estaremos prestos a colaborarle.<\/p>\n","protected":false},"excerpt":{"rendered":"<p>Tarifas Importante:&nbsp;Los pagos recibidos por concepto de inscripci\u00f3n al Encuentro Internacional de Educaci\u00f3n en Ingenier\u00eda ACOFI 2021, no son reembolsables. La Inscripci\u00f3n al Encuentro se har\u00e1 oficial, una vez se haya cancelado el valor de la inscripci\u00f3n de cada participante. *Ponentes extranjeros: tarifa para quienes residan fuera de Colombia.**Tarifa pronto pago: Aplica para inscripciones y [&hellip;]<\/p>\n","protected":false},"author":1,"featured_media":0,"parent":29,"menu_order":0,"comment_status":"closed","ping_status":"closed","template":"","meta":[],"_links":{"self":[{"href":"https:\/\/www.acofi.edu.co\/eiei2021\/wp-json\/wp\/v2\/pages\/37"}],"collection":[{"href":"https:\/\/www.acofi.edu.co\/eiei2021\/wp-json\/wp\/v2\/pages"}],"about":[{"href":"https:\/\/www.acofi.edu.co\/eiei2021\/wp-json\/wp\/v2\/types\/page"}],"author":[{"embeddable":true,"href":"https:\/\/www.acofi.edu.co\/eiei2021\/wp-json\/wp\/v2\/users\/1"}],"replies":[{"embeddable":true,"href":"https:\/\/www.acofi.edu.co\/eiei2021\/wp-json\/wp\/v2\/comments?post=37"}],"version-history":[{"count":24,"href":"https:\/\/www.acofi.edu.co\/eiei2021\/wp-json\/wp\/v2\/pages\/37\/revisions"}],"predecessor-version":[{"id":869,"href":"https:\/\/www.acofi.edu.co\/eiei2021\/wp-json\/wp\/v2\/pages\/37\/revisions\/869"}],"up":[{"embeddable":true,"href":"https:\/\/www.acofi.edu.co\/eiei2021\/wp-json\/wp\/v2\/pages\/29"}],"wp:attachment":[{"href":"https:\/\/www.acofi.edu.co\/eiei2021\/wp-json\/wp\/v2\/media?parent=37"}],"curies":[{"name":"wp","href":"https:\/\/api.w.org\/{rel}","templated":true}]}}