{"id":35,"date":"2020-12-01T19:10:39","date_gmt":"2020-12-01T19:10:39","guid":{"rendered":"http:\/\/www.acofi.edu.co\/eiei2021\/?page_id=35"},"modified":"2021-07-12T18:58:57","modified_gmt":"2021-07-12T18:58:57","slug":"comite-cientifico","status":"publish","type":"page","link":"https:\/\/www.acofi.edu.co\/eiei2021\/informacion-general\/comite-cientifico\/","title":{"rendered":"Comit\u00e9 Cient\u00edfico"},"content":{"rendered":"\n<p class=\"has-text-color\" style=\"color:#ef4136\"><strong>Elvira G\u00f3mez Verjel<\/strong><br><br><strong>Gloria Isabel Bautista<\/strong><br>Universidad Tecnol\u00f3gica de Bol\u00edvar, Cartagena, Colombia<br><br><strong>Lorena Ech\u00e1vez Baquero<\/strong><br>Universidad Piloto de Colombia, Girardot, Colombia<br><br><strong>Mar\u00eda Claudia Bonfante<\/strong><br>Universidad del Sin\u00fa, Cartagena, Colombia<br><br><strong>Yenny Julio Narv\u00e1ez<\/strong><br>Corporaci\u00f3n Universitaria Rafael N\u00fa\u00f1ez, Cartagena, Colombia<br><br><strong>Jairo Acosta Solano<\/strong><br>Corporaci\u00f3n Universitaria Rafael N\u00fa\u00f1ez, Cartagena, Colombia<br><br><strong>Jairo Enrique Serrano<\/strong><br>Universidad Tecnol\u00f3gica de Bol\u00edvar, Cartagena, Colombia<\/p>\n\n\n\n<h2>Comit\u00e9 Evaluador<\/h2>\n\n\n\n<p><strong>Adriana Isis Cerato<\/strong>, Universidad Nacional de C\u00f3rdoba, C\u00f3rdoba, Argentina<br><strong>Carlos \u00c1lvarez Picaza<\/strong>, Universidad Nacional del Nordeste, Corrientes, Argentina<br><strong>Claudio Ariel Savini<\/strong>, Universidad Nacional de San Luis, Villa Mercedes, Argentina<br><strong>Cristina M\u00f3nica Monti<\/strong>, Universidad Tecnol\u00f3gica Nacional, Resistencia, Argentina<br><strong>Daniel Morano<\/strong>, Universidad Nacional de San Luis, San Luis, Argentina<br><strong>Diana Anal\u00eda Dur\u00e9<\/strong>, Universidad Tecnol\u00f3gica Nacional, Resistencia, Argentina<br><strong>Fabi\u00e1n Buffa<\/strong>, Universidad Nacional de Mar del Plata, Mar del Plata, Argentina<br><strong>Jos\u00e9 Texier<\/strong>, Universidad Nacional de Chilecito, Chilecito, Argentina<br><strong>Magal\u00ed Evel\u00edn Carro P\u00e9rez<\/strong>, Universidad Nacional de C\u00f3rdoba, C\u00f3rdoba, Argentina<br><strong>Mar\u00eda Del Carmen Maurel<\/strong>, Universidad Tecnol\u00f3gica Nacional, Resistencia, Argentina<br><strong>Mar\u00eda Teresa Garibay<\/strong>, Universidad Nacional de Rosario, Rosario, Argentina<br><strong>Mat\u00edas Ibarra Aranda<\/strong>, Universidad Tecnol\u00f3gica Nacional, Fontana, Argentina<br><strong>Miguel \u00c1ngel Sosa<\/strong>, Universidad Tecnol\u00f3gica Nacional, Buenos Aires, Argentina<br><strong>Patricia Gimeno<\/strong>, Universidad Nacional de San Luis, Buenos Aires, Argentina<br><strong>Patricia Paola Zachman<\/strong>, Universidad Nacional del Chaco Austral, S\u00e1enz Pe\u00f1a, Argentina<br><strong>Rosanna Paula Forestello<\/strong>, Universidad Nacional de C\u00f3rdoba, C\u00f3rdoba, Argentina<br><strong>Sandra Cirimelo<\/strong>, Universidad FASTA, Mar del Plata, Argentina<br><strong>Viviana Gasull<\/strong>, Universidad Nacional de San Luis, Villa Mercedes, Argentina<br><strong>Adriana Castillo Rosas<\/strong>, CIIDET, Quer\u00e9taro, M\u00e9xico<br><strong>Ana Mar\u00eda Soto Hern\u00e1ndez<\/strong>, Tecnol\u00f3gico Nacional de M\u00e9xico, Ciudad Madero, M\u00e9xico<br><strong>Carlos Roberto Ib\u00e1\u00f1ez Ju\u00e1rez<\/strong>, Benem\u00e9rita Universidad Aut\u00f3noma de Puebla, Puebla, M\u00e9xico<br><strong>Luis Gustavo Cabral R.<\/strong>, CIIDET, Quer\u00e9taro, M\u00e9xico<br><strong>Miguel Ch\u00e1vez Acevedo<\/strong>, Benem\u00e9rita Universidad Aut\u00f3noma de Puebla, Puebla, M\u00e9xico<br><strong>Adolfo Le\u00f3n Arenas<\/strong>, Universidad Industrial de Santander, Bucaramanga, Colombia<br><strong>\u00c1ngela Mar\u00eda Ot\u00e1lvaro<\/strong>, Universidad de La Salle, Bogot\u00e1, Colombia<br><strong>Armando Mu\u00f1oz Del Castillo<\/strong>, Universidad CESMAG, Pasto, Colombia<br><strong>Beatriz Cardozo Arrieta<\/strong>, Universidad Aut\u00f3noma del Caribe, Barranquilla, Colombia<br><strong>Blanca Elvira Oviedo Torres<\/strong>, Pontificia Universidad Javeriana, Bogot\u00e1, Colombia<br><strong>Carlos Fernando Vega<\/strong>, Universidad Aut\u00f3noma de Occidente, Cali, Colombia<br><strong>Dar\u00edo Mart\u00ednez Leal<\/strong>, Universidad de Ibagu\u00e9, Ibagu\u00e9, Colombia<br><strong>David Fern\u00e1ndez Mc Cann<\/strong>, Universidad de Antioquia, Medell\u00edn, Colombia<br><strong>\u00c9dgar Qui\u00f1ones Bola\u00f1os<\/strong>, Universidad de Cartagena, Cartagena, Colombia<br><strong>Giovanna Fiorillo<\/strong>, Pontificia Universidad Javeriana, Bogot\u00e1, Colombia<br><strong>In\u00e9s Meri\u00f1o Fuentes<\/strong>, Universidad del Magdalena, Santa Marta, Colombia<br><strong>Jader Mu\u00f1oz Ramos<\/strong>, Universidad del Tolima, Ibagu\u00e9, Colombia<br><strong>Julio C\u00e9sar Ca\u00f1\u00f3n Rodr\u00edguez<\/strong>, Universidad Nacional de Colombia, Bogot\u00e1, Colombia<br><strong>Leidy Verth Vi\u00e1fara<\/strong>, Universidad Tecnol\u00f3gica del Choc\u00f3, Quibd\u00f3, Colombia<br><strong>Lina Mar\u00eda V\u00e9lez Acosta<\/strong>, Universidad Pontificia Bolivariana, Medell\u00edn, Colombia<br><strong>Luis Miguel Mej\u00eda Giraldo<\/strong>, Universidad La Gran Colombia, Armenia, Colombia<br><strong>Mar\u00eda Fernanda Serrano<\/strong>, Pontificia Universidad Javeriana, Cali, Colombia<br><strong>Martha Sof\u00eda Carrillo<\/strong>, Fundaci\u00f3n Universitaria Tecnol\u00f3gico Comfenalco, Cartagena, Colombia<br><strong>Miller G\u00f3mez Mora<\/strong>, Pontificia Universidad Javeriana, Bogot\u00e1, Colombia<br><strong>Naliny Guerra Prieto<\/strong>, Universidad Central, Bogot\u00e1, Colombia<br><strong>Nelson Obreg\u00f3n Neira<\/strong>, Pontificia Universidad Javeriana, Bogot\u00e1, Colombia<br><strong>Piedad Ga\u00f1\u00e1n Rojo<\/strong>, Universidad Pontificia Bolivariana, Medell\u00edn, Colombia<br><strong>Torcoroma Vel\u00e1squez P\u00e9rez<\/strong>, Universidad Francisco de Paula Santander, Oca\u00f1a, Colombia<br><strong>Vivian Garc\u00eda<\/strong>, Secretar\u00eda de Educaci\u00f3n del Distrito, Bogot\u00e1, Colombia<br><strong>Xibia Cecilia Hurtado Rocha<\/strong>, Corporaci\u00f3n Universitaria Rafael N\u00fa\u00f1ez, Cartagena, Colombia<\/p>\n","protected":false},"excerpt":{"rendered":"<p>Elvira G\u00f3mez Verjel Gloria Isabel BautistaUniversidad Tecnol\u00f3gica de Bol\u00edvar, Cartagena, Colombia Lorena Ech\u00e1vez BaqueroUniversidad Piloto de Colombia, Girardot, Colombia Mar\u00eda Claudia BonfanteUniversidad del Sin\u00fa, Cartagena, Colombia Yenny Julio Narv\u00e1ezCorporaci\u00f3n Universitaria Rafael N\u00fa\u00f1ez, Cartagena, Colombia Jairo Acosta SolanoCorporaci\u00f3n Universitaria Rafael N\u00fa\u00f1ez, Cartagena, Colombia Jairo Enrique SerranoUniversidad Tecnol\u00f3gica de Bol\u00edvar, Cartagena, Colombia Comit\u00e9 Evaluador Adriana Isis Cerato, [&hellip;]<\/p>\n","protected":false},"author":1,"featured_media":0,"parent":29,"menu_order":0,"comment_status":"closed","ping_status":"closed","template":"","meta":[],"_links":{"self":[{"href":"https:\/\/www.acofi.edu.co\/eiei2021\/wp-json\/wp\/v2\/pages\/35"}],"collection":[{"href":"https:\/\/www.acofi.edu.co\/eiei2021\/wp-json\/wp\/v2\/pages"}],"about":[{"href":"https:\/\/www.acofi.edu.co\/eiei2021\/wp-json\/wp\/v2\/types\/page"}],"author":[{"embeddable":true,"href":"https:\/\/www.acofi.edu.co\/eiei2021\/wp-json\/wp\/v2\/users\/1"}],"replies":[{"embeddable":true,"href":"https:\/\/www.acofi.edu.co\/eiei2021\/wp-json\/wp\/v2\/comments?post=35"}],"version-history":[{"count":11,"href":"https:\/\/www.acofi.edu.co\/eiei2021\/wp-json\/wp\/v2\/pages\/35\/revisions"}],"predecessor-version":[{"id":480,"href":"https:\/\/www.acofi.edu.co\/eiei2021\/wp-json\/wp\/v2\/pages\/35\/revisions\/480"}],"up":[{"embeddable":true,"href":"https:\/\/www.acofi.edu.co\/eiei2021\/wp-json\/wp\/v2\/pages\/29"}],"wp:attachment":[{"href":"https:\/\/www.acofi.edu.co\/eiei2021\/wp-json\/wp\/v2\/media?parent=35"}],"curies":[{"name":"wp","href":"https:\/\/api.w.org\/{rel}","templated":true}]}}