{"id":33,"date":"2020-12-01T19:10:21","date_gmt":"2020-12-01T19:10:21","guid":{"rendered":"http:\/\/www.acofi.edu.co\/eiei2021\/?page_id=33"},"modified":"2021-09-07T13:36:18","modified_gmt":"2021-09-07T13:36:18","slug":"comite-organizador","status":"publish","type":"page","link":"https:\/\/www.acofi.edu.co\/eiei2021\/informacion-general\/comite-organizador\/","title":{"rendered":"Comit\u00e9 Organizador"},"content":{"rendered":"\n<p><\/p>\n\n\n\n<div class=\"is-layout-flex wp-container-4 wp-block-columns\">\n<div class=\"is-layout-flow wp-block-column\">\n<div class=\"wp-block-image is-style-rounded\"><figure class=\"aligncenter size-large\"><img decoding=\"async\" loading=\"lazy\" width=\"132\" height=\"154\" src=\"http:\/\/www.acofi.edu.co\/eiei2021\/wp-content\/uploads\/2020\/12\/Roberto-Hincapie.jpg\" alt=\"\" class=\"wp-image-186\"\/><\/figure><\/div>\n\n\n\n<p class=\"has-text-align-center\"><strong>Roberto Carlos Hincapi\u00e9 Reyes<br>Presidente ACOFI<br><a href=\"mailto:presidencia@acofi.edu.co\">presidencia@acofi.edu.co<\/a><\/strong><\/p>\n<\/div>\n\n\n\n<div class=\"is-layout-flow wp-block-column\">\n<div class=\"wp-block-image is-style-rounded\"><figure class=\"aligncenter size-large\"><img decoding=\"async\" loading=\"lazy\" width=\"107\" height=\"154\" src=\"http:\/\/www.acofi.edu.co\/eiei2021\/wp-content\/uploads\/2020\/12\/Janeth-Jert-Pineda-Molina_3.jpg\" alt=\"\" class=\"wp-image-192\"\/><\/figure><\/div>\n\n\n\n<p class=\"has-text-align-center\"><strong>Janneth Pineda Molina<br>Inscripciones<br><a href=\"mailto:administrativa@acofi.edu.co\">administrativa@acofi.edu.co<\/a><\/strong><\/p>\n<\/div>\n\n\n\n<div class=\"is-layout-flow wp-block-column\">\n<div class=\"wp-block-image is-style-rounded\"><figure class=\"aligncenter size-large\"><img decoding=\"async\" loading=\"lazy\" width=\"116\" height=\"154\" src=\"http:\/\/www.acofi.edu.co\/eiei2021\/wp-content\/uploads\/2020\/12\/Jose-Miguel-Solano-Araujo_3.jpg\" alt=\"\" class=\"wp-image-193\"\/><\/figure><\/div>\n\n\n\n<p class=\"has-text-align-center\"><strong>Jos\u00e9 Miguel Solano Araujo<br>Coordinador General EIEI ACOFI<\/strong><br><strong><a href=\"mailto:jsolano@acofi.edu.co\">jsolano@acofi.edu.co<\/a><\/strong><\/p>\n<\/div>\n<\/div>\n\n\n\n<div class=\"is-layout-flex wp-container-8 wp-block-columns\">\n<div class=\"is-layout-flow wp-block-column\">\n<div class=\"wp-block-image is-style-rounded\"><figure class=\"aligncenter size-large\"><img decoding=\"async\" loading=\"lazy\" width=\"114\" height=\"154\" src=\"http:\/\/www.acofi.edu.co\/eiei2021\/wp-content\/uploads\/2020\/12\/JennyQ.jpg\" alt=\"\" class=\"wp-image-209\"\/><\/figure><\/div>\n\n\n\n<p class=\"has-text-align-center\"><strong>Jenny Quiroga Alarc\u00f3n<br>Gesti\u00f3n Comercial<br><a href=\"mailto:jennyquiroga@acofi.edu.co\">jennyquiroga@acofi.edu.co<\/a><\/strong><\/p>\n<\/div>\n\n\n\n<div class=\"is-layout-flow wp-block-column\">\n<div class=\"wp-block-image is-style-rounded\"><figure class=\"aligncenter size-large\"><img decoding=\"async\" loading=\"lazy\" width=\"125\" height=\"154\" src=\"http:\/\/www.acofi.edu.co\/eiei2021\/wp-content\/uploads\/2020\/12\/Luis-Alberto-Gonzalez-Araujo_2.jpg\" alt=\"\" class=\"wp-image-189\"\/><\/figure><\/div>\n\n\n\n<p class=\"has-text-align-center\"><strong>Luis Alberto Gonz\u00e1lez Araujo<\/strong><br><strong>Director Ejecutivo ACOFI<\/strong><br><strong><a href=\"mailto:director@acofi.edu.co\">director@acofi.edu.co<\/a><\/strong><\/p>\n<\/div>\n\n\n\n<div class=\"is-layout-flow wp-block-column\">\n<div class=\"wp-block-image is-style-rounded\"><figure class=\"aligncenter size-large\"><img decoding=\"async\" loading=\"lazy\" width=\"113\" height=\"154\" src=\"http:\/\/www.acofi.edu.co\/eiei2021\/wp-content\/uploads\/2020\/12\/Alix-Beltran.jpg\" alt=\"\" class=\"wp-image-215\"\/><\/figure><\/div>\n\n\n\n<p class=\"has-text-align-center\"><strong>Alix Rubiela Beltr\u00e1n Paipa<br>Asesora de Comunicaciones<br><a href=\"mailto:prensa@acofi.edu.co\">prensa@acofi.edu.co<\/a><\/strong><\/p>\n<\/div>\n<\/div>\n\n\n\n<div class=\"is-layout-flex wp-container-11 wp-block-columns\">\n<div class=\"is-layout-flow wp-block-column\">\n<div class=\"wp-block-image is-style-rounded\"><figure class=\"aligncenter size-large\"><img decoding=\"async\" loading=\"lazy\" width=\"117\" height=\"154\" src=\"http:\/\/www.acofi.edu.co\/eiei2021\/wp-content\/uploads\/2020\/12\/Simon-Andres-De-Leon-Novoa_3.jpg\" alt=\"\" class=\"wp-image-194\"\/><\/figure><\/div>\n\n\n\n<p class=\"has-text-align-center\"><strong>Sim\u00f3n Andr\u00e9s De Le\u00f3n Novoa<br>Coordinaci\u00f3n Jornada Avances en investigaci\u00f3n<br><a href=\"mailto:simondeleon@acofi.edu.co\">simondeleon@acofi.edu.co<\/a><\/strong><\/p>\n<\/div>\n\n\n\n<div class=\"is-layout-flow wp-block-column\">\n<div class=\"wp-block-image is-style-rounded\"><figure class=\"aligncenter size-large\"><img decoding=\"async\" loading=\"lazy\" width=\"120\" height=\"154\" src=\"http:\/\/www.acofi.edu.co\/eiei2021\/wp-content\/uploads\/2020\/12\/Alexandra-Vasquez.jpg\" alt=\"\" class=\"wp-image-210\"\/><\/figure><\/div>\n\n\n\n<p class=\"has-text-align-center\"><strong>Alexandra V\u00e1squez Villarreal<br>Facturaci\u00f3n<br><a href=\"mailto:contabilidad@acofi.edu.co\">contabilidad@acofi.edu.co<\/a><\/strong><\/p>\n<\/div>\n<\/div>\n\n\n\n<p><\/p>\n","protected":false},"excerpt":{"rendered":"<p>Roberto Carlos Hincapi\u00e9 ReyesPresidente ACOFIpresidencia@acofi.edu.co Janneth Pineda MolinaInscripcionesadministrativa@acofi.edu.co Jos\u00e9 Miguel Solano AraujoCoordinador General EIEI ACOFIjsolano@acofi.edu.co Jenny Quiroga Alarc\u00f3nGesti\u00f3n Comercialjennyquiroga@acofi.edu.co Luis Alberto Gonz\u00e1lez AraujoDirector Ejecutivo ACOFIdirector@acofi.edu.co Alix Rubiela Beltr\u00e1n PaipaAsesora de Comunicacionesprensa@acofi.edu.co Sim\u00f3n Andr\u00e9s De Le\u00f3n NovoaCoordinaci\u00f3n Jornada Avances en investigaci\u00f3nsimondeleon@acofi.edu.co Alexandra V\u00e1squez VillarrealFacturaci\u00f3ncontabilidad@acofi.edu.co<\/p>\n","protected":false},"author":1,"featured_media":0,"parent":29,"menu_order":0,"comment_status":"closed","ping_status":"closed","template":"","meta":[],"_links":{"self":[{"href":"https:\/\/www.acofi.edu.co\/eiei2021\/wp-json\/wp\/v2\/pages\/33"}],"collection":[{"href":"https:\/\/www.acofi.edu.co\/eiei2021\/wp-json\/wp\/v2\/pages"}],"about":[{"href":"https:\/\/www.acofi.edu.co\/eiei2021\/wp-json\/wp\/v2\/types\/page"}],"author":[{"embeddable":true,"href":"https:\/\/www.acofi.edu.co\/eiei2021\/wp-json\/wp\/v2\/users\/1"}],"replies":[{"embeddable":true,"href":"https:\/\/www.acofi.edu.co\/eiei2021\/wp-json\/wp\/v2\/comments?post=33"}],"version-history":[{"count":39,"href":"https:\/\/www.acofi.edu.co\/eiei2021\/wp-json\/wp\/v2\/pages\/33\/revisions"}],"predecessor-version":[{"id":828,"href":"https:\/\/www.acofi.edu.co\/eiei2021\/wp-json\/wp\/v2\/pages\/33\/revisions\/828"}],"up":[{"embeddable":true,"href":"https:\/\/www.acofi.edu.co\/eiei2021\/wp-json\/wp\/v2\/pages\/29"}],"wp:attachment":[{"href":"https:\/\/www.acofi.edu.co\/eiei2021\/wp-json\/wp\/v2\/media?parent=33"}],"curies":[{"name":"wp","href":"https:\/\/api.w.org\/{rel}","templated":true}]}}