{"id":31,"date":"2020-12-01T19:10:03","date_gmt":"2020-12-01T19:10:03","guid":{"rendered":"http:\/\/www.acofi.edu.co\/eiei2021\/?page_id=31"},"modified":"2021-10-13T14:17:22","modified_gmt":"2021-10-13T14:17:22","slug":"sobre-eiei-2021","status":"publish","type":"page","link":"https:\/\/www.acofi.edu.co\/eiei2021\/informacion-general\/sobre-eiei-2021\/","title":{"rendered":"Sobre el EIEI ACOFI 2021"},"content":{"rendered":"\n<p>La Asociaci\u00f3n Colombiana de Facultades de Ingenier\u00eda (ACOFI) realiz\u00f3 del 21 al 24 de septiembre de 2021 una nueva edici\u00f3n del Encuentro Internacional de Educaci\u00f3n en Ingenier\u00eda ACOFI (EIEI ACOFI 2021), con el tema central \u201cMujeres en ingenier\u00eda: empoderamiento, liderazgo y compromiso\u201d. El EIEI ACOFI 2021 reuni\u00f3, como ha sido tradici\u00f3n por m\u00e1s de 40 a\u00f1os, a decanos, directivos acad\u00e9micos y administrativos, profesores y estudiantes de ingenier\u00eda, representantes del sector productivo, entidades del Estado, gremios y la sociedad, quienes interactuaron para estudiar, analizar, debatir y reflexionar sobre como la participaci\u00f3n de las mujeres en ingenier\u00eda contribuye notablemente al desarrollo social y econ\u00f3mico.<br><br>El EIEI ACOFI 2021 realiz\u00f3 conferencias magistrales, paneles y di\u00e1logos con expertos sobre el tema central propuesto y tambi\u00e9n contar\u00e1 con las actividades que ha mantenido en cada una de sus versiones asociadas a la ense\u00f1anza de la ingenier\u00eda, las tendencias en las estrategias de ense\u00f1anza\u2013aprendizaje y el compromiso de la ingenier\u00eda con el desarrollo, en un gran escenario que permiti\u00f3 acoger a expositores y participantes de diferentes lugares, para compartir su conocimiento y experiencia. De la misma manera, hubo talleres sobre temas de ingenier\u00eda y actividades t\u00e9cnicas, que fueron los espacios propicios para conocer y compartir experiencias y propuestas sobre las nuevas tendencias de la educaci\u00f3n en ingenier\u00eda.<br><br>El EIEI ACOFI 2021 tuvo diferentes espacios acad\u00e9micos: la presentaci\u00f3n de los trabajos sobre ense\u00f1anza de la ingenier\u00eda, la octava versi\u00f3n del Foro de estudiantes de ingenier\u00eda (FCEI), la tercera versi\u00f3n del Encuentro Nacional de Estudiantes de Doctorado en Ingenier\u00eda (ENEDI), la presentaci\u00f3n de avances de investigaci\u00f3n en ingenier\u00eda y por primera vez tuvo un espacio para conocer las buenas pr\u00e1cticas sobre la participaci\u00f3n de mujeres en ingenier\u00eda. El EIEI ACOFI 2021 fue la oportunidad de relacionarse con empresas, gobierno, organizaciones y representantes de instituciones que imparten programas de ingenier\u00eda en uno de los escenarios m\u00e1s importantes de la ense\u00f1anza de la ingenier\u00eda en el \u00e1mbito global.<br><br>Se convocaron a personalidades referentes de la ingenier\u00eda con el prop\u00f3sito de generar un espacio de profundizaci\u00f3n del conocimiento en las distintas \u00e1reas de la profesi\u00f3n, para promover el intercambio de ideas y experiencias, establecer lazos de cooperaci\u00f3n y brindar la oportunidad de concretar acuerdos interinstitucionales.<\/p>\n\n\n\n<iframe loading=\"lazy\" src=\"https:\/\/cdn.flipsnack.com\/widget\/v2\/widget.html?hash=t9yr5llcjl\" width=\"720\" height=\"480\" seamless=\"seamless\" scrolling=\"no\" frameborder=\"0\" allowfullscreen=\"\"><\/iframe>\n\n\n\n<h2><strong>Objetivo general<\/strong><\/h2>\n\n\n\n<p>El EIEI ACOFI 2021 es el espacio en el que se estudiar\u00e1, analizar\u00e1 y reflexionar\u00e1 sobre como el trabajo y aporte de las mujeres en ingenier\u00eda con su empoderamiento, liderazgo y compromiso son parte fundamental para el desarrollo social y econ\u00f3mico, en el marco de la igualdad y equidad.<\/p>\n\n\n\n<h2><strong>Objetivos espec\u00edficos<\/strong><\/h2>\n\n\n\n<ul><li>Proponer estrategias que fortalezcan la participaci\u00f3n de las mujeres en ingenier\u00eda en la b\u00fasqueda de reducir la inequidad y la desigualdad, en todos los escenarios de actividad relacionada con la profesi\u00f3n desde la formaci\u00f3n, la actividad profesional y la investigaci\u00f3n.<\/li><li>Conocer los aportes que desde las facultades, escuelas y programas de ingenier\u00eda han favorecido la participaci\u00f3n efectiva de la mujer.<\/li><li>Analizar las dificultades que enfrentan las mujeres en los diferentes \u00e1mbitos de la ingenier\u00eda.<\/li><li>Fortalecer el quehacer acad\u00e9mico de las facultades, escuelas y programas de ingenier\u00eda en cada una de las actividades propuestas y categor\u00edas de participaci\u00f3n previstas para el EIEI ACOFI 2021.<\/li><\/ul>\n\n\n\n<div class=\"infogram-embed\" data-id=\"9167760b-0391-49e5-bc07-f958524555aa\" data-type=\"interactive\" data-title=\"Pie Chart\"><\/div><script>!function(e,i,n,s){var t=\"InfogramEmbeds\",d=e.getElementsByTagName(\"script\")[0];if(window[t]&&window[t].initialized)window[t].process&&window[t].process();else if(!e.getElementById(n)){var o=e.createElement(\"script\");o.async=1,o.id=n,o.src=\"https:\/\/e.infogram.com\/js\/dist\/embed-loader-min.js\",d.parentNode.insertBefore(o,d)}}(document,0,\"infogram-async\");<\/script><div style=\"padding:8px 0;font-family:Arial!important;font-size:13px!important;line-height:15px!important;text-align:center;border-top:1px solid #dadada;margin:0 30px\"><a href=\"https:\/\/infogram.com\/9167760b-0391-49e5-bc07-f958524555aa\" style=\"color:#989898!important;text-decoration:none!important;\" target=\"_blank\" rel=\"noopener noreferrer\">Pie Chart<\/a><br><a href=\"https:\/\/infogram.com\" style=\"color:#989898!important;text-decoration:none!important;\" target=\"_blank\" rel=\"nofollow noopener noreferrer\">Infogram<\/a><\/div>\n\n\n\n<h2>Nuestra imagen<\/h2>\n\n\n\n<div class=\"wp-block-image\"><figure class=\"aligncenter size-large is-resized\"><img decoding=\"async\" src=\"https:\/\/www.acofi.edu.co\/eiei2021\/wp-content\/uploads\/2021\/03\/Logo-EIEI.jpg\" alt=\"\" class=\"wp-image-373\" width=\"300\" srcset=\"https:\/\/www.acofi.edu.co\/eiei2021\/wp-content\/uploads\/2021\/03\/Logo-EIEI.jpg 408w, https:\/\/www.acofi.edu.co\/eiei2021\/wp-content\/uploads\/2021\/03\/Logo-EIEI-300x275.jpg 300w\" sizes=\"(max-width: 408px) 100vw, 408px\" \/><\/figure><\/div>\n\n\n\n<p>Un logo para representar simb\u00f3licamente las diferentes ramas de la ingenier\u00eda.<\/p>\n\n\n\n<ul><li>Inspirado en la representaci\u00f3n de los vectores, presentes en toda ingenier\u00eda<\/li><li>Integra diferentes elementos matem\u00e1ticos<\/li><li>Contiene una abstracci\u00f3n de lo que puede ser una intersecci\u00f3n de planos, d\u00e1ndole un aspecto 3D<\/li><li>Simplifica el proceso de memorizaci\u00f3n de la sigla como marca<\/li><li>Recuerda los colores de ACOFI<\/li><\/ul>\n\n\n\n<h2><strong>Sede del evento<\/strong><\/h2>\n\n\n\n<div class=\"wp-block-image\"><figure class=\"aligncenter size-large is-resized\"><img decoding=\"async\" src=\"https:\/\/www.acofi.edu.co\/eiei2021\/wp-content\/uploads\/2021\/03\/CCCI-1024x684.jpg\" alt=\"\" class=\"wp-image-369\" width=\"500\" srcset=\"https:\/\/www.acofi.edu.co\/eiei2021\/wp-content\/uploads\/2021\/03\/CCCI-1024x684.jpg 1024w, https:\/\/www.acofi.edu.co\/eiei2021\/wp-content\/uploads\/2021\/03\/CCCI-300x200.jpg 300w, https:\/\/www.acofi.edu.co\/eiei2021\/wp-content\/uploads\/2021\/03\/CCCI-768x513.jpg 768w, https:\/\/www.acofi.edu.co\/eiei2021\/wp-content\/uploads\/2021\/03\/CCCI-1536x1026.jpg 1536w, https:\/\/www.acofi.edu.co\/eiei2021\/wp-content\/uploads\/2021\/03\/CCCI.jpg 1920w\" sizes=\"(max-width: 1024px) 100vw, 1024px\" \/><\/figure><\/div>\n\n\n\n<div class=\"is-layout-flow wp-block-group\"><div class=\"wp-block-group__inner-container\">\n<p>El Centro de Convenciones Julio C\u00e9sar Turbay Ayala es un lugar especial para eventos de asistencia masiva que ofrece vistas sobrecogedoras de la Cartagena antigua y de la bah\u00eda de las \u00c1nimas.<br><br>Grupo Heroica, operador del Centro de Convenciones Cartagena de Indias (CCCI), certific\u00f3 la operaci\u00f3n del recinto, bajo el sello de bioseguridad \u201cCheck-In Certificado\u201d, creado por el Ministerio de Comercio, Industria y Turismo, con el apoyo de ProColombia e Icontec, y el sello \u201cSafe Guard\u201d a cargo del ente internacional Bureau Veritas, quienes son l\u00edderes mundiales en verificaci\u00f3n, inspecci\u00f3n y certificaci\u00f3n, y quienes a finales de 2019 otorgaron la recertificaci\u00f3n ISO9000.<br><br>El CCCI ha desarrollado protocolos de seguridad sanitaria que abarcan \u00e1reas como acceso al recinto, control de proveedores, montajes, alimentos y bebidas, equipos audiovisuales, estacionamientos, entre otros, con el objetivo de garantizarle a sus asistentes control en todas las \u00e1reas de interacci\u00f3n al reiniciar sus actividades.<\/p>\n<\/div><\/div>\n\n\n\n<p class=\"has-small-font-size\">* El EIEI ACOFI 2021 se encuentra previsto para realizarse en la ciudad de Cartagena de Indias, de acuerdo con las condiciones que establezcan las autoridades gubernamentales.<\/p>\n","protected":false},"excerpt":{"rendered":"<p>La Asociaci\u00f3n Colombiana de Facultades de Ingenier\u00eda (ACOFI) realiz\u00f3 del 21 al 24 de septiembre de 2021 una nueva edici\u00f3n del Encuentro Internacional de Educaci\u00f3n en Ingenier\u00eda ACOFI (EIEI ACOFI 2021), con el tema central \u201cMujeres en ingenier\u00eda: empoderamiento, liderazgo y compromiso\u201d. El EIEI ACOFI 2021 reuni\u00f3, como ha sido tradici\u00f3n por m\u00e1s de 40 [&hellip;]<\/p>\n","protected":false},"author":1,"featured_media":0,"parent":29,"menu_order":0,"comment_status":"closed","ping_status":"closed","template":"","meta":[],"_links":{"self":[{"href":"https:\/\/www.acofi.edu.co\/eiei2021\/wp-json\/wp\/v2\/pages\/31"}],"collection":[{"href":"https:\/\/www.acofi.edu.co\/eiei2021\/wp-json\/wp\/v2\/pages"}],"about":[{"href":"https:\/\/www.acofi.edu.co\/eiei2021\/wp-json\/wp\/v2\/types\/page"}],"author":[{"embeddable":true,"href":"https:\/\/www.acofi.edu.co\/eiei2021\/wp-json\/wp\/v2\/users\/1"}],"replies":[{"embeddable":true,"href":"https:\/\/www.acofi.edu.co\/eiei2021\/wp-json\/wp\/v2\/comments?post=31"}],"version-history":[{"count":27,"href":"https:\/\/www.acofi.edu.co\/eiei2021\/wp-json\/wp\/v2\/pages\/31\/revisions"}],"predecessor-version":[{"id":951,"href":"https:\/\/www.acofi.edu.co\/eiei2021\/wp-json\/wp\/v2\/pages\/31\/revisions\/951"}],"up":[{"embeddable":true,"href":"https:\/\/www.acofi.edu.co\/eiei2021\/wp-json\/wp\/v2\/pages\/29"}],"wp:attachment":[{"href":"https:\/\/www.acofi.edu.co\/eiei2021\/wp-json\/wp\/v2\/media?parent=31"}],"curies":[{"name":"wp","href":"https:\/\/api.w.org\/{rel}","templated":true}]}}