{"id":23,"date":"2020-12-01T19:08:49","date_gmt":"2020-12-01T19:08:49","guid":{"rendered":"http:\/\/www.acofi.edu.co\/eiei2021\/?page_id=23"},"modified":"2021-09-16T17:31:49","modified_gmt":"2021-09-16T17:31:49","slug":"programa","status":"publish","type":"page","link":"https:\/\/www.acofi.edu.co\/eiei2021\/informacion-academica\/programa\/","title":{"rendered":"Programa"},"content":{"rendered":"\n<h3 class=\"has-text-color\" style=\"color:#fbb040\">Agenda EIEI ACOFI 2021<\/h3>\n\n\n\n<p>Podr\u00e1 descargar la agenda central de EIEI ACOFI 2021.<br>Esta programaci\u00f3n est\u00e1 sujeta a cambios.<\/p>\n\n\n\n<div class=\"wp-block-file\"><a href=\"https:\/\/www.acofi.edu.co\/eiei2021\/wp-content\/uploads\/2021\/09\/Agenda-central-EIEI-ACOFI-2021-v7.pdf\"><strong>Agenda central EIEI ACOFI 2021<\/strong><\/a><\/div>\n\n\n\n<h3 class=\"has-text-color\" style=\"color:#fbb040\">Agenda Encuentro Nacional de Estudiantes de Doctorado en Ingenier\u00eda (ENEDI)<\/h3>\n\n\n\n<p>Podr\u00e1 descargar la agenda de ENEDI.<br>Esta programaci\u00f3n est\u00e1 sujeta a cambios.<\/p>\n\n\n\n<div class=\"wp-block-file\"><a href=\"https:\/\/www.acofi.edu.co\/eiei2021\/wp-content\/uploads\/2021\/09\/Agenda-ENEDI-v6.pdf\"><strong>Agenda ENEDI<\/strong><\/a><\/div>\n\n\n\n<h3 class=\"has-text-color\" style=\"color:#fbb040\">Agenda Foro Colombiano de Estudiantes de Ingenier\u00eda (FCEI)<\/h3>\n\n\n\n<p>Podr\u00e1 descargar la agenda del FCEI.<br>Esta programaci\u00f3n est\u00e1 sujeta a cambios.<\/p>\n\n\n\n<div class=\"wp-block-file\"><a href=\"https:\/\/www.acofi.edu.co\/eiei2021\/wp-content\/uploads\/2021\/09\/Agenda-FCEI-v6.pdf\"><strong>Agenda FCEI<\/strong><\/a><\/div>\n","protected":false},"excerpt":{"rendered":"<p>Agenda EIEI ACOFI 2021 Podr\u00e1 descargar la agenda central de EIEI ACOFI 2021.Esta programaci\u00f3n est\u00e1 sujeta a cambios. Agenda Encuentro Nacional de Estudiantes de Doctorado en Ingenier\u00eda (ENEDI) Podr\u00e1 descargar la agenda de ENEDI.Esta programaci\u00f3n est\u00e1 sujeta a cambios. Agenda Foro Colombiano de Estudiantes de Ingenier\u00eda (FCEI) Podr\u00e1 descargar la agenda del FCEI.Esta programaci\u00f3n est\u00e1 [&hellip;]<\/p>\n","protected":false},"author":1,"featured_media":0,"parent":10,"menu_order":0,"comment_status":"closed","ping_status":"closed","template":"","meta":[],"_links":{"self":[{"href":"https:\/\/www.acofi.edu.co\/eiei2021\/wp-json\/wp\/v2\/pages\/23"}],"collection":[{"href":"https:\/\/www.acofi.edu.co\/eiei2021\/wp-json\/wp\/v2\/pages"}],"about":[{"href":"https:\/\/www.acofi.edu.co\/eiei2021\/wp-json\/wp\/v2\/types\/page"}],"author":[{"embeddable":true,"href":"https:\/\/www.acofi.edu.co\/eiei2021\/wp-json\/wp\/v2\/users\/1"}],"replies":[{"embeddable":true,"href":"https:\/\/www.acofi.edu.co\/eiei2021\/wp-json\/wp\/v2\/comments?post=23"}],"version-history":[{"count":12,"href":"https:\/\/www.acofi.edu.co\/eiei2021\/wp-json\/wp\/v2\/pages\/23\/revisions"}],"predecessor-version":[{"id":866,"href":"https:\/\/www.acofi.edu.co\/eiei2021\/wp-json\/wp\/v2\/pages\/23\/revisions\/866"}],"up":[{"embeddable":true,"href":"https:\/\/www.acofi.edu.co\/eiei2021\/wp-json\/wp\/v2\/pages\/10"}],"wp:attachment":[{"href":"https:\/\/www.acofi.edu.co\/eiei2021\/wp-json\/wp\/v2\/media?parent=23"}],"curies":[{"name":"wp","href":"https:\/\/api.w.org\/{rel}","templated":true}]}}