{"id":16,"date":"2020-12-01T18:45:47","date_gmt":"2020-12-01T18:45:47","guid":{"rendered":"http:\/\/www.acofi.edu.co\/eiei2021\/?page_id=16"},"modified":"2021-10-05T19:29:53","modified_gmt":"2021-10-05T19:29:53","slug":"conferencias","status":"publish","type":"page","link":"https:\/\/www.acofi.edu.co\/eiei2021\/informacion-academica\/conferencias\/","title":{"rendered":"Conferencias"},"content":{"rendered":"\n<h3 class=\"has-text-color\" style=\"color:#fbb040\">Taller: Reflexiones y propuestas de Mujeres en Ingenier\u00eda de Colombia<\/h3>\n\n\n\n<p><strong>Liliana Rathmann<\/strong>, Universidad Atl\u00e1ntida Argentina, CONFEDI, Argentina<br><strong>Mar\u00eda Teresa Garibay<\/strong>, C\u00e1tedra Abierta Latinoamericana Matilda, CONFEDI, Argentina<\/p>\n\n\n\n<figure class=\"wp-block-embed-youtube aligncenter wp-block-embed is-type-video is-provider-youtube wp-embed-aspect-16-9 wp-has-aspect-ratio\"><div class=\"wp-block-embed__wrapper\">\n<iframe loading=\"lazy\" title=\"EIEI ACOFI 2021 - Taller: Reflexiones y propuestas de Mujeres en Ingenier\u00eda de Colombia\" width=\"770\" height=\"433\" src=\"https:\/\/www.youtube.com\/embed\/AL4OjISx9Po?feature=oembed\" frameborder=\"0\" allow=\"accelerometer; autoplay; clipboard-write; encrypted-media; gyroscope; picture-in-picture\" allowfullscreen><\/iframe>\n<\/div><\/figure>\n\n\n\n<h3 class=\"has-text-color\" style=\"color:#fbb040\">Taller: Metacognici\u00f3n y evaluaci\u00f3n en ambientes virtuales de aprendizaje<\/h3>\n\n\n\n<div class=\"wp-block-file\"><a href=\"https:\/\/www.acofi.edu.co\/eiei2021\/wp-content\/uploads\/2021\/09\/Adriana-Castillo-Taller-Metacognicion-y-evaluacion-en-ambientes-virtuales-de-aprendizaje.pdf\"><strong>Adriana Castillo<\/strong>, Centro Interdisciplinario de Investigaci\u00f3n y Docencia en Educaci\u00f3n T\u00e9cnica, M\u00e9xico<\/a><a href=\"https:\/\/www.acofi.edu.co\/eiei2021\/wp-content\/uploads\/2021\/09\/Adriana-Castillo-Taller-Metacognicion-y-evaluacion-en-ambientes-virtuales-de-aprendizaje.pdf\" class=\"wp-block-file__button\" download><strong>Descarga<\/strong><\/a><\/div>\n\n\n\n<figure class=\"wp-block-embed-youtube aligncenter wp-block-embed is-type-video is-provider-youtube wp-embed-aspect-16-9 wp-has-aspect-ratio\"><div class=\"wp-block-embed__wrapper\">\n<iframe loading=\"lazy\" title=\"EIEI ACOFI 2021 - Taller Metacognici\u00f3n y evaluaci\u00f3n en ambientes virtuales de aprendizaje\" width=\"770\" height=\"433\" src=\"https:\/\/www.youtube.com\/embed\/F4X0TKRHHb8?feature=oembed\" frameborder=\"0\" allow=\"accelerometer; autoplay; clipboard-write; encrypted-media; gyroscope; picture-in-picture\" allowfullscreen><\/iframe>\n<\/div><\/figure>\n\n\n\n<h3 class=\"has-text-color\" style=\"color:#fbb040\">Instalaci\u00f3n<\/h3>\n\n\n\n<p><strong>Roberto Carlos Hincapi\u00e9 Reyes<\/strong>, ACOFI, Colombia<br><strong>M\u00f3nica Mar\u00eda Ruiz Arbel\u00e1ez<\/strong>, Empresas P\u00fablicas de Medell\u00edn, Colombia<br><strong>Yeimy Patricia B\u00e1ez Moreno<\/strong>, Ecopetrol, Colombia<\/p>\n\n\n\n<figure class=\"wp-block-embed-youtube aligncenter wp-block-embed is-type-video is-provider-youtube wp-embed-aspect-16-9 wp-has-aspect-ratio\"><div class=\"wp-block-embed__wrapper\">\n<iframe loading=\"lazy\" title=\"D\u00eda 1 - Encuentro Internacional de Educaci\u00f3n en Ingenieria EIEI 2021  &quot;Mujeres en Ingenieria&quot;\" width=\"770\" height=\"433\" src=\"https:\/\/www.youtube.com\/embed\/AafWT9pnP1g?start=1024&#038;feature=oembed\" frameborder=\"0\" allow=\"accelerometer; autoplay; clipboard-write; encrypted-media; gyroscope; picture-in-picture\" allowfullscreen><\/iframe> \n<\/div><\/figure>\n\n\n\n<h3 class=\"has-text-color\" style=\"color:#fbb040\">Conferencia: Gesti\u00f3n del conocimiento en el \u00e1rea de ingenier\u00eda<\/h3>\n\n\n\n<p><strong>Camilo Younes Velosa<\/strong>, Universidad Nacional de Colombia, Colombia<\/p>\n\n\n\n<figure class=\"wp-block-embed-youtube aligncenter wp-block-embed is-type-video is-provider-youtube wp-embed-aspect-16-9 wp-has-aspect-ratio\"><div class=\"wp-block-embed__wrapper\">\n<iframe loading=\"lazy\" title=\"EIEI ACOFI 2021 - Conferencia: Gesti\u00f3n del conocimiento en el \u00e1rea de ingenier\u00eda\" width=\"770\" height=\"433\" src=\"https:\/\/www.youtube.com\/embed\/6fToFtsR1KE?feature=oembed\" frameborder=\"0\" allow=\"accelerometer; autoplay; clipboard-write; encrypted-media; gyroscope; picture-in-picture\" allowfullscreen><\/iframe>\n<\/div><\/figure>\n\n\n\n<h3 class=\"has-text-color\" style=\"color:#fbb040\">Conferencia: Innovaci\u00f3n Inclusiva: lo que nos ense\u00f1an las tecnolog\u00edas emergentes y la transformaci\u00f3n digital sobre la perspectiva de g\u00e9nero en las Am\u00e9ricas<\/h3>\n\n\n\n<p><strong>Aryanne Quintal<\/strong>, Organizaci\u00f3n de Estados Americanos, Estados Unidos<\/p>\n\n\n\n<figure class=\"wp-block-embed-youtube aligncenter wp-block-embed is-type-video is-provider-youtube wp-embed-aspect-16-9 wp-has-aspect-ratio\"><div class=\"wp-block-embed__wrapper\">\n<iframe loading=\"lazy\" title=\"D\u00eda 1 - Encuentro Internacional de Educaci\u00f3n en Ingenieria EIEI 2021  &quot;Mujeres en Ingenieria&quot;\" width=\"770\" height=\"433\" src=\"https:\/\/www.youtube.com\/embed\/AafWT9pnP1g?start=33488&#038;feature=oembed\" frameborder=\"0\" allow=\"accelerometer; autoplay; clipboard-write; encrypted-media; gyroscope; picture-in-picture\" allowfullscreen><\/iframe> \n<\/div><\/figure>\n\n\n\n<h3 class=\"has-text-color\" style=\"color:#fbb040\">Presentaci\u00f3n publicaci\u00f3n: Matilda y las mujeres en ingenier\u00eda en Am\u00e9rica Latina 3<\/h3>\n\n\n\n<p><strong>Adriana P\u00e1ez Pino<\/strong>, C\u00e1tedra Abierta Latinoamericana Matilda, Colombia<br><strong>Graciela Forero de L\u00f3pez<\/strong>, Universidad Sim\u00f3n Bol\u00edvar, Colombia<br><strong>Janny Alexandra Barrios<\/strong>, C\u00e1tedra Abierta Latinoamericana Matilda, Colombia<br><strong>Laura Romero<\/strong>, LACCEI, M\u00e9xico<br><strong>Roberto Giordano Lerena<\/strong>, CONFEDI, Argentina<br><strong>Roberto Carlos Hincapi\u00e9 Reyes,<\/strong> ACOFI, Colombia<br><strong>Vidfa Carolina Garvizu Auza<\/strong>, Universidad Cat\u00f3lica Boliviana San Pablo, Bolivia<\/p>\n\n\n\n<figure class=\"wp-block-embed-youtube aligncenter wp-block-embed is-type-video is-provider-youtube wp-embed-aspect-16-9 wp-has-aspect-ratio\"><div class=\"wp-block-embed__wrapper\">\n<iframe loading=\"lazy\" title=\"D\u00eda 1 - Encuentro Internacional de Educaci\u00f3n en Ingenieria EIEI 2021  &quot;Mujeres en Ingenieria&quot;\" width=\"770\" height=\"433\" src=\"https:\/\/www.youtube.com\/embed\/AafWT9pnP1g?start=35827&#038;feature=oembed\" frameborder=\"0\" allow=\"accelerometer; autoplay; clipboard-write; encrypted-media; gyroscope; picture-in-picture\" allowfullscreen><\/iframe>\n<\/div><\/figure>\n\n\n\n<h3 class=\"has-text-color\" style=\"color:#fbb040\">Conferencia: Ejercicio de la Ingenier\u00eda Electr\u00f3nica en la Armada Nacional, retos y oportunidades<\/h3>\n\n\n\n<p><strong>Esther Garc\u00eda Torres<\/strong>, Escuela Naval de Cadetes Almirante Padilla<\/p>\n\n\n\n<figure class=\"wp-block-embed-youtube aligncenter wp-block-embed is-type-video is-provider-youtube wp-embed-aspect-16-9 wp-has-aspect-ratio\"><div class=\"wp-block-embed__wrapper\">\n<iframe loading=\"lazy\" title=\"EIEI ACOFI 2021 - Conferencia: Ejercicio de la ingenier\u00eda electr\u00f3nica en la Armada Nacional\" width=\"770\" height=\"433\" src=\"https:\/\/www.youtube.com\/embed\/RaElUdtecS0?feature=oembed\" frameborder=\"0\" allow=\"accelerometer; autoplay; clipboard-write; encrypted-media; gyroscope; picture-in-picture\" allowfullscreen><\/iframe>\n<\/div><\/figure>\n\n\n\n<h3 class=\"has-text-color\" style=\"color:#fbb040\">Jornada acad\u00e9mica: Significado de la acreditaci\u00f3n ABET para programas de ingenier\u00eda en Colombia<\/h3>\n\n\n\n<p><strong>Humberto G\u00f3mez Veg<\/strong>a, ABET \u2013 Universidad del Norte, EE.UU. \u2013 Colombia<br><strong>M\u00f3nica Ospino<\/strong>, Universidad de Cartagena, Colombia<br><strong>Lope Hugo Barrero<\/strong>, Pontificia Universidad Javeriana, Colombia<\/p>\n\n\n\n<figure class=\"wp-block-embed-youtube aligncenter wp-block-embed is-type-video is-provider-youtube wp-embed-aspect-16-9 wp-has-aspect-ratio\"><div class=\"wp-block-embed__wrapper\">\n<iframe loading=\"lazy\" title=\"D\u00eda 2 - Encuentro Internacional de Educaci\u00f3n en Ingenieria EIEI 2021 &quot;Mujeres en Ingenieria&quot;\" width=\"770\" height=\"433\" src=\"https:\/\/www.youtube.com\/embed\/masPEldxF4k?start=605&#038;feature=oembed\" frameborder=\"0\" allow=\"accelerometer; autoplay; clipboard-write; encrypted-media; gyroscope; picture-in-picture\" allowfullscreen><\/iframe>\n<\/div><\/figure>\n\n\n\n<h3 class=\"has-text-color\" style=\"color:#fbb040\">Conferencia: Soluciones did\u00e1cticas alemanas para Ingenier\u00eda y su potencial para empoderar a futuras generaciones<\/h3>\n\n\n\n<p><strong>Alexandra Jaimes<\/strong>, Lucas-Nuelle, Alemania<\/p>\n\n\n\n<figure class=\"wp-block-embed-youtube aligncenter wp-block-embed is-type-video is-provider-youtube wp-embed-aspect-16-9 wp-has-aspect-ratio\"><div class=\"wp-block-embed__wrapper\">\n<iframe loading=\"lazy\" title=\"EIEI ACOFI 2021 - Conferencia: Soluciones did\u00e1cticas alemanas para ingenier\u00eda\" width=\"770\" height=\"433\" src=\"https:\/\/www.youtube.com\/embed\/bTzr8bahGvg?feature=oembed\" frameborder=\"0\" allow=\"accelerometer; autoplay; clipboard-write; encrypted-media; gyroscope; picture-in-picture\" allowfullscreen><\/iframe>\n<\/div><\/figure>\n\n\n\n<h3 class=\"has-text-color\" style=\"color:#fbb040\">Conferencia: Ecosistema de inteligencia de negocios y anal\u00edtica para las IES<\/h3>\n\n\n\n<p><strong>David Agudelo<\/strong>, Universidad Cat\u00f3lica de Manizales, Colombia<\/p>\n\n\n\n<figure class=\"wp-block-embed-youtube aligncenter wp-block-embed is-type-video is-provider-youtube wp-embed-aspect-16-9 wp-has-aspect-ratio\"><div class=\"wp-block-embed__wrapper\">\n<iframe loading=\"lazy\" title=\"D\u00eda 2 - Encuentro Internacional de Educaci\u00f3n en Ingenieria EIEI 2021 &quot;Mujeres en Ingenieria&quot;\" width=\"770\" height=\"433\" src=\"https:\/\/www.youtube.com\/embed\/masPEldxF4k?start=10542&#038;feature=oembed\" frameborder=\"0\" allow=\"accelerometer; autoplay; clipboard-write; encrypted-media; gyroscope; picture-in-picture\" allowfullscreen><\/iframe>\n<\/div><\/figure>\n\n\n\n<h3 class=\"has-text-color\" style=\"color:#fbb040\">Taller: Liderazgo educativo con metodolog\u00eda Open Space<\/h3>\n\n\n\n<div class=\"wp-block-file\"><a href=\"https:\/\/www.acofi.edu.co\/eiei2021\/wp-content\/uploads\/2021\/09\/Doris-Hernandez-Dukova-Taller-Liderazgo-Educativo-con-Metodologia-Open-Space.pdf\"><strong>Doris Hern\u00e1ndez Dukova<\/strong>, Escuela Tecnol\u00f3gica Instituto T\u00e9cnico Central, Colombia <\/a><a href=\"https:\/\/www.acofi.edu.co\/eiei2021\/wp-content\/uploads\/2021\/09\/Doris-Hernandez-Dukova-Taller-Liderazgo-Educativo-con-Metodologia-Open-Space.pdf\" class=\"wp-block-file__button\" download><strong>Descarga<\/strong><\/a><\/div>\n\n\n\n<h3 class=\"has-text-color\" style=\"color:#fbb040\">Panel: La ciberseguridad\u2026 compromiso de todos<\/h3>\n\n\n\n<p><strong>An\u00edbal Maury,<\/strong> Universidad El Bosque, Colombia<br><strong>Carlos Castillo<\/strong>, Universidad El Bosque, Colombia<\/p>\n\n\n\n<figure class=\"wp-block-embed-youtube aligncenter wp-block-embed is-type-video is-provider-youtube wp-embed-aspect-16-9 wp-has-aspect-ratio\"><div class=\"wp-block-embed__wrapper\">\n<iframe loading=\"lazy\" title=\"D\u00eda 2 - Encuentro Internacional de Educaci\u00f3n en Ingenieria EIEI 2021 &quot;Mujeres en Ingenieria&quot;\" width=\"770\" height=\"433\" src=\"https:\/\/www.youtube.com\/embed\/masPEldxF4k?start=14488&#038;feature=oembed\" frameborder=\"0\" allow=\"accelerometer; autoplay; clipboard-write; encrypted-media; gyroscope; picture-in-picture\" allowfullscreen><\/iframe>\n<\/div><\/figure>\n\n\n\n<h3 class=\"has-text-color\" style=\"color:#fbb040\">Workshop: Adapting engineering design courses to community engagement<\/h3>\n\n\n\n<p><strong>Jorge Mart\u00ednez<\/strong>, Purdue University, Estados Unidos<\/p>\n\n\n\n<figure class=\"wp-block-embed-youtube aligncenter wp-block-embed is-type-video is-provider-youtube wp-embed-aspect-16-9 wp-has-aspect-ratio\"><div class=\"wp-block-embed__wrapper\">\n<iframe loading=\"lazy\" title=\"D\u00eda 2 - Encuentro Internacional de Educaci\u00f3n en Ingenieria EIEI 2021 &quot;Mujeres en Ingenieria&quot;\" width=\"770\" height=\"433\" src=\"https:\/\/www.youtube.com\/embed\/masPEldxF4k?start=25475&#038;feature=oembed\" frameborder=\"0\" allow=\"accelerometer; autoplay; clipboard-write; encrypted-media; gyroscope; picture-in-picture\" allowfullscreen><\/iframe>\n<\/div><\/figure>\n\n\n\n<h3 class=\"has-text-color\" style=\"color:#fbb040\">Taller: Reconocemos a las mujeres en ingenier\u00eda<\/h3>\n\n\n\n<p><strong>Mar\u00eda Paula Vega<\/strong>; <strong>Roberto Giordano Lerena<\/strong>, Universidad Fasta, Argentina<\/p>\n\n\n\n<figure class=\"wp-block-embed-youtube aligncenter wp-block-embed is-type-video is-provider-youtube wp-embed-aspect-16-9 wp-has-aspect-ratio\"><div class=\"wp-block-embed__wrapper\">\n<iframe loading=\"lazy\" title=\"EIEI ACOFI 201 - Taller: Reconocemos a las mujeres en ingenier\u00eda\" width=\"770\" height=\"433\" src=\"https:\/\/www.youtube.com\/embed\/KywoX9pzONE?feature=oembed\" frameborder=\"0\" allow=\"accelerometer; autoplay; clipboard-write; encrypted-media; gyroscope; picture-in-picture\" allowfullscreen><\/iframe>\n<\/div><\/figure>\n\n\n\n<h3 class=\"has-text-color\" style=\"color:#fbb040\">Conferencia: Ense\u00f1ando inteligencia artificial en ingenier\u00edas<\/h3>\n\n\n\n<p><strong>Mar\u00eda Gavil\u00e1n Alfonso<\/strong>; <strong>Gaby Arellano Bello<\/strong>, MathWorks, Estados Unidos<\/p>\n\n\n\n<figure class=\"wp-block-embed-youtube aligncenter wp-block-embed is-type-video is-provider-youtube wp-embed-aspect-16-9 wp-has-aspect-ratio\"><div class=\"wp-block-embed__wrapper\">\n<iframe loading=\"lazy\" title=\"EIEI ACOFI 2021 - Conferencia: Ense\u00f1ando inteligencia artificial en ingenier\u00edas\" width=\"770\" height=\"433\" src=\"https:\/\/www.youtube.com\/embed\/SRW-po6QGC0?feature=oembed\" frameborder=\"0\" allow=\"accelerometer; autoplay; clipboard-write; encrypted-media; gyroscope; picture-in-picture\" allowfullscreen><\/iframe>\n<\/div><\/figure>\n\n\n\n<h3 class=\"has-text-color\" style=\"color:#fbb040\">Panel: Educaci\u00f3n en Ingenier\u00edas: El futuro es ahora<\/h3>\n\n\n\n<p><strong>Roberto Carlos Hincapi\u00e9 Reyes<\/strong>, ACOFI, Colombia<br><strong>Kevin Huggins<\/strong>, Harrisburg University of Science and Technology, EE.UU. \u2013 Panam\u00e1<br><strong>Rita Cristina Jaramillo<\/strong>, CIDARE, Colombia<\/p>\n\n\n\n<figure class=\"wp-block-embed-youtube aligncenter wp-block-embed is-type-video is-provider-youtube wp-embed-aspect-16-9 wp-has-aspect-ratio\"><div class=\"wp-block-embed__wrapper\">\n<iframe loading=\"lazy\" title=\"D\u00eda 2 - Encuentro Internacional de Educaci\u00f3n en Ingenieria EIEI 2021 &quot;Mujeres en Ingenieria&quot;\" width=\"770\" height=\"433\" src=\"https:\/\/www.youtube.com\/embed\/masPEldxF4k?start=34701&#038;feature=oembed\" frameborder=\"0\" allow=\"accelerometer; autoplay; clipboard-write; encrypted-media; gyroscope; picture-in-picture\" allowfullscreen><\/iframe>\n<\/div><\/figure>\n\n\n\n<h3 class=\"has-text-color\" style=\"color:#fbb040\">Conferencia: Women in STEM a global business imperative and opportunity<\/h3>\n\n\n\n<div class=\"wp-block-file\"><a href=\"https:\/\/www.acofi.edu.co\/eiei2021\/wp-content\/uploads\/2021\/09\/Bilita-Mattes-Women-in-stem-a-global-business-imperative-and-opportunity.pdf\"><strong>Bilita Mattes<\/strong>, Harrisburg University of Science and Technology, Estados Unidos<\/a><a href=\"https:\/\/www.acofi.edu.co\/eiei2021\/wp-content\/uploads\/2021\/09\/Bilita-Mattes-Women-in-stem-a-global-business-imperative-and-opportunity.pdf\" class=\"wp-block-file__button\" download><strong>Descarga<\/strong><\/a><\/div>\n\n\n\n<figure class=\"wp-block-embed-youtube aligncenter wp-block-embed is-type-video is-provider-youtube wp-embed-aspect-16-9 wp-has-aspect-ratio\"><div class=\"wp-block-embed__wrapper\">\n<iframe loading=\"lazy\" title=\"D\u00eda 3 - Encuentro Internacional de Educaci\u00f3n en Ingenieria EIEI 2021 &quot;Mujeres en Ingenieria&quot;\" width=\"770\" height=\"433\" src=\"https:\/\/www.youtube.com\/embed\/lJdqrgHQWpE?start=103&#038;feature=oembed\" frameborder=\"0\" allow=\"accelerometer; autoplay; clipboard-write; encrypted-media; gyroscope; picture-in-picture\" allowfullscreen><\/iframe>\n<\/div><\/figure>\n\n\n\n<h3 class=\"has-text-color\" style=\"color:#fbb040\">Conversatorio: Mujeres en ingenier\u00eda: una visi\u00f3n desde el ejercicio profesional<\/h3>\n\n\n\n<p><strong>Rub\u00e9n Dar\u00edo Ochoa Arbel\u00e1ez<\/strong>, Consejo Profesional Nacional de Ingenier\u00eda, Colombia<br><strong>David Mart\u00ednez Consuegra<\/strong>, Consejo Profesional de Ingenier\u00eda Qu\u00edmica, Colombia<br><strong>Andrea Rend\u00f3n Llano<\/strong>, Grupo ISA, Colombia<\/p>\n\n\n\n<figure class=\"wp-block-embed-youtube aligncenter wp-block-embed is-type-video is-provider-youtube wp-embed-aspect-16-9 wp-has-aspect-ratio\"><div class=\"wp-block-embed__wrapper\">\n<iframe loading=\"lazy\" title=\"D\u00eda 3 - Encuentro Internacional de Educaci\u00f3n en Ingenieria EIEI 2021 &quot;Mujeres en Ingenieria&quot;\" width=\"770\" height=\"433\" src=\"https:\/\/www.youtube.com\/embed\/lJdqrgHQWpE?start=3807&#038;feature=oembed\" frameborder=\"0\" allow=\"accelerometer; autoplay; clipboard-write; encrypted-media; gyroscope; picture-in-picture\" allowfullscreen><\/iframe>\n<\/div><\/figure>\n\n\n\n<h3 class=\"has-text-color\" style=\"color:#fbb040\">Conversatorio: M\u00fasica e ingenier\u00eda<\/h3>\n\n\n\n<p><strong>Luis Alfonso Forero<\/strong>, Colombia<br><strong>Fabio Castrill\u00f3n<\/strong>, Universidad Pontificia Bolivariana, Colombia<\/p>\n\n\n\n<figure class=\"wp-block-embed-youtube aligncenter wp-block-embed is-type-video is-provider-youtube wp-embed-aspect-16-9 wp-has-aspect-ratio\"><div class=\"wp-block-embed__wrapper\">\n<iframe loading=\"lazy\" title=\"D\u00eda 3 - Encuentro Internacional de Educaci\u00f3n en Ingenieria EIEI 2021 &quot;Mujeres en Ingenieria&quot;\" width=\"770\" height=\"433\" src=\"https:\/\/www.youtube.com\/embed\/lJdqrgHQWpE?start=11119&#038;feature=oembed\" frameborder=\"0\" allow=\"accelerometer; autoplay; clipboard-write; encrypted-media; gyroscope; picture-in-picture\" allowfullscreen><\/iframe>\n<\/div><\/figure>\n\n\n\n<h3 class=\"has-text-color\" style=\"color:#fbb040\">Sesi\u00f3n de conclusiones: Mujeres en las facultades de ingenier\u00eda en Colombia<\/h3>\n\n\n\n<p><strong>Mar\u00eda Alejandra Guzm\u00e1n Pardo<\/strong>, Universidad Nacional de Colombia, Colombia<\/p>\n\n\n\n<figure class=\"wp-block-embed-youtube aligncenter wp-block-embed is-type-video is-provider-youtube wp-embed-aspect-16-9 wp-has-aspect-ratio\"><div class=\"wp-block-embed__wrapper\">\n<iframe loading=\"lazy\" title=\"D\u00eda 3 - Encuentro Internacional de Educaci\u00f3n en Ingenieria EIEI 2021 &quot;Mujeres en Ingenieria&quot;\" width=\"770\" height=\"433\" src=\"https:\/\/www.youtube.com\/embed\/lJdqrgHQWpE?start=14314&#038;feature=oembed\" frameborder=\"0\" allow=\"accelerometer; autoplay; clipboard-write; encrypted-media; gyroscope; picture-in-picture\" allowfullscreen><\/iframe>\n<\/div><\/figure>\n\n\n\n<h3 class=\"has-text-color\" style=\"color:#fbb040\">Clausura EIEI ACOFI 2021<\/h3>\n\n\n\n<p><strong>Mar\u00eda Fernanda Rojas<\/strong>, Presidenta Concejo de Bogot\u00e1, Colombia<br><strong>Roberto Carlos Hincapi\u00e9 Reyes<\/strong>, ACOFI, Colombia<br><strong>\u00d3scar Pascal<\/strong>, CONFEDI, Argentina<\/p>\n\n\n\n<figure class=\"wp-block-embed-youtube aligncenter wp-block-embed is-type-video is-provider-youtube wp-embed-aspect-16-9 wp-has-aspect-ratio\"><div class=\"wp-block-embed__wrapper\">\n<iframe loading=\"lazy\" title=\"D\u00eda 3 - Encuentro Internacional de Educaci\u00f3n en Ingenieria EIEI 2021 &quot;Mujeres en Ingenieria&quot;\" width=\"770\" height=\"433\" src=\"https:\/\/www.youtube.com\/embed\/lJdqrgHQWpE?start=15120&#038;feature=oembed\" frameborder=\"0\" allow=\"accelerometer; autoplay; clipboard-write; encrypted-media; gyroscope; picture-in-picture\" allowfullscreen><\/iframe>\n<\/div><\/figure>\n","protected":false},"excerpt":{"rendered":"<p>Taller: Reflexiones y propuestas de Mujeres en Ingenier\u00eda de Colombia Liliana Rathmann, Universidad Atl\u00e1ntida Argentina, CONFEDI, ArgentinaMar\u00eda Teresa Garibay, C\u00e1tedra Abierta Latinoamericana Matilda, CONFEDI, Argentina Taller: Metacognici\u00f3n y evaluaci\u00f3n en ambientes virtuales de aprendizaje Instalaci\u00f3n Roberto Carlos Hincapi\u00e9 Reyes, ACOFI, ColombiaM\u00f3nica Mar\u00eda Ruiz Arbel\u00e1ez, Empresas P\u00fablicas de Medell\u00edn, ColombiaYeimy Patricia B\u00e1ez Moreno, Ecopetrol, Colombia Conferencia: [&hellip;]<\/p>\n","protected":false},"author":1,"featured_media":0,"parent":10,"menu_order":0,"comment_status":"closed","ping_status":"closed","template":"","meta":[],"_links":{"self":[{"href":"https:\/\/www.acofi.edu.co\/eiei2021\/wp-json\/wp\/v2\/pages\/16"}],"collection":[{"href":"https:\/\/www.acofi.edu.co\/eiei2021\/wp-json\/wp\/v2\/pages"}],"about":[{"href":"https:\/\/www.acofi.edu.co\/eiei2021\/wp-json\/wp\/v2\/types\/page"}],"author":[{"embeddable":true,"href":"https:\/\/www.acofi.edu.co\/eiei2021\/wp-json\/wp\/v2\/users\/1"}],"replies":[{"embeddable":true,"href":"https:\/\/www.acofi.edu.co\/eiei2021\/wp-json\/wp\/v2\/comments?post=16"}],"version-history":[{"count":45,"href":"https:\/\/www.acofi.edu.co\/eiei2021\/wp-json\/wp\/v2\/pages\/16\/revisions"}],"predecessor-version":[{"id":942,"href":"https:\/\/www.acofi.edu.co\/eiei2021\/wp-json\/wp\/v2\/pages\/16\/revisions\/942"}],"up":[{"embeddable":true,"href":"https:\/\/www.acofi.edu.co\/eiei2021\/wp-json\/wp\/v2\/pages\/10"}],"wp:attachment":[{"href":"https:\/\/www.acofi.edu.co\/eiei2021\/wp-json\/wp\/v2\/media?parent=16"}],"curies":[{"name":"wp","href":"https:\/\/api.w.org\/{rel}","templated":true}]}}