{"id":12,"date":"2020-12-01T18:44:50","date_gmt":"2020-12-01T18:44:50","guid":{"rendered":"http:\/\/www.acofi.edu.co\/eiei2021\/?page_id=12"},"modified":"2021-05-14T13:42:47","modified_gmt":"2021-05-14T13:42:47","slug":"categorias-de-participacion","status":"publish","type":"page","link":"https:\/\/www.acofi.edu.co\/eiei2021\/informacion-academica\/categorias-de-participacion\/","title":{"rendered":"Categor\u00edas de Participaci\u00f3n"},"content":{"rendered":"\n<h2><strong><a href=\"https:\/\/www.acofi.edu.co\/eiei2021\/informacion-academica\/categorias-de-participacion\/ensenanza\/\">Trabajos sobre ense\u00f1anza de la ingenier\u00eda<\/a><\/strong><\/h2>\n\n\n\n<h2><strong><a href=\"https:\/\/www.acofi.edu.co\/eiei2021\/informacion-academica\/categorias-de-participacion\/buenas-practicas\/\">Buenas pr\u00e1cticas sobre la participaci\u00f3n de mujeres en ingenier\u00eda<\/a><\/strong><\/h2>\n\n\n\n<h2><strong><a href=\"https:\/\/www.acofi.edu.co\/eiei2021\/informacion-academica\/categorias-de-participacion\/avances\/\">Avances en investigaci\u00f3n<\/a><\/strong><\/h2>\n\n\n\n<h2><strong><a href=\"https:\/\/www.acofi.edu.co\/eiei2021\/informacion-academica\/categorias-de-participacion\/enedi\/\">Encuentro Nacional de Estudiantes de Doctorado<\/a><\/strong><\/h2>\n\n\n\n<h2><strong><a href=\"https:\/\/www.acofi.edu.co\/eiei2021\/informacion-academica\/foro-de-estudiantes\/\">Foro de estudiantes de ingenier\u00eda (FCEI)<\/a><\/strong><\/h2>\n\n\n\n<div class=\"is-layout-flex wp-block-buttons aligncenter\">\n<div class=\"wp-block-button is-style-fill\"><a class=\"wp-block-button__link has-black-color has-luminous-vivid-amber-background-color has-text-color has-background\" href=\"https:\/\/www.acofi.edu.co\/eiei2021\/informacion-academica\/instrucciones-fase-2\/\" style=\"border-radius:12px\"><strong>Instrucciones Fase 2<\/strong><\/a><\/div>\n<\/div>\n\n\n\n<p><\/p>\n\n\n\n<iframe loading=\"lazy\" src=\"https:\/\/cdn.flipsnack.com\/widget\/v2\/widget.html?hash=cf0b388hp8\" width=\"720\" height=\"480\" seamless=\"seamless\" scrolling=\"no\" frameBorder=\"0\" allowFullScreen><\/iframe>\n","protected":false},"excerpt":{"rendered":"<p>Trabajos sobre ense\u00f1anza de la ingenier\u00eda Buenas pr\u00e1cticas sobre la participaci\u00f3n de mujeres en ingenier\u00eda Avances en investigaci\u00f3n Encuentro Nacional de Estudiantes de Doctorado Foro de estudiantes de ingenier\u00eda (FCEI)<\/p>\n","protected":false},"author":1,"featured_media":0,"parent":10,"menu_order":0,"comment_status":"closed","ping_status":"closed","template":"","meta":[],"_links":{"self":[{"href":"https:\/\/www.acofi.edu.co\/eiei2021\/wp-json\/wp\/v2\/pages\/12"}],"collection":[{"href":"https:\/\/www.acofi.edu.co\/eiei2021\/wp-json\/wp\/v2\/pages"}],"about":[{"href":"https:\/\/www.acofi.edu.co\/eiei2021\/wp-json\/wp\/v2\/types\/page"}],"author":[{"embeddable":true,"href":"https:\/\/www.acofi.edu.co\/eiei2021\/wp-json\/wp\/v2\/users\/1"}],"replies":[{"embeddable":true,"href":"https:\/\/www.acofi.edu.co\/eiei2021\/wp-json\/wp\/v2\/comments?post=12"}],"version-history":[{"count":18,"href":"https:\/\/www.acofi.edu.co\/eiei2021\/wp-json\/wp\/v2\/pages\/12\/revisions"}],"predecessor-version":[{"id":418,"href":"https:\/\/www.acofi.edu.co\/eiei2021\/wp-json\/wp\/v2\/pages\/12\/revisions\/418"}],"up":[{"embeddable":true,"href":"https:\/\/www.acofi.edu.co\/eiei2021\/wp-json\/wp\/v2\/pages\/10"}],"wp:attachment":[{"href":"https:\/\/www.acofi.edu.co\/eiei2021\/wp-json\/wp\/v2\/media?parent=12"}],"curies":[{"name":"wp","href":"https:\/\/api.w.org\/{rel}","templated":true}]}}