{"id":118,"date":"2020-12-11T16:40:09","date_gmt":"2020-12-11T16:40:09","guid":{"rendered":"http:\/\/www.acofi.edu.co\/eiei2021\/?page_id=118"},"modified":"2021-09-17T19:41:07","modified_gmt":"2021-09-17T19:41:07","slug":"avances","status":"publish","type":"page","link":"https:\/\/www.acofi.edu.co\/eiei2021\/informacion-academica\/categorias-de-participacion\/avances\/","title":{"rendered":"Avances en investigaci\u00f3n"},"content":{"rendered":"\n<p class=\"has-drop-cap\">En el marco del EIEI ACOFI 2021 se abordar\u00e1n los siguientes temas de inter\u00e9s sobre ingenier\u00eda, en los que se reflexionar\u00e1 y expondr\u00e1n experiencias de las instituciones de educaci\u00f3n superior y de la empresa, para destacar el desarrollo cient\u00edfico tecnol\u00f3gico y su impacto social:<\/p>\n\n\n\n<figure class=\"wp-block-table is-style-stripes\"><table class=\"has-subtle-pale-pink-background-color has-background\"><tbody><tr><td><strong>Agua potable y saneamiento b\u00e1sico<\/strong><\/td><td>Soluciones y propuestas de ingenier\u00eda que garanticen: El correcto acceso y uso del recurso h\u00eddrico La eliminaci\u00f3n adecuada de residuos y aguas residuales.<\/td><\/tr><tr><td><strong>Ingenier\u00eda para la salud<\/strong><\/td><td>Aportes de ingenier\u00eda que contribuyan al mejoramiento de la calidad de vida a trav\u00e9s de la salud.<\/td><\/tr><tr><td><strong>Eficiencia energ\u00e9tica<\/strong><\/td><td>Soluciones de ingenier\u00eda para la generaci\u00f3n y apropiaci\u00f3n de tecnolog\u00edas y h\u00e1bitos de consumo, que optimicen el manejo y uso de los diferentes tipos de energ\u00eda.<\/td><\/tr><tr><td><strong>Movilidad vial<\/strong><\/td><td>Aportes de ingenier\u00eda encaminados al mejoramiento del tr\u00e1nsito, la seguridad y la gesti\u00f3n vial, como aporte a la productividad, competitividad y calidad de vida<\/td><\/tr><\/tbody><\/table><\/figure>\n\n\n\n<h3 class=\"has-text-color\" style=\"color:#ef4136\">Metodolog\u00eda<\/h3>\n\n\n\n<p class=\"has-drop-cap\">Los trabajos ser\u00e1n expuestos <strong>en forma oral y en p\u00f3ster<\/strong>. Los trabajos seleccionados se expondr\u00e1n en una jornada acad\u00e9mica el 21 de septiembre y se exhibir\u00e1n como p\u00f3steres los d\u00edas 22, 23 y 24 de septiembre.<\/p>\n\n\n\n<h3 class=\"has-text-color\" style=\"color:#ef4136\">C\u00f3mo enviar su resumen<\/h3>\n\n\n\n<div class=\"wp-block-file\"><a href=\"http:\/\/www.acofi.edu.co\/eiei2021\/wp-content\/uploads\/2020\/12\/Instructivo-para-subir-su-resumen-2021.pdf\" class=\"wp-block-file__button\" download>Descarga el instructivo para subir su resumen<\/a><\/div>\n\n\n\n<p>Los criterios de evaluaci\u00f3n son los siguientes:<\/p>\n\n\n\n<ul id=\"block-e510af43-5019-4d91-a9b7-201650dfd034\"><li>Correspondencia con una investigaci\u00f3n.<\/li><li>Componente de innovaci\u00f3n.<\/li><li>Capacidad de implementaci\u00f3n, planeaci\u00f3n y alcance.<\/li><li>Coherencia con uno de los aspectos propuestos.<\/li><li>Contenido relevante.<br><br>Los trabajos seleccionados deber\u00e1n anexar el dise\u00f1o de un p\u00f3ster que cumpla con los par\u00e1metros de coherencia, factibilidad y posibilidad de implementaci\u00f3n, adem\u00e1s de unas especificaciones preestablecidas que se dar\u00e1n a conocer oportunamente.<\/li><\/ul>\n\n\n\n<h3 class=\"has-text-color\" style=\"color:#ef4136\">Dirigida a<\/h3>\n\n\n\n<ul><li>Directivos, profesores, estudiantes y personal administrativo de las facultades, escuelas o programas de ingenier\u00eda que formen parte de investigaciones en cada uno de los aspectos considerados.<\/li><li>Grupos de investigaci\u00f3n de facultades, escuelas o programas de ingenier\u00eda.<\/li><li>Representantes del sector empresarial y del gobierno que est\u00e9n desarrollando investigaciones relacionadas con los aspectos propuestos.<\/li><\/ul>\n\n\n\n<h3 class=\"has-text-color\" style=\"color:#ef4136\">Cronograma de actividades<\/h3>\n\n\n\n<div class=\"wp-block-image\"><figure class=\"aligncenter size-large is-resized\"><img decoding=\"async\" loading=\"lazy\" src=\"https:\/\/www.acofi.edu.co\/eiei2021\/wp-content\/uploads\/2020\/12\/Cronograma-de-actividades-2021-1024x608.png\" alt=\"\" class=\"wp-image-278\" width=\"768\" height=\"456\" srcset=\"https:\/\/www.acofi.edu.co\/eiei2021\/wp-content\/uploads\/2020\/12\/Cronograma-de-actividades-2021-1024x608.png 1024w, https:\/\/www.acofi.edu.co\/eiei2021\/wp-content\/uploads\/2020\/12\/Cronograma-de-actividades-2021-300x178.png 300w, https:\/\/www.acofi.edu.co\/eiei2021\/wp-content\/uploads\/2020\/12\/Cronograma-de-actividades-2021-768x456.png 768w, https:\/\/www.acofi.edu.co\/eiei2021\/wp-content\/uploads\/2020\/12\/Cronograma-de-actividades-2021.png 1167w\" sizes=\"(max-width: 768px) 100vw, 768px\" \/><\/figure><\/div>\n\n\n\n<h2>Jornada Avances en Investigaci\u00f3n<\/h2>\n\n\n\n<p>En esta jornada de socializar\u00e1n los trabajos aprobados de los cuatro temas propuestos en esta categor\u00eda.<br><br>Se realizar\u00e1 el d\u00eda martes  21 de septiembre en las instalaciones de la Fundaci\u00f3n Universitaria Los Libertadores, sede Cartagena, Calle 31 # 19-51, Barrio Pie de la Popa.<br><br>Cada participante deber\u00e1 inscribirse en el formulario que encontrar\u00e1 en la parte inferior. El cupo es limitado.<\/p>\n\n\n\n<h4><strong>Horarios<\/strong><\/h4>\n\n\n\n<figure class=\"wp-block-table is-style-stripes\"><table class=\"has-subtle-pale-pink-background-color has-fixed-layout has-background\"><thead><tr><th>Tema<\/th><th>Horario<\/th><\/tr><\/thead><tbody><tr><td><strong>Agua potable y saneamiento b\u00e1sico<\/strong><\/td><td>14:00 &#8211; 18:00<\/td><\/tr><tr><td><strong>Ingenier\u00eda para la salud<\/strong><\/td><td>09:00 &#8211; 18:00<\/td><\/tr><tr><td><strong>Eficiencia energ\u00e9tica<\/strong><\/td><td>14:00 &#8211; 18:00<\/td><\/tr><tr><td><strong>Movilidad vial<\/strong><\/td><td>14:00 &#8211; 18:00<\/td><\/tr><\/tbody><\/table><\/figure>\n\n\n\n<h4><strong>Ubicaci\u00f3n<\/strong><\/h4>\n\n\n\n<iframe src=\"https:\/\/www.google.com\/maps\/embed?pb=!1m18!1m12!1m3!1d490.5005258521836!2d-75.53449866176844!3d10.42123992071684!2m3!1f0!2f0!3f0!3m2!1i1024!2i768!4f13.1!3m3!1m2!1s0x8ef62f78a7f37069%3A0x56b4c2be400bfdde!2sFundaci%C3%B3n%20Universitaria%20Los%20Libertadores%20Sede%20Cartagena!5e0!3m2!1ses!2sco!4v1629211304186!5m2!1ses!2sco\" width=\"600\" height=\"450\" style=\"border:0;\" allowfullscreen=\"\" loading=\"lazy\"><\/iframe>\n\n\n\n<p><\/p>\n","protected":false},"excerpt":{"rendered":"<p>En el marco del EIEI ACOFI 2021 se abordar\u00e1n los siguientes temas de inter\u00e9s sobre ingenier\u00eda, en los que se reflexionar\u00e1 y expondr\u00e1n experiencias de las instituciones de educaci\u00f3n superior y de la empresa, para destacar el desarrollo cient\u00edfico tecnol\u00f3gico y su impacto social: Agua potable y saneamiento b\u00e1sico Soluciones y propuestas de ingenier\u00eda que [&hellip;]<\/p>\n","protected":false},"author":1,"featured_media":0,"parent":12,"menu_order":0,"comment_status":"closed","ping_status":"closed","template":"","meta":[],"_links":{"self":[{"href":"https:\/\/www.acofi.edu.co\/eiei2021\/wp-json\/wp\/v2\/pages\/118"}],"collection":[{"href":"https:\/\/www.acofi.edu.co\/eiei2021\/wp-json\/wp\/v2\/pages"}],"about":[{"href":"https:\/\/www.acofi.edu.co\/eiei2021\/wp-json\/wp\/v2\/types\/page"}],"author":[{"embeddable":true,"href":"https:\/\/www.acofi.edu.co\/eiei2021\/wp-json\/wp\/v2\/users\/1"}],"replies":[{"embeddable":true,"href":"https:\/\/www.acofi.edu.co\/eiei2021\/wp-json\/wp\/v2\/comments?post=118"}],"version-history":[{"count":36,"href":"https:\/\/www.acofi.edu.co\/eiei2021\/wp-json\/wp\/v2\/pages\/118\/revisions"}],"predecessor-version":[{"id":868,"href":"https:\/\/www.acofi.edu.co\/eiei2021\/wp-json\/wp\/v2\/pages\/118\/revisions\/868"}],"up":[{"embeddable":true,"href":"https:\/\/www.acofi.edu.co\/eiei2021\/wp-json\/wp\/v2\/pages\/12"}],"wp:attachment":[{"href":"https:\/\/www.acofi.edu.co\/eiei2021\/wp-json\/wp\/v2\/media?parent=118"}],"curies":[{"name":"wp","href":"https:\/\/api.w.org\/{rel}","templated":true}]}}