{"id":116,"date":"2020-12-11T16:39:14","date_gmt":"2020-12-11T16:39:14","guid":{"rendered":"http:\/\/www.acofi.edu.co\/eiei2021\/?page_id=116"},"modified":"2020-12-14T18:05:26","modified_gmt":"2020-12-14T18:05:26","slug":"buenas-practicas","status":"publish","type":"page","link":"https:\/\/www.acofi.edu.co\/eiei2021\/informacion-academica\/categorias-de-participacion\/buenas-practicas\/","title":{"rendered":"Buenas pr\u00e1cticas sobre la participaci\u00f3n de mujeres en ingenier\u00eda"},"content":{"rendered":"\n<p class=\"has-drop-cap\">La participaci\u00f3n de la mujer en ingenier\u00eda constituye un gran reto. En este sentido, el Foro Econ\u00f3mico Mundial expresa:<\/p>\n\n\n\n<pre class=\"wp-block-verse\"><em>Las mujeres est\u00e1n infrarrepresentadas en la ingenier\u00eda, pero son necesarias para desarrollar soluciones inclusivas.\nContar con m\u00e1s mujeres ingenieras significar\u00eda tener m\u00e1s modelos para las generaciones futuras.<\/em><\/pre>\n\n\n\n<p>En los \u00faltimos a\u00f1os, las instituciones de educaci\u00f3n superior, espec\u00edficamente a trav\u00e9s de las facultades, escuelas y programas de ingenier\u00eda han promovido esfuerzos para incentivar una mayor participaci\u00f3n de la mujer, partiendo de las reflexiones y los an\u00e1lisis sobre las limitaciones que han tenido y las oportunidades que se pueden generar para lograr un adecuado equilibrio y reducir las brechas de inequidad.<\/p>\n\n\n\n<h3 class=\"has-text-color\" style=\"color:#ef4136\">Objetivo<\/h3>\n\n\n\n<p class=\"has-drop-cap\">Socializar experiencias e iniciativas de las facultades, escuelas, programas de ingenier\u00eda, industria, gobiernos y organizaciones en general que promuevan la participaci\u00f3n de la mujer en ingenier\u00eda.<\/p>\n\n\n\n<h3 class=\"has-text-color\" style=\"color:#ef4136\">Metodolog\u00eda<\/h3>\n\n\n\n<p class=\"has-drop-cap\">Los trabajos ser\u00e1n expuestos&nbsp;<strong>en forma oral y en p\u00f3ster<\/strong>. Los trabajos seleccionados se expondr\u00e1n de forma oral en una jornada acad\u00e9mica el d\u00eda 21 de septiembre. La exhibici\u00f3n como p\u00f3steres ser\u00e1 los d\u00edas 22, 23 y 24 de septiembre y se realizar\u00e1 un panel sobre el tema el jueves 23 de septiembre.<\/p>\n\n\n\n<h3 class=\"has-text-color\" style=\"color:#ef4136\">C\u00f3mo enviar su resumen<\/h3>\n\n\n\n<div class=\"wp-block-file\"><a href=\"http:\/\/www.acofi.edu.co\/eiei2021\/wp-content\/uploads\/2020\/12\/Instructivo-para-subir-su-resumen-2021.pdf\" class=\"wp-block-file__button\" download>Descarga el instructivo para subir su resumen<\/a><\/div>\n\n\n\n<p class=\"has-drop-cap\">Los trabajos seleccionados deber\u00e1n anexar el dise\u00f1o de un p\u00f3ster que contenga los aspectos m\u00e1s relevantes de la experiencia.<br><br>Esta propuesta se orienta a lograr una mejor interacci\u00f3n y contar con elementos pr\u00e1cticos para la jornada de presentaci\u00f3n de las experiencias.<\/p>\n\n\n\n<h3 class=\"has-text-color\" style=\"color:#ef4136\">Dirigida a<\/h3>\n\n\n\n<ul><li>Grupos de investigaci\u00f3n de facultades, escuelas o programas de ingenier\u00eda.<\/li><li>Grupos de trabajo alrededor del trabajo de mujeres en ingenier\u00eda.<\/li><li>Directivos, profesores, estudiantes y personal administrativo de las facultades, escuelas o programas de ingenier\u00eda.<\/li><\/ul>\n\n\n\n<h3 class=\"has-text-color\" style=\"color:#ef4136\">Cronograma de actividades<\/h3>\n\n\n\n<div class=\"wp-block-image is-style-default\"><figure class=\"aligncenter size-large is-resized\"><img decoding=\"async\" loading=\"lazy\" src=\"http:\/\/www.acofi.edu.co\/eiei2021\/wp-content\/uploads\/2020\/12\/Cronograma-de-actividades-2021-1024x608.png\" alt=\"\" class=\"wp-image-278\" width=\"768\" height=\"456\" srcset=\"https:\/\/www.acofi.edu.co\/eiei2021\/wp-content\/uploads\/2020\/12\/Cronograma-de-actividades-2021-1024x608.png 1024w, https:\/\/www.acofi.edu.co\/eiei2021\/wp-content\/uploads\/2020\/12\/Cronograma-de-actividades-2021-300x178.png 300w, https:\/\/www.acofi.edu.co\/eiei2021\/wp-content\/uploads\/2020\/12\/Cronograma-de-actividades-2021-768x456.png 768w, https:\/\/www.acofi.edu.co\/eiei2021\/wp-content\/uploads\/2020\/12\/Cronograma-de-actividades-2021.png 1167w\" sizes=\"(max-width: 768px) 100vw, 768px\" \/><\/figure><\/div>\n","protected":false},"excerpt":{"rendered":"<p>La participaci\u00f3n de la mujer en ingenier\u00eda constituye un gran reto. En este sentido, el Foro Econ\u00f3mico Mundial expresa: Las mujeres est\u00e1n infrarrepresentadas en la ingenier\u00eda, pero son necesarias para desarrollar soluciones inclusivas. Contar con m\u00e1s mujeres ingenieras significar\u00eda tener m\u00e1s modelos para las generaciones futuras. En los \u00faltimos a\u00f1os, las instituciones de educaci\u00f3n superior, [&hellip;]<\/p>\n","protected":false},"author":1,"featured_media":0,"parent":12,"menu_order":0,"comment_status":"closed","ping_status":"closed","template":"","meta":[],"_links":{"self":[{"href":"https:\/\/www.acofi.edu.co\/eiei2021\/wp-json\/wp\/v2\/pages\/116"}],"collection":[{"href":"https:\/\/www.acofi.edu.co\/eiei2021\/wp-json\/wp\/v2\/pages"}],"about":[{"href":"https:\/\/www.acofi.edu.co\/eiei2021\/wp-json\/wp\/v2\/types\/page"}],"author":[{"embeddable":true,"href":"https:\/\/www.acofi.edu.co\/eiei2021\/wp-json\/wp\/v2\/users\/1"}],"replies":[{"embeddable":true,"href":"https:\/\/www.acofi.edu.co\/eiei2021\/wp-json\/wp\/v2\/comments?post=116"}],"version-history":[{"count":15,"href":"https:\/\/www.acofi.edu.co\/eiei2021\/wp-json\/wp\/v2\/pages\/116\/revisions"}],"predecessor-version":[{"id":284,"href":"https:\/\/www.acofi.edu.co\/eiei2021\/wp-json\/wp\/v2\/pages\/116\/revisions\/284"}],"up":[{"embeddable":true,"href":"https:\/\/www.acofi.edu.co\/eiei2021\/wp-json\/wp\/v2\/pages\/12"}],"wp:attachment":[{"href":"https:\/\/www.acofi.edu.co\/eiei2021\/wp-json\/wp\/v2\/media?parent=116"}],"curies":[{"name":"wp","href":"https:\/\/api.w.org\/{rel}","templated":true}]}}