{"id":113,"date":"2020-12-11T16:37:13","date_gmt":"2020-12-11T16:37:13","guid":{"rendered":"http:\/\/www.acofi.edu.co\/eiei2021\/?page_id=113"},"modified":"2020-12-14T18:06:36","modified_gmt":"2020-12-14T18:06:36","slug":"ensenanza","status":"publish","type":"page","link":"https:\/\/www.acofi.edu.co\/eiei2021\/informacion-academica\/categorias-de-participacion\/ensenanza\/","title":{"rendered":"Trabajos sobre ense\u00f1anza de la ingenier\u00eda"},"content":{"rendered":"\n<p class=\"has-drop-cap\">Se expondr\u00e1n las experiencias y propuestas de profesores e investigadores en educaci\u00f3n en ingenier\u00eda, por medio de trabajos de aula e investigaciones en los \u00e1mbitos de los siguientes ejes tem\u00e1ticos:<\/p>\n\n\n\n<p><\/p>\n\n\n\n<ul><li>Calidad y acreditaci\u00f3n<\/li><li>Evaluaci\u00f3n de la ense\u00f1anza en el aula<\/li><li>Desarrollo curricular<\/li><li>Procesos de ense\u00f1anza\u2013aprendizaje<\/li><\/ul>\n\n\n\n<h3 class=\"has-text-color\" style=\"color:#ef4136\">Metodolog\u00eda<\/h3>\n\n\n\n<p class=\"has-drop-cap\">Los trabajos ser\u00e1n expuestos <strong>\u00fanicamente en forma oral<\/strong>, en los horarios especificados. De acuerdo con el correspondiente eje tem\u00e1tico, se presentar\u00e1n durante las sesiones paralelas y se concluir\u00e1 con una sesi\u00f3n de preguntas dentro del tiempo disponible.<\/p>\n\n\n\n<h3 class=\"has-text-color\" style=\"color:#ef4136\">C\u00f3mo enviar su resumen<\/h3>\n\n\n\n<div class=\"wp-block-file\"><a href=\"https:\/\/www.acofi.edu.co\/eiei2021\/wp-content\/uploads\/2020\/12\/Instructivo-para-subir-su-resumen-2021.pdf\" class=\"wp-block-file__button\" download>Descarga el instructivo para subir su resumen<\/a><\/div>\n\n\n\n<p>*Se recomienda que este proceso lo realice el autor principal del trabajo, pues quien inicia el proceso es el \u00fanico contacto entre ACOFI y el trabajo a presentar.<\/p>\n\n\n\n<h3 class=\"has-text-color\" style=\"color:#ef4136\">Dirigida a<\/h3>\n\n\n\n<ul><li>Directivos, profesores y personal administrativo de las facultades, escuelas o programas de ingenier\u00eda.<\/li><li>Grupos de investigaci\u00f3n, de trabajo o de extensi\u00f3n de facultades, escuelas o programas de ingenier\u00eda.<\/li><li>Representantes del sector empresarial y del gobierno que hayan desarrollado trabajos relacionados con los ejes tem\u00e1ticos.<\/li><\/ul>\n\n\n\n<h3 class=\"has-text-color\" style=\"color:#ef4136\">Cronograma de actividades<\/h3>\n\n\n\n<div class=\"wp-block-image\"><figure class=\"aligncenter size-large is-resized\"><img decoding=\"async\" loading=\"lazy\" src=\"http:\/\/www.acofi.edu.co\/eiei2021\/wp-content\/uploads\/2020\/12\/Cronograma-de-actividades-2021-1024x608.png\" alt=\"\" class=\"wp-image-278\" width=\"768\" height=\"456\" srcset=\"https:\/\/www.acofi.edu.co\/eiei2021\/wp-content\/uploads\/2020\/12\/Cronograma-de-actividades-2021-1024x608.png 1024w, https:\/\/www.acofi.edu.co\/eiei2021\/wp-content\/uploads\/2020\/12\/Cronograma-de-actividades-2021-300x178.png 300w, https:\/\/www.acofi.edu.co\/eiei2021\/wp-content\/uploads\/2020\/12\/Cronograma-de-actividades-2021-768x456.png 768w, https:\/\/www.acofi.edu.co\/eiei2021\/wp-content\/uploads\/2020\/12\/Cronograma-de-actividades-2021.png 1167w\" sizes=\"(max-width: 768px) 100vw, 768px\" \/><\/figure><\/div>\n","protected":false},"excerpt":{"rendered":"<p>Se expondr\u00e1n las experiencias y propuestas de profesores e investigadores en educaci\u00f3n en ingenier\u00eda, por medio de trabajos de aula e investigaciones en los \u00e1mbitos de los siguientes ejes tem\u00e1ticos: Calidad y acreditaci\u00f3n Evaluaci\u00f3n de la ense\u00f1anza en el aula Desarrollo curricular Procesos de ense\u00f1anza\u2013aprendizaje Metodolog\u00eda Los trabajos ser\u00e1n expuestos \u00fanicamente en forma oral, en [&hellip;]<\/p>\n","protected":false},"author":1,"featured_media":0,"parent":12,"menu_order":0,"comment_status":"closed","ping_status":"closed","template":"","meta":[],"_links":{"self":[{"href":"https:\/\/www.acofi.edu.co\/eiei2021\/wp-json\/wp\/v2\/pages\/113"}],"collection":[{"href":"https:\/\/www.acofi.edu.co\/eiei2021\/wp-json\/wp\/v2\/pages"}],"about":[{"href":"https:\/\/www.acofi.edu.co\/eiei2021\/wp-json\/wp\/v2\/types\/page"}],"author":[{"embeddable":true,"href":"https:\/\/www.acofi.edu.co\/eiei2021\/wp-json\/wp\/v2\/users\/1"}],"replies":[{"embeddable":true,"href":"https:\/\/www.acofi.edu.co\/eiei2021\/wp-json\/wp\/v2\/comments?post=113"}],"version-history":[{"count":11,"href":"https:\/\/www.acofi.edu.co\/eiei2021\/wp-json\/wp\/v2\/pages\/113\/revisions"}],"predecessor-version":[{"id":286,"href":"https:\/\/www.acofi.edu.co\/eiei2021\/wp-json\/wp\/v2\/pages\/113\/revisions\/286"}],"up":[{"embeddable":true,"href":"https:\/\/www.acofi.edu.co\/eiei2021\/wp-json\/wp\/v2\/pages\/12"}],"wp:attachment":[{"href":"https:\/\/www.acofi.edu.co\/eiei2021\/wp-json\/wp\/v2\/media?parent=113"}],"curies":[{"name":"wp","href":"https:\/\/api.w.org\/{rel}","templated":true}]}}