{"id":90,"date":"2019-12-02T10:45:41","date_gmt":"2019-12-02T10:45:41","guid":{"rendered":"https:\/\/www.acofi.edu.co\/eiei2020\/?page_id=90"},"modified":"2020-06-12T15:54:47","modified_gmt":"2020-06-12T15:54:47","slug":"ensenanza","status":"publish","type":"page","link":"https:\/\/www.acofi.edu.co\/eiei2020\/categorias-de-participacion\/ensenanza\/","title":{"rendered":"Trabajos sobre ense\u00f1anza de la ingenier\u00eda"},"content":{"rendered":"\n<p>En el EIEI ACOFI 2020 se expondr\u00e1n las experiencias y propuestas de profesores e investigadores en educaci\u00f3n en ingenier\u00eda, por medio de trabajos de aula e investigaciones en los \u00e1mbitos de los siguientes ejes tem\u00e1ticos:<\/p>\n\n\n\n<ul><li>Calidad y acreditaci\u00f3n<\/li><li>Desarrollo curricular<\/li><li>Evaluaci\u00f3n de la ense\u00f1anza en el aula<\/li><li>Procesos de ense\u00f1anza-aprendizaje<\/li><\/ul>\n\n\n\n<p class=\"has-text-color has-medium-font-size has-luminous-vivid-amber-color\"><em><strong>Metodolog\u00eda<\/strong><\/em><\/p>\n\n\n\n<p>Los trabajos ser\u00e1n expuestos <strong>\u00fanicamente en forma oral<\/strong>, en los horarios especificados. De acuerdo con el correspondiente eje tem\u00e1tico, se presentar\u00e1n durante las sesiones paralelas y se concluir\u00e1 con una sesi\u00f3n de preguntas dentro del tiempo disponible.<\/p>\n\n\n\n<p>Los mejores trabajos, seleccionados por los\nevaluadores, recibir\u00e1n los Premios ACOFI 2020.<\/p>\n\n\n\n<p class=\"has-text-color has-medium-font-size has-luminous-vivid-amber-color\"><em><strong>Dirigida a<\/strong><\/em><\/p>\n\n\n\n<ul><li>Directivos, profesores y personal\nadministrativo de las facultades, escuelas o programas de ingenier\u00eda.<\/li><li>Grupos de investigaci\u00f3n, de trabajo o de\nextensi\u00f3n de facultades, escuelas o programas de ingenier\u00eda.<\/li><li>Representantes del sector empresarial y del\ngobierno que hayan desarrollado trabajos relacionados con los ejes tem\u00e1ticos.<\/li><\/ul>\n\n\n\n<p class=\"has-text-color has-medium-font-size has-luminous-vivid-amber-color\"><strong><em>C\u00f3mo enviar su resumen<\/em><\/strong><\/p>\n\n\n\n<div class=\"wp-block-file\"><a href=\"https:\/\/www.acofi.edu.co\/eiei2020\/wp-content\/uploads\/2020\/01\/Instructivo-para-subir-su-resumen.pdf\" class=\"wp-block-file__button\" download><strong>Descarga el Instructivo para subir su resumen<\/strong><\/a><\/div>\n\n\n\n<ul><li>Prepare su resumen (entre 300 y 500 palabras)<\/li><li>Despu\u00e9s del 2 de diciembre de 2019, acceda al sitio web&nbsp;<strong><a href=\"http:\/\/www.acofipapers.org\/\">www.acofipapers.org<\/a><\/strong><\/li><li>Reg\u00edstrese en el sistema si a\u00fan no tiene acceso a \u00e9l<\/li><li>Copie y pegue el texto del resumen en el recuadro apropiado (no necesita adjuntar ning\u00fan documento\/archivo en esta etapa)<\/li><li>Es muy importante que todos los autores del trabajo queden inscritos en esta primera etapa, el sistema da la opci\u00f3n de agregar tantos autores como sea necesario<\/li><\/ul>\n\n\n\n<p>*Se recomienda que este proceso lo realice el autor principal del trabajo, pues quien inicia el proceso es el \u00fanico contacto entre ACOFI y el trabajo a presentar.<\/p>\n\n\n\n<p class=\"has-text-color has-medium-font-size has-luminous-vivid-amber-color\"> <em><strong>C\u00f3mo enviar su trabajo en extenso<\/strong><\/em><\/p>\n\n\n\n<div class=\"wp-block-file\"><a href=\"https:\/\/www.acofi.edu.co\/eiei2020\/wp-content\/uploads\/2020\/05\/Instructivo-presentaci\u00f3n-trabajo-completo-2020.pdf\" class=\"wp-block-file__button\" download><strong>Descarga el instructivo para subir el trabajo en extenso<\/strong><\/a><\/div>\n\n\n\n<p class=\"has-text-color has-medium-font-size has-luminous-vivid-amber-color\"><strong><em>Derechos de autor<\/em><\/strong><\/p>\n\n\n\n<p>Todos los trabajos ser\u00e1n compilados en las memorias del Encuentro. Esta publicaci\u00f3n ser\u00e1 realizada por la Asociaci\u00f3n Colombiana de Ingenier\u00eda, ACOFI, dando los cr\u00e9ditos correspondientes a todos los autores. Dicha publicaci\u00f3n no implica ning\u00fan reconocimiento en dinero para los autores.<\/p>\n\n\n\n<p>La responsabilidad del contenido de las ponencias es de los autores, adem\u00e1s, se deber\u00e1 contar con la autorizaci\u00f3n respectiva para la reproducci\u00f3n de cualquier ilustraci\u00f3n, texto, tabla o figura, tomados de otros autores y\/o fuentes. ACOFI no asume responsabilidad por las opiniones expresadas en los documentos publicados. Una vez la ponencia es aceptada, los autores deber\u00e1n suministrar a la Asociaci\u00f3n, su autorizaci\u00f3n de publicaci\u00f3n por escrito (ver formato).<\/p>\n\n\n\n<div class=\"wp-block-file\"><a href=\"https:\/\/www.acofi.edu.co\/eiei2020\/wp-content\/uploads\/2020\/05\/zz__Carta-de-derechos-2020.docx\" class=\"wp-block-file__button\" download><strong>Formato Carta de derechos<\/strong><\/a><\/div>\n\n\n\n<p class=\"has-text-color has-medium-font-size has-luminous-vivid-amber-color\"><em><strong>Cronograma de la convocatoria<\/strong><\/em><\/p>\n\n\n\n<p>Se deber\u00e1 cumplir estrictamente con las\nsiguientes fechas l\u00edmite: <\/p>\n\n\n\n<ul><li>2 de diciembre de 2019: apertura del sistema para la presentaci\u00f3n de res\u00famenes.<\/li><li>17 de abril de 2020: presentaci\u00f3n de res\u00famenes.<\/li><li>15 de mayo de 2020: publicaci\u00f3n de res\u00famenes aceptados.<\/li><li>19 de junio de 2020: presentaci\u00f3n del trabajo completo.<\/li><li>31 de julio de 2020: registro de los autores.<\/li><li>15 de agosto de 2020: env\u00edo del video.<\/li><\/ul>\n","protected":false},"excerpt":{"rendered":"<p>En el EIEI ACOFI 2020 se expondr\u00e1n las experiencias y propuestas de profesores e investigadores en educaci\u00f3n en ingenier\u00eda, por medio de trabajos de aula e investigaciones en los \u00e1mbitos de los siguientes ejes tem\u00e1ticos: Calidad y acreditaci\u00f3n Desarrollo curricular Evaluaci\u00f3n de la ense\u00f1anza en el aula Procesos de ense\u00f1anza-aprendizaje Metodolog\u00eda Los trabajos ser\u00e1n expuestos [&hellip;]<\/p>\n","protected":false},"author":1,"featured_media":0,"parent":11,"menu_order":0,"comment_status":"closed","ping_status":"closed","template":"","meta":[],"_links":{"self":[{"href":"https:\/\/www.acofi.edu.co\/eiei2020\/wp-json\/wp\/v2\/pages\/90"}],"collection":[{"href":"https:\/\/www.acofi.edu.co\/eiei2020\/wp-json\/wp\/v2\/pages"}],"about":[{"href":"https:\/\/www.acofi.edu.co\/eiei2020\/wp-json\/wp\/v2\/types\/page"}],"author":[{"embeddable":true,"href":"https:\/\/www.acofi.edu.co\/eiei2020\/wp-json\/wp\/v2\/users\/1"}],"replies":[{"embeddable":true,"href":"https:\/\/www.acofi.edu.co\/eiei2020\/wp-json\/wp\/v2\/comments?post=90"}],"version-history":[{"count":19,"href":"https:\/\/www.acofi.edu.co\/eiei2020\/wp-json\/wp\/v2\/pages\/90\/revisions"}],"predecessor-version":[{"id":501,"href":"https:\/\/www.acofi.edu.co\/eiei2020\/wp-json\/wp\/v2\/pages\/90\/revisions\/501"}],"up":[{"embeddable":true,"href":"https:\/\/www.acofi.edu.co\/eiei2020\/wp-json\/wp\/v2\/pages\/11"}],"wp:attachment":[{"href":"https:\/\/www.acofi.edu.co\/eiei2020\/wp-json\/wp\/v2\/media?parent=90"}],"curies":[{"name":"wp","href":"https:\/\/api.w.org\/{rel}","templated":true}]}}