{"id":876,"date":"2020-09-09T13:26:23","date_gmt":"2020-09-09T13:26:23","guid":{"rendered":"https:\/\/www.acofi.edu.co\/eiei2020\/?page_id=876"},"modified":"2020-09-14T16:03:15","modified_gmt":"2020-09-14T16:03:15","slug":"memorias","status":"publish","type":"page","link":"https:\/\/www.acofi.edu.co\/eiei2020\/memorias\/","title":{"rendered":"Memorias"},"content":{"rendered":"\n<figure class=\"wp-block-image size-large\"><img decoding=\"async\" loading=\"lazy\" width=\"200\" height=\"259\" src=\"https:\/\/www.acofi.edu.co\/eiei2020\/wp-content\/uploads\/2020\/09\/Imagen-2020-PORTADA-200.jpg\" alt=\"\" class=\"wp-image-880\"\/><\/figure>\n\n\n\n<div class=\"wp-block-file\"><a href=\"https:\/\/www.acofi.edu.co\/eiei2020\/wp-content\/uploads\/2020\/09\/Memorias-EIEI-ACOFI-2020.pdf\">Memorias EIEI ACOFI 2020<\/a><a href=\"https:\/\/www.acofi.edu.co\/eiei2020\/wp-content\/uploads\/2020\/09\/Memorias-EIEI-ACOFI-2020.pdf\" class=\"wp-block-file__button\" download>Descarga<\/a><\/div>\n\n\n\n<p>El Encuentro Internacional de Educaci\u00f3n en Ingenier\u00eda ACOFI 2020 (EIEI ACOFI 2020), es un espacio acad\u00e9mico de estudio, reflexi\u00f3n, an\u00e1lisis y debate sobre la manera en que las facultades, escuelas y programas de ingenier\u00eda responden a los requerimientos de la era digital. Con el t\u00edtulo \u201cLa formaci\u00f3n de ingenieros: un compromiso para el desarrollo y la sostenibilidad\u201d, la Asociaci\u00f3n Colombiana de Facultades de Ingenier\u00eda (ACOFI) presenta a la comunidad acad\u00e9mica y a la sociedad estas memorias en las que se muestran los trabajos de profesores, investigadores y estudiantes de pregrado y doctorado de varios pa\u00edses, siendo un documento de gran valor que recoge el trabajo de las facultades, escuelas y programas de ingenier\u00eda sobre su quehacer acad\u00e9mico.<\/p>\n\n\n\n<p>Los trabajos que se encuentran en estas memorias son presentados en las categor\u00edas previstas en el EIEI ACOFI 2020, que se realiza entre el 15 y el 18 de septiembre de 2020, por primera vez de forma virtual, constituy\u00e9ndose en un hito para un evento con 40 a\u00f1os de tradici\u00f3n. Los autores presentan sus experiencias por el mejoramiento de la ense\u00f1anza de la ingenier\u00eda, tambi\u00e9n sus proyectos de investigaci\u00f3n y los aportes de los estudiantes.<\/p>\n\n\n\n<p>Las memorias las encontrar\u00e1 distribuidas de la siguiente manera:<\/p>\n\n\n\n<p><strong>Trabajos sobre ense\u00f1anza de la ingenier\u00eda<\/strong><\/p>\n\n\n\n<p>Muestra los trabajos de acad\u00e9micos sobre: Procesos de ense\u00f1anza \u2013 aprendizaje; Desarrollo curricular; Evaluaci\u00f3n de la ense\u00f1anza en el aula;&nbsp;Calidad y acreditaci\u00f3n.<\/p>\n\n\n\n<p><strong>Avances en investigaci\u00f3n<\/strong><\/p>\n\n\n\n<p>Las memorias incluyen esta secci\u00f3n con proyectos que muestran experiencias y prospectivas alrededor de los t\u00f3picos propuestos: Uso eficiente del agua; Ingenier\u00eda para la salud; Eficiencia energ\u00e9tica y Movilidad vial. Todos los proyectos se encuentran sobre una base de procesos creativos, innovadores y con alto compromiso social.<\/p>\n\n\n\n<p><strong>Buenas pr\u00e1cticas en inteligencia emocional<\/strong><\/p>\n\n\n\n<p>Esta secci\u00f3n, muestra los trabajos de profesores y estudiantes sobre sus experiencias e iniciativas desde las facultades, escuelas y programas de ingenier\u00eda que est\u00e9n asociadas este tema que influye significativamente en el desarrollo profesional.<\/p>\n\n\n\n<p><strong>Trabajos de los estudiantes<\/strong><\/p>\n\n\n\n<p>En esta secci\u00f3n, los estudiantes de ingenier\u00eda presentan trabajos sobre la importancia de la calidad de los procesos acad\u00e9micos y la gesti\u00f3n que se desarrolla en las facultades de ingenier\u00eda, como elementos de alto valor para un mejor ejercicio profesional.<\/p>\n\n\n\n<p>Los 167 trabajos en las cuatro categor\u00edas se presentan en resumen en estas memorias digitales y en extenso en el sistema OCS (<a href=\"http:\/\/www.acofipapers.org\"><strong>www.acofipapers.org<\/strong><\/a>).<\/p>\n\n\n\n<p>ACOFI invita a la lectura y difusi\u00f3n de estas memorias que constituyen un gran referente de la actividad que se realiza en las facultades, escuelas y programas de ingenier\u00eda, convirti\u00e9ndose en un aporte de alto valor para la excelencia en la ense\u00f1anza de la ingenier\u00eda. Esperamos que este documento sea de su inter\u00e9s y fuente de consulta permanente.<\/p>\n","protected":false},"excerpt":{"rendered":"<p>El Encuentro Internacional de Educaci\u00f3n en Ingenier\u00eda ACOFI 2020 (EIEI ACOFI 2020), es un espacio acad\u00e9mico de estudio, reflexi\u00f3n, an\u00e1lisis y debate sobre la manera en que las facultades, escuelas y programas de ingenier\u00eda responden a los requerimientos de la era digital. Con el t\u00edtulo \u201cLa formaci\u00f3n de ingenieros: un compromiso para el desarrollo y [&hellip;]<\/p>\n","protected":false},"author":1,"featured_media":0,"parent":0,"menu_order":0,"comment_status":"closed","ping_status":"closed","template":"","meta":[],"_links":{"self":[{"href":"https:\/\/www.acofi.edu.co\/eiei2020\/wp-json\/wp\/v2\/pages\/876"}],"collection":[{"href":"https:\/\/www.acofi.edu.co\/eiei2020\/wp-json\/wp\/v2\/pages"}],"about":[{"href":"https:\/\/www.acofi.edu.co\/eiei2020\/wp-json\/wp\/v2\/types\/page"}],"author":[{"embeddable":true,"href":"https:\/\/www.acofi.edu.co\/eiei2020\/wp-json\/wp\/v2\/users\/1"}],"replies":[{"embeddable":true,"href":"https:\/\/www.acofi.edu.co\/eiei2020\/wp-json\/wp\/v2\/comments?post=876"}],"version-history":[{"count":5,"href":"https:\/\/www.acofi.edu.co\/eiei2020\/wp-json\/wp\/v2\/pages\/876\/revisions"}],"predecessor-version":[{"id":914,"href":"https:\/\/www.acofi.edu.co\/eiei2020\/wp-json\/wp\/v2\/pages\/876\/revisions\/914"}],"wp:attachment":[{"href":"https:\/\/www.acofi.edu.co\/eiei2020\/wp-json\/wp\/v2\/media?parent=876"}],"curies":[{"name":"wp","href":"https:\/\/api.w.org\/{rel}","templated":true}]}}