{"id":640,"date":"2020-08-27T19:43:49","date_gmt":"2020-08-27T19:43:49","guid":{"rendered":"https:\/\/www.acofi.edu.co\/eiei2020\/?page_id=640"},"modified":"2020-08-31T20:15:51","modified_gmt":"2020-08-31T20:15:51","slug":"uso-eficiente-del-agua","status":"publish","type":"page","link":"https:\/\/www.acofi.edu.co\/eiei2020\/avances-en-investigacion\/uso-eficiente-del-agua\/","title":{"rendered":"Uso Eficiente del Agua"},"content":{"rendered":"\n<p><strong>Descripci\u00f3n<\/strong><\/p>\n\n\n\n<p>En esta jornada se presentar\u00e1n soluciones y propuestas innovadoras de ingenier\u00eda que garanticen el correcto acceso y uso del recurso h\u00eddrico.<\/p>\n\n\n\n<p><strong>Motivaci\u00f3n<\/strong><\/p>\n\n\n\n<p><em>El agua est\u00e1 en el epicentro del desarrollo sostenible y es fundamental para el desarrollo socioecon\u00f3mico, la energ\u00eda y la producci\u00f3n de alimentos, los ecosistemas saludables y para la supervivencia misma de los seres humanos. El agua tambi\u00e9n forma parte crucial de la adaptaci\u00f3n al cambio clim\u00e1tico, y es el v\u00ednculo crucial entre la sociedad y el medioambiente.<\/em><\/p>\n\n\n\n<p><em>El agua es, adem\u00e1s, una cuesti\u00f3n de derechos. A medida que crece la poblaci\u00f3n mundial, se genera una necesidad creciente de conciliar la competencia entre las demandas comerciales de los recursos h\u00eddricos para que las comunidades tengan lo suficiente para satisfacer sus necesidades. En concreto, las mujeres y las ni\u00f1as deben tener acceso a instalaciones de saneamiento limpias y que respeten la privacidad para que puedan manejar la menstruaci\u00f3n y la maternidad con dignidad y seguridad.<\/em><\/p>\n\n\n\n<p><em>Para el desarrollo del ser humano, el agua y los sistemas de saneamiento no pueden estar separados. Ambos son vitales para reducir la carga mundial de enfermedades y para mejorar la salud, la educaci\u00f3n y la productividad econ\u00f3mica de las poblaciones.<\/em><\/p>\n\n\n\n<p><em>Los desaf\u00edos del agua<\/em><\/p>\n\n\n\n<ul><li><em>2,1 billones de personas carecen de acceso a servicios de agua potable gestionados de manera segura (OMS\/UNICEF 2017).<\/em><\/li><li><em>4,5 billones de personas carecen de servicios de saneamiento gestionados de forma segura (OMS\/UNICEF 2017).<\/em><\/li><li><em>340 000 ni\u00f1os menores de cinco a\u00f1os mueren cada a\u00f1o por enfermedades diarreicas (OMS\/UNICEF 2017).<\/em><\/li><li><em>La escasez de agua ya afecta a cuatro de cada 10 personas (OMS).<\/em><\/li><li><em>El 90% de los desastres naturales est\u00e1n relacionados con el agua (UNISDR).<\/em><\/li><li><em>El 80% de las aguas residuales retornan al ecosistema sin ser tratadas o reutilizadas (UNESCO, 2017).<\/em><\/li><li><em>Alrededor de dos tercios de los r\u00edos transfronterizos del mundo no tienen un marco de gesti\u00f3n cooperativa (SIWI).<\/em><\/li><li><em>La agricultura representa el 70% de la extracci\u00f3n mundial de agua (FAO).<\/em><\/li><li><em>Aproximadamente el 75% de todas las extracciones de agua industrial se utilizan para la producci\u00f3n de energ\u00eda (UNESCO, 2014).<\/em><\/li><\/ul>\n\n\n\n<p><em>El derecho al agua<\/em><\/p>\n\n\n\n<p><em>Uno de los hitos recientes m\u00e1s importantes ha sido el reconocimiento por parte de la Asamblea General de las Naciones Unidas del derecho humano al agua y al saneamiento en julio de 2010. La Asamblea reconoci\u00f3 el derecho de todos los seres humanos a tener acceso a una cantidad de agua suficiente para el uso dom\u00e9stico y personal (entre 50 y 100 litros de agua por persona y d\u00eda) y que sea segura, aceptable y asequible (el coste del agua no deber\u00eda superar el 3% de los ingresos del hogar), y accesible f\u00edsicamente (la fuente debe estar a menos de 1.000 metros del hogar y su recogida no deber\u00eda superar los 30 minutos).<\/em><\/p>\n\n\n\n<p><em>El agua y los Objetivos de Desarrollo Sostenible<\/em><\/p>\n\n\n\n<p><em>El Objetivo de Desarrollo Sostenible (ODS) 6 es \u00abGarantizar la disponibilidad de agua y su gesti\u00f3n sostenible y el saneamiento para todos\u00bb. Las metas de este objetivo cubren tanto los aspectos del ciclo del agua como los sistemas de saneamiento, y la consecuci\u00f3n de este objetivo se ha planteado para que contribuya en el progreso de otros ODS, principalmente en salud, educaci\u00f3n, crecimiento econ\u00f3mico y medio ambiente.<\/em><\/p>\n\n\n\n<p><em>\u2026<\/em><\/p>\n\n\n\n<p><em>Agua, saneamiento e higiene<\/em><\/p>\n\n\n\n<p><em>Las aguas contaminadas y la falta de saneamiento b\u00e1sico obstaculizan la erradicaci\u00f3n de la pobreza extrema y las enfermedades en los pa\u00edses m\u00e1s pobres del mundo.<\/em><\/p>\n\n\n\n<p><em>En la actualidad, 2,3 billones de personas no disponen de instalaciones b\u00e1sicas de saneamiento, como ba\u00f1os o letrinas. Seg\u00fan el Programa Conjunto OMS\/UNICEF de Monitoreo del Abastecimiento de Agua y del Saneamiento, al menos 1800 millones de personas en todo el mundo beben agua que no est\u00e1 protegida contra la contaminaci\u00f3n de las heces. Un n\u00famero a\u00fan mayor bebe agua que se distribuye a trav\u00e9s de sistemas vulnerables a la contaminaci\u00f3n.<\/em><\/p>\n\n\n\n<p><em>Agua no potable y mortalidad infantil<\/em><\/p>\n\n\n\n<p><em>El agua no potable y el saneamiento deficiente son las causas principales de la mortalidad infantil. La diarrea infantil -asociada a la escasez de agua, saneamientos inadecuados, aguas contaminadas con agente pat\u00f3genos de enfermedades infecciosas y falta de higiene- causa la muerte a 1,5 millones de ni\u00f1os al a\u00f1o, la mayor\u00eda de ellos menores de cinco a\u00f1os en pa\u00edses en desarrollo.<\/em><\/p>\n\n\n\n<p><em>Saneamientos mejorados y beneficios econ\u00f3micos<\/em><\/p>\n\n\n\n<p><em>La relaci\u00f3n entre la falta de agua y saneamiento y los objetivos de desarrollo es obvia y solucionar el problema es rentable. Los estudios muestran que cada d\u00f3lar invertido se traduce en un beneficio de 9. Ese retorno de la inversi\u00f3n beneficia espec\u00edficamente a ni\u00f1os pobres y comunidades desfavorecidas que m\u00e1s lo necesitan.<a href=\"#_ftn1\"><strong>[1]<\/strong><\/a><\/em><\/p>\n\n\n\n<p>De la misma manera es importante:<\/p>\n\n\n\n<p><em>La conservaci\u00f3n del agua se ha incorporado a los programas de gesti\u00f3n de los recursos h\u00eddricos en todos los niveles de gobierno. Estas acciones bien formadas han resultado en importantes beneficios mutuos de conservaci\u00f3n para el suministro de agua, reducci\u00f3n del flujo de aguas residuales y conservaci\u00f3n de energ\u00eda. Al minimizar el desperdicio y la p\u00e9rdida de agua, los programas de conservaci\u00f3n de agua ayudan a reducir los costos operativos, las demandas m\u00e1ximas en los sistemas de agua y la necesidad de ampliar el suministro de agua y los sistemas de aguas residuales para satisfacer esas demandas m\u00e1ximas. Los programas de conservaci\u00f3n deben formularse teniendo en cuenta los marcos institucionales establecidos y las condiciones regionales y locales, y deben basarse en datos fiables sobre el uso del agua y an\u00e1lisis s\u00f3lidos.<a href=\"#_ftn2\"><strong>[2]<\/strong><\/a><\/em><\/p>\n\n\n\n<p>Estas referencias muestran muestra la imperativa necesidad de persistir en el uso eficiente del agua en beneficio de todos. La ingenier\u00eda tiene un papel fundamental para lograrlo y es parte de lo que se va a presentar en esta jornada.<\/p>\n\n\n\n<p><strong>Agenda<\/strong><\/p>\n\n\n\n<figure class=\"wp-block-image size-large is-resized\"><img decoding=\"async\" src=\"https:\/\/www.acofi.edu.co\/eiei2020\/wp-content\/uploads\/2020\/08\/AI-AGUA-AGENDA-1024x508.jpg\" alt=\"\" class=\"wp-image-667\" width=\"700\" srcset=\"https:\/\/www.acofi.edu.co\/eiei2020\/wp-content\/uploads\/2020\/08\/AI-AGUA-AGENDA-1024x508.jpg 1024w, https:\/\/www.acofi.edu.co\/eiei2020\/wp-content\/uploads\/2020\/08\/AI-AGUA-AGENDA-300x149.jpg 300w, https:\/\/www.acofi.edu.co\/eiei2020\/wp-content\/uploads\/2020\/08\/AI-AGUA-AGENDA-768x381.jpg 768w, https:\/\/www.acofi.edu.co\/eiei2020\/wp-content\/uploads\/2020\/08\/AI-AGUA-AGENDA.jpg 1136w\" sizes=\"(max-width: 1024px) 100vw, 1024px\" \/><\/figure>\n\n\n\n<p><strong>Metodolog\u00eda<\/strong><\/p>\n\n\n\n<p>La moderadora realizar\u00e1 una breve introducci\u00f3n, presentando con base en su experiencia aspectos que considere relevantes alrededor del uso eficiente del agua.<\/p>\n\n\n\n<p>Se realizar\u00e1 una intervenci\u00f3n inicial a cargo del Consejo Profesional Nacional de Ingenier\u00eda. Una vez concluya, se presentar\u00e1 la primera parte de los trabajos, una intervenci\u00f3n del Ministerio de Vivienda, Salud y Territorio y la segunda parte de los trabajos.<\/p>\n\n\n\n<p>Al finalizar la moderadora en representaci\u00f3n de ACOFI y el COPNIA presentar\u00e1n las conclusiones de la jornada.<\/p>\n\n\n\n<p><strong>Avances en investigaci\u00f3n<\/strong><\/p>\n\n\n\n<figure class=\"wp-block-image size-large is-resized\"><img decoding=\"async\" src=\"https:\/\/www.acofi.edu.co\/eiei2020\/wp-content\/uploads\/2020\/08\/AI-AGUA-TRABAJOS-1-1024x670.jpg\" alt=\"\" class=\"wp-image-666\" width=\"700\" srcset=\"https:\/\/www.acofi.edu.co\/eiei2020\/wp-content\/uploads\/2020\/08\/AI-AGUA-TRABAJOS-1-1024x670.jpg 1024w, https:\/\/www.acofi.edu.co\/eiei2020\/wp-content\/uploads\/2020\/08\/AI-AGUA-TRABAJOS-1-300x196.jpg 300w, https:\/\/www.acofi.edu.co\/eiei2020\/wp-content\/uploads\/2020\/08\/AI-AGUA-TRABAJOS-1-768x503.jpg 768w, https:\/\/www.acofi.edu.co\/eiei2020\/wp-content\/uploads\/2020\/08\/AI-AGUA-TRABAJOS-1.jpg 1187w\" sizes=\"(max-width: 1024px) 100vw, 1024px\" \/><\/figure>\n\n\n\n<p><strong>Aspectos log\u00edsticos<\/strong><\/p>\n\n\n\n<ul><li>Fecha y horario: martes 15 de septiembre de 2020, 14:00 \u2013 17:00 horas COT.<\/li><li>Idioma: espa\u00f1ol.<\/li><li>N\u00famero de participantes: 70.<\/li><li>Datos de conexi\u00f3n: <\/li><li>Se solicita a quienes tengan presentaciones, utilicen un n\u00famero adecuado de diapositivas, dado que el tiempo de exposici\u00f3n ser\u00e1 de m\u00e1ximo 12 minutos y tres minutos para comentarios y preguntas.<\/li><\/ul>\n\n\n\n<p><strong>Coordinaci\u00f3n<\/strong><\/p>\n\n\n\n<p>M\u00f3nica Rueda Pinto, Universidad Santo Tom\u00e1s, Colombia<\/p>\n\n\n\n<p><strong>Con el apoyo<\/strong><\/p>\n\n\n\n<figure class=\"wp-block-image size-large is-resized\"><img decoding=\"async\" src=\"https:\/\/www.acofi.edu.co\/eiei2020\/wp-content\/uploads\/2020\/08\/AI-AGUA-APOYO-1024x152.jpg\" alt=\"\" class=\"wp-image-670\" width=\"700\" srcset=\"https:\/\/www.acofi.edu.co\/eiei2020\/wp-content\/uploads\/2020\/08\/AI-AGUA-APOYO-1024x152.jpg 1024w, https:\/\/www.acofi.edu.co\/eiei2020\/wp-content\/uploads\/2020\/08\/AI-AGUA-APOYO-300x45.jpg 300w, https:\/\/www.acofi.edu.co\/eiei2020\/wp-content\/uploads\/2020\/08\/AI-AGUA-APOYO-768x114.jpg 768w, https:\/\/www.acofi.edu.co\/eiei2020\/wp-content\/uploads\/2020\/08\/AI-AGUA-APOYO-1536x228.jpg 1536w, https:\/\/www.acofi.edu.co\/eiei2020\/wp-content\/uploads\/2020\/08\/AI-AGUA-APOYO.jpg 1627w\" sizes=\"(max-width: 1024px) 100vw, 1024px\" \/><\/figure>\n\n\n\n<hr class=\"wp-block-separator\"\/>\n\n\n\n<p><a href=\"#_ftnref1\">[1]<\/a> Tomado de: https:\/\/www.un.org\/es\/sections\/issues-depth\/water\/index.html<\/p>\n\n\n\n<p><a href=\"#_ftnref2\">[2]<\/a> Tomado de: <a href=\"https:\/\/www.asce.org\/issues-and-advocacy\/public-policy\/policy-statement-337---water-conservation\/\">https:\/\/www.asce.org\/issues-and-advocacy\/public-policy\/policy-statement-337&#8212;water-conservation\/<\/a>, traducci\u00f3n libre.<\/p>\n","protected":false},"excerpt":{"rendered":"<p>Descripci\u00f3n En esta jornada se presentar\u00e1n soluciones y propuestas innovadoras de ingenier\u00eda que garanticen el correcto acceso y uso del recurso h\u00eddrico. Motivaci\u00f3n El agua est\u00e1 en el epicentro del desarrollo sostenible y es fundamental para el desarrollo socioecon\u00f3mico, la energ\u00eda y la producci\u00f3n de alimentos, los ecosistemas saludables y para la supervivencia misma de [&hellip;]<\/p>\n","protected":false},"author":1,"featured_media":0,"parent":636,"menu_order":0,"comment_status":"closed","ping_status":"closed","template":"","meta":[],"_links":{"self":[{"href":"https:\/\/www.acofi.edu.co\/eiei2020\/wp-json\/wp\/v2\/pages\/640"}],"collection":[{"href":"https:\/\/www.acofi.edu.co\/eiei2020\/wp-json\/wp\/v2\/pages"}],"about":[{"href":"https:\/\/www.acofi.edu.co\/eiei2020\/wp-json\/wp\/v2\/types\/page"}],"author":[{"embeddable":true,"href":"https:\/\/www.acofi.edu.co\/eiei2020\/wp-json\/wp\/v2\/users\/1"}],"replies":[{"embeddable":true,"href":"https:\/\/www.acofi.edu.co\/eiei2020\/wp-json\/wp\/v2\/comments?post=640"}],"version-history":[{"count":9,"href":"https:\/\/www.acofi.edu.co\/eiei2020\/wp-json\/wp\/v2\/pages\/640\/revisions"}],"predecessor-version":[{"id":701,"href":"https:\/\/www.acofi.edu.co\/eiei2020\/wp-json\/wp\/v2\/pages\/640\/revisions\/701"}],"up":[{"embeddable":true,"href":"https:\/\/www.acofi.edu.co\/eiei2020\/wp-json\/wp\/v2\/pages\/636"}],"wp:attachment":[{"href":"https:\/\/www.acofi.edu.co\/eiei2020\/wp-json\/wp\/v2\/media?parent=640"}],"curies":[{"name":"wp","href":"https:\/\/api.w.org\/{rel}","templated":true}]}}