{"id":53,"date":"2019-11-30T17:31:00","date_gmt":"2019-11-30T17:31:00","guid":{"rendered":"http:\/\/www.acofi.edu.co\/eiei2020\/?page_id=53"},"modified":"2020-01-13T17:31:35","modified_gmt":"2020-01-13T17:31:35","slug":"prensa","status":"publish","type":"page","link":"https:\/\/www.acofi.edu.co\/eiei2020\/informacion-general\/prensa\/","title":{"rendered":"Prensa"},"content":{"rendered":"\n<p> Bienvenido al link de Prensa. Hemos dispuesto este espacio para compartir con ustedes las noticias e informaci\u00f3n actualizada sobre las diferentes actividades que tendr\u00e1n lugar en el EIEI ACOFI 2019. Si desea mayor informaci\u00f3n del evento o tiene inquietudes al respecto, escr\u00edbanos al correo&nbsp;<strong><a href=\"mailto:prensa@acofi.edu.co\">prensa@acofi.edu.co<\/a><\/strong>, con gusto daremos pronta respuesta. Alix Rubiela Beltr\u00e1n P. Comunicaciones ACOFI. Celular 318 3083225.<\/p>\n\n\n\n<h2 style=\"text-align: justify;\"><span style=\"color: #ef4136;\">Redes Sociales<\/span><\/h2>\n<div class=\"row\">\n<div class=\"col-12 col-sm-6\">\n<h4 style=\"text-align: justify;\"><span style=\"color: #fbb040;\">Facebook<\/span><\/h4>\n<iframe loading=\"lazy\" src=\"https:\/\/www.facebook.com\/plugins\/page.php?href=https%3A%2F%2Fwww.facebook.com%2Fface.acofi%2F&amp;tabs=timeline&amp;width=340&amp;height=500&amp;small_header=false&amp;adapt_container_width=true&amp;hide_cover=false&amp;show_facepile=true&amp;appId\" width=\"340\" height=\"500\" frameborder=\"0\" scrolling=\"no\"><\/iframe>\n\n<\/div>\n<div class=\"col-12 col-sm-6\">\n<h4 style=\"text-align: justify;\"><span style=\"color: #fbb040;\">Twitter<\/span><\/h4>\n<a class=\"twitter-timeline\" href=\"https:\/\/twitter.com\/acofi\" data-width=\"350\" data-height=\"600\" data-dnt=\"true\">Tweets by acofi<\/a><script src=\"\/\/platform.twitter.com\/widgets.js\" async=\"\" charset=\"utf-8\"><\/script>\n\n<\/div>\n<\/div>\n<div style=\"clear: both; text-align: justify;\"><\/div>\n<div style=\"clear: both;\"><\/div>\n","protected":false},"excerpt":{"rendered":"<p>Bienvenido al link de Prensa. Hemos dispuesto este espacio para compartir con ustedes las noticias e informaci\u00f3n actualizada sobre las diferentes actividades que tendr\u00e1n lugar en el EIEI ACOFI 2019. Si desea mayor informaci\u00f3n del evento o tiene inquietudes al respecto, escr\u00edbanos al correo&nbsp;prensa@acofi.edu.co, con gusto daremos pronta respuesta. Alix Rubiela Beltr\u00e1n P. Comunicaciones ACOFI. [&hellip;]<\/p>\n","protected":false},"author":1,"featured_media":0,"parent":15,"menu_order":0,"comment_status":"closed","ping_status":"closed","template":"","meta":[],"_links":{"self":[{"href":"https:\/\/www.acofi.edu.co\/eiei2020\/wp-json\/wp\/v2\/pages\/53"}],"collection":[{"href":"https:\/\/www.acofi.edu.co\/eiei2020\/wp-json\/wp\/v2\/pages"}],"about":[{"href":"https:\/\/www.acofi.edu.co\/eiei2020\/wp-json\/wp\/v2\/types\/page"}],"author":[{"embeddable":true,"href":"https:\/\/www.acofi.edu.co\/eiei2020\/wp-json\/wp\/v2\/users\/1"}],"replies":[{"embeddable":true,"href":"https:\/\/www.acofi.edu.co\/eiei2020\/wp-json\/wp\/v2\/comments?post=53"}],"version-history":[{"count":6,"href":"https:\/\/www.acofi.edu.co\/eiei2020\/wp-json\/wp\/v2\/pages\/53\/revisions"}],"predecessor-version":[{"id":213,"href":"https:\/\/www.acofi.edu.co\/eiei2020\/wp-json\/wp\/v2\/pages\/53\/revisions\/213"}],"up":[{"embeddable":true,"href":"https:\/\/www.acofi.edu.co\/eiei2020\/wp-json\/wp\/v2\/pages\/15"}],"wp:attachment":[{"href":"https:\/\/www.acofi.edu.co\/eiei2020\/wp-json\/wp\/v2\/media?parent=53"}],"curies":[{"name":"wp","href":"https:\/\/api.w.org\/{rel}","templated":true}]}}