{"id":45,"date":"2019-11-30T17:29:51","date_gmt":"2019-11-30T17:29:51","guid":{"rendered":"http:\/\/www.acofi.edu.co\/eiei2020\/?page_id=45"},"modified":"2020-01-30T13:43:55","modified_gmt":"2020-01-30T13:43:55","slug":"patrocinios","status":"publish","type":"page","link":"https:\/\/www.acofi.edu.co\/eiei2020\/informacion-general\/patrocinios\/","title":{"rendered":"Patrocinios"},"content":{"rendered":"\n<p style=\"color:#ef4136\" class=\"has-text-color has-large-font-size\"><strong>Razones para ser un aliado estrat\u00e9gico<\/strong><\/p>\n\n\n\n<ol><li>Generar nuevos contactos, compartir experiencias con representantes de diferentes instituciones, organismos y entidades de sectores relacionados con la educaci\u00f3n y con la ingenier\u00eda.<\/li><li>Fortalecer el conocimiento de su empresa, instituci\u00f3n o gremio y generar mayor acercamiento a un selecto grupo de participantes.<\/li><li>Conocer avances, desarrollos, innovaciones e informaci\u00f3n en ciencia, tecnolog\u00eda y procesos en el \u00e1mbito de la ingenier\u00eda y la formaci\u00f3n de ingenieros.<\/li><li>Interactuar en actividades acad\u00e9micas con expertos de alto nivel y reconocimiento nacional e internacional, con quienes se compartir\u00e1n experiencias y perspectivas alrededor del tema central del Encuentro.<\/li><li>Tener la posibilidad de ofrecer proyectos, servicios y productos relacionados con ingenier\u00eda.<\/li><li>Participar en la estrategia de promoci\u00f3n y divulgaci\u00f3n del Encuentro.<\/li><li>Integrarse en actividades t\u00e9cnicas, sociales y culturales en la ciudad de los m\u00e1s importantes encuentros en Colombia: Cartagena de Indias \u201cpatrimonio hist\u00f3rico de la humanidad\u201d.<\/li><li>Ser parte del encuentro de mayor reconocimiento entre las facultades, escuelas y programas de ingenier\u00eda de Colombia y el mundo, con m\u00e1s de 40 a\u00f1os de trayectoria.<\/li><\/ol>\n\n\n\n<p style=\"color:#ef4136\" class=\"has-text-color has-large-font-size\"><strong>Exhibici\u00f3n\nComercial<\/strong><\/p>\n\n\n\n<p class=\"has-text-color has-medium-font-size has-luminous-vivid-amber-color\"><strong>Objetivo<\/strong><\/p>\n\n\n\n<p>Promover en un solo escenario, el encuentro de los diferentes sectores relacionados con ingenier\u00eda, a trav\u00e9s de la participaci\u00f3n de empresas comerciales, editoriales e instituciones de educaci\u00f3n superior, l\u00edderes en innovaciones en procesos, productos y servicios que involucren o est\u00e9n orientados a la ingenier\u00eda.<\/p>\n\n\n\n<p class=\"has-text-color has-medium-font-size has-luminous-vivid-amber-color\"><strong>Procedimiento<\/strong><\/p>\n\n\n\n<p>Las organizaciones interesadas en participar podr\u00e1n\nelegir del conjunto de actividades presentadas, aquellas que le sean de su inter\u00e9s.<\/p>\n\n\n\n<p>Los espacios para las exhibiciones son susceptibles de\ndisponibilidad.<\/p>\n","protected":false},"excerpt":{"rendered":"<p>Razones para ser un aliado estrat\u00e9gico Generar nuevos contactos, compartir experiencias con representantes de diferentes instituciones, organismos y entidades de sectores relacionados con la educaci\u00f3n y con la ingenier\u00eda. Fortalecer el conocimiento de su empresa, instituci\u00f3n o gremio y generar mayor acercamiento a un selecto grupo de participantes. Conocer avances, desarrollos, innovaciones e informaci\u00f3n en [&hellip;]<\/p>\n","protected":false},"author":1,"featured_media":0,"parent":15,"menu_order":0,"comment_status":"closed","ping_status":"closed","template":"","meta":[],"_links":{"self":[{"href":"https:\/\/www.acofi.edu.co\/eiei2020\/wp-json\/wp\/v2\/pages\/45"}],"collection":[{"href":"https:\/\/www.acofi.edu.co\/eiei2020\/wp-json\/wp\/v2\/pages"}],"about":[{"href":"https:\/\/www.acofi.edu.co\/eiei2020\/wp-json\/wp\/v2\/types\/page"}],"author":[{"embeddable":true,"href":"https:\/\/www.acofi.edu.co\/eiei2020\/wp-json\/wp\/v2\/users\/1"}],"replies":[{"embeddable":true,"href":"https:\/\/www.acofi.edu.co\/eiei2020\/wp-json\/wp\/v2\/comments?post=45"}],"version-history":[{"count":7,"href":"https:\/\/www.acofi.edu.co\/eiei2020\/wp-json\/wp\/v2\/pages\/45\/revisions"}],"predecessor-version":[{"id":330,"href":"https:\/\/www.acofi.edu.co\/eiei2020\/wp-json\/wp\/v2\/pages\/45\/revisions\/330"}],"up":[{"embeddable":true,"href":"https:\/\/www.acofi.edu.co\/eiei2020\/wp-json\/wp\/v2\/pages\/15"}],"wp:attachment":[{"href":"https:\/\/www.acofi.edu.co\/eiei2020\/wp-json\/wp\/v2\/media?parent=45"}],"curies":[{"name":"wp","href":"https:\/\/api.w.org\/{rel}","templated":true}]}}