{"id":37,"date":"2019-11-30T17:28:32","date_gmt":"2019-11-30T17:28:32","guid":{"rendered":"http:\/\/www.acofi.edu.co\/eiei2020\/?page_id=37"},"modified":"2020-01-13T17:19:30","modified_gmt":"2020-01-13T17:19:30","slug":"comite-cientifico","status":"publish","type":"page","link":"https:\/\/www.acofi.edu.co\/eiei2020\/informacion-general\/comite-cientifico\/","title":{"rendered":"Comit\u00e9 Cient\u00edfico"},"content":{"rendered":"\n<p class=\"has-text-color has-medium-font-size has-luminous-vivid-amber-color\"><strong>Elvira G\u00f3mez Verjel<\/strong><\/p>\n\n\n\n<div class=\"wp-block-group\"><div class=\"wp-block-group__inner-container is-layout-flow\">\n<p class=\"has-text-color has-medium-font-size has-luminous-vivid-amber-color\"><strong>Gloria Isabel Bautista<\/strong><\/p>\n\n\n\n<p>Universidad Tecnol\u00f3gica de Bol\u00edvar, Cartagena, Colombia<\/p>\n<\/div><\/div>\n\n\n\n<div class=\"wp-block-group\"><div class=\"wp-block-group__inner-container is-layout-flow\">\n<p class=\"has-text-color has-medium-font-size has-luminous-vivid-amber-color\"><strong>Lorena Ech\u00e1vez Baquero<\/strong><\/p>\n\n\n\n<p>Universidad Piloto de Colombia, Girardot, Colombia<\/p>\n<\/div><\/div>\n\n\n\n<div class=\"wp-block-group\"><div class=\"wp-block-group__inner-container is-layout-flow\">\n<p class=\"has-text-color has-medium-font-size has-luminous-vivid-amber-color\"><strong>Mar\u00eda Claudia Bonfante<\/strong><\/p>\n\n\n\n<p>Universidad del Sin\u00fa, Cartagena, Colombia<\/p>\n<\/div><\/div>\n\n\n\n<div class=\"wp-block-group\"><div class=\"wp-block-group__inner-container is-layout-flow\">\n<p class=\"has-text-color has-medium-font-size has-luminous-vivid-amber-color\"><strong>Yenny Julio Narv\u00e1ez<\/strong><\/p>\n\n\n\n<p>Corporaci\u00f3n Universitaria Rafael N\u00fa\u00f1ez, Cartagena, Colombia<\/p>\n<\/div><\/div>\n\n\n\n<div class=\"wp-block-group\"><div class=\"wp-block-group__inner-container is-layout-flow\">\n<p class=\"has-text-color has-medium-font-size has-luminous-vivid-amber-color\"><strong>Jairo Acosta Solano<\/strong><\/p>\n\n\n\n<p>Corporaci\u00f3n Universitaria Rafael N\u00fa\u00f1ez, Cartagena, Colombia<\/p>\n<\/div><\/div>\n\n\n\n<div class=\"wp-block-group\"><div class=\"wp-block-group__inner-container is-layout-flow\">\n<p class=\"has-text-color has-medium-font-size has-luminous-vivid-amber-color\"><strong>Jairo Enrique Serrano<\/strong><\/p>\n\n\n\n<p>Universidad\nTecnol\u00f3gica de Bol\u00edvar, Cartagena, Colombia<\/p>\n<\/div><\/div>\n","protected":false},"excerpt":{"rendered":"<p>Elvira G\u00f3mez Verjel Gloria Isabel Bautista Universidad Tecnol\u00f3gica de Bol\u00edvar, Cartagena, Colombia Lorena Ech\u00e1vez Baquero Universidad Piloto de Colombia, Girardot, Colombia Mar\u00eda Claudia Bonfante Universidad del Sin\u00fa, Cartagena, Colombia Yenny Julio Narv\u00e1ez Corporaci\u00f3n Universitaria Rafael N\u00fa\u00f1ez, Cartagena, Colombia Jairo Acosta Solano Corporaci\u00f3n Universitaria Rafael N\u00fa\u00f1ez, Cartagena, Colombia Jairo Enrique Serrano Universidad Tecnol\u00f3gica de Bol\u00edvar, Cartagena, [&hellip;]<\/p>\n","protected":false},"author":1,"featured_media":0,"parent":15,"menu_order":0,"comment_status":"closed","ping_status":"closed","template":"","meta":[],"_links":{"self":[{"href":"https:\/\/www.acofi.edu.co\/eiei2020\/wp-json\/wp\/v2\/pages\/37"}],"collection":[{"href":"https:\/\/www.acofi.edu.co\/eiei2020\/wp-json\/wp\/v2\/pages"}],"about":[{"href":"https:\/\/www.acofi.edu.co\/eiei2020\/wp-json\/wp\/v2\/types\/page"}],"author":[{"embeddable":true,"href":"https:\/\/www.acofi.edu.co\/eiei2020\/wp-json\/wp\/v2\/users\/1"}],"replies":[{"embeddable":true,"href":"https:\/\/www.acofi.edu.co\/eiei2020\/wp-json\/wp\/v2\/comments?post=37"}],"version-history":[{"count":8,"href":"https:\/\/www.acofi.edu.co\/eiei2020\/wp-json\/wp\/v2\/pages\/37\/revisions"}],"predecessor-version":[{"id":198,"href":"https:\/\/www.acofi.edu.co\/eiei2020\/wp-json\/wp\/v2\/pages\/37\/revisions\/198"}],"up":[{"embeddable":true,"href":"https:\/\/www.acofi.edu.co\/eiei2020\/wp-json\/wp\/v2\/pages\/15"}],"wp:attachment":[{"href":"https:\/\/www.acofi.edu.co\/eiei2020\/wp-json\/wp\/v2\/media?parent=37"}],"curies":[{"name":"wp","href":"https:\/\/api.w.org\/{rel}","templated":true}]}}