{"id":29,"date":"2019-11-30T03:40:09","date_gmt":"2019-11-30T03:40:09","guid":{"rendered":"http:\/\/www.acofi.edu.co\/eiei2020\/?page_id=29"},"modified":"2020-09-04T19:02:12","modified_gmt":"2020-09-04T19:02:12","slug":"talleres","status":"publish","type":"page","link":"https:\/\/www.acofi.edu.co\/eiei2020\/informacion-academica\/talleres\/","title":{"rendered":"Talleres"},"content":{"rendered":"\n<div class=\"wp-block-buttons is-layout-flex\">\n<div class=\"wp-block-button\"><a class=\"wp-block-button__link has-text-color has-background has-luminous-vivid-amber-background-color\" href=\"https:\/\/www.acofi.edu.co\/eiei2020\/informacion-academica\/talleres\/que-es-el-diseno-tecno-pedagogico\/\" style=\"color:#ffffff\"><strong>\u00bfQu\u00e9 es el Dise\u00f1o Tecno-pedag\u00f3gico?<\/strong><\/a><\/div>\n<\/div>\n\n\n\n<div class=\"wp-block-buttons is-layout-flex\">\n<div class=\"wp-block-button\"><a class=\"wp-block-button__link has-text-color has-background has-luminous-vivid-amber-background-color\" href=\"https:\/\/www.acofi.edu.co\/eiei2020\/informacion-academica\/talleres\/el-desarrollo-curricular-como-factor-de-calidad-educativa\/\" style=\"color:#ffffff\"><strong>El desarrollo curricular como factor de Calidad educativa<\/strong><\/a><\/div>\n\n\n\n<div class=\"wp-block-button\"><a class=\"wp-block-button__link has-text-color has-background has-luminous-vivid-amber-background-color\" href=\"https:\/\/www.acofi.edu.co\/eiei2020\/informacion-academica\/talleres\/proceso-de-integracion-curricular-y-construccion-de-resultados-de-aprendizaje-esperado\/\" style=\"color:#ffffff\"><strong>Proceso de integraci\u00f3n curricular y construcci\u00f3n de resultados de aprendizaje esperado<\/strong><\/a><\/div>\n<\/div>\n\n\n\n<div class=\"wp-block-buttons is-layout-flex\">\n<div class=\"wp-block-button\"><a class=\"wp-block-button__link has-background has-luminous-vivid-amber-background-color\" href=\"https:\/\/www.acofi.edu.co\/eiei2020\/informacion-academica\/talleres\/como-disminuir-el-sesgo-de-genero-en-la-clase\/\"><strong>\u00bfC\u00f3mo disminuir el sesgo de g\u00e9nero en la clase?<\/strong><\/a><\/div>\n<\/div>\n\n\n\n<div class=\"wp-block-buttons is-layout-flex\">\n<div class=\"wp-block-button\"><a class=\"wp-block-button__link has-background has-luminous-vivid-amber-background-color\" href=\"https:\/\/www.acofi.edu.co\/eiei2020\/informacion-academica\/talleres\/energia-y-sostenibilidad\/\"><strong>Energ\u00eda y sostenibilidad<\/strong><\/a><\/div>\n<\/div>\n","protected":false},"excerpt":{"rendered":"","protected":false},"author":1,"featured_media":0,"parent":13,"menu_order":0,"comment_status":"closed","ping_status":"closed","template":"","meta":[],"_links":{"self":[{"href":"https:\/\/www.acofi.edu.co\/eiei2020\/wp-json\/wp\/v2\/pages\/29"}],"collection":[{"href":"https:\/\/www.acofi.edu.co\/eiei2020\/wp-json\/wp\/v2\/pages"}],"about":[{"href":"https:\/\/www.acofi.edu.co\/eiei2020\/wp-json\/wp\/v2\/types\/page"}],"author":[{"embeddable":true,"href":"https:\/\/www.acofi.edu.co\/eiei2020\/wp-json\/wp\/v2\/users\/1"}],"replies":[{"embeddable":true,"href":"https:\/\/www.acofi.edu.co\/eiei2020\/wp-json\/wp\/v2\/comments?post=29"}],"version-history":[{"count":7,"href":"https:\/\/www.acofi.edu.co\/eiei2020\/wp-json\/wp\/v2\/pages\/29\/revisions"}],"predecessor-version":[{"id":803,"href":"https:\/\/www.acofi.edu.co\/eiei2020\/wp-json\/wp\/v2\/pages\/29\/revisions\/803"}],"up":[{"embeddable":true,"href":"https:\/\/www.acofi.edu.co\/eiei2020\/wp-json\/wp\/v2\/pages\/13"}],"wp:attachment":[{"href":"https:\/\/www.acofi.edu.co\/eiei2020\/wp-json\/wp\/v2\/media?parent=29"}],"curies":[{"name":"wp","href":"https:\/\/api.w.org\/{rel}","templated":true}]}}