{"id":233,"date":"2020-01-14T19:39:57","date_gmt":"2020-01-14T19:39:57","guid":{"rendered":"https:\/\/www.acofi.edu.co\/eiei2020\/?page_id=233"},"modified":"2020-06-12T15:54:53","modified_gmt":"2020-06-12T15:54:53","slug":"inteligencia","status":"publish","type":"page","link":"https:\/\/www.acofi.edu.co\/eiei2020\/categorias-de-participacion\/inteligencia\/","title":{"rendered":"Buenas pr\u00e1cticas en inteligencia emocional"},"content":{"rendered":"\n<p>Entre los m\u00faltiples retos que enfrenta la sociedad se encuentra el manejo de las emociones. Lograr entender las emociones propias y las de los dem\u00e1s, constituye un elemento de alto valor en la toma de decisiones a nivel social, organizacional y personal. El impacto del manejo de las emociones condicionar\u00e1 el desarrollo de cualquier iniciativa o proyecto e incidir\u00e1 en su resultado.<\/p>\n\n\n\n<p>La ingenier\u00eda como profesi\u00f3n que desarrolla gran parte de su actividad en entornos sociales, en organizaciones y que tiene una alta incidencia en la sociedad, logra que la inteligencia emocional sea un factor relevante para el mejor desarrollo de una iniciativa o proyecto y el propio bienestar. <\/p>\n\n\n\n<p class=\"has-text-color has-medium-font-size has-luminous-vivid-amber-color\"><em><strong>Objetivo<\/strong><\/em><\/p>\n\n\n\n<p>Conocer experiencias e iniciativas desde las facultades, escuelas y programas de ingenier\u00eda que est\u00e9n asociadas a la inteligencia emocional.<\/p>\n\n\n\n<p class=\"has-text-color has-medium-font-size has-luminous-vivid-amber-color\"><em><strong>Metodolog\u00eda<\/strong><\/em><\/p>\n\n\n\n<p>Los trabajos ser\u00e1n expuestos <strong>en forma oral y en p\u00f3ster<\/strong>. Los trabajos seleccionados se expondr\u00e1n de forma oral y se exhibir\u00e1n como p\u00f3steres todos los d\u00eda del evento.<\/p>\n\n\n\n<p class=\"has-text-color has-medium-font-size has-luminous-vivid-amber-color\"><em><strong>Criterios de participaci\u00f3n<\/strong><\/em><\/p>\n\n\n\n<p>Los trabajos seleccionados deber\u00e1n anexar el\ndise\u00f1o de un p\u00f3ster que contenga los aspectos m\u00e1s relevantes de la experiencia.\n<\/p>\n\n\n\n<p>Esta propuesta se orienta a lograr una mejor\ninteracci\u00f3n y contar con elementos pr\u00e1cticos para los talleres.<\/p>\n\n\n\n<p class=\"has-text-color has-medium-font-size has-luminous-vivid-amber-color\"><em><strong>Dirigida a<\/strong><\/em><\/p>\n\n\n\n<ul><li>Directivos, profesores, estudiantes y\npersonal administrativo de las facultades, escuelas o programas de ingenier\u00eda.<\/li><li>Grupos de investigaci\u00f3n de facultades, escuelas\no programas de ingenier\u00eda.<\/li><\/ul>\n\n\n\n<p class=\"has-text-color has-medium-font-size has-luminous-vivid-amber-color\"><strong><em>C\u00f3mo enviar su resumen<\/em><\/strong><\/p>\n\n\n\n<div class=\"wp-block-file\"><a href=\"https:\/\/www.acofi.edu.co\/eiei2020\/wp-content\/uploads\/2020\/01\/Instructivo-para-subir-su-resumen.pdf\" class=\"wp-block-file__button\" download> <strong>Descarga el Instructivo para subir su resumen<\/strong> <\/a><\/div>\n\n\n\n<ul><li>Prepare su resumen (entre 300 y 500 palabras)<\/li><li>Despu\u00e9s del 2 de diciembre de 2019, acceda al sitio web&nbsp;<strong><a href=\"http:\/\/www.acofipapers.org\/\">www.acofipapers.org<\/a><\/strong><\/li><li>Reg\u00edstrese en el sistema si a\u00fan no tiene acceso a \u00e9l<\/li><li>Copie y pegue el texto del resumen en el recuadro apropiado (no necesita adjuntar ning\u00fan documento\/archivo en esta etapa)<\/li><li>Es muy importante que todos los autores del trabajo queden inscritos en esta primera etapa, el sistema da la opci\u00f3n de agregar tantos autores como sea necesario<\/li><\/ul>\n\n\n\n<p class=\"has-text-color has-medium-font-size has-luminous-vivid-amber-color\"><em><strong>C\u00f3mo enviar su trabajo en extenso<\/strong><\/em><\/p>\n\n\n\n<div class=\"wp-block-file\"><a href=\"https:\/\/www.acofi.edu.co\/eiei2020\/wp-content\/uploads\/2020\/05\/Instructivo-presentaci\u00f3n-trabajo-completo-2020.pdf\" class=\"wp-block-file__button\" download> <strong>Descarga el instructivo para subir el trabajo en extenso<\/strong><\/a><\/div>\n\n\n\n<p class=\"has-text-color has-medium-font-size has-luminous-vivid-amber-color\"><em><strong>C\u00f3mo enviar su p\u00f3ster<\/strong><\/em><\/p>\n\n\n\n<p>Consulte aqu\u00ed el instructivo para la elaboraci\u00f3n y posterior remisi\u00f3n de su p\u00f3ster. Solicitamos una lectura detalla de este instructivo. <\/p>\n\n\n\n<div class=\"wp-block-file\"><a href=\"https:\/\/www.acofi.edu.co\/eiei2020\/wp-content\/uploads\/2020\/05\/Instructivo_posteres_2020.pdf\" class=\"wp-block-file__button\" download> <strong>Descarga el instructivo para la elaboraci\u00f3n y env\u00edo del p\u00f3ster<\/strong><\/a><\/div>\n\n\n\n<p class=\"has-text-color has-medium-font-size has-luminous-vivid-amber-color\"><strong><em>Derechos de autor<\/em><\/strong><\/p>\n\n\n\n<p>Todos los trabajos ser\u00e1n compilados en las memorias del Encuentro. Esta publicaci\u00f3n ser\u00e1 realizada por la Asociaci\u00f3n Colombiana de Ingenier\u00eda, ACOFI, dando los cr\u00e9ditos correspondientes a todos los autores. Dicha publicaci\u00f3n no implica ning\u00fan reconocimiento en dinero para los autores.<\/p>\n\n\n\n<p>La responsabilidad del contenido de las ponencias es de los autores, adem\u00e1s, se deber\u00e1 contar con la autorizaci\u00f3n respectiva para la reproducci\u00f3n de cualquier ilustraci\u00f3n, texto, tabla o figura, tomados de otros autores y\/o fuentes. ACOFI no asume responsabilidad por las opiniones expresadas en los documentos publicados. Una vez la ponencia es aceptada, los autores deber\u00e1n suministrar a la Asociaci\u00f3n, su autorizaci\u00f3n de publicaci\u00f3n por escrito (ver formato).<\/p>\n\n\n\n<div class=\"wp-block-file\"><a href=\"https:\/\/www.acofi.edu.co\/eiei2020\/wp-content\/uploads\/2020\/05\/zz__Carta-de-derechos-2020.docx\" class=\"wp-block-file__button\" download> <strong>Formato Carta de derechos<\/strong><\/a><\/div>\n\n\n\n<p class=\"has-text-color has-medium-font-size has-luminous-vivid-amber-color\"><em><strong>Cronograma de la convocatoria<\/strong><\/em><\/p>\n\n\n\n<p>Se deber\u00e1 cumplir estrictamente con las\nsiguientes fechas l\u00edmite: <\/p>\n\n\n\n<ul><li>2 de diciembre de 2019: apertura del sistema para la presentaci\u00f3n de res\u00famenes.<\/li><li>17 de abril de 2020: presentaci\u00f3n de res\u00famenes.<\/li><li>15 de mayo de 2020: publicaci\u00f3n de res\u00famenes aceptados.<\/li><li>19 de junio de 2020: presentaci\u00f3n del trabajo completo.<\/li><li>9 de julio de 2020: env\u00edo de los p\u00f3steres.<\/li><li>31 de julio de 2020: registro de los participantes en la presentaci\u00f3n de las experiencias.<\/li><li>15 de agosto de 2020: env\u00edo del video.<\/li><\/ul>\n","protected":false},"excerpt":{"rendered":"<p>Entre los m\u00faltiples retos que enfrenta la sociedad se encuentra el manejo de las emociones. Lograr entender las emociones propias y las de los dem\u00e1s, constituye un elemento de alto valor en la toma de decisiones a nivel social, organizacional y personal. El impacto del manejo de las emociones condicionar\u00e1 el desarrollo de cualquier iniciativa [&hellip;]<\/p>\n","protected":false},"author":1,"featured_media":0,"parent":11,"menu_order":0,"comment_status":"closed","ping_status":"closed","template":"","meta":[],"_links":{"self":[{"href":"https:\/\/www.acofi.edu.co\/eiei2020\/wp-json\/wp\/v2\/pages\/233"}],"collection":[{"href":"https:\/\/www.acofi.edu.co\/eiei2020\/wp-json\/wp\/v2\/pages"}],"about":[{"href":"https:\/\/www.acofi.edu.co\/eiei2020\/wp-json\/wp\/v2\/types\/page"}],"author":[{"embeddable":true,"href":"https:\/\/www.acofi.edu.co\/eiei2020\/wp-json\/wp\/v2\/users\/1"}],"replies":[{"embeddable":true,"href":"https:\/\/www.acofi.edu.co\/eiei2020\/wp-json\/wp\/v2\/comments?post=233"}],"version-history":[{"count":10,"href":"https:\/\/www.acofi.edu.co\/eiei2020\/wp-json\/wp\/v2\/pages\/233\/revisions"}],"predecessor-version":[{"id":503,"href":"https:\/\/www.acofi.edu.co\/eiei2020\/wp-json\/wp\/v2\/pages\/233\/revisions\/503"}],"up":[{"embeddable":true,"href":"https:\/\/www.acofi.edu.co\/eiei2020\/wp-json\/wp\/v2\/pages\/11"}],"wp:attachment":[{"href":"https:\/\/www.acofi.edu.co\/eiei2020\/wp-json\/wp\/v2\/media?parent=233"}],"curies":[{"name":"wp","href":"https:\/\/api.w.org\/{rel}","templated":true}]}}