{"id":23,"date":"2019-11-30T03:39:18","date_gmt":"2019-11-30T03:39:18","guid":{"rendered":"http:\/\/www.acofi.edu.co\/eiei2020\/?page_id=23"},"modified":"2020-09-04T22:15:22","modified_gmt":"2020-09-04T22:15:22","slug":"invitados","status":"publish","type":"page","link":"https:\/\/www.acofi.edu.co\/eiei2020\/informacion-academica\/invitados\/","title":{"rendered":"Invitados"},"content":{"rendered":"\n<figure class=\"wp-block-gallery columns-3 is-cropped wp-block-gallery-1 is-layout-flex\"><ul class=\"blocks-gallery-grid\"><li class=\"blocks-gallery-item\"><figure><img decoding=\"async\" loading=\"lazy\" width=\"400\" height=\"400\" src=\"https:\/\/www.acofi.edu.co\/eiei2020\/wp-content\/uploads\/2020\/09\/Adriana-Castillo-1.jpg\" alt=\"\" data-id=\"834\" data-full-url=\"https:\/\/www.acofi.edu.co\/eiei2020\/wp-content\/uploads\/2020\/09\/Adriana-Castillo-1.jpg\" data-link=\"https:\/\/www.acofi.edu.co\/eiei2020\/informacion-academica\/invitados\/adriana-castillo-1\/#main\" class=\"wp-image-834\" srcset=\"https:\/\/www.acofi.edu.co\/eiei2020\/wp-content\/uploads\/2020\/09\/Adriana-Castillo-1.jpg 400w, https:\/\/www.acofi.edu.co\/eiei2020\/wp-content\/uploads\/2020\/09\/Adriana-Castillo-1-300x300.jpg 300w, https:\/\/www.acofi.edu.co\/eiei2020\/wp-content\/uploads\/2020\/09\/Adriana-Castillo-1-150x150.jpg 150w\" sizes=\"(max-width: 400px) 100vw, 400px\" \/><figcaption class=\"blocks-gallery-item__caption\">ADRIANA CASTILLO ROSAS, SAYDE, M\u00c9XICO<\/figcaption><\/figure><\/li><li class=\"blocks-gallery-item\"><figure><img decoding=\"async\" loading=\"lazy\" width=\"400\" height=\"400\" src=\"https:\/\/www.acofi.edu.co\/eiei2020\/wp-content\/uploads\/2020\/09\/Al-Sacco.jpg\" alt=\"\" data-id=\"835\" data-full-url=\"https:\/\/www.acofi.edu.co\/eiei2020\/wp-content\/uploads\/2020\/09\/Al-Sacco.jpg\" data-link=\"https:\/\/www.acofi.edu.co\/eiei2020\/informacion-academica\/invitados\/al-sacco\/#main\" class=\"wp-image-835\" srcset=\"https:\/\/www.acofi.edu.co\/eiei2020\/wp-content\/uploads\/2020\/09\/Al-Sacco.jpg 400w, https:\/\/www.acofi.edu.co\/eiei2020\/wp-content\/uploads\/2020\/09\/Al-Sacco-300x300.jpg 300w, https:\/\/www.acofi.edu.co\/eiei2020\/wp-content\/uploads\/2020\/09\/Al-Sacco-150x150.jpg 150w\" sizes=\"(max-width: 400px) 100vw, 400px\" \/><figcaption class=\"blocks-gallery-item__caption\">AL SACCO JR., TEXAS TECH UNIVERSITY, ESTADOS UNIDOS<\/figcaption><\/figure><\/li><li class=\"blocks-gallery-item\"><figure><img decoding=\"async\" loading=\"lazy\" width=\"400\" height=\"400\" src=\"https:\/\/www.acofi.edu.co\/eiei2020\/wp-content\/uploads\/2020\/09\/Alejandra-Gonz\u00e1lez.jpg\" alt=\"\" data-id=\"836\" data-full-url=\"https:\/\/www.acofi.edu.co\/eiei2020\/wp-content\/uploads\/2020\/09\/Alejandra-Gonz\u00e1lez.jpg\" data-link=\"https:\/\/www.acofi.edu.co\/eiei2020\/informacion-academica\/invitados\/alejandra-gonzalez\/#main\" class=\"wp-image-836\" srcset=\"https:\/\/www.acofi.edu.co\/eiei2020\/wp-content\/uploads\/2020\/09\/Alejandra-Gonz\u00e1lez.jpg 400w, https:\/\/www.acofi.edu.co\/eiei2020\/wp-content\/uploads\/2020\/09\/Alejandra-Gonz\u00e1lez-300x300.jpg 300w, https:\/\/www.acofi.edu.co\/eiei2020\/wp-content\/uploads\/2020\/09\/Alejandra-Gonz\u00e1lez-150x150.jpg 150w\" sizes=\"(max-width: 400px) 100vw, 400px\" \/><figcaption class=\"blocks-gallery-item__caption\">ALEJANDRA GONZ\u00c1LEZ, PONTIFICIA UNIVERSIDAD JAVERIANA, COLOMBIA<\/figcaption><\/figure><\/li><li class=\"blocks-gallery-item\"><figure><img decoding=\"async\" loading=\"lazy\" width=\"400\" height=\"400\" src=\"https:\/\/www.acofi.edu.co\/eiei2020\/wp-content\/uploads\/2020\/09\/Arellys-Correa.jpg\" alt=\"\" data-id=\"837\" data-full-url=\"https:\/\/www.acofi.edu.co\/eiei2020\/wp-content\/uploads\/2020\/09\/Arellys-Correa.jpg\" data-link=\"https:\/\/www.acofi.edu.co\/eiei2020\/informacion-academica\/invitados\/arellys-correa\/#main\" class=\"wp-image-837\" srcset=\"https:\/\/www.acofi.edu.co\/eiei2020\/wp-content\/uploads\/2020\/09\/Arellys-Correa.jpg 400w, https:\/\/www.acofi.edu.co\/eiei2020\/wp-content\/uploads\/2020\/09\/Arellys-Correa-300x300.jpg 300w, https:\/\/www.acofi.edu.co\/eiei2020\/wp-content\/uploads\/2020\/09\/Arellys-Correa-150x150.jpg 150w\" sizes=\"(max-width: 400px) 100vw, 400px\" \/><figcaption class=\"blocks-gallery-item__caption\">ARELLYS CORREA, UNIVERSIDAD NACIONAL ABIERTA Y A DISTANCIA, COLOMBIA<\/figcaption><\/figure><\/li><li class=\"blocks-gallery-item\"><figure><img decoding=\"async\" loading=\"lazy\" width=\"400\" height=\"400\" src=\"https:\/\/www.acofi.edu.co\/eiei2020\/wp-content\/uploads\/2020\/09\/Doris-Hernandez.jpg\" alt=\"\" data-id=\"838\" data-full-url=\"https:\/\/www.acofi.edu.co\/eiei2020\/wp-content\/uploads\/2020\/09\/Doris-Hernandez.jpg\" data-link=\"https:\/\/www.acofi.edu.co\/eiei2020\/informacion-academica\/invitados\/doris-hernandez\/#main\" class=\"wp-image-838\" srcset=\"https:\/\/www.acofi.edu.co\/eiei2020\/wp-content\/uploads\/2020\/09\/Doris-Hernandez.jpg 400w, https:\/\/www.acofi.edu.co\/eiei2020\/wp-content\/uploads\/2020\/09\/Doris-Hernandez-300x300.jpg 300w, https:\/\/www.acofi.edu.co\/eiei2020\/wp-content\/uploads\/2020\/09\/Doris-Hernandez-150x150.jpg 150w\" sizes=\"(max-width: 400px) 100vw, 400px\" \/><figcaption class=\"blocks-gallery-item__caption\">DORIS HERN\u00c1NDEZ DUKOVA, ESCUELA TECNOL\u00d3GICA INSTITUTO T\u00c9CNICO CENTRAL, COLOMBIA<\/figcaption><\/figure><\/li><li class=\"blocks-gallery-item\"><figure><img decoding=\"async\" loading=\"lazy\" width=\"400\" height=\"400\" src=\"https:\/\/www.acofi.edu.co\/eiei2020\/wp-content\/uploads\/2020\/09\/Homero-Murzi.png\" alt=\"\" data-id=\"839\" data-full-url=\"https:\/\/www.acofi.edu.co\/eiei2020\/wp-content\/uploads\/2020\/09\/Homero-Murzi.png\" data-link=\"https:\/\/www.acofi.edu.co\/eiei2020\/informacion-academica\/invitados\/homero-murzi\/#main\" class=\"wp-image-839\" srcset=\"https:\/\/www.acofi.edu.co\/eiei2020\/wp-content\/uploads\/2020\/09\/Homero-Murzi.png 400w, https:\/\/www.acofi.edu.co\/eiei2020\/wp-content\/uploads\/2020\/09\/Homero-Murzi-300x300.png 300w, https:\/\/www.acofi.edu.co\/eiei2020\/wp-content\/uploads\/2020\/09\/Homero-Murzi-150x150.png 150w\" sizes=\"(max-width: 400px) 100vw, 400px\" \/><figcaption class=\"blocks-gallery-item__caption\">HOMERO MURZI, VIRGINIA TECH, ESTADOS UNIDOS<\/figcaption><\/figure><\/li><li class=\"blocks-gallery-item\"><figure><img decoding=\"async\" loading=\"lazy\" width=\"400\" height=\"400\" src=\"https:\/\/www.acofi.edu.co\/eiei2020\/wp-content\/uploads\/2020\/09\/Humberto-G\u00f3mez-1.jpg\" alt=\"\" data-id=\"840\" data-full-url=\"https:\/\/www.acofi.edu.co\/eiei2020\/wp-content\/uploads\/2020\/09\/Humberto-G\u00f3mez-1.jpg\" data-link=\"https:\/\/www.acofi.edu.co\/eiei2020\/informacion-academica\/invitados\/humberto-gomez-1\/#main\" class=\"wp-image-840\" srcset=\"https:\/\/www.acofi.edu.co\/eiei2020\/wp-content\/uploads\/2020\/09\/Humberto-G\u00f3mez-1.jpg 400w, https:\/\/www.acofi.edu.co\/eiei2020\/wp-content\/uploads\/2020\/09\/Humberto-G\u00f3mez-1-300x300.jpg 300w, https:\/\/www.acofi.edu.co\/eiei2020\/wp-content\/uploads\/2020\/09\/Humberto-G\u00f3mez-1-150x150.jpg 150w\" sizes=\"(max-width: 400px) 100vw, 400px\" \/><figcaption class=\"blocks-gallery-item__caption\">HUMBERTO G\u00d3MEZ, UNIVERSIDAD DEL NORTE, COLOMBIA<\/figcaption><\/figure><\/li><li class=\"blocks-gallery-item\"><figure><img decoding=\"async\" loading=\"lazy\" width=\"400\" height=\"400\" src=\"https:\/\/www.acofi.edu.co\/eiei2020\/wp-content\/uploads\/2020\/09\/Javier-Botero.jpg\" alt=\"\" data-id=\"841\" data-full-url=\"https:\/\/www.acofi.edu.co\/eiei2020\/wp-content\/uploads\/2020\/09\/Javier-Botero.jpg\" data-link=\"https:\/\/www.acofi.edu.co\/eiei2020\/informacion-academica\/invitados\/javier-botero\/#main\" class=\"wp-image-841\" srcset=\"https:\/\/www.acofi.edu.co\/eiei2020\/wp-content\/uploads\/2020\/09\/Javier-Botero.jpg 400w, https:\/\/www.acofi.edu.co\/eiei2020\/wp-content\/uploads\/2020\/09\/Javier-Botero-300x300.jpg 300w, https:\/\/www.acofi.edu.co\/eiei2020\/wp-content\/uploads\/2020\/09\/Javier-Botero-150x150.jpg 150w\" sizes=\"(max-width: 400px) 100vw, 400px\" \/><figcaption class=\"blocks-gallery-item__caption\">JAVIER BOTERO \u00c1LVAREZ, ESTADOS UNIDOS<\/figcaption><\/figure><\/li><li class=\"blocks-gallery-item\"><figure><img decoding=\"async\" loading=\"lazy\" width=\"400\" height=\"400\" src=\"https:\/\/www.acofi.edu.co\/eiei2020\/wp-content\/uploads\/2020\/09\/Juan-S\u00e1nchez.jpg\" alt=\"\" data-id=\"842\" data-full-url=\"https:\/\/www.acofi.edu.co\/eiei2020\/wp-content\/uploads\/2020\/09\/Juan-S\u00e1nchez.jpg\" data-link=\"https:\/\/www.acofi.edu.co\/eiei2020\/informacion-academica\/invitados\/juan-sanchez\/#main\" class=\"wp-image-842\" srcset=\"https:\/\/www.acofi.edu.co\/eiei2020\/wp-content\/uploads\/2020\/09\/Juan-S\u00e1nchez.jpg 400w, https:\/\/www.acofi.edu.co\/eiei2020\/wp-content\/uploads\/2020\/09\/Juan-S\u00e1nchez-300x300.jpg 300w, https:\/\/www.acofi.edu.co\/eiei2020\/wp-content\/uploads\/2020\/09\/Juan-S\u00e1nchez-150x150.jpg 150w\" sizes=\"(max-width: 400px) 100vw, 400px\" \/><figcaption class=\"blocks-gallery-item__caption\">JUAN SEBASTI\u00c1N S\u00c1NCHEZ, UNIVERSIDAD DE LOS ANDES, COLOMBIA<\/figcaption><\/figure><\/li><li class=\"blocks-gallery-item\"><figure><img decoding=\"async\" loading=\"lazy\" width=\"400\" height=\"400\" src=\"https:\/\/www.acofi.edu.co\/eiei2020\/wp-content\/uploads\/2020\/09\/Jurgen-Loeber.jpg\" alt=\"\" data-id=\"843\" data-full-url=\"https:\/\/www.acofi.edu.co\/eiei2020\/wp-content\/uploads\/2020\/09\/Jurgen-Loeber.jpg\" data-link=\"https:\/\/www.acofi.edu.co\/eiei2020\/informacion-academica\/invitados\/jurgen-loeber\/#main\" class=\"wp-image-843\" srcset=\"https:\/\/www.acofi.edu.co\/eiei2020\/wp-content\/uploads\/2020\/09\/Jurgen-Loeber.jpg 400w, https:\/\/www.acofi.edu.co\/eiei2020\/wp-content\/uploads\/2020\/09\/Jurgen-Loeber-300x300.jpg 300w, https:\/\/www.acofi.edu.co\/eiei2020\/wp-content\/uploads\/2020\/09\/Jurgen-Loeber-150x150.jpg 150w\" sizes=\"(max-width: 400px) 100vw, 400px\" \/><figcaption class=\"blocks-gallery-item__caption\">J\u00dcRGEN LOEBER, ECOPETROL. COLOMBIA<\/figcaption><\/figure><\/li><li class=\"blocks-gallery-item\"><figure><img decoding=\"async\" loading=\"lazy\" width=\"400\" height=\"400\" src=\"https:\/\/www.acofi.edu.co\/eiei2020\/wp-content\/uploads\/2020\/09\/Kasarda-Mary.jpg\" alt=\"\" data-id=\"844\" data-full-url=\"https:\/\/www.acofi.edu.co\/eiei2020\/wp-content\/uploads\/2020\/09\/Kasarda-Mary.jpg\" data-link=\"https:\/\/www.acofi.edu.co\/eiei2020\/informacion-academica\/invitados\/kasarda-mary\/#main\" class=\"wp-image-844\" srcset=\"https:\/\/www.acofi.edu.co\/eiei2020\/wp-content\/uploads\/2020\/09\/Kasarda-Mary.jpg 400w, https:\/\/www.acofi.edu.co\/eiei2020\/wp-content\/uploads\/2020\/09\/Kasarda-Mary-300x300.jpg 300w, https:\/\/www.acofi.edu.co\/eiei2020\/wp-content\/uploads\/2020\/09\/Kasarda-Mary-150x150.jpg 150w\" sizes=\"(max-width: 400px) 100vw, 400px\" \/><figcaption class=\"blocks-gallery-item__caption\">MARY KASARDA, VIRGINIA TECH, ESTADOS UNIDOS<\/figcaption><\/figure><\/li><li class=\"blocks-gallery-item\"><figure><img decoding=\"async\" loading=\"lazy\" width=\"400\" height=\"400\" src=\"https:\/\/www.acofi.edu.co\/eiei2020\/wp-content\/uploads\/2020\/09\/Maria-Carolina-Romero.jpg\" alt=\"\" data-id=\"845\" data-full-url=\"https:\/\/www.acofi.edu.co\/eiei2020\/wp-content\/uploads\/2020\/09\/Maria-Carolina-Romero.jpg\" data-link=\"https:\/\/www.acofi.edu.co\/eiei2020\/informacion-academica\/invitados\/maria-carolina-romero\/#main\" class=\"wp-image-845\" srcset=\"https:\/\/www.acofi.edu.co\/eiei2020\/wp-content\/uploads\/2020\/09\/Maria-Carolina-Romero.jpg 400w, https:\/\/www.acofi.edu.co\/eiei2020\/wp-content\/uploads\/2020\/09\/Maria-Carolina-Romero-300x300.jpg 300w, https:\/\/www.acofi.edu.co\/eiei2020\/wp-content\/uploads\/2020\/09\/Maria-Carolina-Romero-150x150.jpg 150w\" sizes=\"(max-width: 400px) 100vw, 400px\" \/><figcaption class=\"blocks-gallery-item__caption\">MARIA CAROLINA ROMERO, ESCUELA COLOMBIANA DE INGENIER\u00cdA, COLOMBIA<\/figcaption><\/figure><\/li><li class=\"blocks-gallery-item\"><figure><img decoding=\"async\" loading=\"lazy\" width=\"400\" height=\"400\" src=\"https:\/\/www.acofi.edu.co\/eiei2020\/wp-content\/uploads\/2020\/09\/Olga-Teresa-S\u00e1nchez.jpeg\" alt=\"\" data-id=\"846\" data-full-url=\"https:\/\/www.acofi.edu.co\/eiei2020\/wp-content\/uploads\/2020\/09\/Olga-Teresa-S\u00e1nchez.jpeg\" data-link=\"https:\/\/www.acofi.edu.co\/eiei2020\/informacion-academica\/invitados\/olga-teresa-sanchez\/#main\" class=\"wp-image-846\" srcset=\"https:\/\/www.acofi.edu.co\/eiei2020\/wp-content\/uploads\/2020\/09\/Olga-Teresa-S\u00e1nchez.jpeg 400w, https:\/\/www.acofi.edu.co\/eiei2020\/wp-content\/uploads\/2020\/09\/Olga-Teresa-S\u00e1nchez-300x300.jpeg 300w, https:\/\/www.acofi.edu.co\/eiei2020\/wp-content\/uploads\/2020\/09\/Olga-Teresa-S\u00e1nchez-150x150.jpeg 150w\" sizes=\"(max-width: 400px) 100vw, 400px\" \/><figcaption class=\"blocks-gallery-item__caption\">TERESA S\u00c1NCHEZ, UNIVERSIDAD POLIT\u00c9CNICA ESTATAL DEL CARCHI, ECUADOR<\/figcaption><\/figure><\/li><li class=\"blocks-gallery-item\"><figure><img decoding=\"async\" loading=\"lazy\" width=\"400\" height=\"400\" src=\"https:\/\/www.acofi.edu.co\/eiei2020\/wp-content\/uploads\/2020\/09\/Patsy-Brackin.jpg\" alt=\"\" data-id=\"847\" data-full-url=\"https:\/\/www.acofi.edu.co\/eiei2020\/wp-content\/uploads\/2020\/09\/Patsy-Brackin.jpg\" data-link=\"https:\/\/www.acofi.edu.co\/eiei2020\/informacion-academica\/invitados\/patsy-brackin\/#main\" class=\"wp-image-847\" srcset=\"https:\/\/www.acofi.edu.co\/eiei2020\/wp-content\/uploads\/2020\/09\/Patsy-Brackin.jpg 400w, https:\/\/www.acofi.edu.co\/eiei2020\/wp-content\/uploads\/2020\/09\/Patsy-Brackin-300x300.jpg 300w, https:\/\/www.acofi.edu.co\/eiei2020\/wp-content\/uploads\/2020\/09\/Patsy-Brackin-150x150.jpg 150w\" sizes=\"(max-width: 400px) 100vw, 400px\" \/><figcaption class=\"blocks-gallery-item__caption\">PATSY BRACKIN, ROSE-HULMAN INSTITUTE, ESTADOS UNIDOS<\/figcaption><\/figure><\/li><li class=\"blocks-gallery-item\"><figure><img decoding=\"async\" loading=\"lazy\" width=\"400\" height=\"400\" src=\"https:\/\/www.acofi.edu.co\/eiei2020\/wp-content\/uploads\/2020\/09\/Roberto-Giordano.png\" alt=\"\" data-id=\"848\" data-full-url=\"https:\/\/www.acofi.edu.co\/eiei2020\/wp-content\/uploads\/2020\/09\/Roberto-Giordano.png\" data-link=\"https:\/\/www.acofi.edu.co\/eiei2020\/informacion-academica\/invitados\/roberto-giordano\/#main\" class=\"wp-image-848\" srcset=\"https:\/\/www.acofi.edu.co\/eiei2020\/wp-content\/uploads\/2020\/09\/Roberto-Giordano.png 400w, https:\/\/www.acofi.edu.co\/eiei2020\/wp-content\/uploads\/2020\/09\/Roberto-Giordano-300x300.png 300w, https:\/\/www.acofi.edu.co\/eiei2020\/wp-content\/uploads\/2020\/09\/Roberto-Giordano-150x150.png 150w\" sizes=\"(max-width: 400px) 100vw, 400px\" \/><figcaption class=\"blocks-gallery-item__caption\">ROBERTO GIORDANO, UNIVERSIDAD FASTA, ARGENTINA<\/figcaption><\/figure><\/li><li class=\"blocks-gallery-item\"><figure><img decoding=\"async\" loading=\"lazy\" width=\"400\" height=\"400\" src=\"https:\/\/www.acofi.edu.co\/eiei2020\/wp-content\/uploads\/2020\/09\/Sandra-Cirimelo.jpg\" alt=\"\" data-id=\"849\" data-full-url=\"https:\/\/www.acofi.edu.co\/eiei2020\/wp-content\/uploads\/2020\/09\/Sandra-Cirimelo.jpg\" data-link=\"https:\/\/www.acofi.edu.co\/eiei2020\/informacion-academica\/invitados\/sandra-cirimelo\/#main\" class=\"wp-image-849\" srcset=\"https:\/\/www.acofi.edu.co\/eiei2020\/wp-content\/uploads\/2020\/09\/Sandra-Cirimelo.jpg 400w, https:\/\/www.acofi.edu.co\/eiei2020\/wp-content\/uploads\/2020\/09\/Sandra-Cirimelo-300x300.jpg 300w, https:\/\/www.acofi.edu.co\/eiei2020\/wp-content\/uploads\/2020\/09\/Sandra-Cirimelo-150x150.jpg 150w\" sizes=\"(max-width: 400px) 100vw, 400px\" \/><figcaption class=\"blocks-gallery-item__caption\">SANDRA CIRIMELO, UNIVERSIDAD FASTA, ARGENTINA<\/figcaption><\/figure><\/li><li class=\"blocks-gallery-item\"><figure><img decoding=\"async\" loading=\"lazy\" width=\"400\" height=\"400\" src=\"https:\/\/www.acofi.edu.co\/eiei2020\/wp-content\/uploads\/2020\/09\/William-Giraldo.jpg\" alt=\"\" data-id=\"850\" data-full-url=\"https:\/\/www.acofi.edu.co\/eiei2020\/wp-content\/uploads\/2020\/09\/William-Giraldo.jpg\" data-link=\"https:\/\/www.acofi.edu.co\/eiei2020\/informacion-academica\/invitados\/william-giraldo\/#main\" class=\"wp-image-850\" srcset=\"https:\/\/www.acofi.edu.co\/eiei2020\/wp-content\/uploads\/2020\/09\/William-Giraldo.jpg 400w, https:\/\/www.acofi.edu.co\/eiei2020\/wp-content\/uploads\/2020\/09\/William-Giraldo-300x300.jpg 300w, https:\/\/www.acofi.edu.co\/eiei2020\/wp-content\/uploads\/2020\/09\/William-Giraldo-150x150.jpg 150w\" sizes=\"(max-width: 400px) 100vw, 400px\" \/><figcaption class=\"blocks-gallery-item__caption\">WILLIAM GIRALDO JIM\u00c9NEZ, EPM, COLOMBIA<\/figcaption><\/figure><\/li><\/ul><\/figure>\n","protected":false},"excerpt":{"rendered":"","protected":false},"author":1,"featured_media":0,"parent":13,"menu_order":0,"comment_status":"closed","ping_status":"closed","template":"","meta":[],"_links":{"self":[{"href":"https:\/\/www.acofi.edu.co\/eiei2020\/wp-json\/wp\/v2\/pages\/23"}],"collection":[{"href":"https:\/\/www.acofi.edu.co\/eiei2020\/wp-json\/wp\/v2\/pages"}],"about":[{"href":"https:\/\/www.acofi.edu.co\/eiei2020\/wp-json\/wp\/v2\/types\/page"}],"author":[{"embeddable":true,"href":"https:\/\/www.acofi.edu.co\/eiei2020\/wp-json\/wp\/v2\/users\/1"}],"replies":[{"embeddable":true,"href":"https:\/\/www.acofi.edu.co\/eiei2020\/wp-json\/wp\/v2\/comments?post=23"}],"version-history":[{"count":16,"href":"https:\/\/www.acofi.edu.co\/eiei2020\/wp-json\/wp\/v2\/pages\/23\/revisions"}],"predecessor-version":[{"id":863,"href":"https:\/\/www.acofi.edu.co\/eiei2020\/wp-json\/wp\/v2\/pages\/23\/revisions\/863"}],"up":[{"embeddable":true,"href":"https:\/\/www.acofi.edu.co\/eiei2020\/wp-json\/wp\/v2\/pages\/13"}],"wp:attachment":[{"href":"https:\/\/www.acofi.edu.co\/eiei2020\/wp-json\/wp\/v2\/media?parent=23"}],"curies":[{"name":"wp","href":"https:\/\/api.w.org\/{rel}","templated":true}]}}