{"id":229,"date":"2020-01-14T19:37:02","date_gmt":"2020-01-14T19:37:02","guid":{"rendered":"https:\/\/www.acofi.edu.co\/eiei2020\/?page_id=229"},"modified":"2020-06-12T15:54:56","modified_gmt":"2020-06-12T15:54:56","slug":"investigacion","status":"publish","type":"page","link":"https:\/\/www.acofi.edu.co\/eiei2020\/categorias-de-participacion\/investigacion\/","title":{"rendered":"Avances en investigaci\u00f3n"},"content":{"rendered":"\n<p>En el marco del EIEI ACOFI 2020 se abordar\u00e1n\nlos siguientes temas de inter\u00e9s sobre ingenier\u00eda, en los que se reflexionar\u00e1 y expondr\u00e1n\nexperiencias de las instituciones de educaci\u00f3n superior y de la empresa, para destacar\nel desarrollo cient\u00edfico tecnol\u00f3gico y su impacto social:<\/p>\n\n\n\n<figure class=\"wp-block-table aligncenter is-style-stripes\"><table class=\"has-subtle-pale-blue-background-color has-background\"><tbody><tr><td><strong>Uso eficiente del agua <\/strong><\/td><td>Soluciones   y propuestas innovadoras de ingenier\u00eda que garanticen el correcto acceso y uso del recurso h\u00eddrico.<\/td><\/tr><tr><td><strong>Ingenier\u00eda para la salud<\/strong><\/td><td>Aportes de ingenier\u00eda que contribuyan al mejoramiento de la salud y la calidad de vida. <\/td><\/tr><tr><td><strong>Eficiencia Energ\u00e9tica<\/strong><\/td><td>Soluciones de ingenier\u00eda para la generaci\u00f3n y apropiaci\u00f3n de tecnolog\u00edas y h\u00e1bitos de consumo, que optimicen el manejo y uso de los diferentes tipos de energ\u00eda.<\/td><\/tr><tr><td><strong>Movilidad vial<\/strong><\/td><td>Aportes de ingenier\u00eda encaminados al mejoramiento de la movilidad como contribuci\u00f3n a la productividad, competitividad y calidad de vida.<\/td><\/tr><\/tbody><\/table><\/figure>\n\n\n\n<p class=\"has-text-color has-medium-font-size has-luminous-vivid-amber-color\"><em><strong>Metodolog\u00eda<\/strong><\/em><\/p>\n\n\n\n<p>Los trabajos ser\u00e1n expuestos <strong>en forma oral y en p\u00f3ster<\/strong>. Los trabajos seleccionados se expondr\u00e1n de forma oral  y se exhibir\u00e1n como p\u00f3steres de manera permanente todos los d\u00edas del evento.<\/p>\n\n\n\n<p class=\"has-text-color has-medium-font-size has-luminous-vivid-amber-color\"><em><strong>Criterios de participaci\u00f3n<\/strong><\/em><\/p>\n\n\n\n<p>Los criterios de evaluaci\u00f3n son los siguientes:<\/p>\n\n\n\n<ul><li>Correspondencia con una investigaci\u00f3n.<\/li><li>Componente de innovaci\u00f3n.<\/li><li>Capacidad de implementaci\u00f3n, planeaci\u00f3n y\nalcance. Coherencia con uno de los\naspectos propuestos.<\/li><li>Contenido relevante.<\/li><\/ul>\n\n\n\n<p>Los trabajos seleccionados deber\u00e1n anexar el\ndise\u00f1o de un p\u00f3ster que cumpla con los par\u00e1metros de coherencia, factibilidad y\nposibilidad de implementaci\u00f3n, adem\u00e1s de unas especificaciones prestablecidas\nque se dar\u00e1n a conocer oportunamente. <\/p>\n\n\n\n<p>Esta propuesta se orienta a lograr una mejor\ninteracci\u00f3n y contar con elementos pr\u00e1cticos para los talleres.<\/p>\n\n\n\n<p class=\"has-text-color has-medium-font-size has-luminous-vivid-amber-color\"><em><strong>Dirigida a<\/strong><\/em><\/p>\n\n\n\n<ul><li>Directivos, profesores, estudiantes y\npersonal administrativo de las facultades, escuelas o programas de ingenier\u00eda\nque formen parte de investigaciones en cada uno de los aspectos considerados.<\/li><li>Grupos de investigaci\u00f3n de facultades,\nescuelas o programas de ingenier\u00eda.<\/li><li>Representantes del sector empresarial y del\ngobierno que est\u00e9n desarrollando investigaciones relacionadas con los aspectos propuestos.<\/li><\/ul>\n\n\n\n<p class=\"has-text-color has-medium-font-size has-luminous-vivid-amber-color\"><strong><em>C\u00f3mo enviar su resumen<\/em><\/strong><\/p>\n\n\n\n<div class=\"wp-block-file\"><a href=\"https:\/\/www.acofi.edu.co\/eiei2020\/wp-content\/uploads\/2020\/01\/Instructivo-para-subir-su-resumen.pdf\" class=\"wp-block-file__button\" download> <strong>Descarga el Instructivo para subir su resumen<\/strong><\/a><\/div>\n\n\n\n<ul><li>Prepare su resumen (entre 300 y 500 palabras)<\/li><li>Despu\u00e9s del 2 de diciembre de 2019, acceda al sitio web&nbsp;<strong><a href=\"http:\/\/www.acofipapers.org\/\">www.acofipapers.org<\/a><\/strong><\/li><li>Reg\u00edstrese en el sistema si a\u00fan no tiene acceso a \u00e9l<\/li><li>Copie y pegue el texto del resumen en el recuadro apropiado (no necesita adjuntar ning\u00fan documento\/archivo en esta etapa)<\/li><li>Es muy importante que todos los autores del trabajo queden inscritos en esta primera etapa, el sistema da la opci\u00f3n de agregar tantos autores como sea necesario<\/li><\/ul>\n\n\n\n<p class=\"has-text-color has-medium-font-size has-luminous-vivid-amber-color\"><em><strong>C\u00f3mo enviar su trabajo en extenso<\/strong><\/em><\/p>\n\n\n\n<div class=\"wp-block-file\"><a href=\"https:\/\/www.acofi.edu.co\/eiei2020\/wp-content\/uploads\/2020\/05\/Instructivo-presentaci\u00f3n-trabajo-completo-2020.pdf\" class=\"wp-block-file__button\" download><strong>Descarga el instructivo para subir el trabajo en extenso<\/strong><\/a><\/div>\n\n\n\n<p class=\"has-text-color has-medium-font-size has-luminous-vivid-amber-color\"><em><strong>C\u00f3mo enviar su p\u00f3ster<\/strong><\/em><\/p>\n\n\n\n<p>Consulte aqu\u00ed el instructivo para la elaboraci\u00f3n y posterior remisi\u00f3n de su p\u00f3ster. Solicitamos una lectura detalla de este instructivo. <\/p>\n\n\n\n<div class=\"wp-block-file\"><a href=\"https:\/\/www.acofi.edu.co\/eiei2020\/wp-content\/uploads\/2020\/05\/Instructivo_posteres_2020.pdf\" class=\"wp-block-file__button\" download><strong>Descarga el instructivo para la elaboraci\u00f3n y env\u00edo del p\u00f3ster<\/strong><\/a><\/div>\n\n\n\n<p class=\"has-text-color has-medium-font-size has-luminous-vivid-amber-color\"><strong><em>Derechos de autor<\/em><\/strong><\/p>\n\n\n\n<p>Todos los trabajos ser\u00e1n compilados en las memorias del Encuentro. Esta publicaci\u00f3n ser\u00e1 realizada por la Asociaci\u00f3n Colombiana de Ingenier\u00eda, ACOFI, dando los cr\u00e9ditos correspondientes a todos los autores. Dicha publicaci\u00f3n no implica ning\u00fan reconocimiento en dinero para los autores.<\/p>\n\n\n\n<p>La responsabilidad del contenido de las ponencias es de los autores, adem\u00e1s, se deber\u00e1 contar con la autorizaci\u00f3n respectiva para la reproducci\u00f3n de cualquier ilustraci\u00f3n, texto, tabla o figura, tomados de otros autores y\/o fuentes. ACOFI no asume responsabilidad por las opiniones expresadas en los documentos publicados. Una vez la ponencia es aceptada, los autores deber\u00e1n suministrar a la Asociaci\u00f3n, su autorizaci\u00f3n de publicaci\u00f3n por escrito (ver formato).<\/p>\n\n\n\n<div class=\"wp-block-file\"><a href=\"https:\/\/www.acofi.edu.co\/eiei2020\/wp-content\/uploads\/2020\/05\/zz__Carta-de-derechos-2020.docx\" class=\"wp-block-file__button\" download><strong>Formato Carta de derechos<\/strong><\/a><\/div>\n\n\n\n<p class=\"has-text-color has-medium-font-size has-luminous-vivid-amber-color\"><em><strong>Cronograma de la convocatoria<\/strong><\/em><\/p>\n\n\n\n<p>Se deber\u00e1 cumplir estrictamente con las\nsiguientes fechas l\u00edmite: <\/p>\n\n\n\n<ul><li>2 de diciembre de 2019: apertura del sistema para la presentaci\u00f3n de res\u00famenes.<\/li><li>17 de abril de 2020: presentaci\u00f3n de res\u00famenes.<\/li><li>15 de mayo de 2020: publicaci\u00f3n de res\u00famenes aceptados.<\/li><li>19 de junio de 2020: presentaci\u00f3n del trabajo completo.<\/li><li>9 de julio de 2020: env\u00edo de los p\u00f3steres.<\/li><li>31 de julio de 2020: registro de los participantes en la presentaci\u00f3n de los avances.<\/li><li>15 de agosto de 2020: env\u00edo del video.<\/li><\/ul>\n\n\n\n<p><\/p>\n","protected":false},"excerpt":{"rendered":"<p>En el marco del EIEI ACOFI 2020 se abordar\u00e1n los siguientes temas de inter\u00e9s sobre ingenier\u00eda, en los que se reflexionar\u00e1 y expondr\u00e1n experiencias de las instituciones de educaci\u00f3n superior y de la empresa, para destacar el desarrollo cient\u00edfico tecnol\u00f3gico y su impacto social: Uso eficiente del agua Soluciones y propuestas innovadoras de ingenier\u00eda que [&hellip;]<\/p>\n","protected":false},"author":1,"featured_media":0,"parent":11,"menu_order":0,"comment_status":"closed","ping_status":"closed","template":"","meta":[],"_links":{"self":[{"href":"https:\/\/www.acofi.edu.co\/eiei2020\/wp-json\/wp\/v2\/pages\/229"}],"collection":[{"href":"https:\/\/www.acofi.edu.co\/eiei2020\/wp-json\/wp\/v2\/pages"}],"about":[{"href":"https:\/\/www.acofi.edu.co\/eiei2020\/wp-json\/wp\/v2\/types\/page"}],"author":[{"embeddable":true,"href":"https:\/\/www.acofi.edu.co\/eiei2020\/wp-json\/wp\/v2\/users\/1"}],"replies":[{"embeddable":true,"href":"https:\/\/www.acofi.edu.co\/eiei2020\/wp-json\/wp\/v2\/comments?post=229"}],"version-history":[{"count":21,"href":"https:\/\/www.acofi.edu.co\/eiei2020\/wp-json\/wp\/v2\/pages\/229\/revisions"}],"predecessor-version":[{"id":504,"href":"https:\/\/www.acofi.edu.co\/eiei2020\/wp-json\/wp\/v2\/pages\/229\/revisions\/504"}],"up":[{"embeddable":true,"href":"https:\/\/www.acofi.edu.co\/eiei2020\/wp-json\/wp\/v2\/pages\/11"}],"wp:attachment":[{"href":"https:\/\/www.acofi.edu.co\/eiei2020\/wp-json\/wp\/v2\/media?parent=229"}],"curies":[{"name":"wp","href":"https:\/\/api.w.org\/{rel}","templated":true}]}}