{"id":21,"date":"2019-11-30T03:38:54","date_gmt":"2019-11-30T03:38:54","guid":{"rendered":"http:\/\/www.acofi.edu.co\/eiei2020\/?page_id=21"},"modified":"2020-10-05T16:23:45","modified_gmt":"2020-10-05T16:23:45","slug":"conferencias","status":"publish","type":"page","link":"https:\/\/www.acofi.edu.co\/eiei2020\/informacion-academica\/conferencias\/","title":{"rendered":"Conferencias"},"content":{"rendered":"\n<h3 class=\"has-text-color wp-block-heading\" style=\"color:#ef4136\">Instalaci\u00f3n<\/h3>\n\n\n\n<div class=\"wp-block-file\"><a href=\"https:\/\/www.acofi.edu.co\/eiei2020\/wp-content\/uploads\/2020\/09\/J\u00fcrgen-Loeber-ECOPETROL.pdf\">J\u00fcrgen Loeber ECOPETROL<\/a><a href=\"https:\/\/www.acofi.edu.co\/eiei2020\/wp-content\/uploads\/2020\/09\/J\u00fcrgen-Loeber-ECOPETROL.pdf\" class=\"wp-block-file__button\" download>Descarga<\/a><\/div>\n\n\n\n<figure class=\"wp-block-embed-youtube wp-block-embed is-type-video is-provider-youtube wp-embed-aspect-16-9 wp-has-aspect-ratio\"><div class=\"wp-block-embed__wrapper\">\n<iframe loading=\"lazy\" title=\"EIEI ACOFI 2020 Instalaci\u00f3n\" width=\"770\" height=\"433\" src=\"https:\/\/www.youtube.com\/embed\/drG106oyqCc?feature=oembed\" frameborder=\"0\" allow=\"accelerometer; autoplay; clipboard-write; encrypted-media; gyroscope; picture-in-picture\" allowfullscreen><\/iframe>\n<\/div><\/figure>\n\n\n\n<p style=\"color:#ffffff\" class=\"has-text-color\">&#8230;<\/p>\n\n\n\n<h3 class=\"has-text-color wp-block-heading\" style=\"color:#ef4136\">Panel Mujeres en ingenier\u00eda<\/h3>\n\n\n\n<figure class=\"wp-block-embed-youtube wp-block-embed is-type-video is-provider-youtube wp-embed-aspect-16-9 wp-has-aspect-ratio\"><div class=\"wp-block-embed__wrapper\">\n<iframe loading=\"lazy\" title=\"EIEI ACOFI 2020 Panel Mujeres en ingenier\u00eda\" width=\"770\" height=\"433\" src=\"https:\/\/www.youtube.com\/embed\/ZuN6OHDEs6U?feature=oembed\" frameborder=\"0\" allow=\"accelerometer; autoplay; clipboard-write; encrypted-media; gyroscope; picture-in-picture\" allowfullscreen><\/iframe>\n<\/div><\/figure>\n\n\n\n<p style=\"color:#ffffff\" class=\"has-text-color\">&#8230;<\/p>\n\n\n\n<h3 class=\"has-text-color wp-block-heading\" style=\"color:#ef4136\">Taller \u00bf<strong>Qu\u00e9 es el Dise\u00f1o Tecno \u2013 Pedag\u00f3gico<\/strong>?<\/h3>\n\n\n\n<div class=\"wp-block-file\"><a href=\"https:\/\/www.acofi.edu.co\/eiei2020\/wp-content\/uploads\/2020\/09\/Adriana-Castillo-Rosas.pdf\">Adriana Castillo Rosas<\/a><a href=\"https:\/\/www.acofi.edu.co\/eiei2020\/wp-content\/uploads\/2020\/09\/Adriana-Castillo-Rosas.pdf\" class=\"wp-block-file__button\" download>Descarga<\/a><\/div>\n\n\n\n<p style=\"color:#ffffff\" class=\"has-text-color\">&#8230;.<\/p>\n\n\n\n<h3 class=\"has-text-color wp-block-heading\" style=\"color:#ef4136\">Jornada acad\u00e9mica New normal, new challenges, and new developments<\/h3>\n\n\n\n<figure class=\"wp-block-embed-youtube wp-block-embed is-type-video is-provider-youtube wp-embed-aspect-16-9 wp-has-aspect-ratio\"><div class=\"wp-block-embed__wrapper\">\n<iframe loading=\"lazy\" title=\"EIEI ACOFI 2020 Jornada acad\u00e9mica New normal, new challenges, and new developments\" width=\"770\" height=\"433\" src=\"https:\/\/www.youtube.com\/embed\/_SbTE5sMR9U?feature=oembed\" frameborder=\"0\" allow=\"accelerometer; autoplay; clipboard-write; encrypted-media; gyroscope; picture-in-picture\" allowfullscreen><\/iframe>\n<\/div><\/figure>\n\n\n\n<p style=\"color:#ffffff\" class=\"has-text-color\">&#8230;.<\/p>\n\n\n\n<h3 class=\"has-text-color wp-block-heading\" style=\"color:#ef4136\">Conferencia Desarrollo y evaluaci\u00f3n de competencias gen\u00e9ricas en las carreras de ingenier\u00eda en Argentina<\/h3>\n\n\n\n<div class=\"wp-block-file\"><a href=\"https:\/\/www.acofi.edu.co\/eiei2020\/wp-content\/uploads\/2020\/09\/Sandra-Cirimelo-\u2013-Roberto-Giordano-Lerena.pdf\">Sandra Cirimelo\u2013Roberto Giordano Lerena<\/a><a href=\"https:\/\/www.acofi.edu.co\/eiei2020\/wp-content\/uploads\/2020\/09\/Sandra-Cirimelo-\u2013-Roberto-Giordano-Lerena.pdf\" class=\"wp-block-file__button\" download>Descarga<\/a><\/div>\n\n\n\n<figure class=\"wp-block-embed-youtube wp-block-embed is-type-video is-provider-youtube wp-embed-aspect-16-9 wp-has-aspect-ratio\"><div class=\"wp-block-embed__wrapper\">\n<iframe loading=\"lazy\" title=\"EIEI ACOFI 2020 Conferencia Desarrollo y evaluaci\u00f3n de competencias gen\u00e9ricas en las carreras de ing\" width=\"770\" height=\"433\" src=\"https:\/\/www.youtube.com\/embed\/U4wnvTmsghI?feature=oembed\" frameborder=\"0\" allow=\"accelerometer; autoplay; clipboard-write; encrypted-media; gyroscope; picture-in-picture\" allowfullscreen><\/iframe>\n<\/div><\/figure>\n\n\n\n<p style=\"color:#ffffff\" class=\"has-text-color\">&#8230;.<\/p>\n\n\n\n<h3 class=\"has-text-color wp-block-heading\" style=\"color:#ef4136\">Taller Energ\u00eda y sostenibilidad<\/h3>\n\n\n\n<figure class=\"wp-block-embed-youtube wp-block-embed is-type-video is-provider-youtube wp-embed-aspect-16-9 wp-has-aspect-ratio\"><div class=\"wp-block-embed__wrapper\">\n<iframe loading=\"lazy\" title=\"EIEI ACOFI 2020   Taller Energ\u00eda y sostenibilidad\" width=\"770\" height=\"433\" src=\"https:\/\/www.youtube.com\/embed\/431ToEeKGJ8?feature=oembed\" frameborder=\"0\" allow=\"accelerometer; autoplay; clipboard-write; encrypted-media; gyroscope; picture-in-picture\" allowfullscreen><\/iframe>\n<\/div><\/figure>\n\n\n\n<p style=\"color:#ffffff\" class=\"has-text-color\">&#8230;<\/p>\n\n\n\n<h3 class=\"has-text-color wp-block-heading\" style=\"color:#ef4136\">Conversatorio Proceso de ense\u00f1anza en el aula desde la virtualidad<\/h3>\n\n\n\n<div class=\"wp-block-file\"><a href=\"https:\/\/www.acofi.edu.co\/eiei2020\/wp-content\/uploads\/2020\/09\/Arellys-Correa.pdf\">Arellys Correa<\/a><a href=\"https:\/\/www.acofi.edu.co\/eiei2020\/wp-content\/uploads\/2020\/09\/Arellys-Correa.pdf\" class=\"wp-block-file__button\" download>Descarga<\/a><\/div>\n\n\n\n<div class=\"wp-block-file\"><a href=\"https:\/\/www.acofi.edu.co\/eiei2020\/wp-content\/uploads\/2020\/09\/Juan-Sebasti\u00e1n-S\u00e1nchez.pdf\">Juan Sebasti\u00e1n S\u00e1nchez<\/a><a href=\"https:\/\/www.acofi.edu.co\/eiei2020\/wp-content\/uploads\/2020\/09\/Juan-Sebasti\u00e1n-S\u00e1nchez.pdf\" class=\"wp-block-file__button\" download>Descarga<\/a><\/div>\n\n\n\n<div class=\"wp-block-file\"><a href=\"https:\/\/www.acofi.edu.co\/eiei2020\/wp-content\/uploads\/2020\/09\/Murzi-Homero.pdf\">Homero Murzi<\/a><a href=\"https:\/\/www.acofi.edu.co\/eiei2020\/wp-content\/uploads\/2020\/09\/Murzi-Homero.pdf\" class=\"wp-block-file__button\" download>Descarga<\/a><\/div>\n\n\n\n<figure class=\"wp-block-embed-youtube wp-block-embed is-type-video is-provider-youtube wp-embed-aspect-16-9 wp-has-aspect-ratio\"><div class=\"wp-block-embed__wrapper\">\n<iframe loading=\"lazy\" title=\"EIEI ACOFI 2020 Conversatorio Proceso de ense\u00f1anza en el aula desde la virtualidad\" width=\"770\" height=\"433\" src=\"https:\/\/www.youtube.com\/embed\/A5jH3ajfPoU?feature=oembed\" frameborder=\"0\" allow=\"accelerometer; autoplay; clipboard-write; encrypted-media; gyroscope; picture-in-picture\" allowfullscreen><\/iframe>\n<\/div><\/figure>\n\n\n\n<p style=\"color:#ffffff\" class=\"has-text-color\">&#8230;<\/p>\n\n\n\n<h3 class=\"has-text-color wp-block-heading\" style=\"color:#ef4136\">Jornada acad\u00e9mica Nuevos desaf\u00edos requieren nuevos liderazgos<\/h3>\n\n\n\n<figure class=\"wp-block-embed-youtube wp-block-embed is-type-video is-provider-youtube wp-embed-aspect-16-9 wp-has-aspect-ratio\"><div class=\"wp-block-embed__wrapper\">\n<iframe loading=\"lazy\" title=\"EIEI ACOFI 2020 Jornada acad\u00e9mica Nuevos desaf\u00edos requieren nuevos liderazgos\" width=\"770\" height=\"433\" src=\"https:\/\/www.youtube.com\/embed\/98shcLTIEhc?feature=oembed\" frameborder=\"0\" allow=\"accelerometer; autoplay; clipboard-write; encrypted-media; gyroscope; picture-in-picture\" allowfullscreen><\/iframe>\n<\/div><\/figure>\n\n\n\n<p style=\"color:#ffffff\" class=\"has-text-color\">&#8230;<\/p>\n\n\n\n<h3 class=\"has-text-color wp-block-heading\" style=\"color:#ef4136\">Taller <strong>El Desarrollo curricular como factor de Calidad educativa<\/strong><\/h3>\n\n\n\n<div class=\"wp-block-file\"><a href=\"https:\/\/www.acofi.edu.co\/eiei2020\/wp-content\/uploads\/2020\/09\/Doris-Hern\u00e1ndez-Dukova.pdf\">Doris Hern\u00e1ndez Dukova<\/a><a href=\"https:\/\/www.acofi.edu.co\/eiei2020\/wp-content\/uploads\/2020\/09\/Doris-Hern\u00e1ndez-Dukova.pdf\" class=\"wp-block-file__button\" download>Descarga<\/a><\/div>\n\n\n\n<p style=\"color:#ffffff\" class=\"has-text-color\">&#8230;<\/p>\n\n\n\n<h3 class=\"has-text-color wp-block-heading\" style=\"color:#ef4136\">Jornada acad\u00e9mica Ense\u00f1anza de las Ingenier\u00edas y Pandemia: \u00bfsimple coyuntura o nuevos escenarios?<\/h3>\n\n\n\n<div class=\"wp-block-file\"><a href=\"https:\/\/www.acofi.edu.co\/eiei2020\/wp-content\/uploads\/2020\/09\/Mercedes-Erck.pdf\">Mercedes Erck<\/a><a href=\"https:\/\/www.acofi.edu.co\/eiei2020\/wp-content\/uploads\/2020\/09\/Mercedes-Erck.pdf\" class=\"wp-block-file__button\" download>Descarga<\/a><\/div>\n\n\n\n<figure class=\"wp-block-embed-youtube wp-block-embed is-type-video is-provider-youtube wp-embed-aspect-16-9 wp-has-aspect-ratio\"><div class=\"wp-block-embed__wrapper\">\n<iframe loading=\"lazy\" title=\"EIEI ACOFI 2020 JA Ense\u00f1anza de las Ingenier\u00edas y Pandemia: \u00bfsimple coyuntura o nuevos escenarios?\" width=\"770\" height=\"433\" src=\"https:\/\/www.youtube.com\/embed\/Zevav0WFyHY?feature=oembed\" frameborder=\"0\" allow=\"accelerometer; autoplay; clipboard-write; encrypted-media; gyroscope; picture-in-picture\" allowfullscreen><\/iframe>\n<\/div><\/figure>\n\n\n\n<p style=\"color:#ffffff\" class=\"has-text-color\">&#8230;.<\/p>\n\n\n\n<h3 class=\"has-text-color wp-block-heading\" style=\"color:#ef4136\">Conversatorio La ingenier\u00eda, un compromiso para el desarrollo y la sostenibilidad<\/h3>\n\n\n\n<div class=\"wp-block-file\"><a href=\"https:\/\/www.acofi.edu.co\/eiei2020\/wp-content\/uploads\/2020\/09\/Ricardo-Corredor-INVIAS.pdf\">Ricardo Corredor-INVIAS<\/a><a href=\"https:\/\/www.acofi.edu.co\/eiei2020\/wp-content\/uploads\/2020\/09\/Ricardo-Corredor-INVIAS.pdf\" class=\"wp-block-file__button\" download>Descarga<\/a><\/div>\n\n\n\n<figure class=\"wp-block-embed-youtube wp-block-embed is-type-video is-provider-youtube wp-embed-aspect-16-9 wp-has-aspect-ratio\"><div class=\"wp-block-embed__wrapper\">\n<iframe loading=\"lazy\" title=\"EIEI ACOFI 2020 Conversatorio La ingenier\u00eda, un compromiso para el desarrollo y la sostenibilidad\" width=\"770\" height=\"433\" src=\"https:\/\/www.youtube.com\/embed\/iyl9cqEQPWA?feature=oembed\" frameborder=\"0\" allow=\"accelerometer; autoplay; clipboard-write; encrypted-media; gyroscope; picture-in-picture\" allowfullscreen><\/iframe>\n<\/div><\/figure>\n\n\n\n<p style=\"color:#ffffff\" class=\"has-text-color\">&#8230;<\/p>\n\n\n\n<h3 class=\"has-text-color wp-block-heading\" style=\"color:#ef4136\">Conversatorio Internships \/ Co-op Experiences: Student Outcomes and their Assessment<\/h3>\n\n\n\n<figure class=\"wp-block-embed-youtube wp-block-embed is-type-video is-provider-youtube wp-embed-aspect-16-9 wp-has-aspect-ratio\"><div class=\"wp-block-embed__wrapper\">\n<iframe loading=\"lazy\" title=\"EIEI ACOFI 2020 Conversatorio Internships \/ Co-op Experiences: Student Outcomes and their Assessment\" width=\"770\" height=\"433\" src=\"https:\/\/www.youtube.com\/embed\/xAOjLBcV8Jo?feature=oembed\" frameborder=\"0\" allow=\"accelerometer; autoplay; clipboard-write; encrypted-media; gyroscope; picture-in-picture\" allowfullscreen><\/iframe>\n<\/div><\/figure>\n\n\n\n<p style=\"color:#ffffff\" class=\"has-text-color\">&#8230;<\/p>\n\n\n\n<h3 class=\"has-text-color wp-block-heading\" style=\"color:#ef4136\">Panel La ingenier\u00eda frente a los retos del post-Covid 19<\/h3>\n\n\n\n<figure class=\"wp-block-embed-youtube wp-block-embed is-type-video is-provider-youtube wp-embed-aspect-16-9 wp-has-aspect-ratio\"><div class=\"wp-block-embed__wrapper\">\n<iframe loading=\"lazy\" title=\"EIEI ACOFI 2020 Panel La ingenier\u00eda frente a los retos del post-Covid 19\" width=\"770\" height=\"433\" src=\"https:\/\/www.youtube.com\/embed\/582NkO-9aoU?feature=oembed\" frameborder=\"0\" allow=\"accelerometer; autoplay; clipboard-write; encrypted-media; gyroscope; picture-in-picture\" allowfullscreen><\/iframe>\n<\/div><\/figure>\n\n\n\n<p style=\"color:#ffffff\" class=\"has-text-color\">&#8230;<\/p>\n\n\n\n<h3 class=\"has-text-color wp-block-heading\" style=\"color:#ef4136\">Jornada acad\u00e9mica Retos en la formaci\u00f3n de ingenieros para el desarrollo: una propuesta ACOFI 2006 \u2013 2020<\/h3>\n\n\n\n<figure class=\"wp-block-embed-youtube wp-block-embed is-type-video is-provider-youtube wp-embed-aspect-16-9 wp-has-aspect-ratio\"><div class=\"wp-block-embed__wrapper\">\n<iframe loading=\"lazy\" title=\"EIEI 2020 JA Retos en la formaci\u00f3n de ingenieros para el desarrollo: una propuesta ACOFI 2006 \u2013 2020\" width=\"770\" height=\"433\" src=\"https:\/\/www.youtube.com\/embed\/eUGgJrlH3WU?feature=oembed\" frameborder=\"0\" allow=\"accelerometer; autoplay; clipboard-write; encrypted-media; gyroscope; picture-in-picture\" allowfullscreen><\/iframe>\n<\/div><\/figure>\n\n\n\n<p><\/p>\n","protected":false},"excerpt":{"rendered":"<p>Instalaci\u00f3n &#8230; Panel Mujeres en ingenier\u00eda &#8230; Taller \u00bfQu\u00e9 es el Dise\u00f1o Tecno \u2013 Pedag\u00f3gico? &#8230;. Jornada acad\u00e9mica New normal, new challenges, and new developments &#8230;. Conferencia Desarrollo y evaluaci\u00f3n de competencias gen\u00e9ricas en las carreras de ingenier\u00eda en Argentina &#8230;. Taller Energ\u00eda y sostenibilidad &#8230; Conversatorio Proceso de ense\u00f1anza en el aula desde la [&hellip;]<\/p>\n","protected":false},"author":1,"featured_media":0,"parent":13,"menu_order":0,"comment_status":"closed","ping_status":"closed","template":"","meta":[],"_links":{"self":[{"href":"https:\/\/www.acofi.edu.co\/eiei2020\/wp-json\/wp\/v2\/pages\/21"}],"collection":[{"href":"https:\/\/www.acofi.edu.co\/eiei2020\/wp-json\/wp\/v2\/pages"}],"about":[{"href":"https:\/\/www.acofi.edu.co\/eiei2020\/wp-json\/wp\/v2\/types\/page"}],"author":[{"embeddable":true,"href":"https:\/\/www.acofi.edu.co\/eiei2020\/wp-json\/wp\/v2\/users\/1"}],"replies":[{"embeddable":true,"href":"https:\/\/www.acofi.edu.co\/eiei2020\/wp-json\/wp\/v2\/comments?post=21"}],"version-history":[{"count":35,"href":"https:\/\/www.acofi.edu.co\/eiei2020\/wp-json\/wp\/v2\/pages\/21\/revisions"}],"predecessor-version":[{"id":1021,"href":"https:\/\/www.acofi.edu.co\/eiei2020\/wp-json\/wp\/v2\/pages\/21\/revisions\/1021"}],"up":[{"embeddable":true,"href":"https:\/\/www.acofi.edu.co\/eiei2020\/wp-json\/wp\/v2\/pages\/13"}],"wp:attachment":[{"href":"https:\/\/www.acofi.edu.co\/eiei2020\/wp-json\/wp\/v2\/media?parent=21"}],"curies":[{"name":"wp","href":"https:\/\/api.w.org\/{rel}","templated":true}]}}