{"id":57,"date":"2017-11-05T15:45:48","date_gmt":"2017-11-05T15:45:48","guid":{"rendered":"http:\/\/www.acofi.edu.co\/eiei2018\/?page_id=57"},"modified":"2018-09-06T14:56:38","modified_gmt":"2018-09-06T14:56:38","slug":"prensa","status":"publish","type":"page","link":"https:\/\/www.acofi.edu.co\/eiei2018\/prensa\/","title":{"rendered":"Prensa"},"content":{"rendered":"<p style=\"text-align: justify;\">Bienvenido al link de Prensa. Hemos dispuesto este espacio para compartir con ustedes las noticias e informaci\u00f3n actualizada sobre las diferentes actividades que tendr\u00e1n lugar en el EIEI ACOFI 2018. Si desea mayor informaci\u00f3n del evento o tiene inquietudes al respecto, escr\u00edbanos al correo <strong><a href=\"mailto:prensa@acofi.edu.co\">prensa@acofi.edu.co<\/a><\/strong>, con gusto daremos pronta respuesta. Alix Rubiela Beltr\u00e1n P. Comunicaciones ACOFI. Celular 318 3083225.<\/p>\n<p>&nbsp;<\/p>\n<h3 style=\"text-align: justify;\"><span style=\"color: #64698e;\">Boletines de prensa<\/span><\/h3>\n<p><strong><a href=\"http:\/\/www.acofi.edu.co\/wp-content\/uploads\/2018\/09\/Bolet%C3%ADn-de-prensa-7.docx\">Bolet\u00edn de prensa 7<\/a><\/strong><\/p>\n<p>FRANCIA, PA\u00cdS INVITADO AL ENCUENTRO INTERNACIONAL DE EDUCACI\u00d3N EN INGENIER\u00cdA (EIEI ACOFI 2018)<\/p>\n<p><span style=\"color: #ffffff;\">.<\/span><\/p>\n<h3 style=\"text-align: justify;\"><span style=\"color: #64698e;\">Redes Sociales<\/span><\/h3>\n<div class=\"row\">\n<div class=\"col-12 col-sm-6\">\n<h4 style=\"text-align: justify;\"><span style=\"color: #ef4136;\">Facebook<\/span><\/h4>\n<p><iframe src=\"https:\/\/www.facebook.com\/plugins\/page.php?href=https%3A%2F%2Fwww.facebook.com%2Fface.acofi%2F&amp;tabs=timeline&amp;width=340&amp;height=500&amp;small_header=false&amp;adapt_container_width=true&amp;hide_cover=false&amp;show_facepile=true&amp;appId\" width=\"340\" height=\"500\" frameborder=\"0\" scrolling=\"no\"><\/iframe><\/p>\n<\/div>\n<div class=\"col-12 col-sm-6\">\n<h4 style=\"text-align: justify;\"><span style=\"color: #ef4136;\">Twitter<\/span><\/h4>\n<p><a class=\"twitter-timeline\" href=\"https:\/\/twitter.com\/acofi\" data-width=\"350\" data-height=\"600\" data-dnt=\"true\">Tweets by acofi<\/a><script src=\"\/\/platform.twitter.com\/widgets.js\" async=\"\" charset=\"utf-8\"><\/script><\/p>\n<\/div>\n<\/div>\n<div style=\"clear: both; text-align: justify;\"><\/div>\n<div style=\"clear: both;\"><\/div>\n","protected":false},"excerpt":{"rendered":"<p>Bienvenido al link de Prensa. Hemos dispuesto este espacio para compartir con ustedes las noticias e informaci\u00f3n actualizada sobre las diferentes actividades que tendr\u00e1n lugar en el EIEI ACOFI 2018. Si desea mayor informaci\u00f3n del evento o tiene inquietudes al respecto, escr\u00edbanos al correo prensa@acofi.edu.co, con gusto daremos pronta respuesta. Alix Rubiela Beltr\u00e1n P. Comunicaciones [&hellip;]<\/p>\n","protected":false},"author":1,"featured_media":0,"parent":0,"menu_order":0,"comment_status":"closed","ping_status":"closed","template":"","meta":[],"_links":{"self":[{"href":"https:\/\/www.acofi.edu.co\/eiei2018\/wp-json\/wp\/v2\/pages\/57"}],"collection":[{"href":"https:\/\/www.acofi.edu.co\/eiei2018\/wp-json\/wp\/v2\/pages"}],"about":[{"href":"https:\/\/www.acofi.edu.co\/eiei2018\/wp-json\/wp\/v2\/types\/page"}],"author":[{"embeddable":true,"href":"https:\/\/www.acofi.edu.co\/eiei2018\/wp-json\/wp\/v2\/users\/1"}],"replies":[{"embeddable":true,"href":"https:\/\/www.acofi.edu.co\/eiei2018\/wp-json\/wp\/v2\/comments?post=57"}],"version-history":[{"count":14,"href":"https:\/\/www.acofi.edu.co\/eiei2018\/wp-json\/wp\/v2\/pages\/57\/revisions"}],"predecessor-version":[{"id":879,"href":"https:\/\/www.acofi.edu.co\/eiei2018\/wp-json\/wp\/v2\/pages\/57\/revisions\/879"}],"wp:attachment":[{"href":"https:\/\/www.acofi.edu.co\/eiei2018\/wp-json\/wp\/v2\/media?parent=57"}],"curies":[{"name":"wp","href":"https:\/\/api.w.org\/{rel}","templated":true}]}}