{"id":55,"date":"2017-11-05T15:45:12","date_gmt":"2017-11-05T15:45:12","guid":{"rendered":"http:\/\/www.acofi.edu.co\/eiei2018\/?page_id=55"},"modified":"2021-10-25T16:16:31","modified_gmt":"2021-10-25T16:16:31","slug":"premios-acofi","status":"publish","type":"page","link":"https:\/\/www.acofi.edu.co\/eiei2018\/premios-acofi\/","title":{"rendered":"Premios Acofi"},"content":{"rendered":"<p style=\"text-align: justify;\">Los premios ACOFI se promueven desde el a\u00f1o 1998. Buscan estimular el trabajo acad\u00e9mico de los profesores y estudiantes pertenecientes a las facultades de ingenier\u00eda del pa\u00eds y\u00a0se entregan a los mejores trabajos presentados en el Encuentro en las distintas categor\u00edas.<br \/>\nLa premiaci\u00f3n se realizar\u00e1 durante el primer trimestre del 2019.<\/p>\n<h2 style=\"text-align: center;\"><span style=\"color: #ef4136;\">Ganadores<\/span><\/h2>\n<h3 style=\"text-align: center;\"><span style=\"color: #fbb040;\">Trabajos sobre ense\u00f1anza de la ingenier\u00eda<\/span><\/h3>\n<p style=\"text-align: center;\"><strong>ENGINEERING TEACHING IS STUCK IN THE PAST: HOW TO MOVE FORWARD FROM THE TRADITIONAL AND OBSOLETE APPROACH?<\/strong><br \/>\n<em><span style=\"color: #ff0000;\">Diana Marcela Franco Dur\u00e1n, Virginia Tech, Estados Unidos<\/span><\/em><\/p>\n<h5 style=\"text-align: center;\"><a href=\"https:\/\/acofipapers.org\/index.php\/eiei\/article\/view\/291\">Consultar trabajo<\/a><\/h5>\n<p style=\"text-align: center;\"><strong>\u00bfHUMOR EN INGENIER\u00cdA?<\/strong><br \/>\n<em><span style=\"color: #ff0000;\">M\u00f3nica Beatriz Guitart Coria, Mart\u00edn Omar Silva, Universidad Nacional de Cuyo, Argentina<\/span><\/em><\/p>\n<h5 style=\"text-align: center;\"><a href=\"https:\/\/acofipapers.org\/index.php\/eiei\/article\/view\/301\">Consultar trabajo<\/a><\/h5>\n<p style=\"text-align: center;\"><strong>UNA VISI\u00d3N TELEOL\u00d3GICA PARA LA EDUCACI\u00d3N SUPERIOR DEL SIGLO XXI<\/strong><br \/>\n<span style=\"color: #ff0000;\"><em>\u00a0Luz Stella Restrepo, Martha Cecilia Guti\u00e9rrez Giraldo, Alberto Ocampo Valencia, Universidad Tecnol\u00f3gica de Pereira, Colombia<\/em><\/span><\/p>\n<h5 style=\"text-align: center;\"><a href=\"https:\/\/acofipapers.org\/index.php\/eiei\/article\/view\/323\">Consultar trabajo<\/a><\/h5>\n<h3 style=\"text-align: center;\"><span style=\"color: #fbb040;\">Avances en investigaci\u00f3n<\/span><\/h3>\n<p style=\"text-align: center;\"><strong>MEJORAR LA PRODUCTIVIDAD DEL AGUACATE HASS MEDIANTE UN PROTOTIPO DE AGRICULTURA DE PRECISI\u00d3N QUE PERMITA EL USO EFICIENTE DEL RECURSO H\u00cdDRICO<\/strong><br \/>\n<span style=\"color: #ff0000;\"><em>Andr\u00e9s Felipe R\u00edos Mesa, Lina Mar\u00eda V\u00e9lez Acosta, Manuel Sierra Naranjo, Roberto Carlos Hincapi\u00e9 Reyes, Leonardo Betancur Agudelo, Cristina G\u00f3mez Santamar\u00eda, Maicol Llano Moncada, Tatiana Luc\u00eda Medina, Universidad Pontificia Bolivariana, Colombia<\/em><\/span><\/p>\n<h5 style=\"text-align: center;\"><a href=\"https:\/\/acofipapers.org\/index.php\/eiei\/article\/view\/673\">Consultar trabajo<\/a><br \/>\n<a href=\"http:\/\/www.acofi.edu.co\/eiei2018\/informacion-academica\/posteres\/poster-a-07\/#main\">Consultar p\u00f3ster<\/a><\/h5>\n<h3 style=\"text-align: center;\"><span style=\"color: #fbb040;\">Trabajos de los estudiantes<\/span><\/h3>\n<p style=\"text-align: center;\"><strong>IDENTIFICACI\u00d3N DE PATRONES DELICTIVOS EN COLOMBIA DURANTE EL PERIODO 2010-2016 MEDIANTE EL USO DE T\u00c9CNICAS DE MINER\u00cdA DE DATOS<\/strong><br \/>\n<span style=\"color: #ff0000;\"><em>Nicol\u00e1s Aguirre Yacup, Mar\u00eda Antonia Walteros Alc\u00e1zar, Yimmy Mauricio Noguera P\u00e9rez,\u00a0Corporaci\u00f3n Universitaria Aut\u00f3noma del Cauca, Colombia<\/em><\/span><\/p>\n<h5 style=\"text-align: center;\"><a href=\"https:\/\/acofipapers.org\/index.php\/eiei\/article\/view\/435\">Consultar trabajo<\/a><br \/>\n<a href=\"http:\/\/www.acofi.edu.co\/eiei2018\/informacion-academica\/posteres\/poster-2804\/#main\">Consultar p\u00f3ster<\/a><\/h5>\n","protected":false},"excerpt":{"rendered":"<p>Los premios ACOFI se promueven desde el a\u00f1o 1998. Buscan estimular el trabajo acad\u00e9mico de los profesores y estudiantes pertenecientes a las facultades de ingenier\u00eda del pa\u00eds y\u00a0se entregan a los mejores trabajos presentados en el Encuentro en las distintas categor\u00edas. La premiaci\u00f3n se realizar\u00e1 durante el primer trimestre del 2019. Ganadores Trabajos sobre ense\u00f1anza [&hellip;]<\/p>\n","protected":false},"author":1,"featured_media":0,"parent":0,"menu_order":0,"comment_status":"closed","ping_status":"closed","template":"","meta":[],"_links":{"self":[{"href":"https:\/\/www.acofi.edu.co\/eiei2018\/wp-json\/wp\/v2\/pages\/55"}],"collection":[{"href":"https:\/\/www.acofi.edu.co\/eiei2018\/wp-json\/wp\/v2\/pages"}],"about":[{"href":"https:\/\/www.acofi.edu.co\/eiei2018\/wp-json\/wp\/v2\/types\/page"}],"author":[{"embeddable":true,"href":"https:\/\/www.acofi.edu.co\/eiei2018\/wp-json\/wp\/v2\/users\/1"}],"replies":[{"embeddable":true,"href":"https:\/\/www.acofi.edu.co\/eiei2018\/wp-json\/wp\/v2\/comments?post=55"}],"version-history":[{"count":23,"href":"https:\/\/www.acofi.edu.co\/eiei2018\/wp-json\/wp\/v2\/pages\/55\/revisions"}],"predecessor-version":[{"id":995,"href":"https:\/\/www.acofi.edu.co\/eiei2018\/wp-json\/wp\/v2\/pages\/55\/revisions\/995"}],"wp:attachment":[{"href":"https:\/\/www.acofi.edu.co\/eiei2018\/wp-json\/wp\/v2\/media?parent=55"}],"curies":[{"name":"wp","href":"https:\/\/api.w.org\/{rel}","templated":true}]}}