{"id":51,"date":"2017-11-05T15:43:25","date_gmt":"2017-11-05T15:43:25","guid":{"rendered":"http:\/\/www.acofi.edu.co\/eiei2018\/?page_id=51"},"modified":"2018-07-11T16:52:21","modified_gmt":"2018-07-11T16:52:21","slug":"viajes","status":"publish","type":"page","link":"https:\/\/www.acofi.edu.co\/eiei2018\/informacion-de-viaje\/viajes\/","title":{"rendered":"Viajes"},"content":{"rendered":"<p>&nbsp;<\/p>\n<div class=\"container vMargin15\">\n<h3 class=\"vMargin15\"><span style=\"color: #64698e;\">Operador tur\u00edstico\u00a0oficial<\/span><\/h3>\n<div class=\"row\">\n<div class=\"col-12 col-sm-4\"><a href=\"http:\/\/acofi.edu.co\/eiei2014\/wp-content\/uploads\/2014\/02\/Travel.jpg\"><img class=\"alignnone wp-image-210\" src=\"http:\/\/acofi.edu.co\/eiei2014\/wp-content\/uploads\/2014\/02\/Travel.jpg\" alt=\"Travel\" \/><\/a><\/div>\n<div class=\"col-12 col-sm-8 justify-content-sm-center\">\n<h4>Travel Fusion Colombia S.A.S<\/h4>\n<p>Direcci\u00f3n: Calle Portobello # 23-37 Of 201 Cartagena, Colombia Tel\u00e9fono Oficina: +57 5 6604408 Tel\u00e9fono m\u00f3vil: +57 3003254529 Mail:\u00a0<span style=\"color: #000000;\"><strong><a href=\"mailto:info@travelfusioncolombia.com\">info@travelfusioncolombia.com<\/a><\/strong><\/span> Contacto:\u00a0<strong><span style=\"color: #ef4136;\">Mar\u00eda Ang\u00e9lica Bernal Lozano<\/span><\/strong><\/p>\n<\/div>\n<\/div>\n<\/div>\n<div class=\"container vMargin15\">\n<h3 class=\"vMargin15\"><span style=\"color: #64698e;\">Agencia de viajes oficial<\/span><\/h3>\n<div class=\"row\">\n<div class=\"col-12 col-sm-4\"><a href=\"http:\/\/acofi.edu.co\/eiei2014\/wp-content\/uploads\/2014\/02\/Colaerero-web.jpg\"><img class=\"alignnone wp-image-189\" src=\"http:\/\/acofi.edu.co\/eiei2014\/wp-content\/uploads\/2014\/02\/Colaerero-web.jpg\" alt=\"Colaerero-web\" \/><\/a><\/div>\n<div class=\"col-12 col-sm-8\">\n<h4>Cola\u00e9rero<\/h4>\n<p>Direcci\u00f3n: Calle 100 No. 8A-49 Torre B P8.\u00a0Bogot\u00e1, Colombia Tel\u00e9fono Oficina: +57 1\u00a06379905 Tel\u00e9fono m\u00f3vil:\u00a0+57 3156019164 Mail:\u00a0<span style=\"color: #000000;\"><strong><a href=\"mailto:meralzate@hotmail.com\">meralzate@hotmail.com<\/a><\/strong><\/span> Contacto:\u00a0<strong><span style=\"color: #ef4136;\">Mar\u00eda Eugenia Romero<\/span><\/strong><\/p>\n<\/div>\n<\/div>\n<\/div>\n","protected":false},"excerpt":{"rendered":"<p>&nbsp; Operador tur\u00edstico\u00a0oficial Travel Fusion Colombia S.A.S Direcci\u00f3n: Calle Portobello # 23-37 Of 201 Cartagena, Colombia Tel\u00e9fono Oficina: +57 5 6604408 Tel\u00e9fono m\u00f3vil: +57 3003254529 Mail:\u00a0info@travelfusioncolombia.com Contacto:\u00a0Mar\u00eda Ang\u00e9lica Bernal Lozano Agencia de viajes oficial Cola\u00e9rero Direcci\u00f3n: Calle 100 No. 8A-49 Torre B P8.\u00a0Bogot\u00e1, Colombia Tel\u00e9fono Oficina: +57 1\u00a06379905 Tel\u00e9fono m\u00f3vil:\u00a0+57 3156019164 Mail:\u00a0meralzate@hotmail.com Contacto:\u00a0Mar\u00eda Eugenia Romero<\/p>\n","protected":false},"author":1,"featured_media":0,"parent":43,"menu_order":0,"comment_status":"closed","ping_status":"closed","template":"","meta":[],"_links":{"self":[{"href":"https:\/\/www.acofi.edu.co\/eiei2018\/wp-json\/wp\/v2\/pages\/51"}],"collection":[{"href":"https:\/\/www.acofi.edu.co\/eiei2018\/wp-json\/wp\/v2\/pages"}],"about":[{"href":"https:\/\/www.acofi.edu.co\/eiei2018\/wp-json\/wp\/v2\/types\/page"}],"author":[{"embeddable":true,"href":"https:\/\/www.acofi.edu.co\/eiei2018\/wp-json\/wp\/v2\/users\/1"}],"replies":[{"embeddable":true,"href":"https:\/\/www.acofi.edu.co\/eiei2018\/wp-json\/wp\/v2\/comments?post=51"}],"version-history":[{"count":37,"href":"https:\/\/www.acofi.edu.co\/eiei2018\/wp-json\/wp\/v2\/pages\/51\/revisions"}],"predecessor-version":[{"id":601,"href":"https:\/\/www.acofi.edu.co\/eiei2018\/wp-json\/wp\/v2\/pages\/51\/revisions\/601"}],"up":[{"embeddable":true,"href":"https:\/\/www.acofi.edu.co\/eiei2018\/wp-json\/wp\/v2\/pages\/43"}],"wp:attachment":[{"href":"https:\/\/www.acofi.edu.co\/eiei2018\/wp-json\/wp\/v2\/media?parent=51"}],"curies":[{"name":"wp","href":"https:\/\/api.w.org\/{rel}","templated":true}]}}