{"id":47,"date":"2017-11-05T15:42:15","date_gmt":"2017-11-05T15:42:15","guid":{"rendered":"http:\/\/www.acofi.edu.co\/eiei2018\/?page_id=47"},"modified":"2018-05-21T14:26:47","modified_gmt":"2018-05-21T14:26:47","slug":"hoteles","status":"publish","type":"page","link":"https:\/\/www.acofi.edu.co\/eiei2018\/informacion-de-viaje\/hoteles\/","title":{"rendered":"Hoteles"},"content":{"rendered":"<h3 style=\"text-align: justify;\"><span style=\"color: #64698e;\">Hoteles recomendados<br \/>\n<span style=\"color: #ffffff;\">&#8211;<\/span><\/span><\/h3>\n<h4 style=\"text-align: justify;\"><span style=\"color: #fbb040;\">Hotel Almirante<\/span><\/h4>\n<p style=\"text-align: justify;\"><img loading=\"lazy\" class=\"alignnone wp-image-271\" src=\"http:\/\/www.acofi.edu.co\/eiei2018\/wp-content\/uploads\/2017\/11\/Hotel-Almirante.jpg\" alt=\"\" width=\"700\" height=\"184\" srcset=\"https:\/\/www.acofi.edu.co\/eiei2018\/wp-content\/uploads\/2017\/11\/Hotel-Almirante.jpg 1872w, https:\/\/www.acofi.edu.co\/eiei2018\/wp-content\/uploads\/2017\/11\/Hotel-Almirante-300x79.jpg 300w, https:\/\/www.acofi.edu.co\/eiei2018\/wp-content\/uploads\/2017\/11\/Hotel-Almirante-768x202.jpg 768w, https:\/\/www.acofi.edu.co\/eiei2018\/wp-content\/uploads\/2017\/11\/Hotel-Almirante-1024x269.jpg 1024w\" sizes=\"(max-width: 700px) 100vw, 700px\" \/><\/p>\n<p style=\"text-align: justify;\">El Hotel Almirante considerado Gama Superior, est\u00e1 ubicado en la principal zona tur\u00edstica y comercial de la Cartagena moderna, en el sector de Bocagrande, bordeado por una hermosa playa, el Hotel Almirante Cartagena tiene a su disposici\u00f3n modernas habitaciones con vista al mar, piscina, restaurantes, bares, gimnasio, y los mejores servicios para que disfrute toda la magia del Caribe.<\/p>\n<h4 style=\"text-align: justify;\"><span style=\"color: #ef4136;\"><em>Tarifas<\/em><\/span><\/h4>\n<p style=\"text-align: justify;\"><em>1 pax $ 350.000<\/em><\/p>\n<p style=\"text-align: justify;\"><em>2 pax $ 350.000<\/em><\/p>\n<ul style=\"text-align: justify;\">\n<li><em>Traslado Aeropuerto, Hotel, Aeropuerto.<\/em><\/li>\n<li><em>Alojamiento 1 Noche 2 d\u00edas, de acuerdo a la acomodaci\u00f3n seleccionada.<\/em><\/li>\n<li><em>Desayuno Buffet.<\/em><\/li>\n<li><em>Impuestos Hoteleros<\/em><\/li>\n<li><em>Asistencia personalizada por parte de la agencia.<\/em><\/li>\n<li><em>Descuento del 30% en las Actividades Tur\u00edsticas realizadas y Operadas por\u00a0<strong>TRAVEL FUSION COLOMBIA.<\/strong><\/em><\/li>\n<\/ul>\n<p style=\"text-align: justify;\">Carrera 2 # 6 \u2013 00 Bocagrande<\/p>\n<p style=\"text-align: justify;\">Distancia al Hyatt Regency Cartagena en auto: 1.3 Km. Tiempo aproximado: 3 minutos.<br \/>\nDistancia al Hyatt Regency Cartagena caminando: 1.3 Km. Tiempo aproximado: 15 minutos.<\/p>\n<div class=\"row\">\n<div class=\"col-12 col-sm-6\"><iframe style=\"border: 0;\" src=\"https:\/\/www.google.com\/maps\/embed?pb=!1m28!1m12!1m3!1d7848.418625027356!2d-75.55988077374013!3d10.404943822727699!2m3!1f0!2f0!3f0!3m2!1i1024!2i768!4f13.1!4m13!3e0!4m5!1s0x8ef62f1617eab8a1%3A0xce0d551aef73ed4b!2sHotel+Almirante+Cartagena+-+Colombia%2C+Carrera+2%2C+Cartagena%2C+Bol%C3%ADvar!3m2!1d10.4007901!2d-75.5575063!4m5!1s0x8ef62f12b1403ea5%3A0xa2fc97eeba9977eb!2sHotel+Hyatt+Regency+Cartagena%2C+Calle+12%2C+Cartagena%2C+Bol%C3%ADvar!3m2!1d10.4104117!2d-75.5514081!5e0!3m2!1ses-419!2sco!4v1510949281458\" width=\"400\" height=\"300\" frameborder=\"0\" allowfullscreen=\"allowfullscreen\"><\/iframe><\/div>\n<div class=\"col-12 col-sm-6\"><iframe style=\"border: 0;\" src=\"https:\/\/www.google.com\/maps\/embed?pb=!1m28!1m12!1m3!1d7848.409758485667!2d-75.55872172374012!3d10.405296322714806!2m3!1f0!2f0!3f0!3m2!1i1024!2i768!4f13.1!4m13!3e2!4m5!1s0x8ef62f1617eab8a1%3A0xce0d551aef73ed4b!2sHotel+Almirante+Cartagena+-+Colombia%2C+Carrera+2%2C+Cartagena%2C+Bol%C3%ADvar!3m2!1d10.4007901!2d-75.5575063!4m5!1s0x8ef62f12b1403ea5%3A0xa2fc97eeba9977eb!2sHotel+Hyatt+Regency+Cartagena%2C+Calle+12%2C+Cartagena%2C+Bol%C3%ADvar!3m2!1d10.4104117!2d-75.5514081!5e0!3m2!1ses-419!2sco!4v1510949305169\" width=\"400\" height=\"300\" frameborder=\"0\" allowfullscreen=\"allowfullscreen\"><\/iframe><\/div>\n<\/div>\n<p style=\"text-align: justify;\"><strong><span style=\"color: #000000;\"><a href=\"http:\/\/www.hotelalmirantecartagena.com.co\/\">www.hotelalmirantecartagena.com.co<\/a><\/span><\/strong><\/p>\n<h4 style=\"text-align: justify;\">\u00a0<span style=\"color: #ffffff;\">.<\/span><\/h4>\n<h4 style=\"text-align: justify;\"><span style=\"color: #fbb040;\">Hotel Cartagena Plaza<\/span><\/h4>\n<p><img loading=\"lazy\" class=\"alignnone wp-image-272\" src=\"http:\/\/www.acofi.edu.co\/eiei2018\/wp-content\/uploads\/2017\/11\/Hotel-Cartagena-Plaza.jpg\" alt=\"\" width=\"700\" height=\"169\" srcset=\"https:\/\/www.acofi.edu.co\/eiei2018\/wp-content\/uploads\/2017\/11\/Hotel-Cartagena-Plaza.jpg 1841w, https:\/\/www.acofi.edu.co\/eiei2018\/wp-content\/uploads\/2017\/11\/Hotel-Cartagena-Plaza-300x72.jpg 300w, https:\/\/www.acofi.edu.co\/eiei2018\/wp-content\/uploads\/2017\/11\/Hotel-Cartagena-Plaza-768x185.jpg 768w, https:\/\/www.acofi.edu.co\/eiei2018\/wp-content\/uploads\/2017\/11\/Hotel-Cartagena-Plaza-1024x247.jpg 1024w\" sizes=\"(max-width: 700px) 100vw, 700px\" \/><\/p>\n<p style=\"text-align: justify;\">El Hotel Cartagena Plaza es un Hotel de trayectoria categorizado como Turista Superior, ubicado en el sector moderno de Bocagrande, frente al mar, cerca a Restaurantes, y Almacenes de marcas reconocidas. Con sus Habitaciones e instalaciones remodeladas, brinda una c\u00e1lida estad\u00eda.<\/p>\n<h4 style=\"text-align: justify;\"><span style=\"color: #ef4136;\"><em>Tarifas<\/em><\/span><\/h4>\n<p style=\"text-align: justify;\"><em>1 pax $ 290.000<\/em><\/p>\n<p style=\"text-align: justify;\"><em>2 pax $ 290.000<\/em><\/p>\n<ul style=\"text-align: justify;\">\n<li><em>Traslado Aeropuerto, Hotel, Aeropuerto.<\/em><\/li>\n<li><em>Alojamiento 1 Noche 2 d\u00edas, de acuerdo a la acomodaci\u00f3n seleccionada.<\/em><\/li>\n<li><em>Desayuno Buffet.<\/em><\/li>\n<li><em>Impuestos Hoteleros<\/em><\/li>\n<li><em>Asistencia personalizada por parte de la agencia.<\/em><\/li>\n<li><em>Descuento del 30% en las Actividades Tur\u00edsticas realizadas y Operadas por\u00a0<strong>TRAVEL FUSION COLOMBIA.<\/strong><\/em><\/li>\n<\/ul>\n<p style=\"text-align: justify;\">Carrera 1 # 6 \u2013 154 Bocagrande<\/p>\n<p style=\"text-align: justify;\">Distancia al Hyatt Regency Cartagena en auto: 1.1 Km. Tiempo aproximado: 9 minutos.<br \/>\nDistancia al Hyatt Regency Cartagena caminando: 1.1 Km. Tiempo aproximado: 13 minutos.<\/p>\n<div class=\"row\">\n<div class=\"col-12 col-sm-6\"><iframe style=\"border: 0;\" src=\"https:\/\/www.google.com\/maps\/embed?pb=!1m28!1m12!1m3!1d3924.19057044741!2d-75.55640768471255!3d10.406433968758186!2m3!1f0!2f0!3f0!3m2!1i1024!2i768!4f13.1!4m13!3e0!4m5!1s0x8ef625936b260037%3A0xd6ec2ca94059031e!2sCartagena+Plaza%2C+Cra+1+N%C2%BA6-154%2C+Cartagena%2C+Bol%C3%ADvar!3m2!1d10.4024457!2d-75.55692069999999!4m5!1s0x8ef62f12b1403ea5%3A0xa2fc97eeba9977eb!2sHotel+Hyatt+Regency+Cartagena%2C+Calle+12%2C+Cartagena%2C+Bol%C3%ADvar!3m2!1d10.4104117!2d-75.5514081!5e0!3m2!1ses-419!2sco!4v1510949147816\" width=\"400\" height=\"300\" frameborder=\"0\" allowfullscreen=\"allowfullscreen\"><\/iframe><\/div>\n<div class=\"col-12 col-sm-6\"><iframe style=\"border: 0;\" src=\"https:\/\/www.google.com\/maps\/embed?pb=!1m28!1m12!1m3!1d3924.192776020912!2d-75.55600148471268!3d10.406258618761317!2m3!1f0!2f0!3f0!3m2!1i1024!2i768!4f13.1!4m13!3e2!4m5!1s0x8ef625936b260037%3A0xd6ec2ca94059031e!2sCartagena+Plaza%2C+Cra+1+N%C2%BA6-154%2C+Cartagena%2C+Bol%C3%ADvar!3m2!1d10.4024457!2d-75.55692069999999!4m5!1s0x8ef62f12b1403ea5%3A0xa2fc97eeba9977eb!2sHotel+Hyatt+Regency+Cartagena%2C+Calle+12%2C+Cartagena%2C+Bol%C3%ADvar!3m2!1d10.4104117!2d-75.5514081!5e0!3m2!1ses-419!2sco!4v1510949169565\" width=\"400\" height=\"300\" frameborder=\"0\" allowfullscreen=\"allowfullscreen\"><\/iframe><\/div>\n<\/div>\n<p style=\"text-align: justify;\"><span style=\"color: #000000;\"><strong><a href=\"http:\/\/www.hotelcartagenaplaza.com.co\/\">www.hotelcartagenaplaza.com.co<\/a><\/strong><\/span><\/p>\n<h4 style=\"text-align: justify;\">\u00a0<span style=\"color: #ffffff;\">.<\/span><\/h4>\n<h4 style=\"text-align: justify;\"><span style=\"color: #fbb040;\">Hyatt Regency Cartagena<\/span><\/h4>\n<p style=\"text-align: justify;\"><img loading=\"lazy\" class=\"alignnone wp-image-534\" src=\"http:\/\/www.acofi.edu.co\/eiei2018\/wp-content\/uploads\/2018\/05\/hyatt_fin.jpg\" alt=\"\" width=\"700\" height=\"157\" srcset=\"https:\/\/www.acofi.edu.co\/eiei2018\/wp-content\/uploads\/2018\/05\/hyatt_fin.jpg 1734w, https:\/\/www.acofi.edu.co\/eiei2018\/wp-content\/uploads\/2018\/05\/hyatt_fin-300x67.jpg 300w, https:\/\/www.acofi.edu.co\/eiei2018\/wp-content\/uploads\/2018\/05\/hyatt_fin-768x173.jpg 768w, https:\/\/www.acofi.edu.co\/eiei2018\/wp-content\/uploads\/2018\/05\/hyatt_fin-1024x230.jpg 1024w\" sizes=\"(max-width: 700px) 100vw, 700px\" \/><\/p>\n<p style=\"text-align: justify;\">Durante tu visita a Cartagena, podr\u00e1s hospedarte en un hotel que te har\u00e1 sentir como en casa. Vive una experiencia inolvidable a trav\u00e9s de la comodidad de nuestras habitaciones, espacio ideal para eventos y ubicaci\u00f3n envidiable en el coraz\u00f3n del cosmopolita barrio Bocagrande. Explora uno de los destinos m\u00e1s apetecidos de Colombia y regresa a Hyatt Regency Cartagena para recargarte de energ\u00eda y as\u00ed poder continuar la aventura en esta ciudad.<\/p>\n<h4 style=\"text-align: justify;\"><span style=\"color: #ef4136;\"><em>Tarifas<\/em><\/span><\/h4>\n<p style=\"text-align: justify;\"><em>1 pax $ 517.650<\/em><\/p>\n<p style=\"text-align: justify;\"><em>2 pax $ 565.250<\/em><\/p>\n<ul>\n<li><em>Incluye Desayuno Buffet en el Restaurante Kokau de 6:30 a 10:30<\/em><\/li>\n<li><em>Precios por habitaci\u00f3n por noche\u00a0\u00a0\u00a0\u00a0\u00a0\u00a0<\/em><\/li>\n<li><em>Internet WIFI incluido en habitaciones y \u00e1reas p\u00fablicas<\/em><\/li>\n<\/ul>\n<p style=\"text-align: justify;\">Carrera 1 # 12\u2013118 Bocagrande<\/p>\n<p><strong><a href=\"https:\/\/cartagena.regency.hyatt.com\/es\/hotel\/home.html\">https:\/\/cartagena.regency.hyatt.com\/es\/hotel\/home.html<\/a><\/strong><\/p>\n","protected":false},"excerpt":{"rendered":"<p>Hoteles recomendados &#8211; Hotel Almirante El Hotel Almirante considerado Gama Superior, est\u00e1 ubicado en la principal zona tur\u00edstica y comercial de la Cartagena moderna, en el sector de Bocagrande, bordeado por una hermosa playa, el Hotel Almirante Cartagena tiene a su disposici\u00f3n modernas habitaciones con vista al mar, piscina, restaurantes, bares, gimnasio, y los mejores [&hellip;]<\/p>\n","protected":false},"author":1,"featured_media":0,"parent":43,"menu_order":0,"comment_status":"closed","ping_status":"closed","template":"","meta":[],"_links":{"self":[{"href":"https:\/\/www.acofi.edu.co\/eiei2018\/wp-json\/wp\/v2\/pages\/47"}],"collection":[{"href":"https:\/\/www.acofi.edu.co\/eiei2018\/wp-json\/wp\/v2\/pages"}],"about":[{"href":"https:\/\/www.acofi.edu.co\/eiei2018\/wp-json\/wp\/v2\/types\/page"}],"author":[{"embeddable":true,"href":"https:\/\/www.acofi.edu.co\/eiei2018\/wp-json\/wp\/v2\/users\/1"}],"replies":[{"embeddable":true,"href":"https:\/\/www.acofi.edu.co\/eiei2018\/wp-json\/wp\/v2\/comments?post=47"}],"version-history":[{"count":23,"href":"https:\/\/www.acofi.edu.co\/eiei2018\/wp-json\/wp\/v2\/pages\/47\/revisions"}],"predecessor-version":[{"id":545,"href":"https:\/\/www.acofi.edu.co\/eiei2018\/wp-json\/wp\/v2\/pages\/47\/revisions\/545"}],"up":[{"embeddable":true,"href":"https:\/\/www.acofi.edu.co\/eiei2018\/wp-json\/wp\/v2\/pages\/43"}],"wp:attachment":[{"href":"https:\/\/www.acofi.edu.co\/eiei2018\/wp-json\/wp\/v2\/media?parent=47"}],"curies":[{"name":"wp","href":"https:\/\/api.w.org\/{rel}","templated":true}]}}