{"id":45,"date":"2017-11-05T15:41:54","date_gmt":"2017-11-05T15:41:54","guid":{"rendered":"http:\/\/www.acofi.edu.co\/eiei2018\/?page_id=45"},"modified":"2018-01-23T20:52:52","modified_gmt":"2018-01-23T20:52:52","slug":"cartagena-de-indias","status":"publish","type":"page","link":"https:\/\/www.acofi.edu.co\/eiei2018\/informacion-de-viaje\/cartagena-de-indias\/","title":{"rendered":"Cartagena de Indias"},"content":{"rendered":"<p><iframe src=\"https:\/\/www.youtube.com\/embed\/MZpCuWxTFc4?rel=0\" width=\"420\" height=\"315\" frameborder=\"0\" allowfullscreen=\"allowfullscreen\"><\/iframe><\/p>\n<p style=\"text-align: justify;\">Cartagena de Indias, Distrito Tur\u00edstico y Cultural, es el destino tur\u00edstico m\u00e1s importante de Colombia y uno de los m\u00e1s reconocidos en el mundo por su historia, sus playas y el calor humano propio del Caribe. Cada a\u00f1o recibe visitantes ilustres y es sede de los eventos m\u00e1s importantes de Colombia y de varios pa\u00edses.<\/p>\n<p style=\"text-align: justify;\">Cartagena combina m\u00faltiples estilos arquitect\u00f3nicos, desde el barroco y la arquitectura colonial espa\u00f1ola hasta el estilo neocl\u00e1sico, entre otros y una infraestructura moderna para el turismo y las empresas, lo que la convierte en una ciudad de contrastes muy atractivos. Lugares hist\u00f3ricos como el Castillo de San Felipe, el Palacio de la Inquisici\u00f3n, la Torre del Reloj, las murallas y las calles coloniales se suman a la belleza natural de las playas de La Boquilla, Bocagrande, Castillo Grande, El Laguito y las cercanas islas del Rosario y de Bar\u00fa, junto a uno de los desarrollos empresariales m\u00e1s importantes de Colombia, la zona de Mamonal y la infraestructura portuaria, que hacen de Cartagena de Indias una ciudad de encanto, reconocida desde 1985 por la Unesco como patrimonio hist\u00f3rico de la humanidad.<\/p>\n<p style=\"text-align: justify;\">Este contraste hist\u00f3rico, cultural, empresarial y tur\u00edstico ratifica a Cartagena de Indias como la ciudad ideal para el EIEI ACOFI 2018.<\/p>\n<p style=\"text-align: justify;\"><img loading=\"lazy\" class=\"alignnone size-full wp-image-146\" src=\"http:\/\/www.acofi.edu.co\/eiei2018\/wp-content\/uploads\/2017\/11\/CTG-2.jpg\" alt=\"\" width=\"700\" height=\"467\" srcset=\"https:\/\/www.acofi.edu.co\/eiei2018\/wp-content\/uploads\/2017\/11\/CTG-2.jpg 700w, https:\/\/www.acofi.edu.co\/eiei2018\/wp-content\/uploads\/2017\/11\/CTG-2-300x200.jpg 300w\" sizes=\"(max-width: 700px) 100vw, 700px\" \/><\/p>\n<p>&nbsp;<\/p>\n<h3 style=\"text-align: justify;\"><span style=\"color: #64698e;\">Datos Generales<\/span><\/h3>\n<ul style=\"text-align: justify;\">\n<li>Habitantes: 955.250<\/li>\n<li>Extensi\u00f3n: 709 km<sup>2<\/sup><\/li>\n<li>Altura: 2 m.s.n.m.<\/li>\n<li>Temperatura promedio: 28 \u00b0C<\/li>\n<li>Actividades econ\u00f3micas: Industria, comercio, turismo<\/li>\n<li>Acceso: terrestre, a\u00e9reo, mar\u00edtimo<\/li>\n<\/ul>\n<h3><span style=\"color: #ffffff;\">\u00a0.<\/span><\/h3>\n<h3 style=\"text-align: left;\"><span style=\"color: #64698e;\">Aeropuerto Internacional Rafael N\u00fa\u00f1ez<\/span><\/h3>\n<p><img loading=\"lazy\" class=\"alignnone size-full wp-image-143\" src=\"http:\/\/www.acofi.edu.co\/eiei2018\/wp-content\/uploads\/2017\/11\/aeropuerto.jpg\" alt=\"\" width=\"700\" height=\"468\" srcset=\"https:\/\/www.acofi.edu.co\/eiei2018\/wp-content\/uploads\/2017\/11\/aeropuerto.jpg 700w, https:\/\/www.acofi.edu.co\/eiei2018\/wp-content\/uploads\/2017\/11\/aeropuerto-300x201.jpg 300w\" sizes=\"(max-width: 700px) 100vw, 700px\" \/><\/p>\n<ul style=\"text-align: justify;\">\n<li>El aeropuerto internacional de Cartagena de Indias es uno de los m\u00e1s importantes de Colombia, por el movimiento tur\u00edstico. Cuenta con vuelos internacionales provenientes de Am\u00e9rica y Europa. Alrededor de 2.19 millones de pasajeros lo transitaron en 2012.<\/li>\n<li>El aeropuerto se ubica dentro del \u00e1rea urbana de Cartagena de Indias al norte del casco c\u00e9ntrico, en el barrio de Crespo. Autobuses, minibuses y taxis comunican al aeropuerto con los distintos sectores urbanos de la ciudad de Cartagena de Indias. El servicio de taxi opera las 24 horas, mientras que el de autobuses desde las 06:50 hasta las 23:45 horas.<\/li>\n<li>Existen mostradores de alquiler de coches de las compa\u00f1\u00edas m\u00e1s reconocidas. El aeropuerto ofrece adem\u00e1s cajeros autom\u00e1ticos ATM, servicio de cambio de divisas, sector Vip, tel\u00e9fonos p\u00fablicos, acceso a Internet Wi-Fi sin costo y otros servicios.<\/li>\n<\/ul>\n<p style=\"text-align: justify;\"><span style=\"color: #000000;\"><strong><a href=\"http:\/\/www.sacsa.com.co\/\">www.sacsa.com.co<\/a><\/strong><\/span><\/p>\n","protected":false},"excerpt":{"rendered":"<p>Cartagena de Indias, Distrito Tur\u00edstico y Cultural, es el destino tur\u00edstico m\u00e1s importante de Colombia y uno de los m\u00e1s reconocidos en el mundo por su historia, sus playas y el calor humano propio del Caribe. Cada a\u00f1o recibe visitantes ilustres y es sede de los eventos m\u00e1s importantes de Colombia y de varios pa\u00edses. [&hellip;]<\/p>\n","protected":false},"author":1,"featured_media":0,"parent":43,"menu_order":0,"comment_status":"closed","ping_status":"closed","template":"","meta":[],"_links":{"self":[{"href":"https:\/\/www.acofi.edu.co\/eiei2018\/wp-json\/wp\/v2\/pages\/45"}],"collection":[{"href":"https:\/\/www.acofi.edu.co\/eiei2018\/wp-json\/wp\/v2\/pages"}],"about":[{"href":"https:\/\/www.acofi.edu.co\/eiei2018\/wp-json\/wp\/v2\/types\/page"}],"author":[{"embeddable":true,"href":"https:\/\/www.acofi.edu.co\/eiei2018\/wp-json\/wp\/v2\/users\/1"}],"replies":[{"embeddable":true,"href":"https:\/\/www.acofi.edu.co\/eiei2018\/wp-json\/wp\/v2\/comments?post=45"}],"version-history":[{"count":10,"href":"https:\/\/www.acofi.edu.co\/eiei2018\/wp-json\/wp\/v2\/pages\/45\/revisions"}],"predecessor-version":[{"id":381,"href":"https:\/\/www.acofi.edu.co\/eiei2018\/wp-json\/wp\/v2\/pages\/45\/revisions\/381"}],"up":[{"embeddable":true,"href":"https:\/\/www.acofi.edu.co\/eiei2018\/wp-json\/wp\/v2\/pages\/43"}],"wp:attachment":[{"href":"https:\/\/www.acofi.edu.co\/eiei2018\/wp-json\/wp\/v2\/media?parent=45"}],"curies":[{"name":"wp","href":"https:\/\/api.w.org\/{rel}","templated":true}]}}