{"id":35,"date":"2017-11-05T15:40:09","date_gmt":"2017-11-05T15:40:09","guid":{"rendered":"http:\/\/www.acofi.edu.co\/eiei2018\/?page_id=35"},"modified":"2018-10-04T21:09:03","modified_gmt":"2018-10-04T21:09:03","slug":"conferencias","status":"publish","type":"page","link":"https:\/\/www.acofi.edu.co\/eiei2018\/informacion-academica\/conferencias\/","title":{"rendered":"Conferencias"},"content":{"rendered":"<h2 style=\"text-align: center;\"><span style=\"color: #ef4136;\">Felipe Bay\u00f3n Pardo<\/span><\/h2>\n<h5 style=\"text-align: center;\"><a href=\"https:\/\/drive.google.com\/open?id=1-3KxMMg879zRnDI2Lqhp1SlX8vPRyNDw\">ECOPETROL Retos, transformaci\u00f3n y perspectivas<\/a><\/h5>\n<p>&nbsp;<\/p>\n<h2 style=\"text-align: center;\"><span style=\"color: #ef4136;\">Javier P\u00e1ez Saavedra<\/span><\/h2>\n<h4 style=\"text-align: center;\"><a href=\"http:\/\/www.acofi.edu.co\/eiei2018\/wp-content\/uploads\/2018\/10\/Javier-P\u00e1ez-Gesti\u00f3n-de-Facultades-de-Ingenier\u00eda.pdf\">Gesti\u00f3n de Facultades de Ingenier\u00eda<\/a><\/h4>\n<p>&nbsp;<\/p>\n<h2 style=\"text-align: center;\"><span style=\"color: #ef4136;\">Michel de Lara<\/span><\/h2>\n<h5 style=\"text-align: center;\"><a href=\"http:\/\/www.acofi.edu.co\/eiei2018\/wp-content\/uploads\/2018\/10\/Michel-de-Lara-Energy-efficiency-investment-and-management-for-subway-stations.pdf\">Energy efficiency investment and management for subway stations<\/a><\/h5>\n<h5 style=\"text-align: center;\"><a href=\"http:\/\/www.acofi.edu.co\/eiei2018\/wp-content\/uploads\/2018\/10\/Michel-de-Lara-Energy-Systems-the-Optimization-Challenge.pdf\">Energy Systems the Optimization Challenge<\/a><\/h5>\n<h5 style=\"text-align: center;\"><a href=\"http:\/\/www.acofi.edu.co\/eiei2018\/wp-content\/uploads\/2018\/10\/Michel-de-Lara-Nodal-decomposition-of-stochastic-Bellman-functions.pdf\">Nodal decomposition of stochastic Bellman functions<\/a><\/h5>\n<p>&nbsp;<\/p>\n<h2 style=\"text-align: center;\"><span style=\"color: #ef4136;\">Alejandro Fula<\/span><\/h2>\n<h5 style=\"text-align: center;\"><a href=\"http:\/\/www.acofi.edu.co\/eiei2018\/wp-content\/uploads\/2018\/10\/Alejandro-Fula-Oportunidades-y-Avances-en-Transici\u00f3n-Energ\u00e9tica.pdf\">Oportunidades y Avances en Transici\u00f3n Energ\u00e9tica<\/a><\/h5>\n<p>&nbsp;<\/p>\n<h2 style=\"text-align: center;\"><span style=\"color: #ef4136;\">ACOFI<\/span><\/h2>\n<h5 style=\"text-align: center;\"><a href=\"http:\/\/www.acofi.edu.co\/eiei2018\/wp-content\/uploads\/2018\/10\/Doctorados-en-Ingenier\u00eda.pdf\">Doctorados en Ingenier\u00eda<\/a><\/h5>\n<p>&nbsp;<\/p>\n<h2 style=\"text-align: center;\"><span style=\"color: #ef4136;\">COPNIA<\/span><\/h2>\n<h5 style=\"text-align: center;\"><a href=\"http:\/\/www.acofi.edu.co\/eiei2018\/wp-content\/uploads\/2018\/10\/COPNIA-Avances-en-recertificaci\u00f3n-matr\u00edcula-profesional.pdf\">Avances en recertificaci\u00f3n matr\u00edcula profesional<\/a><\/h5>\n<h5 style=\"text-align: center;\"><a href=\"http:\/\/www.acofi.edu.co\/eiei2018\/wp-content\/uploads\/2018\/10\/COPNIA-Propuesta-a-las-facultades-de-ingenier\u00eda-para-el-ejercicio-profesional.pdf\">Propuesta a las facultades de ingenier\u00eda para el ejercicio profesional<\/a><\/h5>\n<p>&nbsp;<\/p>\n<h2 style=\"text-align: center;\"><span style=\"color: #ef4136;\">Panel Desarrollo Sostenible<\/span><\/h2>\n<h5 style=\"text-align: center;\"><a href=\"http:\/\/www.acofi.edu.co\/eiei2018\/wp-content\/uploads\/2018\/10\/Colifri.pdf\">Colifri<\/a><\/h5>\n<h5 style=\"text-align: center;\"><a href=\"http:\/\/www.acofi.edu.co\/eiei2018\/wp-content\/uploads\/2018\/10\/Mar\u00eda-Carolina-Romero.pdf\">Mar\u00eda Carolina Romero<\/a><\/h5>\n<h5 style=\"text-align: center;\"><a href=\"http:\/\/www.acofi.edu.co\/eiei2018\/wp-content\/uploads\/2018\/10\/Pierre-Le-Cloirec-.pdf\">Pierre Le Cloirec<\/a><\/h5>\n<h5 style=\"text-align: center;\"><a href=\"https:\/\/drive.google.com\/open?id=1xSgFFJkZ1iRBa7NVae96wGGfSietVdJc\">Iv\u00e1n G\u00f3mez<\/a><\/h5>\n<p>&nbsp;<\/p>\n<h2 style=\"text-align: center;\"><span style=\"color: #ef4136;\">Panel Tendencias en Educaci\u00f3n T\u00e9cnica<\/span><\/h2>\n<h5 style=\"text-align: center;\"><a href=\"http:\/\/www.acofi.edu.co\/eiei2018\/wp-content\/uploads\/2018\/10\/Claudio-Camilo-Gonz\u00e1lez.pdf\">Claudio Camilo Gonz\u00e1lez<\/a><\/h5>\n<h5 style=\"text-align: center;\"><a href=\"http:\/\/www.acofi.edu.co\/eiei2018\/wp-content\/uploads\/2018\/10\/Mar\u00eda-Claudia-Lombo.pdf\">Mar\u00eda Claudia Lombo<\/a><\/h5>\n<p>&nbsp;<\/p>\n<h2 style=\"text-align: center;\"><span style=\"color: #ef4136;\">Conversatorio Transici\u00f3n Energ\u00e9tica<\/span><\/h2>\n<h5 style=\"text-align: center;\"><a href=\"http:\/\/www.acofi.edu.co\/eiei2018\/wp-content\/uploads\/2018\/10\/Metron.pdf\">Metron<\/a><\/h5>\n","protected":false},"excerpt":{"rendered":"<p>Felipe Bay\u00f3n Pardo ECOPETROL Retos, transformaci\u00f3n y perspectivas &nbsp; Javier P\u00e1ez Saavedra Gesti\u00f3n de Facultades de Ingenier\u00eda &nbsp; Michel de Lara Energy efficiency investment and management for subway stations Energy Systems the Optimization Challenge Nodal decomposition of stochastic Bellman functions &nbsp; Alejandro Fula Oportunidades y Avances en Transici\u00f3n Energ\u00e9tica &nbsp; ACOFI Doctorados en Ingenier\u00eda &nbsp; [&hellip;]<\/p>\n","protected":false},"author":1,"featured_media":0,"parent":29,"menu_order":0,"comment_status":"closed","ping_status":"closed","template":"","meta":[],"_links":{"self":[{"href":"https:\/\/www.acofi.edu.co\/eiei2018\/wp-json\/wp\/v2\/pages\/35"}],"collection":[{"href":"https:\/\/www.acofi.edu.co\/eiei2018\/wp-json\/wp\/v2\/pages"}],"about":[{"href":"https:\/\/www.acofi.edu.co\/eiei2018\/wp-json\/wp\/v2\/types\/page"}],"author":[{"embeddable":true,"href":"https:\/\/www.acofi.edu.co\/eiei2018\/wp-json\/wp\/v2\/users\/1"}],"replies":[{"embeddable":true,"href":"https:\/\/www.acofi.edu.co\/eiei2018\/wp-json\/wp\/v2\/comments?post=35"}],"version-history":[{"count":17,"href":"https:\/\/www.acofi.edu.co\/eiei2018\/wp-json\/wp\/v2\/pages\/35\/revisions"}],"predecessor-version":[{"id":967,"href":"https:\/\/www.acofi.edu.co\/eiei2018\/wp-json\/wp\/v2\/pages\/35\/revisions\/967"}],"up":[{"embeddable":true,"href":"https:\/\/www.acofi.edu.co\/eiei2018\/wp-json\/wp\/v2\/pages\/29"}],"wp:attachment":[{"href":"https:\/\/www.acofi.edu.co\/eiei2018\/wp-json\/wp\/v2\/media?parent=35"}],"curies":[{"name":"wp","href":"https:\/\/api.w.org\/{rel}","templated":true}]}}