{"id":33,"date":"2017-11-05T15:40:00","date_gmt":"2017-11-05T15:40:00","guid":{"rendered":"http:\/\/www.acofi.edu.co\/eiei2018\/?page_id=33"},"modified":"2018-08-03T19:03:18","modified_gmt":"2018-08-03T19:03:18","slug":"invitados","status":"publish","type":"page","link":"https:\/\/www.acofi.edu.co\/eiei2018\/informacion-academica\/invitados\/","title":{"rendered":"Invitados"},"content":{"rendered":"<div class=\"row\">\n<div class=\"col-12 col-sm-6\">\n<h3><strong>Elisabeth Crepon<\/strong><\/h3>\n<p>\u00c9cole Nationale Sup\u00e9rieure de Techniques Avanc\u00e9es ParisTech (Francia)<\/p>\n<p><img loading=\"lazy\" class=\"alignnone wp-image-661\" src=\"http:\/\/www.acofi.edu.co\/eiei2018\/wp-content\/uploads\/2018\/08\/France-150x150.png\" alt=\"\" width=\"100\" height=\"100\" srcset=\"https:\/\/www.acofi.edu.co\/eiei2018\/wp-content\/uploads\/2018\/08\/France-150x150.png 150w, https:\/\/www.acofi.edu.co\/eiei2018\/wp-content\/uploads\/2018\/08\/France.png 256w\" sizes=\"(max-width: 100px) 100vw, 100px\" \/><\/p>\n<\/div>\n<p>&nbsp;<\/p>\n<div class=\"col-12 col-sm-6\">\n<h3><strong>Enrique S\u00e1nchez Albarrac\u00edn<\/strong><\/h3>\n<p>Embajada de Francia en Colombia (Francia)<\/p>\n<p><strong>\u00a0<img loading=\"lazy\" class=\"alignnone wp-image-661\" src=\"http:\/\/www.acofi.edu.co\/eiei2018\/wp-content\/uploads\/2018\/08\/France-150x150.png\" alt=\"\" width=\"100\" height=\"100\" srcset=\"https:\/\/www.acofi.edu.co\/eiei2018\/wp-content\/uploads\/2018\/08\/France-150x150.png 150w, https:\/\/www.acofi.edu.co\/eiei2018\/wp-content\/uploads\/2018\/08\/France.png 256w\" sizes=\"(max-width: 100px) 100vw, 100px\" \/><\/strong><\/p>\n<p>&nbsp;<\/p>\n<h3><strong>Gautier Mignot <\/strong><\/h3>\n<p>Embajada de Francia en Colombia (Francia)<\/p>\n<p><strong><img loading=\"lazy\" class=\"alignnone wp-image-661\" src=\"http:\/\/www.acofi.edu.co\/eiei2018\/wp-content\/uploads\/2018\/08\/France-150x150.png\" alt=\"\" width=\"100\" height=\"100\" srcset=\"https:\/\/www.acofi.edu.co\/eiei2018\/wp-content\/uploads\/2018\/08\/France-150x150.png 150w, https:\/\/www.acofi.edu.co\/eiei2018\/wp-content\/uploads\/2018\/08\/France.png 256w\" sizes=\"(max-width: 100px) 100vw, 100px\" \/><\/strong><\/p>\n<p><strong>\u00a0<\/strong><\/p>\n<h3><strong>Marc Renner<\/strong><\/h3>\n<p>Conf\u00e9rence des Directeurs des \u00c9coles Fran\u00e7aises d&#8217; Ing\u00e9nieurs (Francia)<\/p>\n<p><strong><img loading=\"lazy\" class=\"alignnone wp-image-661\" src=\"http:\/\/www.acofi.edu.co\/eiei2018\/wp-content\/uploads\/2018\/08\/France-150x150.png\" alt=\"\" width=\"100\" height=\"100\" srcset=\"https:\/\/www.acofi.edu.co\/eiei2018\/wp-content\/uploads\/2018\/08\/France-150x150.png 150w, https:\/\/www.acofi.edu.co\/eiei2018\/wp-content\/uploads\/2018\/08\/France.png 256w\" sizes=\"(max-width: 100px) 100vw, 100px\" \/><\/strong><\/p>\n<p>&nbsp;<\/p>\n<h3><strong>Michel de Lara<\/strong><\/h3>\n<p>\u00c9cole Nationale Sup\u00e9rieure de Techniques Avanc\u00e9es ParisTech (Francia)<\/p>\n<p><strong><img loading=\"lazy\" class=\"alignnone wp-image-661\" src=\"http:\/\/www.acofi.edu.co\/eiei2018\/wp-content\/uploads\/2018\/08\/France-150x150.png\" alt=\"\" width=\"100\" height=\"100\" srcset=\"https:\/\/www.acofi.edu.co\/eiei2018\/wp-content\/uploads\/2018\/08\/France-150x150.png 150w, https:\/\/www.acofi.edu.co\/eiei2018\/wp-content\/uploads\/2018\/08\/France.png 256w\" sizes=\"(max-width: 100px) 100vw, 100px\" \/><\/strong><\/p>\n<p><strong>\u00a0<\/strong><\/p>\n<h3><strong>Pierre Le Cloirec<\/strong><\/h3>\n<p>Ecole Nationale Sup\u00e9rieure de Chimie de Rennes (Francia)<\/p>\n<p><strong><img loading=\"lazy\" class=\"alignnone wp-image-661\" src=\"http:\/\/www.acofi.edu.co\/eiei2018\/wp-content\/uploads\/2018\/08\/France-150x150.png\" alt=\"\" width=\"100\" height=\"100\" srcset=\"https:\/\/www.acofi.edu.co\/eiei2018\/wp-content\/uploads\/2018\/08\/France-150x150.png 150w, https:\/\/www.acofi.edu.co\/eiei2018\/wp-content\/uploads\/2018\/08\/France.png 256w\" sizes=\"(max-width: 100px) 100vw, 100px\" \/><\/strong><\/p>\n<p><strong>\u00a0<\/strong><\/p>\n<h3><strong>Adriana Castillo Rosas<\/strong><\/h3>\n<p>Investigadora CIIDET (M\u00e9xico)<\/p>\n<p><img loading=\"lazy\" class=\"alignnone wp-image-665\" src=\"http:\/\/www.acofi.edu.co\/eiei2018\/wp-content\/uploads\/2018\/08\/Mexico.png\" alt=\"\" width=\"100\" height=\"100\" srcset=\"https:\/\/www.acofi.edu.co\/eiei2018\/wp-content\/uploads\/2018\/08\/Mexico.png 256w, https:\/\/www.acofi.edu.co\/eiei2018\/wp-content\/uploads\/2018\/08\/Mexico-150x150.png 150w\" sizes=\"(max-width: 100px) 100vw, 100px\" \/><\/p>\n<p><strong>\u00a0<\/strong><\/p>\n<h3><strong>Carlos Smith<\/strong><\/h3>\n<p>University of South Florida, (EE.UU.)<\/p>\n<p><img loading=\"lazy\" class=\"alignnone wp-image-666\" src=\"http:\/\/www.acofi.edu.co\/eiei2018\/wp-content\/uploads\/2018\/08\/United-States.png\" alt=\"\" width=\"100\" height=\"100\" srcset=\"https:\/\/www.acofi.edu.co\/eiei2018\/wp-content\/uploads\/2018\/08\/United-States.png 256w, https:\/\/www.acofi.edu.co\/eiei2018\/wp-content\/uploads\/2018\/08\/United-States-150x150.png 150w\" sizes=\"(max-width: 100px) 100vw, 100px\" \/><\/p>\n<p><strong>\u00a0<\/strong><\/p>\n<h3><strong>Alejandro Fula<\/strong><\/h3>\n<p>Universidad Nacional de Colombia (Colombia)<\/p>\n<p><img loading=\"lazy\" class=\"alignnone wp-image-667\" src=\"http:\/\/www.acofi.edu.co\/eiei2018\/wp-content\/uploads\/2018\/08\/Colombia-1.png\" alt=\"\" width=\"100\" height=\"100\" srcset=\"https:\/\/www.acofi.edu.co\/eiei2018\/wp-content\/uploads\/2018\/08\/Colombia-1.png 256w, https:\/\/www.acofi.edu.co\/eiei2018\/wp-content\/uploads\/2018\/08\/Colombia-1-150x150.png 150w\" sizes=\"(max-width: 100px) 100vw, 100px\" \/><\/p>\n<p>&nbsp;<\/p>\n<h3><strong>Ang\u00e9lica Burbano<\/strong><\/h3>\n<p>Universidad ICESI (Colombia)<\/p>\n<p><img loading=\"lazy\" class=\"alignnone wp-image-667\" src=\"http:\/\/www.acofi.edu.co\/eiei2018\/wp-content\/uploads\/2018\/08\/Colombia-1.png\" alt=\"\" width=\"100\" height=\"100\" srcset=\"https:\/\/www.acofi.edu.co\/eiei2018\/wp-content\/uploads\/2018\/08\/Colombia-1.png 256w, https:\/\/www.acofi.edu.co\/eiei2018\/wp-content\/uploads\/2018\/08\/Colombia-1-150x150.png 150w\" sizes=\"(max-width: 100px) 100vw, 100px\" \/><\/p>\n<p><strong>\u00a0<\/strong><\/p>\n<h3><strong>Argelino Dur\u00e1n Ariza<\/strong><\/h3>\n<p>Sociedad Colombiana de Ingenieros (Colombia)<\/p>\n<p><img loading=\"lazy\" class=\"alignnone wp-image-667\" src=\"http:\/\/www.acofi.edu.co\/eiei2018\/wp-content\/uploads\/2018\/08\/Colombia-1.png\" alt=\"\" width=\"100\" height=\"100\" srcset=\"https:\/\/www.acofi.edu.co\/eiei2018\/wp-content\/uploads\/2018\/08\/Colombia-1.png 256w, https:\/\/www.acofi.edu.co\/eiei2018\/wp-content\/uploads\/2018\/08\/Colombia-1-150x150.png 150w\" sizes=\"(max-width: 100px) 100vw, 100px\" \/><\/p>\n<\/div>\n<div class=\"col-12 col-sm-6\">\n<h3>\u00a0<strong>Doris Hern\u00e1ndez Dukova\u00a0\u00a0\u00a0 <\/strong><\/h3>\n<p>Escuela Tecnol\u00f3gica Instituto T\u00e9cnico Central (Bulgaria \/ Colombia)<\/p>\n<p><img loading=\"lazy\" class=\"alignnone wp-image-669\" src=\"http:\/\/www.acofi.edu.co\/eiei2018\/wp-content\/uploads\/2018\/08\/Bulgaria.png\" alt=\"\" width=\"100\" height=\"100\" srcset=\"https:\/\/www.acofi.edu.co\/eiei2018\/wp-content\/uploads\/2018\/08\/Bulgaria.png 256w, https:\/\/www.acofi.edu.co\/eiei2018\/wp-content\/uploads\/2018\/08\/Bulgaria-150x150.png 150w\" sizes=\"(max-width: 100px) 100vw, 100px\" \/><img loading=\"lazy\" class=\"alignnone wp-image-667\" src=\"http:\/\/www.acofi.edu.co\/eiei2018\/wp-content\/uploads\/2018\/08\/Colombia-1.png\" alt=\"\" width=\"100\" height=\"100\" srcset=\"https:\/\/www.acofi.edu.co\/eiei2018\/wp-content\/uploads\/2018\/08\/Colombia-1.png 256w, https:\/\/www.acofi.edu.co\/eiei2018\/wp-content\/uploads\/2018\/08\/Colombia-1-150x150.png 150w\" sizes=\"(max-width: 100px) 100vw, 100px\" \/><\/p>\n<p><strong>\u00a0<\/strong><\/p>\n<h3><strong>Hern\u00e1n Cort\u00e9s<\/strong><\/h3>\n<p>Universidad Nacional de Colombia (Colombia)<\/p>\n<p><img loading=\"lazy\" class=\"alignnone wp-image-667\" src=\"http:\/\/www.acofi.edu.co\/eiei2018\/wp-content\/uploads\/2018\/08\/Colombia-1.png\" alt=\"\" width=\"100\" height=\"100\" srcset=\"https:\/\/www.acofi.edu.co\/eiei2018\/wp-content\/uploads\/2018\/08\/Colombia-1.png 256w, https:\/\/www.acofi.edu.co\/eiei2018\/wp-content\/uploads\/2018\/08\/Colombia-1-150x150.png 150w\" sizes=\"(max-width: 100px) 100vw, 100px\" \/><\/p>\n<p><strong>\u00a0<\/strong><\/p>\n<h3><strong>Hernando Ochoa<\/strong><\/h3>\n<p>Idimcol (Colombia)<\/p>\n<p><img loading=\"lazy\" class=\"alignnone wp-image-667\" src=\"http:\/\/www.acofi.edu.co\/eiei2018\/wp-content\/uploads\/2018\/08\/Colombia-1.png\" alt=\"\" width=\"100\" height=\"100\" srcset=\"https:\/\/www.acofi.edu.co\/eiei2018\/wp-content\/uploads\/2018\/08\/Colombia-1.png 256w, https:\/\/www.acofi.edu.co\/eiei2018\/wp-content\/uploads\/2018\/08\/Colombia-1-150x150.png 150w\" sizes=\"(max-width: 100px) 100vw, 100px\" \/><\/p>\n<p><strong>\u00a0<\/strong><\/p>\n<h3><strong>Humberto G\u00f3mez Vega<\/strong><\/h3>\n<p>Universidad del Norte\u00a0(Colombia)<\/p>\n<p><img loading=\"lazy\" class=\"alignnone wp-image-667\" src=\"http:\/\/www.acofi.edu.co\/eiei2018\/wp-content\/uploads\/2018\/08\/Colombia-1.png\" alt=\"\" width=\"100\" height=\"100\" srcset=\"https:\/\/www.acofi.edu.co\/eiei2018\/wp-content\/uploads\/2018\/08\/Colombia-1.png 256w, https:\/\/www.acofi.edu.co\/eiei2018\/wp-content\/uploads\/2018\/08\/Colombia-1-150x150.png 150w\" sizes=\"(max-width: 100px) 100vw, 100px\" \/><\/p>\n<p><strong>\u00a0<\/strong><\/p>\n<h3><strong>Javier P\u00e1ez Saavedra<\/strong><\/h3>\n<p>Universidad del Norte (Colombia)<\/p>\n<p><img loading=\"lazy\" class=\"alignnone wp-image-667\" src=\"http:\/\/www.acofi.edu.co\/eiei2018\/wp-content\/uploads\/2018\/08\/Colombia-1.png\" alt=\"\" width=\"100\" height=\"100\" srcset=\"https:\/\/www.acofi.edu.co\/eiei2018\/wp-content\/uploads\/2018\/08\/Colombia-1.png 256w, https:\/\/www.acofi.edu.co\/eiei2018\/wp-content\/uploads\/2018\/08\/Colombia-1-150x150.png 150w\" sizes=\"(max-width: 100px) 100vw, 100px\" \/><\/p>\n<p><strong>\u00a0<\/strong><\/p>\n<h3><strong>Juan Gossa\u00edn Abdala <\/strong><\/h3>\n<p>Escritor y periodista (Colombia)<\/p>\n<p><img loading=\"lazy\" class=\"alignnone wp-image-667\" src=\"http:\/\/www.acofi.edu.co\/eiei2018\/wp-content\/uploads\/2018\/08\/Colombia-1.png\" alt=\"\" width=\"100\" height=\"100\" srcset=\"https:\/\/www.acofi.edu.co\/eiei2018\/wp-content\/uploads\/2018\/08\/Colombia-1.png 256w, https:\/\/www.acofi.edu.co\/eiei2018\/wp-content\/uploads\/2018\/08\/Colombia-1-150x150.png 150w\" sizes=\"(max-width: 100px) 100vw, 100px\" \/><\/p>\n<p><strong>\u00a0<\/strong><\/p>\n<h3><strong>Juli\u00e1n Arellana<\/strong><\/h3>\n<p>Universidad del Norte (Colombia)<\/p>\n<p><img loading=\"lazy\" class=\"alignnone wp-image-667\" src=\"http:\/\/www.acofi.edu.co\/eiei2018\/wp-content\/uploads\/2018\/08\/Colombia-1.png\" alt=\"\" width=\"100\" height=\"100\" srcset=\"https:\/\/www.acofi.edu.co\/eiei2018\/wp-content\/uploads\/2018\/08\/Colombia-1.png 256w, https:\/\/www.acofi.edu.co\/eiei2018\/wp-content\/uploads\/2018\/08\/Colombia-1-150x150.png 150w\" sizes=\"(max-width: 100px) 100vw, 100px\" \/><\/p>\n<p><strong>\u00a0<\/strong><\/p>\n<h3><strong>Luis Eduardo Rodr\u00edguez Cheu<\/strong><\/h3>\n<p>Escuela Colombiana de Ingenier\u00eda (Colombia)<\/p>\n<p><img loading=\"lazy\" class=\"alignnone wp-image-667\" src=\"http:\/\/www.acofi.edu.co\/eiei2018\/wp-content\/uploads\/2018\/08\/Colombia-1.png\" alt=\"\" width=\"100\" height=\"100\" srcset=\"https:\/\/www.acofi.edu.co\/eiei2018\/wp-content\/uploads\/2018\/08\/Colombia-1.png 256w, https:\/\/www.acofi.edu.co\/eiei2018\/wp-content\/uploads\/2018\/08\/Colombia-1-150x150.png 150w\" sizes=\"(max-width: 100px) 100vw, 100px\" \/><\/p>\n<p><strong>\u00a0<\/strong><\/p>\n<h3><strong>Mar\u00eda Carolina Romero Pereira<\/strong><\/h3>\n<p>Escuela Colombiana de Ingenier\u00eda\u00a0(Colombia)<\/p>\n<p><img loading=\"lazy\" class=\"alignnone wp-image-667\" src=\"http:\/\/www.acofi.edu.co\/eiei2018\/wp-content\/uploads\/2018\/08\/Colombia-1.png\" alt=\"\" width=\"100\" height=\"100\" srcset=\"https:\/\/www.acofi.edu.co\/eiei2018\/wp-content\/uploads\/2018\/08\/Colombia-1.png 256w, https:\/\/www.acofi.edu.co\/eiei2018\/wp-content\/uploads\/2018\/08\/Colombia-1-150x150.png 150w\" sizes=\"(max-width: 100px) 100vw, 100px\" \/><\/p>\n<p>&nbsp;<\/p>\n<h3><strong>Mauricio Duque Escobar<\/strong><\/h3>\n<p>Universidad de los Andes (Colombia)<\/p>\n<p><img loading=\"lazy\" class=\"alignnone wp-image-667\" src=\"http:\/\/www.acofi.edu.co\/eiei2018\/wp-content\/uploads\/2018\/08\/Colombia-1.png\" alt=\"\" width=\"100\" height=\"100\" srcset=\"https:\/\/www.acofi.edu.co\/eiei2018\/wp-content\/uploads\/2018\/08\/Colombia-1.png 256w, https:\/\/www.acofi.edu.co\/eiei2018\/wp-content\/uploads\/2018\/08\/Colombia-1-150x150.png 150w\" sizes=\"(max-width: 100px) 100vw, 100px\" \/><\/p>\n<p>&nbsp;<\/p>\n<h3><strong>Rub\u00e9n Dar\u00edo Ochoa Arbel\u00e1ez<\/strong><\/h3>\n<p>Consejo Profesional Nacional de Ingenier\u00eda (Colombia)<\/p>\n<p><img loading=\"lazy\" class=\"alignnone wp-image-667\" src=\"http:\/\/www.acofi.edu.co\/eiei2018\/wp-content\/uploads\/2018\/08\/Colombia-1.png\" alt=\"\" width=\"100\" height=\"100\" srcset=\"https:\/\/www.acofi.edu.co\/eiei2018\/wp-content\/uploads\/2018\/08\/Colombia-1.png 256w, https:\/\/www.acofi.edu.co\/eiei2018\/wp-content\/uploads\/2018\/08\/Colombia-1-150x150.png 150w\" sizes=\"(max-width: 100px) 100vw, 100px\" \/><\/p>\n<\/div>\n<\/div>\n","protected":false},"excerpt":{"rendered":"<p>Elisabeth Crepon \u00c9cole Nationale Sup\u00e9rieure de Techniques Avanc\u00e9es ParisTech (Francia) &nbsp; Enrique S\u00e1nchez Albarrac\u00edn Embajada de Francia en Colombia (Francia) \u00a0 &nbsp; Gautier Mignot Embajada de Francia en Colombia (Francia) \u00a0 Marc Renner Conf\u00e9rence des Directeurs des \u00c9coles Fran\u00e7aises d&#8217; Ing\u00e9nieurs (Francia) &nbsp; Michel de Lara \u00c9cole Nationale Sup\u00e9rieure de Techniques Avanc\u00e9es ParisTech (Francia) \u00a0 [&hellip;]<\/p>\n","protected":false},"author":1,"featured_media":0,"parent":29,"menu_order":0,"comment_status":"closed","ping_status":"closed","template":"","meta":[],"_links":{"self":[{"href":"https:\/\/www.acofi.edu.co\/eiei2018\/wp-json\/wp\/v2\/pages\/33"}],"collection":[{"href":"https:\/\/www.acofi.edu.co\/eiei2018\/wp-json\/wp\/v2\/pages"}],"about":[{"href":"https:\/\/www.acofi.edu.co\/eiei2018\/wp-json\/wp\/v2\/types\/page"}],"author":[{"embeddable":true,"href":"https:\/\/www.acofi.edu.co\/eiei2018\/wp-json\/wp\/v2\/users\/1"}],"replies":[{"embeddable":true,"href":"https:\/\/www.acofi.edu.co\/eiei2018\/wp-json\/wp\/v2\/comments?post=33"}],"version-history":[{"count":17,"href":"https:\/\/www.acofi.edu.co\/eiei2018\/wp-json\/wp\/v2\/pages\/33\/revisions"}],"predecessor-version":[{"id":674,"href":"https:\/\/www.acofi.edu.co\/eiei2018\/wp-json\/wp\/v2\/pages\/33\/revisions\/674"}],"up":[{"embeddable":true,"href":"https:\/\/www.acofi.edu.co\/eiei2018\/wp-json\/wp\/v2\/pages\/29"}],"wp:attachment":[{"href":"https:\/\/www.acofi.edu.co\/eiei2018\/wp-json\/wp\/v2\/media?parent=33"}],"curies":[{"name":"wp","href":"https:\/\/api.w.org\/{rel}","templated":true}]}}