{"id":25,"date":"2017-11-05T15:38:51","date_gmt":"2017-11-05T15:38:51","guid":{"rendered":"http:\/\/www.acofi.edu.co\/eiei2018\/?page_id=25"},"modified":"2018-02-09T13:52:04","modified_gmt":"2018-02-09T13:52:04","slug":"patrocinios","status":"publish","type":"page","link":"https:\/\/www.acofi.edu.co\/eiei2018\/informacion-general\/patrocinios\/","title":{"rendered":"Patrocinios"},"content":{"rendered":"<h3 style=\"text-align: justify;\"><span style=\"color: #64698e;\">Razones para ser un aliado estrat\u00e9gico<\/span><\/h3>\n<ol style=\"text-align: justify;\">\n<li>Generar nuevos contactos, compartir experiencias con representantes de diferentes instituciones, organismos y entidades de sectores relacionados con la educaci\u00f3n y con la ingenier\u00eda.<\/li>\n<li>Fortalecer el conocimiento de su empresa, instituci\u00f3n o gremio y generar mayor acercamiento a un selecto grupo de participantes.<\/li>\n<li>Conocer avances, desarrollos, innovaciones e informaci\u00f3n en ciencia, tecnolog\u00eda y procesos en el \u00e1mbito de la ingenier\u00eda y la formaci\u00f3n de ingenieros.<\/li>\n<li>Interactuar en actividades acad\u00e9micas con expertos de alto nivel y reconocimiento nacional e internacional, con quienes se compartir\u00e1n experiencias y perspectivas alrededor del tema central del Encuentro.<\/li>\n<li>Tener la posibilidad de ofrecer proyectos, servicios y productos relacionados con ingenier\u00eda.<\/li>\n<li>Participar en la estrategia de promoci\u00f3n y divulgaci\u00f3n del Encuentro.<\/li>\n<li>Integrarse en actividades t\u00e9cnicas, sociales y culturales en la ciudad de los m\u00e1s importantes encuentros en Colombia: Cartagena de Indias \u201cpatrimonio hist\u00f3rico de la humanidad\u201d.<\/li>\n<li>Ser part\u00edcipe del encuentro de los mayores reconocimientos entre las facultades, escuelas y programas de ingenier\u00eda del mundo y Colombia, con una trayectoria de m\u00e1s de treinta a\u00f1os de realizaci\u00f3n.<\/li>\n<\/ol>\n<h3 style=\"text-align: justify;\"><span style=\"color: #64698e;\">Exhibici\u00f3n Comercial<\/span><\/h3>\n<h4 style=\"text-align: justify;\"><span style=\"color: #fbb040;\">Objetivo<\/span><\/h4>\n<p style=\"text-align: justify;\">Promover en un solo escenario, el encuentro de los diferentes sectores del pa\u00eds relacionados con ingenier\u00eda, a trav\u00e9s de la participaci\u00f3n de empresas comerciales, editoriales e instituciones de educaci\u00f3n superior, l\u00edderes en innovaciones en procesos, productos y servicios que involucren o est\u00e9n orientados a la ingenier\u00eda.<\/p>\n<h4 style=\"text-align: justify;\"><span style=\"color: #fbb040;\">Procedimiento<\/span><\/h4>\n<p style=\"text-align: justify;\">Las organizaciones interesadas en participar podr\u00e1n elegir del conjunto de actividades presentadas, aquellas que le sean de su inter\u00e9s.<\/p>\n<p style=\"text-align: justify;\">Los espacios para las exhibiciones son susceptibles de disponibilidad.<\/p>\n<h4 style=\"text-align: justify;\"><span style=\"color: #fbb040;\">Perfil de participantes<\/span><\/h4>\n<p style=\"text-align: justify;\">Al Encuentro internacional de Educaci\u00f3n en Ingenier\u00eda ACOFI 2018, asistir\u00e1n representantes de los cinco continentes, con este perfil:<\/p>\n<ul>\n<li style=\"text-align: justify;\">Directivos de Instituciones de Educaci\u00f3n Superior.<\/li>\n<li style=\"text-align: justify;\">Docentes, profesionales, investigadores y estudiantes relacionados con la ingenier\u00eda.<\/li>\n<li style=\"text-align: justify;\">Representantes del sector gobierno.<\/li>\n<li style=\"text-align: justify;\">Representantes del sector empresarial.<\/li>\n<li style=\"text-align: justify;\">Asesores, consultores e investigadores sobre temas de educaci\u00f3n superior y formaci\u00f3n en ingenier\u00eda.<\/li>\n<li style=\"text-align: justify;\">Gremios profesionales, acad\u00e9micos y grupos de investigaci\u00f3n o extensi\u00f3n relacionados con ingenier\u00eda.<\/li>\n<li style=\"text-align: justify;\">Representantes de organismos internacionales con v\u00ednculos en educaci\u00f3n.<\/li>\n<li style=\"text-align: justify;\">Medios de comunicaci\u00f3n.<\/li>\n<\/ul>\n<h3 style=\"text-align: center;\"><a href=\"http:\/\/www.acofi.edu.co\/eiei2018\/informacion-general\/patrocinios\/descripcion-de-alternativas\/\">Descripci\u00f3n de altenativas<\/a><\/h3>\n","protected":false},"excerpt":{"rendered":"<p>Razones para ser un aliado estrat\u00e9gico Generar nuevos contactos, compartir experiencias con representantes de diferentes instituciones, organismos y entidades de sectores relacionados con la educaci\u00f3n y con la ingenier\u00eda. Fortalecer el conocimiento de su empresa, instituci\u00f3n o gremio y generar mayor acercamiento a un selecto grupo de participantes. Conocer avances, desarrollos, innovaciones e informaci\u00f3n en [&hellip;]<\/p>\n","protected":false},"author":1,"featured_media":0,"parent":15,"menu_order":0,"comment_status":"closed","ping_status":"closed","template":"","meta":[],"_links":{"self":[{"href":"https:\/\/www.acofi.edu.co\/eiei2018\/wp-json\/wp\/v2\/pages\/25"}],"collection":[{"href":"https:\/\/www.acofi.edu.co\/eiei2018\/wp-json\/wp\/v2\/pages"}],"about":[{"href":"https:\/\/www.acofi.edu.co\/eiei2018\/wp-json\/wp\/v2\/types\/page"}],"author":[{"embeddable":true,"href":"https:\/\/www.acofi.edu.co\/eiei2018\/wp-json\/wp\/v2\/users\/1"}],"replies":[{"embeddable":true,"href":"https:\/\/www.acofi.edu.co\/eiei2018\/wp-json\/wp\/v2\/comments?post=25"}],"version-history":[{"count":7,"href":"https:\/\/www.acofi.edu.co\/eiei2018\/wp-json\/wp\/v2\/pages\/25\/revisions"}],"predecessor-version":[{"id":463,"href":"https:\/\/www.acofi.edu.co\/eiei2018\/wp-json\/wp\/v2\/pages\/25\/revisions\/463"}],"up":[{"embeddable":true,"href":"https:\/\/www.acofi.edu.co\/eiei2018\/wp-json\/wp\/v2\/pages\/15"}],"wp:attachment":[{"href":"https:\/\/www.acofi.edu.co\/eiei2018\/wp-json\/wp\/v2\/media?parent=25"}],"curies":[{"name":"wp","href":"https:\/\/api.w.org\/{rel}","templated":true}]}}