{"id":23,"date":"2017-11-05T15:38:38","date_gmt":"2017-11-05T15:38:38","guid":{"rendered":"http:\/\/www.acofi.edu.co\/eiei2018\/?page_id=23"},"modified":"2018-10-04T21:43:55","modified_gmt":"2018-10-04T21:43:55","slug":"fotografias","status":"publish","type":"page","link":"https:\/\/www.acofi.edu.co\/eiei2018\/informacion-general\/fotografias\/","title":{"rendered":"Fotograf\u00edas y videos"},"content":{"rendered":"<h2><span style=\"color: #ef4136;\">Fotograf\u00edas<\/span><\/h2>\n<h3><strong><a href=\"https:\/\/www.facebook.com\/media\/set\/?set=a.1989246097785043&amp;type=1&amp;l=9784097a04\">Fotograf\u00edas oficiales EIEI ACOFI 2018<\/a><\/strong><\/h3>\n<h3><strong><a href=\"https:\/\/www.facebook.com\/media\/set\/?set=a.1988358287873824&amp;type=1&amp;l=c4c75dd0f2\">EIEI ACOFI 2018 con actitud RockStar!!!<\/a><\/strong><\/h3>\n<h3><strong><a href=\"https:\/\/www.facebook.com\/media\/set\/?set=a.2000661009976885&amp;type=1&amp;l=26eb507abe\">Recorriendo Macondo, Homenaje a Gabriel Garc\u00eda M\u00e1rquez<\/a><\/strong><\/h3>\n<p>&nbsp;<\/p>\n<h2><span style=\"color: #ef4136;\">Videos<\/span><\/h2>\n<p><iframe src=\"https:\/\/www.youtube.com\/embed\/BRl_mBxRBbg?rel=0&amp;ecver=1\" width=\"560\" height=\"315\" frameborder=\"0\" allowfullscreen=\"allowfullscreen\"><\/iframe><\/p>\n<p><iframe src=\"https:\/\/www.youtube.com\/embed\/gDQSW7J8UPs?rel=0\" width=\"560\" height=\"315\" frameborder=\"0\" allowfullscreen=\"allowfullscreen\"><\/iframe><\/p>\n","protected":false},"excerpt":{"rendered":"<p>Fotograf\u00edas Fotograf\u00edas oficiales EIEI ACOFI 2018 EIEI ACOFI 2018 con actitud RockStar!!! Recorriendo Macondo, Homenaje a Gabriel Garc\u00eda M\u00e1rquez &nbsp; Videos<\/p>\n","protected":false},"author":1,"featured_media":0,"parent":15,"menu_order":0,"comment_status":"closed","ping_status":"closed","template":"","meta":[],"_links":{"self":[{"href":"https:\/\/www.acofi.edu.co\/eiei2018\/wp-json\/wp\/v2\/pages\/23"}],"collection":[{"href":"https:\/\/www.acofi.edu.co\/eiei2018\/wp-json\/wp\/v2\/pages"}],"about":[{"href":"https:\/\/www.acofi.edu.co\/eiei2018\/wp-json\/wp\/v2\/types\/page"}],"author":[{"embeddable":true,"href":"https:\/\/www.acofi.edu.co\/eiei2018\/wp-json\/wp\/v2\/users\/1"}],"replies":[{"embeddable":true,"href":"https:\/\/www.acofi.edu.co\/eiei2018\/wp-json\/wp\/v2\/comments?post=23"}],"version-history":[{"count":13,"href":"https:\/\/www.acofi.edu.co\/eiei2018\/wp-json\/wp\/v2\/pages\/23\/revisions"}],"predecessor-version":[{"id":973,"href":"https:\/\/www.acofi.edu.co\/eiei2018\/wp-json\/wp\/v2\/pages\/23\/revisions\/973"}],"up":[{"embeddable":true,"href":"https:\/\/www.acofi.edu.co\/eiei2018\/wp-json\/wp\/v2\/pages\/15"}],"wp:attachment":[{"href":"https:\/\/www.acofi.edu.co\/eiei2018\/wp-json\/wp\/v2\/media?parent=23"}],"curies":[{"name":"wp","href":"https:\/\/api.w.org\/{rel}","templated":true}]}}