{"id":19,"date":"2017-11-05T15:38:00","date_gmt":"2017-11-05T15:38:00","guid":{"rendered":"http:\/\/www.acofi.edu.co\/eiei2018\/?page_id=19"},"modified":"2018-05-07T19:38:33","modified_gmt":"2018-05-07T19:38:33","slug":"comite-organizador","status":"publish","type":"page","link":"https:\/\/www.acofi.edu.co\/eiei2018\/informacion-general\/comite-organizador\/","title":{"rendered":"Comit\u00e9 Organizador"},"content":{"rendered":"<h4 style=\"text-align: left;\">Carlos Arturo Lozano,<strong> Presidente,<\/strong><span style=\"color: #00ff00;\">\u00a0<a href=\"mailto:presidencia@acofi.edu.co\">presidencia@acofi.edu.co<\/a><\/span><\/h4>\n<h4 style=\"text-align: left;\">Luis Alberto Gonz\u00e1lez,<strong> Director Ejecutivo,<\/strong>\u00a0<a href=\"mailto:director@acofi.edu.co\">director@acofi.edu.co<\/a><\/h4>\n<h4 style=\"text-align: left;\">Jos\u00e9 Miguel Solano,<strong> Asistente de Proyectos,<\/strong>\u00a0<a href=\"mailto:jsolano@acofi.edu.co\">jsolano@acofi.edu.co<\/a><\/h4>\n<h4 style=\"text-align: left;\">Janneth Pineda Molina<strong>, Asistente Operativa y de Tesorer\u00eda,<\/strong>\u00a0<a href=\"mailto:administrativa@acofi.edu.co\">administrativa@acofi.edu.co<\/a><\/h4>\n<h4 style=\"text-align: left;\">Sim\u00f3n Andr\u00e9s De Le\u00f3n,<strong> Asistente de Proyectos,<\/strong>\u00a0<a href=\"mailto:simondeleon@acofi.edu.co\">simondeleon@acofi.edu.co<\/a><\/h4>\n<h4 style=\"text-align: left;\">Jenny Quiroga Alarc\u00f3n<strong>, Gesti\u00f3n Comercial,<\/strong>\u00a0<a href=\"mailto:jennyquiroga@acofi.edu.co\">jennyquiroga@acofi.edu.co<\/a><\/h4>\n<h4 style=\"text-align: left;\">Alix Rubiela Beltr\u00e1n<strong>, Asesora de Comunicaciones,<\/strong>\u00a0<a href=\"mailto:prensa@acofi.edu.co\">prensa@acofi.edu.co<\/a><\/h4>\n","protected":false},"excerpt":{"rendered":"<p>Carlos Arturo Lozano, Presidente,\u00a0presidencia@acofi.edu.co Luis Alberto Gonz\u00e1lez, Director Ejecutivo,\u00a0director@acofi.edu.co Jos\u00e9 Miguel Solano, Asistente de Proyectos,\u00a0jsolano@acofi.edu.co Janneth Pineda Molina, Asistente Operativa y de Tesorer\u00eda,\u00a0administrativa@acofi.edu.co Sim\u00f3n Andr\u00e9s De Le\u00f3n, Asistente de Proyectos,\u00a0simondeleon@acofi.edu.co Jenny Quiroga Alarc\u00f3n, Gesti\u00f3n Comercial,\u00a0jennyquiroga@acofi.edu.co Alix Rubiela Beltr\u00e1n, Asesora de Comunicaciones,\u00a0prensa@acofi.edu.co<\/p>\n","protected":false},"author":1,"featured_media":0,"parent":15,"menu_order":0,"comment_status":"closed","ping_status":"closed","template":"","meta":[],"_links":{"self":[{"href":"https:\/\/www.acofi.edu.co\/eiei2018\/wp-json\/wp\/v2\/pages\/19"}],"collection":[{"href":"https:\/\/www.acofi.edu.co\/eiei2018\/wp-json\/wp\/v2\/pages"}],"about":[{"href":"https:\/\/www.acofi.edu.co\/eiei2018\/wp-json\/wp\/v2\/types\/page"}],"author":[{"embeddable":true,"href":"https:\/\/www.acofi.edu.co\/eiei2018\/wp-json\/wp\/v2\/users\/1"}],"replies":[{"embeddable":true,"href":"https:\/\/www.acofi.edu.co\/eiei2018\/wp-json\/wp\/v2\/comments?post=19"}],"version-history":[{"count":9,"href":"https:\/\/www.acofi.edu.co\/eiei2018\/wp-json\/wp\/v2\/pages\/19\/revisions"}],"predecessor-version":[{"id":516,"href":"https:\/\/www.acofi.edu.co\/eiei2018\/wp-json\/wp\/v2\/pages\/19\/revisions\/516"}],"up":[{"embeddable":true,"href":"https:\/\/www.acofi.edu.co\/eiei2018\/wp-json\/wp\/v2\/pages\/15"}],"wp:attachment":[{"href":"https:\/\/www.acofi.edu.co\/eiei2018\/wp-json\/wp\/v2\/media?parent=19"}],"curies":[{"name":"wp","href":"https:\/\/api.w.org\/{rel}","templated":true}]}}