{"id":17,"date":"2017-11-05T15:37:20","date_gmt":"2017-11-05T15:37:20","guid":{"rendered":"http:\/\/www.acofi.edu.co\/eiei2018\/?page_id=17"},"modified":"2018-01-23T20:52:16","modified_gmt":"2018-01-23T20:52:16","slug":"sobre-eiei-acofi-2018","status":"publish","type":"page","link":"https:\/\/www.acofi.edu.co\/eiei2018\/informacion-general\/sobre-eiei-acofi-2018\/","title":{"rendered":"Sobre EIEI ACOFI 2018"},"content":{"rendered":"<h3><span style=\"color: #64698e;\"><strong>Invitaci\u00f3n<\/strong><\/span><\/h3>\n<p style=\"text-align: justify;\">La Asociaci\u00f3n Colombiana de Facultades de Ingenier\u00eda (ACOFI) llevar\u00e1 a cabo del 18 al 21 de septiembre de 2018 una nueva versi\u00f3n del Encuentro Internacional de Educaci\u00f3n en Ingenier\u00eda (EIEI ACOFI 2018), que se realizar\u00e1 en la ciudad de Cartagena de Indias (Colombia), patrimonio hist\u00f3rico de la humanidad.<\/p>\n<p style=\"text-align: justify;\">Con el t\u00edtulo \u201cGesti\u00f3n, calidad y desarrollo en las facultades de ingenier\u00eda\u201d, el EIEI ACOFI 2018 es el evento acad\u00e9mico, en el que decanos, directivos acad\u00e9micos y administrativos, profesores y estudiantes de ingenier\u00eda podr\u00e1n interactuar con representantes del sector productivo, entidades del Estado, gremios y la sociedad para estudiar, analizar, debatir y reflexionar sobre c\u00f3mo las acciones en gesti\u00f3n y aseguramiento de la calidad promueven el desarrollo y la permanente construcci\u00f3n de la excelencia en ingenier\u00eda, para el logro de sus objetivos acad\u00e9micos en beneficio de la sociedad.<\/p>\n<p style=\"text-align: justify;\">Francia, como pa\u00eds invitado del EIEI ACOFI 2018, aportar\u00e1 su gran experiencia acad\u00e9mica y de investigaci\u00f3n en ingenier\u00eda, buscando ampliar las oportunidades de cooperaci\u00f3n entre las facultades y escuelas de ingenier\u00eda de los dos pa\u00edses.<\/p>\n<p style=\"text-align: justify;\">Las conferencias magistrales, paneles y di\u00e1logos con expertos sobre la ense\u00f1anza de la ingenier\u00eda; la gesti\u00f3n de las facultades de ingenier\u00eda y su relaci\u00f3n con el desarrollo social y profesional; los talleres y actividades t\u00e9cnicas, hacen del EIEI ACOFI 2018 el espacio propicio para conocer y compartir experiencias, propuestas y tendencias sobre ense\u00f1anza de la ingenier\u00eda y su relaci\u00f3n con la gesti\u00f3n, con el prop\u00f3sito de promover el potencial cient\u00edfico y tecnol\u00f3gico de la ingenier\u00eda y el crecimiento de las facultades, escuelas y programas de ingenier\u00eda para el desarrollo social.<\/p>\n<p style=\"text-align: justify;\">Decanos, directivos de unidades acad\u00e9micas, personal administrativo, profesores, investigadores, estudiantes, gobierno, industria y sociedad estar\u00e1n presentes en el EIEI ACOFI 2018.<\/p>\n<p style=\"text-align: justify;\">Con esta propuesta acad\u00e9mica, el Consejo Directivo de ACOFI se complace en invitar a toda la comunidad acad\u00e9mica de ingenier\u00eda, representada por las facultades, escuelas, programas de pregrado y posgrado, institutos, centros y grupos de investigaci\u00f3n; a los empresarios y gremios relacionados con la ingenier\u00eda; a los gobiernos locales, regionales, nacional y global; a las organizaciones regionales y globales; a los medios de comunicaci\u00f3n y, en general, a la sociedad interesada en conocer el compromiso que, desde la ense\u00f1anza de la ingenier\u00eda, promueve el desarrollo.<\/p>\n<p>&nbsp;<\/p>\n<h3><span style=\"color: #64698e;\"><strong>Nuestras actividades<\/strong><\/span><\/h3>\n<ul>\n<li style=\"text-align: justify;\">Conferencias magistrales<\/li>\n<li style=\"text-align: justify;\">Paneles y di\u00e1logos con expertos<\/li>\n<li style=\"text-align: justify;\">Mesas de trabajo<\/li>\n<li style=\"text-align: justify;\">Ponencias simult\u00e1neas presentadas en salas tem\u00e1ticas<\/li>\n<li style=\"text-align: justify;\">Talleres<\/li>\n<li style=\"text-align: justify;\">Avances de investigaci\u00f3n<\/li>\n<li style=\"text-align: justify;\">Trabajos exhibidos en p\u00f3steres<\/li>\n<li style=\"text-align: justify;\">Foro de estudiantes de ingenier\u00eda<\/li>\n<li style=\"text-align: justify;\">Muestra comercial<\/li>\n<li style=\"text-align: justify;\">Actividades sociales, t\u00e9cnicas y culturales<\/li>\n<\/ul>\n<p><strong>\u00a0<\/strong><\/p>\n<h3><span style=\"color: #64698e;\"><strong>\u00bfPor qu\u00e9 participar?<\/strong><\/span><\/h3>\n<p style=\"text-align: justify;\">Quienes participen en el encuentro tendr\u00e1n, entre otros, los siguientes beneficios:<\/p>\n<ul>\n<li style=\"text-align: justify;\">Compartir experiencias y establecer contactos con representantes de diferentes instituciones, organismos y entidades de sectores relacionados con la ense\u00f1anza y el ejercicio profesional de la ingenier\u00eda.<\/li>\n<li style=\"text-align: justify;\">Participar en actividades acad\u00e9micas con expertos reconocidos, con quienes compartir\u00e1n experiencias y perspectivas sobre el tema central del encuentro.<\/li>\n<li style=\"text-align: justify;\">Conocer avances, desarrollos, innovaciones e informaci\u00f3n en ciencia, tecnolog\u00eda y procesos en el \u00e1mbito de la ingenier\u00eda y la formaci\u00f3n de ingenieros.<\/li>\n<li style=\"text-align: justify;\">Integrarse en actividades t\u00e9cnicas, sociales y culturales en una de las ciudades m\u00e1s grandes, modernas y pujantes de Colombia.<\/li>\n<li style=\"text-align: justify;\">Ser parte del encuentro de mayor reconocimiento entre las facultades, escuelas y programas de ingenier\u00eda de Colombia y de reconocimiento global, con m\u00e1s de 38 a\u00f1os de trayectoria.<\/li>\n<\/ul>\n<p><strong>\u00a0<\/strong><\/p>\n<h3><span style=\"color: #64698e;\"><strong>\u00bfQui\u00e9nes nos visitan?<\/strong><\/span><\/h3>\n<ul>\n<li style=\"text-align: justify;\">Directivos de instituciones de educaci\u00f3n superior.<\/li>\n<li style=\"text-align: justify;\">Decanos y directivos de facultades, escuelas y programas de ingenier\u00eda.<\/li>\n<li style=\"text-align: justify;\">Profesores, profesionales, investigadores y estudiantes de ingenier\u00eda.<\/li>\n<li style=\"text-align: justify;\">Representantes de los sectores empresarial y gubernamental.<\/li>\n<li style=\"text-align: justify;\">Asesores, consultores e investigadores, conocedores y expertos en la ense\u00f1anza de la ingenier\u00eda.<\/li>\n<li style=\"text-align: justify;\">Gremios profesionales y acad\u00e9micos, y grupos de investigaci\u00f3n o extensi\u00f3n relacionados con la ingenier\u00eda.<\/li>\n<li style=\"text-align: justify;\">Representantes de entidades internacionales vinculadas a la educaci\u00f3n.<\/li>\n<\/ul>\n<p>&nbsp;<\/p>\n<h3><span style=\"color: #64698e;\"><strong>Sede del evento<\/strong><\/span><\/h3>\n<h4><span style=\"color: #fbb040;\"><strong>Hyatt Regency Cartagena<\/strong><\/span><\/h4>\n<p><img loading=\"lazy\" class=\"alignnone wp-image-110\" src=\"http:\/\/www.acofi.edu.co\/eiei2018\/wp-content\/uploads\/2017\/11\/Hyatt-1024x576.jpg\" alt=\"\" width=\"700\" height=\"394\" srcset=\"https:\/\/www.acofi.edu.co\/eiei2018\/wp-content\/uploads\/2017\/11\/Hyatt-1024x576.jpg 1024w, https:\/\/www.acofi.edu.co\/eiei2018\/wp-content\/uploads\/2017\/11\/Hyatt-300x169.jpg 300w, https:\/\/www.acofi.edu.co\/eiei2018\/wp-content\/uploads\/2017\/11\/Hyatt-768x432.jpg 768w, https:\/\/www.acofi.edu.co\/eiei2018\/wp-content\/uploads\/2017\/11\/Hyatt.jpg 1919w\" sizes=\"(max-width: 700px) 100vw, 700px\" \/><\/p>\n<p style=\"text-align: justify;\">Hyatt Regency Cartagena cuenta con los servicios y las instalaciones necesarios para organizar el EIEI ACOFI 2018. Cuenta con 1.200 m<sup>2<\/sup> de espacio para reuniones, incluido un gran sal\u00f3n y varias salas con tecnolog\u00eda adecuada para las actividades que se programen. Sus \u00e1reas vers\u00e1tiles y funcionales proporcionan un entorno \u00fanico que garantiza la comodidad requerida en conferencias y eventos sociales, adem\u00e1s de la muestra comercial. Se encuentra ubicado en la zona tur\u00edstica de Bocagrande, la m\u00e1s importante de la ciudad, a diez minutos del centro hist\u00f3rico y a 20 del aeropuerto de la ciudad.<\/p>\n<p><iframe style=\"border: 0;\" src=\"https:\/\/www.google.com\/maps\/embed?pb=!1m18!1m12!1m3!1d3924.1404618925017!2d-75.55359678471257!3d10.410416968688173!2m3!1f0!2f0!3f0!3m2!1i1024!2i768!4f13.1!3m3!1m2!1s0x8ef62f12b1403ea5%3A0xa2fc97eeba9977eb!2sHotel+Hyatt+Regency+Cartagena!5e0!3m2!1ses-419!2sco!4v1510754189583\" width=\"600\" height=\"450\" frameborder=\"0\" allowfullscreen=\"allowfullscreen\"><\/iframe><\/p>\n<p>Mayor informaci\u00f3n en<span style=\"color: #000000;\"> <strong><a href=\"https:\/\/cartagena.regency.hyatt.com\/es\/hotel\/meetings-and-events.html\" target=\"_blank\" rel=\"noopener\">Hyatt Regency Cartagena<\/a><\/strong><\/span><\/p>\n<p>&nbsp;<\/p>\n<h3><span style=\"color: #64698e;\">Nuestra imagen<\/span><\/h3>\n<p><img loading=\"lazy\" class=\"aligncenter wp-image-182 size-medium\" src=\"http:\/\/www.acofi.edu.co\/eiei2016\/wp-content\/uploads\/2016\/02\/EIEI2016-Logo-copia-300x275.png\" alt=\"EIEI2016 - Logo - copia\" width=\"300\" height=\"275\" \/><\/p>\n<p style=\"text-align: justify;\">Un logo para representar simb\u00f3licamente las diferentes ramas de la ingenier\u00eda.<\/p>\n<ul>\n<li style=\"text-align: justify;\">Inspirado en la representaci\u00f3n de los vectores, presentes en toda ingenier\u00eda<\/li>\n<li style=\"text-align: justify;\">Integra diferentes elementos matem\u00e1ticos<\/li>\n<li style=\"text-align: justify;\">Contiene una abstracci\u00f3n de lo que puede ser una intersecci\u00f3n de planos, d\u00e1ndole un aspecto 3D<\/li>\n<li style=\"text-align: justify;\">Simplifica el proceso de memorizaci\u00f3n de la sigla como marca<\/li>\n<li style=\"text-align: justify;\">Recuerda los colores de ACOFI<\/li>\n<\/ul>\n","protected":false},"excerpt":{"rendered":"<p>Invitaci\u00f3n La Asociaci\u00f3n Colombiana de Facultades de Ingenier\u00eda (ACOFI) llevar\u00e1 a cabo del 18 al 21 de septiembre de 2018 una nueva versi\u00f3n del Encuentro Internacional de Educaci\u00f3n en Ingenier\u00eda (EIEI ACOFI 2018), que se realizar\u00e1 en la ciudad de Cartagena de Indias (Colombia), patrimonio hist\u00f3rico de la humanidad. Con el t\u00edtulo \u201cGesti\u00f3n, calidad y [&hellip;]<\/p>\n","protected":false},"author":1,"featured_media":0,"parent":15,"menu_order":0,"comment_status":"closed","ping_status":"closed","template":"","meta":[],"_links":{"self":[{"href":"https:\/\/www.acofi.edu.co\/eiei2018\/wp-json\/wp\/v2\/pages\/17"}],"collection":[{"href":"https:\/\/www.acofi.edu.co\/eiei2018\/wp-json\/wp\/v2\/pages"}],"about":[{"href":"https:\/\/www.acofi.edu.co\/eiei2018\/wp-json\/wp\/v2\/types\/page"}],"author":[{"embeddable":true,"href":"https:\/\/www.acofi.edu.co\/eiei2018\/wp-json\/wp\/v2\/users\/1"}],"replies":[{"embeddable":true,"href":"https:\/\/www.acofi.edu.co\/eiei2018\/wp-json\/wp\/v2\/comments?post=17"}],"version-history":[{"count":30,"href":"https:\/\/www.acofi.edu.co\/eiei2018\/wp-json\/wp\/v2\/pages\/17\/revisions"}],"predecessor-version":[{"id":380,"href":"https:\/\/www.acofi.edu.co\/eiei2018\/wp-json\/wp\/v2\/pages\/17\/revisions\/380"}],"up":[{"embeddable":true,"href":"https:\/\/www.acofi.edu.co\/eiei2018\/wp-json\/wp\/v2\/pages\/15"}],"wp:attachment":[{"href":"https:\/\/www.acofi.edu.co\/eiei2018\/wp-json\/wp\/v2\/media?parent=17"}],"curies":[{"name":"wp","href":"https:\/\/api.w.org\/{rel}","templated":true}]}}