{"id":62,"date":"2016-02-09T10:56:15","date_gmt":"2016-02-09T15:56:15","guid":{"rendered":"http:\/\/www.acofi.edu.co\/eiei2016\/?page_id=62"},"modified":"2016-09-24T19:53:16","modified_gmt":"2016-09-25T00:53:16","slug":"sobre-eiei-acofi-2016","status":"publish","type":"page","link":"https:\/\/www.acofi.edu.co\/eiei2016\/sobre-eiei-acofi-2016\/","title":{"rendered":"Sobre EIEI ACOFI 2016"},"content":{"rendered":"<h3 style=\"text-align: justify;\"><span style=\"color: #ef4136;\">Pre\u00e1mbulo<\/span><\/h3>\n<p style=\"text-align: justify;\">Para este a\u00f1o, la Asociaci\u00f3n Colombiana de Facultades de Ingenier\u00eda (ACOFI) organiza del 4 al 7 de octubre, en el Centro de Convenciones Cartagena de la ciudad Cartagena de Indias, una nueva versi\u00f3n del Encuentro Internacional de Educaci\u00f3n en Ingenier\u00eda ACOFI 2016 (EIEI ACOFI 2016), que tiene como tema central, <em>Innovaci\u00f3n en las facultades de ingenier\u00eda: el cambio para la competitividad y la sostenibilidad.<\/em><\/p>\n<p style=\"text-align: justify;\">El EIEI ACOFI 2016 ser\u00e1 en esta ocasi\u00f3n un escenario de an\u00e1lisis y reflexi\u00f3n sobre como la innovaci\u00f3n es promotora de la competitividad y del desarrollo sostenible, dado que el conocimiento, la creatividad y la disposici\u00f3n al cambio son las fuentes que promueven el desarrollo.<\/p>\n<p style=\"text-align: justify;\">El EIEI ACOFI 2016, es el escenario m\u00e1s importante en la ense\u00f1anza en ingenier\u00eda en Colombia y uno de los m\u00e1s reconocidos en el \u00e1mbito internacional, en el que la socializaci\u00f3n de las propuestas y experiencias de los procesos ense\u00f1anza aprendizaje, la investigaci\u00f3n en educaci\u00f3n en ingenier\u00eda, la responsabilidad social en la formaci\u00f3n de los ingenieros, la relaci\u00f3n de la universidad con el sector productivo y el Estado, y su impacto en la comunidad, entre otros importantes temas, proporcionan elementos y oportunidades de mejoramiento en nuestras facultades de ingenier\u00eda.<\/p>\n<p style=\"text-align: justify;\">En el EIEI ACOFI 2016, se expondr\u00e1n los trabajos y experiencias de directivos profesores y estudiantes de las facultades de ingenier\u00eda y representantes de la empresa. La interacci\u00f3n ser\u00e1 con decanos, profesores, investigadores, estudiantes, gobierno, industria y sociedad. Se llevar\u00e1n a cabo conferencias magistrales y paneles sobre la ense\u00f1anza de la ingenier\u00eda, talleres, exposici\u00f3n de avances de investigaci\u00f3n, reuni\u00f3n de decanos, foro de estudiantes y actividades t\u00e9cnicas y sociales.<\/p>\n<p style=\"text-align: justify;\">El EIEI ACOFI 2016 es un espacio para conocer las tendencias, experiencias y propuestas que constituyen el verdadero potencial del desarrollo cient\u00edfico y tecnol\u00f3gico de la ingenier\u00eda, como aporte a la competitividad y a la sostenibilidad local, regional y global.<\/p>\n<p style=\"text-align: justify;\">ACOFI se complace en invitar a participar en este importante certamen, a toda la comunidad acad\u00e9mica de ingenier\u00eda, a institutos, centros o grupos de investigaci\u00f3n, a gremios y empresarios relacionados con la ingenier\u00eda.<\/p>\n<h3 style=\"text-align: justify;\"><span style=\"color: #ef4136;\">Presentaci\u00f3n<\/span><\/h3>\n<p style=\"text-align: justify;\">El mundo actual exige cada d\u00eda nuevos requerimientos, que van desde satisfacer necesidades b\u00e1sicas como tener agua potable, transportarse, comunicarse, hasta lograr avances tecnol\u00f3gicos inimaginables. La ingenier\u00eda en gran parte es la responsable de lograr satisfacer esas necesidades. Para ello requiere creatividad, con la cual se debe fomentar la innovaci\u00f3n, que se traduzca en iniciativas empresariales, generando competitividad y promoviendo el desarrollo sostenible en el que se mejore la calidad de vida. Para llevarlo a cabo se deben entender las condiciones actuales y futuras, las necesidades que var\u00edan permanentemente, los vertiginosos avances tecnol\u00f3gicos, invitan a promover constantemente el cambio.<\/p>\n<p style=\"text-align: justify;\">En este sentido cobra mayor importancia el rol de las facultades de ingenier\u00eda, ya que se convierten en el escenario clave para promover la creatividad, la innovaci\u00f3n, la competitividad y el cambio, cuyo contexto invita a analizar la forma de ense\u00f1ar la ingenier\u00eda. En este sentido, los profesores representan un papel fundamental, porque son los motivadores y los encargados de hacer viable la relaci\u00f3n universidad-empresa-estado. Las facultades de ingenier\u00eda tienen el compromiso de formar ingenieros innovadores, fundamentado en la ciencia y la tecnolog\u00eda, con pensamiento cr\u00edtico y haciendo parte de un mundo en constante cambio.<\/p>\n<p style=\"text-align: justify;\">Para lograr llegar a procesos innovadores desde las facultades de ingenier\u00eda, se deben estudiar las estrategias de ense\u00f1anza \u2013 aprendizaje, la forma de hacer la investigaci\u00f3n, c\u00f3mo proyectar desde el pregrado y el posgrado la innovaci\u00f3n, la competitividad y el cambio, para hacer de una localidad, de una regi\u00f3n o del mundo un lugar de desarrollo.<strong>\u00a0<\/strong><\/p>\n<h3 style=\"text-align: justify;\"><span style=\"color: #ef4136;\">Objetivo general<\/span><\/h3>\n<p style=\"text-align: justify;\">El EIEI ACOFI 2016 busca ser un espacio acad\u00e9mico de an\u00e1lisis y reflexi\u00f3n sobre como la innovaci\u00f3n es el motor para el cambio que permitir\u00e1 la competitividad y el desarrollo sostenible e impactar\u00e1 positivamente en la sociedad.<strong>\u00a0<\/strong><\/p>\n<h3 style=\"text-align: justify;\"><span style=\"color: #ef4136;\">Objetivos espec\u00edficos<\/span><\/h3>\n<ul>\n<li style=\"text-align: justify;\">Conocer y reflexionar sobre el trabajo y los aportes que realizan las facultades de ingenier\u00eda en la generaci\u00f3n y apropiaci\u00f3n de ciencia, tecnolog\u00eda e innovaci\u00f3n para la competitividad y el desarrollo sostenible.<\/li>\n<li style=\"text-align: justify;\">Analizar las condiciones actuales y las estrategias que se deben introducir en la ense\u00f1anza y en la formaci\u00f3n de ingenieros para la innovaci\u00f3n.<\/li>\n<li style=\"text-align: justify;\">Promover que la ense\u00f1anza de la ingenier\u00eda con el aporte de las instituciones de educaci\u00f3n superior, del Estado y del sector productivo, sea una herramienta eficaz para lograr el desarrollo.<\/li>\n<li style=\"text-align: justify;\">Debatir sobre c\u00f3mo las instituciones de educaci\u00f3n superior, los sectores productivo y gubernamental y la sociedad en su conjunto son fundamentales para lograr que la innovaci\u00f3n sea la promotora del cambio.<\/li>\n<\/ul>\n<h3 style=\"text-align: justify;\"><span style=\"color: #ef4136;\">Principales actividades<\/span><\/h3>\n<ul style=\"text-align: justify;\">\n<li>Conferencias magistrales de invitados nacionales e internacionales<\/li>\n<li>Di\u00e1logos de pares<\/li>\n<li>Mesas de trabajo<\/li>\n<li>Ponencias presentadas en salas tem\u00e1ticas simult\u00e1neas<\/li>\n<li>Trabajos exhibidos mediante p\u00f3steres<\/li>\n<li>Reuni\u00f3n de decanos de ingenier\u00eda<\/li>\n<li>Reuni\u00f3n de estudiantes de ingenier\u00eda<\/li>\n<li>Muestra comercial y editorial<\/li>\n<li>Actividades sociales, t\u00e9cnicas y culturales<\/li>\n<\/ul>\n<h3 style=\"text-align: justify;\"><span style=\"color: #ef4136;\">Ventajas de participar<\/span><\/h3>\n<ul style=\"text-align: justify;\">\n<li>Generar nuevos contactos, compartir experiencias con representantes de diferentes instituciones, organismos y entidades de sectores relacionados con la educaci\u00f3n y con la ingenier\u00eda.<\/li>\n<li>Conocer avances, desarrollos, innovaciones e informaci\u00f3n en ciencia, tecnolog\u00eda y procesos en el \u00e1mbito de la ingenier\u00eda y la formaci\u00f3n de ingenieros.<\/li>\n<li>Interactuar en actividades acad\u00e9micas con expertos de alto nivel y reconocimiento nacional e internacional, con quienes se compartir\u00e1n experiencias y perspectivas alrededor del tema central del Encuentro.<\/li>\n<li>Integrarse en actividades t\u00e9cnicas, sociales y culturales en una de las ciudades m\u00e1s grandes, modernas y pujantes de Colombia.<\/li>\n<li>Ser part\u00edcipe del encuentro de mayor reconocimiento entre las facultades, escuelas y programas de ingenier\u00eda de Colombia, con una trayectoria de m\u00e1s de treinta a\u00f1os de realizaci\u00f3n.<\/li>\n<\/ul>\n<h3 style=\"text-align: justify;\"><span style=\"color: #ef4136;\">Perfil de participantes\u00a0<\/span><\/h3>\n<ul>\n<li style=\"text-align: justify;\">Directivos de Instituciones de Educaci\u00f3n Superior con programas de ingenier\u00eda<\/li>\n<li style=\"text-align: justify;\">Docentes, profesionales, investigadores y estudiantes relacionados con ingenier\u00eda<\/li>\n<li style=\"text-align: justify;\">Representantes del sector gubernamental<\/li>\n<li style=\"text-align: justify;\">Representantes del sector empresarial<\/li>\n<li style=\"text-align: justify;\">Asesores, consultores e investigadores sobre temas de educaci\u00f3n superior y formaci\u00f3n en ingenier\u00eda<\/li>\n<li style=\"text-align: justify;\">Gremios profesionales, acad\u00e9micos, grupos de investigaci\u00f3n o extensi\u00f3n relacionados con ingenier\u00eda<\/li>\n<li style=\"text-align: justify;\">Representantes de organismos internacionales con v\u00ednculos en educaci\u00f3n<\/li>\n<li style=\"text-align: justify;\">Medios de comunicaci\u00f3n<\/li>\n<\/ul>\n<h3><span style=\"color: #ef4136;\">Sede del evento<\/span><\/h3>\n<h4><span style=\"color: #fbb040;\">Centro de Convenciones Cartagena de Indias<\/span><\/h4>\n<p><img decoding=\"async\" loading=\"lazy\" class=\"alignnone wp-image-177\" src=\"http:\/\/www.acofi.edu.co\/eiei2016\/wp-content\/uploads\/2016\/02\/CENTRO-DE-CONVENCIONES-300x203.jpg\" alt=\"CENTRO DE CONVENCIONES\" width=\"600\" height=\"405\" srcset=\"https:\/\/www.acofi.edu.co\/eiei2016\/wp-content\/uploads\/2016\/02\/CENTRO-DE-CONVENCIONES-300x203.jpg 300w, https:\/\/www.acofi.edu.co\/eiei2016\/wp-content\/uploads\/2016\/02\/CENTRO-DE-CONVENCIONES.jpg 600w\" sizes=\"(max-width: 600px) 100vw, 600px\" \/><\/p>\n<p style=\"text-align: justify;\">Situado en el barrio Getseman\u00ed frente al camell\u00f3n de los m\u00e1rtires y a pocos pasos de la Torre del Reloj uno de los hitos m\u00e1s representativos y conocidos de la ciudad.<\/p>\n<p style=\"text-align: justify;\">A\u00f1o tras a\u00f1o el centro de convenciones recibe m\u00e1s de 300 eventos como cumbres gubernamentales, congresos, conferencias, ferias, exhibiciones y espect\u00e1culos de una extensa variedad de audiencias y tama\u00f1os.<\/p>\n<p style=\"text-align: justify;\">El recinto, dise\u00f1ado y construido espec\u00edficamente para albergar congresos y convenciones, grandes plenarias y simultaneidad de sesiones acad\u00e9micas, cuenta tambi\u00e9n con una plataforma tecnol\u00f3gica e inform\u00e1tica que cumple con las exigencias de eventos como ICANN 39, Andina Link y la VI Cumbre de las Am\u00e9ricas, que confirman as\u00ed los alcances de sus servicios.<\/p>\n<p>\u00a0<iframe loading=\"lazy\" src=\"https:\/\/www.google.com\/maps\/embed?pb=!1m18!1m12!1m3!1d1962.0044803829287!2d-75.54873796256254!3d10.420862494380751!2m3!1f0!2f0!3f0!3m2!1i1024!2i768!4f13.1!3m3!1m2!1s0x0000000000000000%3A0x97ff60e23b9c2041!2sCentro+de+Convenciones+Julio+Cesar+Turbay+Ayala!5e0!3m2!1ses!2sco!4v1440279075396\" width=\"600\" height=\"450\" frameborder=\"0\" allowfullscreen=\"allowfullscreen\"><\/iframe><\/p>\n<p><a href=\"http:\/\/www.cccartagena.com\/\">www.cccartagena.com<\/a><\/p>\n<h3><span style=\"color: #ef4136;\">Nuestra imagen<\/span><\/h3>\n<p><img decoding=\"async\" loading=\"lazy\" class=\"aligncenter wp-image-182 size-medium\" src=\"http:\/\/www.acofi.edu.co\/eiei2016\/wp-content\/uploads\/2016\/02\/EIEI2016-Logo-copia-300x275.png\" alt=\"EIEI2016 - Logo - copia\" width=\"300\" height=\"275\" srcset=\"https:\/\/www.acofi.edu.co\/eiei2016\/wp-content\/uploads\/2016\/02\/EIEI2016-Logo-copia-300x275.png 300w, https:\/\/www.acofi.edu.co\/eiei2016\/wp-content\/uploads\/2016\/02\/EIEI2016-Logo-copia.png 408w\" sizes=\"(max-width: 300px) 100vw, 300px\" \/><\/p>\n<p style=\"text-align: justify;\">Para el a\u00f1o 2016 lanzamos el logo oficial del Encuentro Internacional de Educaci\u00f3n en Ingenier\u00eda.<\/p>\n<p style=\"text-align: justify;\">Un logo para representar simb\u00f3licamente las diferentes ramas de la ingenier\u00eda.<\/p>\n<ul>\n<li style=\"text-align: justify;\">Inspirado en la representaci\u00f3n de los vectores, presentes en toda ingenier\u00eda<\/li>\n<li style=\"text-align: justify;\">Integra diferentes elementos matem\u00e1ticos<\/li>\n<li style=\"text-align: justify;\">Contiene una abstracci\u00f3n de lo que puede ser una intersecci\u00f3n de planos, d\u00e1ndole un aspecto 3D<\/li>\n<li style=\"text-align: justify;\">Simplifica el proceso de memorizaci\u00f3n de la sigla como marca<\/li>\n<li style=\"text-align: justify;\">Recuerda los colores de ACOFI<\/li>\n<\/ul>\n","protected":false},"excerpt":{"rendered":"<p>Pre\u00e1mbulo Para este a\u00f1o, la Asociaci\u00f3n Colombiana de Facultades de Ingenier\u00eda (ACOFI) organiza del 4 al 7 de octubre, en el Centro de Convenciones Cartagena de la ciudad Cartagena de Indias, una nueva versi\u00f3n del Encuentro Internacional de Educaci\u00f3n en Ingenier\u00eda ACOFI 2016 (EIEI ACOFI 2016), que tiene como tema central, Innovaci\u00f3n en las facultades [&hellip;]<\/p>\n","protected":false},"author":1,"featured_media":0,"parent":0,"menu_order":0,"comment_status":"closed","ping_status":"closed","template":"","meta":[],"_links":{"self":[{"href":"https:\/\/www.acofi.edu.co\/eiei2016\/wp-json\/wp\/v2\/pages\/62"}],"collection":[{"href":"https:\/\/www.acofi.edu.co\/eiei2016\/wp-json\/wp\/v2\/pages"}],"about":[{"href":"https:\/\/www.acofi.edu.co\/eiei2016\/wp-json\/wp\/v2\/types\/page"}],"author":[{"embeddable":true,"href":"https:\/\/www.acofi.edu.co\/eiei2016\/wp-json\/wp\/v2\/users\/1"}],"replies":[{"embeddable":true,"href":"https:\/\/www.acofi.edu.co\/eiei2016\/wp-json\/wp\/v2\/comments?post=62"}],"version-history":[{"count":23,"href":"https:\/\/www.acofi.edu.co\/eiei2016\/wp-json\/wp\/v2\/pages\/62\/revisions"}],"predecessor-version":[{"id":1437,"href":"https:\/\/www.acofi.edu.co\/eiei2016\/wp-json\/wp\/v2\/pages\/62\/revisions\/1437"}],"wp:attachment":[{"href":"https:\/\/www.acofi.edu.co\/eiei2016\/wp-json\/wp\/v2\/media?parent=62"}],"curies":[{"name":"wp","href":"https:\/\/api.w.org\/{rel}","templated":true}]}}