{"id":564,"date":"2016-04-12T14:57:58","date_gmt":"2016-04-12T19:57:58","guid":{"rendered":"http:\/\/www.acofi.edu.co\/eiei2016\/?page_id=564"},"modified":"2016-10-12T09:03:10","modified_gmt":"2016-10-12T14:03:10","slug":"gedc-latam","status":"publish","type":"page","link":"https:\/\/www.acofi.edu.co\/eiei2016\/gedc-latam\/","title":{"rendered":"GEDC LATAM"},"content":{"rendered":"<p style=\"text-align: justify;\"><img decoding=\"async\" loading=\"lazy\" class=\"alignnone wp-image-574 size-full\" src=\"http:\/\/www.acofi.edu.co\/eiei2016\/wp-content\/uploads\/2016\/04\/logo-gedc-web.png\" alt=\"logo gedc web\" width=\"400\" height=\"211\" srcset=\"https:\/\/www.acofi.edu.co\/eiei2016\/wp-content\/uploads\/2016\/04\/logo-gedc-web.png 400w, https:\/\/www.acofi.edu.co\/eiei2016\/wp-content\/uploads\/2016\/04\/logo-gedc-web-300x158.png 300w\" sizes=\"(max-width: 400px) 100vw, 400px\" \/><\/p>\n<h4 style=\"text-align: justify;\"><a href=\"http:\/\/www.acofi.edu.co\/eiei2016\/pre-inscripcion\/\">PRE-REGISTRO Y COSTOS<\/a><\/h4>\n<h4 style=\"text-align: justify;\"><a href=\"http:\/\/www.acofi.edu.co\/eiei2016\/programa\/\">PROGRAMA\u00a0GEDC + EIEI<\/a><\/h4>\n<p><span style=\"color: #ffffff;\">.<\/span><\/p>\n<p style=\"text-align: justify;\">El Global Engineering Deans Council &#8211; Cap\u00edtulo Latinoam\u00e9rica (GEDC-LATAM) y la Asociaci\u00f3n Colombiana de Facultades de Ingenier\u00eda (ACOFI), invitan a decanos, vicedecanos, directores de departamento y directores de programa al Sexto Encuentro GEDC-LATAM, el cual se llevar\u00e1 a cabo en el Centro de Convenciones de la Ciudad de Cartagena de Indias (Colombia) los d\u00edas 3 y 4 de octubre de 2016.<\/p>\n<p style=\"text-align: justify;\">Su cap\u00edtulo en Am\u00e9rica Latina reafirma dicha misi\u00f3n con \u00e9nfasis en los miembros localizados en el subcontinente. El Sexto Encuentro GEDC-LATAM es la continuaci\u00f3n de los eventos adelantados previamente en Barranquilla (Colombia), Monterrey (M\u00e9xico), Quito (Ecuador), Vi\u00f1a del Mar (Chile) y La Paz (Bolivia).<\/p>\n<p style=\"text-align: justify;\">GEDC (www.gedcouncil.org) fue creado en 2008 por directivos de prestigiosas facultades de ingenier\u00eda de cinco continentes con el fin de convertirse en la principal red global de tales disciplinas para aprovechar las fortalezas colectivas de sus miembros y propender por el avance de la educaci\u00f3n en ingenier\u00eda, la investigaci\u00f3n de calidad y el servicio a la comunidad internacional.<\/p>\n<p style=\"text-align: justify;\">En esta ocasi\u00f3n, dicho evento se desarrollar\u00e1 en el marco del Encuentro Internacional de Educaci\u00f3n en Ingenier\u00eda de ACOFI (EIEI ACOFI 2016).<\/p>\n<p style=\"text-align: justify;\">Con el t\u00edtulo \u201cInnovaci\u00f3n en las facultades de ingenier\u00eda\u201d, el Encuentro GEDC-LATAM 2016 ser\u00e1 oportunidad ideal para compartir experiencias y buenas pr\u00e1cticas, reflexionar sobre la coyuntura y futuros desaf\u00edos para las facultades de ingenier\u00eda, y discutir acerca de la importancia de los conceptos de innovaci\u00f3n y emprendimiento como parte de los curr\u00edculos profesionales, as\u00ed como acerca de la relevancia de una buena gesti\u00f3n administrativa como elemento esencial de las estrategias para el fortalecimiento de los procesos de formaci\u00f3n e investigaci\u00f3n. La agenda acad\u00e9mica incluye presentaciones por parte de reconocidos l\u00edderes de la educaci\u00f3n en ingenier\u00eda, as\u00ed como plenos espacios de discusi\u00f3n entre los participantes.<\/p>\n<p style=\"text-align: justify;\"><img decoding=\"async\" loading=\"lazy\" class=\"alignnone wp-image-569\" src=\"http:\/\/www.acofi.edu.co\/eiei2016\/wp-content\/uploads\/2016\/04\/gedc-img-web.jpg\" alt=\"gedc img web\" width=\"700\" height=\"179\" srcset=\"https:\/\/www.acofi.edu.co\/eiei2016\/wp-content\/uploads\/2016\/04\/gedc-img-web.jpg 1024w, https:\/\/www.acofi.edu.co\/eiei2016\/wp-content\/uploads\/2016\/04\/gedc-img-web-300x77.jpg 300w, https:\/\/www.acofi.edu.co\/eiei2016\/wp-content\/uploads\/2016\/04\/gedc-img-web-768x197.jpg 768w\" sizes=\"(max-width: 700px) 100vw, 700px\" \/><\/p>\n<p style=\"text-align: justify;\">Con el liderazgo y la organizaci\u00f3n de ACOFI, GEDC-LATAM invita a decanos y directores de facultades y escuelas de ingenier\u00eda de universidades latinoamericanas a participar.<\/p>\n<h3 style=\"text-align: justify;\"><span style=\"color: #fbb040;\">Presentaciones<\/span><\/h3>\n<h4><span style=\"color: #ef4136;\">Panel: Innovaci\u00f3n en ense\u00f1anza de la ingenier\u00eda<\/span><\/h4>\n<h4><a href=\"http:\/\/www.acofi.edu.co\/eiei2016\/wp-content\/uploads\/2016\/04\/Mar\u00eda-Teresa-Garibay.pdf\" rel=\"\">Mar\u00eda Teresa Garibay<\/a><\/h4>\n<h4><a href=\"http:\/\/www.acofi.edu.co\/eiei2016\/wp-content\/uploads\/2016\/04\/Ximena-Petit-Breuilh-S..pdf\" rel=\"\">Ximena Petit-Breuilh Sep\u00falveda<\/a><\/h4>\n<h4><span style=\"color: #ef4136;\">Panel: Investigaci\u00f3n e innovaci\u00f3n tecnol\u00f3gica<\/span><\/h4>\n<h4><a href=\"http:\/\/www.acofi.edu.co\/eiei2016\/wp-content\/uploads\/2016\/04\/Jesennia-C\u00e1rdenas-Cobo.pdf\" rel=\"\">Jesennia C\u00e1rdenas Cobo<\/a><\/h4>\n<h4><a href=\"http:\/\/www.acofi.edu.co\/eiei2016\/wp-content\/uploads\/2016\/04\/Roberto-Giordano-Lerena.pdf\" rel=\"\">Roberto Giordano Lerena<\/a><\/h4>\n<h4><span style=\"color: #ef4136;\">Panel: Innovaci\u00f3n en gesti\u00f3n de facultades<\/span><\/h4>\n<h4><a href=\"http:\/\/www.acofi.edu.co\/eiei2016\/wp-content\/uploads\/2016\/04\/Luis-David-Prieto.pdf\" rel=\"\">Luis David Prieto<\/a><\/h4>\n<h4><a href=\"http:\/\/www.acofi.edu.co\/eiei2016\/wp-content\/uploads\/2016\/04\/Robert-H.-Bishop.pdf\" rel=\"\">Robert H. Bishop<\/a><\/h4>\n<h4><span style=\"color: #ef4136;\">Panel: Experiencias innovadoras en facultades de ingenier\u00eda<\/span><\/h4>\n<h4><a href=\"http:\/\/www.acofi.edu.co\/eiei2016\/wp-content\/uploads\/2016\/04\/Karen-Kanzua.pdf\" rel=\"\">Karen Kanz\u00faa<\/a><\/h4>\n<h4><a href=\"http:\/\/www.acofi.edu.co\/eiei2016\/wp-content\/uploads\/2016\/04\/Ramiro-Jordan.pdf\" rel=\"\">Ramiro Jord\u00e1n<\/a><\/h4>\n<h4><span style=\"color: #ef4136;\">Conferencia: Innovaci\u00f3n, competitividad y educaci\u00f3n en ingenier\u00eda<\/span><\/h4>\n<h4><a href=\"http:\/\/www.acofi.edu.co\/eiei2016\/wp-content\/uploads\/2016\/04\/Aryanne-Quintal.pdf\" rel=\"\">Aryanne Quintal<\/a><\/h4>\n<h4><span style=\"color: #ef4136;\">Conferencia ABET<\/span><\/h4>\n<h4><a href=\"http:\/\/www.acofi.edu.co\/eiei2016\/wp-content\/uploads\/2016\/04\/Joe-Sussman.pdf\" rel=\"\">Joseph Sussman<\/a><\/h4>\n<p>&nbsp;<\/p>\n<p>&nbsp;<\/p>\n<h3 style=\"text-align: justify;\"><span style=\"color: #ef4136;\">Organizan<\/span><\/h3>\n<p><img decoding=\"async\" loading=\"lazy\" class=\"alignnone wp-image-578 size-full\" src=\"http:\/\/www.acofi.edu.co\/eiei2016\/wp-content\/uploads\/2016\/04\/pie-gedc-web.jpg\" alt=\"pie gedc web\" width=\"600\" height=\"148\" srcset=\"https:\/\/www.acofi.edu.co\/eiei2016\/wp-content\/uploads\/2016\/04\/pie-gedc-web.jpg 600w, https:\/\/www.acofi.edu.co\/eiei2016\/wp-content\/uploads\/2016\/04\/pie-gedc-web-300x74.jpg 300w\" sizes=\"(max-width: 600px) 100vw, 600px\" \/><\/p>\n","protected":false},"excerpt":{"rendered":"<p>PRE-REGISTRO Y COSTOS PROGRAMA\u00a0GEDC + EIEI . El Global Engineering Deans Council &#8211; Cap\u00edtulo Latinoam\u00e9rica (GEDC-LATAM) y la Asociaci\u00f3n Colombiana de Facultades de Ingenier\u00eda (ACOFI), invitan a decanos, vicedecanos, directores de departamento y directores de programa al Sexto Encuentro GEDC-LATAM, el cual se llevar\u00e1 a cabo en el Centro de Convenciones de la Ciudad de [&hellip;]<\/p>\n","protected":false},"author":2,"featured_media":0,"parent":0,"menu_order":0,"comment_status":"closed","ping_status":"closed","template":"","meta":[],"_links":{"self":[{"href":"https:\/\/www.acofi.edu.co\/eiei2016\/wp-json\/wp\/v2\/pages\/564"}],"collection":[{"href":"https:\/\/www.acofi.edu.co\/eiei2016\/wp-json\/wp\/v2\/pages"}],"about":[{"href":"https:\/\/www.acofi.edu.co\/eiei2016\/wp-json\/wp\/v2\/types\/page"}],"author":[{"embeddable":true,"href":"https:\/\/www.acofi.edu.co\/eiei2016\/wp-json\/wp\/v2\/users\/2"}],"replies":[{"embeddable":true,"href":"https:\/\/www.acofi.edu.co\/eiei2016\/wp-json\/wp\/v2\/comments?post=564"}],"version-history":[{"count":19,"href":"https:\/\/www.acofi.edu.co\/eiei2016\/wp-json\/wp\/v2\/pages\/564\/revisions"}],"predecessor-version":[{"id":1501,"href":"https:\/\/www.acofi.edu.co\/eiei2016\/wp-json\/wp\/v2\/pages\/564\/revisions\/1501"}],"wp:attachment":[{"href":"https:\/\/www.acofi.edu.co\/eiei2016\/wp-json\/wp\/v2\/media?parent=564"}],"curies":[{"name":"wp","href":"https:\/\/api.w.org\/{rel}","templated":true}]}}