{"id":53,"date":"2016-02-09T10:54:02","date_gmt":"2016-02-09T15:54:02","guid":{"rendered":"http:\/\/www.acofi.edu.co\/eiei2016\/?page_id=53"},"modified":"2016-02-12T14:34:20","modified_gmt":"2016-02-12T19:34:20","slug":"medios-de-pago","status":"publish","type":"page","link":"https:\/\/www.acofi.edu.co\/eiei2016\/pre-inscripcion\/medios-de-pago\/","title":{"rendered":"Medios de Pago"},"content":{"rendered":"<p>Haga su pago como m\u00e1s le convenga seg\u00fan estas opciones:<\/p>\n<h4 class=\"section-title\"><span style=\"color: #ef4136;\">Pago en L\u00ednea<\/span><\/h4>\n<div class=\"main-action row\">\n<div class=\"col-md-3 col-md-offset-3 col-sm-4 col-sm-offset-2\"><a class=\"btn btn-lg btn-block btn-primary\" href=\"https:\/\/www.zonapagos.com\/t_acofius\">Dollars (US$)<\/a><\/div>\n<div class=\"col-md-3 col-sm-4\"><a class=\"smooth-scroll btn btn-lg btn-block btn-primary\" href=\"https:\/\/www.zonapagos.com\/t_acofi\">Pesos (COP$)<\/a><\/div>\n<\/div>\n<h4><span style=\"color: #ffffff;\">.<\/span><\/h4>\n<h4><span style=\"color: #ef4136;\">Datos para transferencia bancaria en Colombia<\/span><\/h4>\n<blockquote><p>Nombre beneficiario: ACOFI. Asociaci\u00f3n Colombiana de Facultades de Ingenier\u00eda<br \/>\nTel\u00e9fono del beneficiario: 571 4273065 ext. 103<\/p>\n<p>Entidad bancaria: Bancolombia, sucursal salitre, calle 25 N\u00b0. 68B-02, Bogot\u00e1. Tel: 571 4273070<\/p>\n<p>N\u00famero de cuenta: 17126041844<\/p>\n<p>Tipo de cuenta: Corriente<br \/>\nCiudad y pa\u00eds: Bogot\u00e1, Colombia<\/p><\/blockquote>\n<h4><span style=\"color: #ef4136;\">Datos para transferencia bancaria en el exterior<\/span><\/h4>\n<blockquote><p>Banco pagador: BANCOLOMBIA<br \/>\nSWIFT BANCOLOMBIA: COLOCOBM<\/p><\/blockquote>\n<h4><span style=\"color: #ef4136;\">Para giros en d\u00f3lares<\/span><\/h4>\n<blockquote><p>Banco intermediario: CITIBANK de Nueva York<br \/>\nC\u00f3digo ABA: 021000089<br \/>\nSWIFT: CITIUS33<br \/>\nAcreditar a la cuenta: #36006658 de BANCOLOMBIA<\/p><\/blockquote>\n<p style=\"text-align: justify;\">En la consignaci\u00f3n, indicar nombre del inscrito e instituci\u00f3n que presenta y enviarla al fax (57 1) 4273065 ext. 102 \u00f3 111. e-mail: <a href=\"mailto:administrativa@acofi.edu.co\" target=\"_blank\">administrativa@acofi.edu.co<\/a> ACOFI expedir\u00e1 la factura una vez se haya realizado el pago.<\/p>\n<p style=\"text-align: justify;\">Si usted requiere un tr\u00e1mite diferente para el pago de su inscripci\u00f3n, por favor escr\u00edbanos haciendo la solicitud respectiva a <a href=\"mailto:administrativa@acofi.edu.co\" target=\"_blank\">administrativa@acofi.edu.co<\/a> estaremos prestos a colaborarle.<\/p>\n","protected":false},"excerpt":{"rendered":"<p>Haga su pago como m\u00e1s le convenga seg\u00fan estas opciones: Pago en L\u00ednea Dollars (US$) Pesos (COP$) . Datos para transferencia bancaria en Colombia Nombre beneficiario: ACOFI. Asociaci\u00f3n Colombiana de Facultades de Ingenier\u00eda Tel\u00e9fono del beneficiario: 571 4273065 ext. 103 Entidad bancaria: Bancolombia, sucursal salitre, calle 25 N\u00b0. 68B-02, Bogot\u00e1. Tel: 571 4273070 N\u00famero de [&hellip;]<\/p>\n","protected":false},"author":1,"featured_media":0,"parent":51,"menu_order":0,"comment_status":"closed","ping_status":"closed","template":"","meta":[],"_links":{"self":[{"href":"https:\/\/www.acofi.edu.co\/eiei2016\/wp-json\/wp\/v2\/pages\/53"}],"collection":[{"href":"https:\/\/www.acofi.edu.co\/eiei2016\/wp-json\/wp\/v2\/pages"}],"about":[{"href":"https:\/\/www.acofi.edu.co\/eiei2016\/wp-json\/wp\/v2\/types\/page"}],"author":[{"embeddable":true,"href":"https:\/\/www.acofi.edu.co\/eiei2016\/wp-json\/wp\/v2\/users\/1"}],"replies":[{"embeddable":true,"href":"https:\/\/www.acofi.edu.co\/eiei2016\/wp-json\/wp\/v2\/comments?post=53"}],"version-history":[{"count":8,"href":"https:\/\/www.acofi.edu.co\/eiei2016\/wp-json\/wp\/v2\/pages\/53\/revisions"}],"predecessor-version":[{"id":235,"href":"https:\/\/www.acofi.edu.co\/eiei2016\/wp-json\/wp\/v2\/pages\/53\/revisions\/235"}],"up":[{"embeddable":true,"href":"https:\/\/www.acofi.edu.co\/eiei2016\/wp-json\/wp\/v2\/pages\/51"}],"wp:attachment":[{"href":"https:\/\/www.acofi.edu.co\/eiei2016\/wp-json\/wp\/v2\/media?parent=53"}],"curies":[{"name":"wp","href":"https:\/\/api.w.org\/{rel}","templated":true}]}}