{"id":51,"date":"2016-02-09T10:53:26","date_gmt":"2016-02-09T15:53:26","guid":{"rendered":"http:\/\/www.acofi.edu.co\/eiei2016\/?page_id=51"},"modified":"2016-09-30T13:58:58","modified_gmt":"2016-09-30T18:58:58","slug":"pre-inscripcion","status":"publish","type":"page","link":"https:\/\/www.acofi.edu.co\/eiei2016\/pre-inscripcion\/","title":{"rendered":"Pre-inscripci\u00f3n"},"content":{"rendered":"<p style=\"text-align: justify;\">La Inscripci\u00f3n al Encuentro se har\u00e1 oficial, una vez se haya cancelado el valor de la inscripci\u00f3n de cada participante.<\/p>\n<h3><span style=\"color: #ef4136;\">Valor de la Inscripci\u00f3n<\/span><\/h3>\n<ul style=\"text-align: justify;\">\n<li><span style=\"line-height: 1.5;\">Asistentes en general EIEI: COP 1.200.000 \/ USD 500<\/span><\/li>\n<li>Estudiantes de pregrado: COP 500.000 \/ USD 200<\/li>\n<li>Ponentes profesionales: COP 1.100.000 \/ USD 450<\/li>\n<li>Ponentes Estudiantes de pregrado: COP 500.000 \/ USD 200<\/li>\n<li>Asistentes GEDC Latam: COP 900.000 \/ USD 350<\/li>\n<li>Asistentes EIEI + GEDC: COP 1.600.000 \/ USD 650<\/li>\n<\/ul>\n<p style=\"text-align: justify;\">Para inscripci\u00f3n de grupos de cinco (5) o m\u00e1s personas, por favor enviar un correo electr\u00f3nico a\u00a0<a href=\"mailto:administrativa@acofi.edu.co\">administrativa@acofi.edu.co<\/a><\/p>\n<p style=\"text-align: justify;\"><strong>Importante:<\/strong> Los pagos recibidos por concepto de inscripci\u00f3n al Encuentro Internacional de Educaci\u00f3n en Ingenier\u00eda ACOFI 2016, no son rembolsables.<\/p>\n<h3 style=\"text-align: left;\"><span style=\"color: #ef4136;\"><a style=\"color: #ef4136;\" href=\"http:\/\/www.acofi.edu.co\/eiei2016\/pre-inscripcion\/medios-de-pago\">Medios de pago<\/a><\/span><\/h3>\n<h1 style=\"text-align: center;\">LAS INSCRIPCIONES MEDIANTE LA P\u00c1GINA WEB YA SE HAN CERRADO. CON MUCHO GUSTO RECIBIMOS SU INSCRIPCI\u00d3N DIRECTAMENTE EN EL PUNTO DE REGISTRO EN EL CENTRO DE CONVENCIONES EN CARTAGENA<\/h1>\n<section class=\"section section-center section-pay\">\n<h2 class=\"section-title\"><span style=\"color: #ef4136;\">Pague en L\u00ednea<\/span><\/h2>\n<div class=\"main-action row\">\n<div class=\"col-md-3 col-md-offset-3 col-sm-4 col-sm-offset-2\"><a class=\"btn btn-lg btn-block btn-primary\" href=\"https:\/\/www.zonapagos.com\/t_acofius\">Dollars (US$)<\/a><\/div>\n<div class=\"col-md-3 col-sm-4\"><a class=\"smooth-scroll btn btn-lg btn-block btn-primary\" href=\"https:\/\/www.zonapagos.com\/t_acofi\">Pesos (COP$)<\/a><\/div>\n<\/div>\n<p>&nbsp;<\/p>\n<\/section>\n","protected":false},"excerpt":{"rendered":"<p>La Inscripci\u00f3n al Encuentro se har\u00e1 oficial, una vez se haya cancelado el valor de la inscripci\u00f3n de cada participante. Valor de la Inscripci\u00f3n Asistentes en general EIEI: COP 1.200.000 \/ USD 500 Estudiantes de pregrado: COP 500.000 \/ USD 200 Ponentes profesionales: COP 1.100.000 \/ USD 450 Ponentes Estudiantes de pregrado: COP 500.000 \/ [&hellip;]<\/p>\n","protected":false},"author":1,"featured_media":0,"parent":0,"menu_order":0,"comment_status":"closed","ping_status":"closed","template":"","meta":[],"_links":{"self":[{"href":"https:\/\/www.acofi.edu.co\/eiei2016\/wp-json\/wp\/v2\/pages\/51"}],"collection":[{"href":"https:\/\/www.acofi.edu.co\/eiei2016\/wp-json\/wp\/v2\/pages"}],"about":[{"href":"https:\/\/www.acofi.edu.co\/eiei2016\/wp-json\/wp\/v2\/types\/page"}],"author":[{"embeddable":true,"href":"https:\/\/www.acofi.edu.co\/eiei2016\/wp-json\/wp\/v2\/users\/1"}],"replies":[{"embeddable":true,"href":"https:\/\/www.acofi.edu.co\/eiei2016\/wp-json\/wp\/v2\/comments?post=51"}],"version-history":[{"count":22,"href":"https:\/\/www.acofi.edu.co\/eiei2016\/wp-json\/wp\/v2\/pages\/51\/revisions"}],"predecessor-version":[{"id":1450,"href":"https:\/\/www.acofi.edu.co\/eiei2016\/wp-json\/wp\/v2\/pages\/51\/revisions\/1450"}],"wp:attachment":[{"href":"https:\/\/www.acofi.edu.co\/eiei2016\/wp-json\/wp\/v2\/media?parent=51"}],"curies":[{"name":"wp","href":"https:\/\/api.w.org\/{rel}","templated":true}]}}