{"id":36,"date":"2016-02-09T10:50:55","date_gmt":"2016-02-09T15:50:55","guid":{"rendered":"http:\/\/www.acofi.edu.co\/eiei2016\/?page_id=36"},"modified":"2017-03-17T11:33:33","modified_gmt":"2017-03-17T16:33:33","slug":"conferencias","status":"publish","type":"page","link":"https:\/\/www.acofi.edu.co\/eiei2016\/conferencias\/","title":{"rendered":"Conferencias"},"content":{"rendered":"<h3 style=\"text-align: justify;\"><span style=\"color: #ef4136;\">Natacha DePaola<\/span><\/h3>\n<h4 style=\"text-align: justify;\"><span style=\"color: #fbb040;\">Innovaci\u00f3n en las escuelas de ingenier\u00eda<\/span><\/h4>\n<p style=\"text-align: justify;\"><strong>Descripci\u00f3n de la conferencia<\/strong><\/p>\n<p style=\"text-align: justify;\">La conferencia se centrar\u00e1 en presentar c\u00f3mo las facultades, escuelas y programas de ingenier\u00eda son promotoras de la innovaci\u00f3n, a trav\u00e9s de iniciativas y estrategias, que buscan formar ingenieros con nuevas habilidades que les permitan ser innovadores en su quehacer.<\/p>\n<h3><span style=\"color: #ef4136;\">Josep Miquel Piqu\u00e9<\/span><\/h3>\n<h4><a href=\"http:\/\/www.acofi.edu.co\/eiei2016\/wp-content\/uploads\/2016\/02\/Josep-M.-Pique.pdf\" rel=\"\">Innovaci\u00f3n, universidad e ingenier\u00eda<\/a><\/h4>\n<p style=\"text-align: justify;\"><strong>Descripci\u00f3n de la conferencia<\/strong><\/p>\n<p style=\"text-align: justify;\">En la conferencia se har\u00e1 menci\u00f3n de c\u00f3mo las propuestas curriculares contengan aspectos de emprendimiento con componentes gerenciales, con est\u00edmulos a los participantes de grupos de investigaci\u00f3n, semilleros y grupos de formaci\u00f3n investigativa, integrando estos espacios en la malla curricular, con el objetivo de articular los conocimientos entre asignaturas por medio de proyectos de investigaci\u00f3n, entendiendo la importancia de la innovaci\u00f3n dentro de la formaci\u00f3n de ingenieros, mostrando los centros de innovaci\u00f3n y haciendo precisi\u00f3n que la ingenier\u00eda es m\u00e1s que ser acopladores de tecnolog\u00edas existentes.<\/p>\n<p style=\"text-align: justify;\">La competitividad y la productividad de los territorios radican en el talento, la tecnolog\u00eda y en la capacidad de Innovar.<\/p>\n<p style=\"text-align: justify;\">Las universidades han de sumar a la funci\u00f3n docencia (Talento) e investigaci\u00f3n (Tecnolog\u00eda) la funci\u00f3n transferencia para impactar en el entorno y as\u00ed promover la innovaci\u00f3n de las empresas.<\/p>\n<p style=\"text-align: justify;\">La innovaci\u00f3n se producir\u00e1 en el momento que creemos nuevo valor gracias a la transformaci\u00f3n de un producto, proceso comercial, proceso productivo o nuevo modelo de negocio.<\/p>\n<p style=\"text-align: justify;\">\u00bfC\u00f3mo debemos transformar nuestras Universidades en Ecosistemas Innovadores?<\/p>\n<p style=\"text-align: justify;\">\u00bfQu\u00e9 instrumentos debemos incorporar para estimular el emprendedurismo (entrepreneurship)?<\/p>\n<p style=\"text-align: justify;\">\u00bfQu\u00e9 estrategias podemos desarrollar para dar soporte al crecimiento de nuestras <em>start ups<\/em> de base tecnol\u00f3gica?<\/p>\n<p style=\"text-align: justify;\">\u00bfC\u00f3mo podemos unir la innovaci\u00f3n de los emprendedores con las empresas ya establecidas?<\/p>\n<h3 style=\"text-align: justify;\"><span style=\"color: #ef4136;\">Rub\u00e9n Dar\u00edo Ochoa<\/span><\/h3>\n<h4 style=\"text-align: justify;\"><a href=\"http:\/\/www.acofi.edu.co\/eiei2016\/wp-content\/uploads\/2016\/02\/Rub\u00e9n-Dar\u00edo-Ochoa.pdf\" rel=\"\">Buenas pr\u00e1cticas en ingenier\u00eda para el desarrollo profesional<\/a><\/h4>\n<p style=\"text-align: justify;\"><strong>Descripci\u00f3n de la conferencia<\/strong><\/p>\n<p style=\"text-align: justify;\">La conferencia busca promover en los profesionales de la ingenier\u00eda las buenas pr\u00e1cticas para un desarrollo profesional id\u00f3neo. Es importante precisar que ser innovador debe estar acompa\u00f1ado de un buen ejercicio de la profesi\u00f3n, en la que se reconozcan los valores y la \u00e9tica.<\/p>\n<h3 style=\"text-align: justify;\"><span style=\"color: #ef4136;\">Alfonso Cabrera Cruz<\/span><\/h3>\n<h4 style=\"text-align: justify;\"><span style=\"color: #fbb040;\">Reflexi\u00f3n sobre el futuro de la ciudad amurallada<\/span><\/h4>\n<p style=\"text-align: justify;\"><strong>Descripci\u00f3n de la conferencia<\/strong><\/p>\n<p style=\"text-align: justify;\">Cartagena de Indias, patrimonio hist\u00f3rico de la humanidad, presenta varias situaciones complejas debidas al cambio clim\u00e1tico, al deterioro natural y a la falta de mantenimiento de algunos de los lugares de su centro hist\u00f3rico, lo cual ha necesitado estudios t\u00e9cnicos y requerir\u00e1 propuestas innovadoras para solucionar o mitigar varios de los problemas que se est\u00e1n sucediendo. Esta conferencia analizar\u00e1 algunos de esos aspectos.<\/p>\n<h3 style=\"text-align: justify;\"><span style=\"color: #ef4136;\">York Roessler<\/span><\/h3>\n<h4 style=\"text-align: justify;\"><a href=\"http:\/\/www.acofi.edu.co\/eiei2016\/wp-content\/uploads\/2016\/02\/York-Roessler.pdf\" rel=\"\">Digitalizaci\u00f3n e industria 4.0 \u2013 Los cambios en el sector laboral y educativo<\/a><\/h4>\n<p style=\"text-align: justify;\"><strong>Descripci\u00f3n de la conferencia<\/strong><\/p>\n<p style=\"text-align: justify;\">La industria 4.0, Big Data y el Internet de las Cosas (IOT) est\u00e1n cambiando radicalmente el entorno laboral de muchos empleados y los modelos de negocio de la mayor\u00eda de las empresas. La conferencia hace referencia a los efectos de estos cambios en el entorno laboral de los ingenieros, los retos para el sector educativo, y las oportunidades laborales en el \u00e1rea respectiva, asociadas a la necesidad de innovar para ser competitivos.<\/p>\n<h3 style=\"text-align: justify;\"><span style=\"color: #ef4136;\">Roberto Enrique Montoya Villa<\/span><\/h3>\n<h4 style=\"text-align: justify;\"><a href=\"http:\/\/www.acofi.edu.co\/eiei2016\/wp-content\/uploads\/2016\/02\/Roberto-Enrique-Montoya-Villa.pdf\" rel=\"\">Innovaci\u00f3n en los sistemas de gesti\u00f3n para educaci\u00f3n b\u00e1sica y media como aporte al mejoramiento de la calidad en la educaci\u00f3n<\/a><\/h4>\n<p style=\"text-align: justify;\"><strong>Descripci\u00f3n de la conferencia<\/strong><\/p>\n<p style=\"text-align: justify;\">Se har\u00e1 el estudio y an\u00e1lisis de la actividad de normalizaci\u00f3n como instrumento para el mejoramiento de la competitividad y el desarrollo de sistemas de gesti\u00f3n espec\u00edficos para la educaci\u00f3n b\u00e1sica y media c\u00f3mo herramientas para mejorar las condiciones de acceso y permanencia a la educaci\u00f3n superior.<\/p>\n<h3 style=\"text-align: justify;\"><span style=\"color: #ef4136;\">Thomas Perry<\/span><\/h3>\n<h4 style=\"text-align: justify;\"><a href=\"http:\/\/www.acofi.edu.co\/eiei2016\/wp-content\/uploads\/2016\/02\/Thomas-Perry.pdf\" rel=\"\">ASME Vision 2030 for Engineering Education \u2013 Industry Needs and Degree Program Evolution<\/a><\/h4>\n<p style=\"text-align: justify;\"><strong>About of the lecture<\/strong><\/p>\n<p style=\"text-align: justify;\">The conference will discuss how engineering fundamentals, to achieve the innovation, are based on researches\u00a0 and intensive practices, beside math and science&#8217;s knowledge, which is a future proposal for the profession. The following topics will be included:<\/p>\n<ul>\n<li style=\"text-align: justify;\">Richer and more extensive practice-based engineering experience for students<\/li>\n<li style=\"text-align: justify;\">New balance of faculty research\/practice skills in engineering programs<\/li>\n<li style=\"text-align: justify;\">Greater cultivation of Diversity, Creativity, and Innovation among students and faculty<\/li>\n<li style=\"text-align: justify;\">Development of students\u2019 professional skills to higher standards<\/li>\n<li style=\"text-align: justify;\">Increased curricular flexibility in engineering Programs<\/li>\n<\/ul>\n<h3 style=\"text-align: justify;\"><\/h3>\n<h3><span style=\"color: #ef4136;\">Jornada sobre educaci\u00f3n e innovaci\u00f3n en las universidades de la Rep\u00fablica de Argentina<\/span><\/h3>\n<h4><a href=\"http:\/\/www.acofi.edu.co\/eiei2016\/wp-content\/uploads\/2016\/02\/Panel-Argentina.pdf\" rel=\"\">Somos Argentina<\/a><\/h4>\n<h4 style=\"text-align: justify;\">1.\u00a0<a href=\"http:\/\/www.acofi.edu.co\/eiei2016\/wp-content\/uploads\/2016\/02\/Daniel-Elso-Morano.pdf\" rel=\"\">Planificaci\u00f3n estrat\u00e9gica para la formaci\u00f3n de Ingenieros en Argentina, Daniel Morano<\/a><\/h4>\n<h4 style=\"text-align: justify;\">2.\u00a0<a href=\"http:\/\/www.acofi.edu.co\/eiei2016\/wp-content\/uploads\/2016\/02\/Roberto-Giordano-Lerena.pdf\" rel=\"\">Reconocimiento de las Actividades de Desarrollo Tecnol\u00f3gico y Social en Argentina. Roberto Giordano Lerena<\/a><\/h4>\n<h4 style=\"text-align: justify;\">3.\u00a0<a href=\"http:\/\/www.acofi.edu.co\/eiei2016\/wp-content\/uploads\/2016\/02\/Sergio-Jos\u00e9-Pagani.pdf\" rel=\"\">El Consejo Federal de Decanos de Ingenier\u00eda y la educaci\u00f3n en ingenier\u00eda en Argentina. Sergio Pagani<\/a><\/h4>\n<h3><span style=\"color: #ef4136;\">Panel \u00abInnovaci\u00f3n en ingenier\u00eda para la competitividad y la sostenibilidad\u00bb<\/span><\/h3>\n<h4><a href=\"http:\/\/www.acofi.edu.co\/eiei2016\/wp-content\/uploads\/2016\/02\/Jaime-Salazar.pdf\" rel=\"\">Jaime Salazar Contreras<\/a><\/h4>\n<h3><span style=\"color: #ef4136;\">Sesi\u00f3n Acad\u00e9mica ASIBEI<\/span><\/h3>\n<h4><a href=\"http:\/\/www.acofi.edu.co\/eiei2016\/wp-content\/uploads\/2016\/02\/Julio-C\u00e9sar-Ca\u00f1\u00f3n.pdf\" rel=\"\">Julio C\u00e9sar Ca\u00f1\u00f3n<\/a><\/h4>\n<h4><a href=\"http:\/\/www.acofi.edu.co\/eiei2016\/wp-content\/uploads\/2016\/02\/Miguel-Corchuelo.pdf\" rel=\"\">Miguel Corchuelo<\/a><\/h4>\n<h3><span style=\"color: #ef4136;\">Di\u00e1logo de pares: Innovaci\u00f3n e investigaci\u00f3n<\/span><\/h3>\n<h4>Camilo Younes<\/h4>\n<h4><span style=\"color: #ffffff;\">.<\/span><br \/>\n<iframe loading=\"lazy\" id=\"iframe_container\" src=\"https:\/\/prezi.com\/embed\/mzuuwllwjz9y\/?bgcolor=ffffff&amp;lock_to_path=0&amp;autoplay=0&amp;autohide_ctrls=0&amp;landing_data=bHVZZmNaNDBIWnNjdEVENDRhZDFNZGNIUE43MHdLNWpsdFJLb2ZHanI5eitwc2Q5ZElmQXNOdTlNRm15djh4T1hnPT0&amp;landing_sign=86Fyj6_GXJRg_IBzNZxdYbPHdmwYV1ynuWjMmxWPQLM\" width=\"550\" height=\"400\" frameborder=\"0\" allowfullscreen=\"allowfullscreen\"><\/iframe><\/h4>\n","protected":false},"excerpt":{"rendered":"<p>Natacha DePaola Innovaci\u00f3n en las escuelas de ingenier\u00eda Descripci\u00f3n de la conferencia La conferencia se centrar\u00e1 en presentar c\u00f3mo las facultades, escuelas y programas de ingenier\u00eda son promotoras de la innovaci\u00f3n, a trav\u00e9s de iniciativas y estrategias, que buscan formar ingenieros con nuevas habilidades que les permitan ser innovadores en su quehacer. Josep Miquel Piqu\u00e9 [&hellip;]<\/p>\n","protected":false},"author":1,"featured_media":0,"parent":0,"menu_order":0,"comment_status":"closed","ping_status":"closed","template":"","meta":[],"_links":{"self":[{"href":"https:\/\/www.acofi.edu.co\/eiei2016\/wp-json\/wp\/v2\/pages\/36"}],"collection":[{"href":"https:\/\/www.acofi.edu.co\/eiei2016\/wp-json\/wp\/v2\/pages"}],"about":[{"href":"https:\/\/www.acofi.edu.co\/eiei2016\/wp-json\/wp\/v2\/types\/page"}],"author":[{"embeddable":true,"href":"https:\/\/www.acofi.edu.co\/eiei2016\/wp-json\/wp\/v2\/users\/1"}],"replies":[{"embeddable":true,"href":"https:\/\/www.acofi.edu.co\/eiei2016\/wp-json\/wp\/v2\/comments?post=36"}],"version-history":[{"count":29,"href":"https:\/\/www.acofi.edu.co\/eiei2016\/wp-json\/wp\/v2\/pages\/36\/revisions"}],"predecessor-version":[{"id":1533,"href":"https:\/\/www.acofi.edu.co\/eiei2016\/wp-json\/wp\/v2\/pages\/36\/revisions\/1533"}],"wp:attachment":[{"href":"https:\/\/www.acofi.edu.co\/eiei2016\/wp-json\/wp\/v2\/media?parent=36"}],"curies":[{"name":"wp","href":"https:\/\/api.w.org\/{rel}","templated":true}]}}