{"id":18,"date":"2016-01-28T12:41:10","date_gmt":"2016-01-28T17:41:10","guid":{"rendered":"http:\/\/www.acofi.edu.co\/eiei2016\/?page_id=18"},"modified":"2016-10-12T16:15:58","modified_gmt":"2016-10-12T21:15:58","slug":"prensa","status":"publish","type":"page","link":"https:\/\/www.acofi.edu.co\/eiei2016\/prensa\/","title":{"rendered":"Prensa"},"content":{"rendered":"<p style=\"text-align: justify;\">Bienvenido al link de Prensa. Hemos dispuesto este espacio para compartir con ustedes las noticias e informaci\u00f3n actualizada sobre las diferentes actividades que tendr\u00e1n lugar en el EIEI ACOFI 2016.\u00a0 Si desea mayor informaci\u00f3n del evento o tiene inquietudes al respecto, escr\u00edbanos al correo <strong><a href=\"mailto:prensa@acofi.edu.co\">prensa@acofi.edu.co<\/a><\/strong>, con gusto daremos pronta respuesta. Alix Rubiela Beltr\u00e1n P. Comunicaciones ACOFI. Celular 318 3083225.<\/p>\n<h3 style=\"text-align: justify;\"><span style=\"color: #ef4136;\">Videos<\/span><\/h3>\n<p><iframe loading=\"lazy\" src=\"https:\/\/www.youtube.com\/embed\/IJb3DeBO7jM?rel=0\" width=\"560\" height=\"315\" frameborder=\"0\" allowfullscreen=\"allowfullscreen\"><\/iframe><\/p>\n<h3 style=\"text-align: justify;\"><span style=\"color: #ef4136;\">Redes Sociales<\/span><\/h3>\n<div style=\"float: left; width: 45%;\">\n<h4 style=\"text-align: justify;\"><span style=\"color: #fbb040;\">Facebook<\/span><\/h4>\n<p><iframe loading=\"lazy\" style=\"border: none; overflow: hidden;\" src=\"https:\/\/www.facebook.com\/plugins\/page.php?href=https%3A%2F%2Fwww.facebook.com%2Fface.acofi%2F&amp;tabs=timeline&amp;width=340&amp;height=500&amp;small_header=false&amp;adapt_container_width=true&amp;hide_cover=false&amp;show_facepile=true&amp;appId\" width=\"340\" height=\"500\" frameborder=\"0\" scrolling=\"no\"><\/iframe><\/p>\n<\/div>\n<div style=\"float: right; width: 45%;\">\n<h4 style=\"text-align: justify;\"><span style=\"color: #fbb040;\">Twitter<\/span><\/h4>\n<p><a class=\"twitter-timeline\" href=\"https:\/\/twitter.com\/acofi\" data-width=\"350\" data-height=\"600\" data-dnt=\"true\">Tweets by acofi<\/a><script src=\"\/\/platform.twitter.com\/widgets.js\" async=\"\" charset=\"utf-8\"><\/script><\/p>\n<\/div>\n<div style=\"clear: both;\"><\/div>\n<h1 style=\"text-align: center;\"><span style=\"color: #373a4e;\">Boletines de prensa<\/span><\/h1>\n<h3 style=\"text-align: justify;\"><span style=\"color: #ef4136;\">Bolet\u00edn de prensa n\u00famero 4<\/span><\/h3>\n<h4 style=\"text-align: justify;\"><span style=\"color: #fbb040;\">ACOFI primera Asociaci\u00f3n de Facultades de Ingenier\u00eda en Latinoam\u00e9rica que firma convenio con la Organizaci\u00f3n de Estados Americanos OEA<\/span><\/h4>\n<p><a href=\"http:\/\/www.acofi.edu.co\/eiei2016\/wp-content\/uploads\/2016\/01\/4.jpg\" rel=\"attachment wp-att-1510\"><img decoding=\"async\" loading=\"lazy\" class=\"alignnone size-full wp-image-1510\" src=\"http:\/\/www.acofi.edu.co\/eiei2016\/wp-content\/uploads\/2016\/01\/4.jpg\" alt=\"4\" width=\"700\" height=\"467\" srcset=\"https:\/\/www.acofi.edu.co\/eiei2016\/wp-content\/uploads\/2016\/01\/4.jpg 700w, https:\/\/www.acofi.edu.co\/eiei2016\/wp-content\/uploads\/2016\/01\/4-300x200.jpg 300w\" sizes=\"(max-width: 700px) 100vw, 700px\" \/><\/a><\/p>\n<p><em>La Coordinadora de Innovaci\u00f3n de la OEA Aryanne Quintal y el Presidente de ACOFI Carlos Costa Posada<\/em><\/p>\n<p style=\"text-align: justify;\">La Coordinadora del Proyecto de investigaci\u00f3n avanzada y tecnolog\u00eda para las Am\u00e9ricas de la Organizaci\u00f3n de Estados Americanos OEA, Aryanne Quintal y el Presidente de ACOFI, Carlos Costa Posada firman convenio de cooperaci\u00f3n que permita intercambiar buenas pr\u00e1cticas y fortalecer la movilidad de estudiantes de la regi\u00f3n de la Am\u00e9ricas. La firma del convenio se da en el marco del Encuentro Internacional de Educaci\u00f3n en Ingenier\u00eda EIEI ACOFI 2016 que se realiza en el Centro de Convenciones de Cartagena de Indias hasta este viernes 7 de octubre.<\/p>\n<p style=\"text-align: justify;\">\u201cEs la primera Asociaci\u00f3n en Am\u00e9rica Latina con la que firmamos convenio de cooperaci\u00f3n porque consideramos que ACOFI es una organizaci\u00f3n seria que agrupa un gran n\u00famero de facultades, escuelas y programas de ingenier\u00eda de Colombia, y tiene una experiencia de m\u00e1s de 40 a\u00f1os que vale la pena aprovechar como modelo piloto para que otros pa\u00edses de la regi\u00f3n aprendan de ella y se replique en la regi\u00f3n\u201d, dijo al respecto Aryanne Quintal de la OEA.<\/p>\n<p style=\"text-align: justify;\"><a href=\"http:\/\/www.acofi.edu.co\/eiei2016\/wp-content\/uploads\/2016\/01\/4-1.jpg\" rel=\"attachment wp-att-1511\"><img decoding=\"async\" loading=\"lazy\" class=\"alignnone size-full wp-image-1511\" src=\"http:\/\/www.acofi.edu.co\/eiei2016\/wp-content\/uploads\/2016\/01\/4-1.jpg\" alt=\"4\" width=\"700\" height=\"467\" srcset=\"https:\/\/www.acofi.edu.co\/eiei2016\/wp-content\/uploads\/2016\/01\/4-1.jpg 700w, https:\/\/www.acofi.edu.co\/eiei2016\/wp-content\/uploads\/2016\/01\/4-1-300x200.jpg 300w\" sizes=\"(max-width: 700px) 100vw, 700px\" \/><\/a><\/p>\n<p><em>El convenio firmado permite fortalecer la movilidad de los estudiantes de ingenier\u00eda de las Am\u00e9ricas.<\/em><\/p>\n<p style=\"text-align: justify;\">Igualmente, en el 2017 la OEA realizar\u00e1 en Bogot\u00e1 el Encuentro de Ministros de Ciencia y Tecnolog\u00eda y ser\u00e1 el espacio para que ACOFI presente el trabajo que con tanta dedicaci\u00f3n y asertividad ha venido realizando en pro del mejoramiento de la calidad en la formaci\u00f3n de los profesionales de ingenier\u00eda del pa\u00eds.<\/p>\n<p style=\"text-align: justify;\">\u201cLa firma de este convenio de cooperaci\u00f3n nos permite mostrar lo que hemos hecho en Colombia y proyectarlo como modelo para otros pa\u00edses de la regi\u00f3n en pro del fortalecimiento de la educaci\u00f3n en ingenier\u00eda y el trabajo com\u00fan en beneficio de los profesionales de ingenier\u00eda de las Am\u00e9ricas, liderando temas que nos son prioritarios para consolidar nuestro quehacer\u201d, dijo el Presidente de ACOFI, ingeniero Carlos Costa Posada.<\/p>\n<p style=\"text-align: justify;\">De esta manera ACOFI sigue consolidando su compromiso y liderazgo por una formaci\u00f3n de calidad de nuestros ingenieros colombianos.<\/p>\n<h3 style=\"text-align: justify;\"><span style=\"color: #ef4136;\">Bolet\u00edn de prensa n\u00famero 3<\/span><\/h3>\n<h4 style=\"text-align: justify;\"><span style=\"color: #fbb040;\">Con la presencia de representantes de la OEA y la OEI, ACOFI Instal\u00f3 su Encuentro Internacional de Educaci\u00f3n en Ingenier\u00eda en Cartagena de Indias<\/span><\/h4>\n<p style=\"text-align: justify;\"><a href=\"http:\/\/www.acofi.edu.co\/eiei2016\/wp-content\/uploads\/2016\/01\/1.jpg\" rel=\"attachment wp-att-1506\"><img decoding=\"async\" loading=\"lazy\" class=\"alignnone size-full wp-image-1506\" src=\"http:\/\/www.acofi.edu.co\/eiei2016\/wp-content\/uploads\/2016\/01\/1.jpg\" alt=\"1\" width=\"700\" height=\"467\" srcset=\"https:\/\/www.acofi.edu.co\/eiei2016\/wp-content\/uploads\/2016\/01\/1.jpg 700w, https:\/\/www.acofi.edu.co\/eiei2016\/wp-content\/uploads\/2016\/01\/1-300x200.jpg 300w\" sizes=\"(max-width: 700px) 100vw, 700px\" \/><\/a><\/p>\n<p><em>De izquierda a derecha: Luis Alberto Gonz\u00e1lez Araujo Director Ejecutivo ACOFI, Aryanne Quintal Innovaci\u00f3n de la OEA, Carlos Costa Posada Presidente de ACOFI, \u00c1ngel Mart\u00edn Peccis Director Regional OEI y Carlos Palacio Vicepresidente de ACOFI.<\/em><\/p>\n<p style=\"text-align: justify;\">Con una invitaci\u00f3n a las universidades para hacer prospectiva y anticiparse al cambio el Presidente de ACOFI, ingeniero Carlos Costa Posada, instal\u00f3 el Encuentro Internacional de Educaci\u00f3n en Ingenier\u00eda EIEI ACOFI 2016, que se realiza desde hoy y hasta el pr\u00f3ximo viernes 7 de octubre en el Centro de Convenciones de Cartagena de Indias con el tema \u201cLa innovaci\u00f3n en las facultades de ingenier\u00eda: el cambio para la competitividad y la sostenibilidad\u201d.<\/p>\n<p style=\"text-align: justify;\">\u201cEl mundo de hoy necesita profesionales propositivos, proactivos, que le aporten valor al contexto en el que est\u00e1n trabajando y que adem\u00e1s sean aventureros, temerarios, que puedan romper barreras, que creen empresas y generen nuevos productos que respondan a las necesidades de la sociedad\u201d, dijo el Presidente de ACOFI.<\/p>\n<p style=\"text-align: justify;\">Igualmente, el ingeniero Costa invit\u00f3 al auditorio a reflexionar sobre temas que sin duda alguna hoy est\u00e1n m\u00e1s vigentes que nunca, como el tema del fin del conflicto, qu\u00e9 retos tenemos como sociedad? C\u00f3mo se van a atender los problemas de pobreza en las zonas marginadas? C\u00f3mo se van a manejar los temas de producci\u00f3n y tecnificaci\u00f3n del campo? C\u00f3mo se va a resolver el tema de la reforma agraria y c\u00f3mo y de qu\u00e9 manera vamos a ser m\u00e1s competitivos como pa\u00eds?<\/p>\n<p style=\"text-align: justify;\"><a href=\"http:\/\/www.acofi.edu.co\/eiei2016\/wp-content\/uploads\/2016\/01\/2.jpg\" rel=\"attachment wp-att-1507\"><img decoding=\"async\" loading=\"lazy\" class=\"alignnone size-full wp-image-1507\" src=\"http:\/\/www.acofi.edu.co\/eiei2016\/wp-content\/uploads\/2016\/01\/2.jpg\" alt=\"2\" width=\"700\" height=\"467\" srcset=\"https:\/\/www.acofi.edu.co\/eiei2016\/wp-content\/uploads\/2016\/01\/2.jpg 700w, https:\/\/www.acofi.edu.co\/eiei2016\/wp-content\/uploads\/2016\/01\/2-300x200.jpg 300w\" sizes=\"(max-width: 700px) 100vw, 700px\" \/><\/a><\/p>\n<p><em>De izquierda a derecha: Luis Alberto Gonz\u00e1lez Araujo Director Ejecutivo ACOFI, Aryanne Quintal Innovaci\u00f3n de la OEA, Carlos Costa Posada Presidente de ACOFI, \u00c1ngel Mart\u00edn Peccis Director Regional OEI y Carlos Palacio Vicepresidente de ACOFI.<\/em><\/p>\n<p style=\"text-align: justify;\">Por su parte el doctor \u00c1ngel Mart\u00edn Peccis Director regional de la OEI en Colombia dijo en su saludo que es necesario generar desarrollo desde las facultades, escuelas y programas de ingenier\u00eda por ser el lugar del libre pensamiento y de construcci\u00f3n de paz. De la misma manera, Aryanne Quintal de la secci\u00f3n de innovaci\u00f3n de la OEA dijo que es necesario fortalecer las alianzas regionales en pro de la educaci\u00f3n y poner recursos en com\u00fan para el desarrollo cient\u00edfico y tecnol\u00f3gico de la regi\u00f3n que permita apoyar a los j\u00f3venes ingenieros para que sean emprendedores.<\/p>\n<p style=\"text-align: justify;\">De esta manera, se dio inicio al evento m\u00e1s representativo de la academia de ingenier\u00eda del pa\u00eds y uno de los m\u00e1s posicionados de la regi\u00f3n Latinoamericana, que busca compartir conocimiento, reflexionar sobre temas comunes y debatir con argumentos s\u00f3lidos sobre el futuro de la educaci\u00f3n en ingenier\u00eda en el mundo.<\/p>\n<h3 style=\"text-align: justify;\"><span style=\"color: #ef4136;\">Bolet\u00edn de prensa n\u00famero 2<\/span><\/h3>\n<p style=\"text-align: justify;\"><strong>En el marco del EIEI ACOFI 2016<\/strong><\/p>\n<h4 style=\"text-align: justify;\"><span style=\"color: #fbb040;\">GDEC- Latinoam\u00e9rica realizar\u00e1 su sexto encuentro, los d\u00edas 3 y 4 de octubre<\/span><\/h4>\n<p style=\"text-align: justify;\">Bogot\u00e1, D.C., septiembre de 2016<\/p>\n<p style=\"text-align: justify;\">El Consejo Global de Decanos de Ingenier\u00eda (GEDC, por sus siglas en ingl\u00e9s) cap\u00edtulo Latinoam\u00e9rica estar\u00e1 reunido los d\u00edas 3 y 4 de octubre en el marco del Encuentro Internacional de Educaci\u00f3n en Ingenier\u00eda (EIEI ACOFI 2016).<\/p>\n<p style=\"text-align: justify;\">Este Consejo fue creado en el a\u00f1o 2008 y surgi\u00f3 como una iniciativa de directivos de prestigiosas facultades de ingenier\u00eda de todo el mundo, interesados en el avance de la educaci\u00f3n en ingenier\u00eda, la investigaci\u00f3n de calidad y el servicio a la comunidad internacional.<\/p>\n<p style=\"text-align: justify;\">Para la Asociaci\u00f3n Colombiana de Facultades de Ingenier\u00eda (ACOFI) este espacio permite, adem\u00e1s de compartir conocimientos y buenas pr\u00e1cticas, reflexionar sobre temas de coyuntura que afectan de alguna manera los retos y oportunidades de las facultades de ingenier\u00eda del mundo. \u201cConsidero que esta es una oportunidad valiosa para discutir importantes conceptos de innovaci\u00f3n y emprendimiento; como \u00e9stos hacen parte integral de los curr\u00edculos de los programas de ingenier\u00eda y fortalecen as\u00ed mismo, la gesti\u00f3n de los procesos de formaci\u00f3n e investigaci\u00f3n\u201d, dijo el Director Ejecutivo de ACOFI, ingeniero Luis Alberto Gonz\u00e1lez Araujo.<\/p>\n<p style=\"text-align: justify;\">ACOFI espera que esta sexta versi\u00f3n del Encuentro del GEDC \u2013 Latinoam\u00e9rica sea lo m\u00e1s provechosa posible y marque una nueva ruta en el horizonte de formaci\u00f3n de los ingenieros en Latinoam\u00e9rica y en el mundo.<\/p>\n<h3 style=\"text-align: justify;\"><span style=\"color: #ef4136;\">Bolet\u00edn de prensa n\u00famero 1<\/span><\/h3>\n<p style=\"text-align: justify;\"><strong>En el EIEI ACOFI 2016<\/strong><\/p>\n<h4 style=\"text-align: justify;\"><span style=\"color: #fbb040;\">De innovaci\u00f3n en las facultades de ingenier\u00eda hablar\u00e1n los conferencistas invitados a Cartagena<\/span><\/h4>\n<p style=\"text-align: justify;\">Bogot\u00e1, D.C., agosto de 2016<\/p>\n<p style=\"text-align: justify;\">El Encuentro Internacional de Educaci\u00f3n en Ingenier\u00eda (EIEI ACOFI 2016), el evento de mayor importancia en la regi\u00f3n en temas de educaci\u00f3n en ingenier\u00eda, contar\u00e1 este a\u00f1o con la presencia de importantes invitados nacionales e internacionales que tratar\u00e1n el tema de la innovaci\u00f3n desde sus propias experiencias y desarrollos profesionales. Desde el 3 hasta el 7 de octubre, el Centro de Convenciones de Cartagena de Indias estar\u00e1 dispuesto para que los invitados de pa\u00edses como Estados Unidos, Brasil, Espa\u00f1a, Portugal y Suiza reflexionen, analicen y compartan con los asistentes sus conocimientos y experiencias.<\/p>\n<p style=\"text-align: justify;\">La Asociaci\u00f3n Colombiana de Facultades de Ingenier\u00eda (ACOFI) ha encaminado sus esfuerzos y recursos para que el EIEI ACOFI 2016 proporcione elementos y herramientas que ayuden en el mejoramiento de la formaci\u00f3n en las facultades de ingenier\u00eda del pa\u00eds, siendo \u00e9stas el espacio id\u00f3neo en la promoci\u00f3n de creatividad, innovaci\u00f3n y competitividad.<\/p>\n<p style=\"text-align: justify;\">\u201cEste a\u00f1o tendremos varias reuniones en el marco del Encuentro lo que lo hace a\u00fan m\u00e1s enriquecedor: el sexto encuentro de GEDC Latinoam\u00e9rica, que es la Red de Decanos de Ingenier\u00eda cap\u00edtulo Latinoam\u00e9rica y el Comit\u00e9 Ejecutivo de la Asociaci\u00f3n Iberoamericana de Instituciones de Ense\u00f1anza de la ingenier\u00eda (ASIBEI), eventos que sin duda aportar\u00e1n igualmente al debate de la innovaci\u00f3n como elemento transformador en nuestras facultades de ingenier\u00eda\u201d, dijo al respecto el Director Ejecutivo de ACOFI, ingeniero Luis Alberto Gonz\u00e1lez Araujo.<\/p>\n<p style=\"text-align: justify;\">Las facultades, escuelas y programas de ingenier\u00eda en Colombia se integran de esta manera con la academia de ingenier\u00eda del mundo para conocer los avances, desarrollos, experiencias y perspectivas que permitan enriquecer a trav\u00e9s de nuevos conocimientos, teniendo a la innovaci\u00f3n como veh\u00edculo de cambio que lleva consigo la competitividad y el desarrollo sostenible.<\/p>\n<p style=\"text-align: justify;\">ACOFI comprometido con la calidad en la ense\u00f1anza de la ingenier\u00eda contin\u00faa consolidando su misi\u00f3n, poniendo al servicio de sus miembros estos espacios para generar nuevos contactos, conocer nuevos procesos e, interactuar con expertos acad\u00e9micos en materia de innovaci\u00f3n.<\/p>\n","protected":false},"excerpt":{"rendered":"<p>Bienvenido al link de Prensa. Hemos dispuesto este espacio para compartir con ustedes las noticias e informaci\u00f3n actualizada sobre las diferentes actividades que tendr\u00e1n lugar en el EIEI ACOFI 2016.\u00a0 Si desea mayor informaci\u00f3n del evento o tiene inquietudes al respecto, escr\u00edbanos al correo prensa@acofi.edu.co, con gusto daremos pronta respuesta. Alix Rubiela Beltr\u00e1n P. Comunicaciones [&hellip;]<\/p>\n","protected":false},"author":1,"featured_media":0,"parent":0,"menu_order":0,"comment_status":"closed","ping_status":"closed","template":"","meta":[],"_links":{"self":[{"href":"https:\/\/www.acofi.edu.co\/eiei2016\/wp-json\/wp\/v2\/pages\/18"}],"collection":[{"href":"https:\/\/www.acofi.edu.co\/eiei2016\/wp-json\/wp\/v2\/pages"}],"about":[{"href":"https:\/\/www.acofi.edu.co\/eiei2016\/wp-json\/wp\/v2\/types\/page"}],"author":[{"embeddable":true,"href":"https:\/\/www.acofi.edu.co\/eiei2016\/wp-json\/wp\/v2\/users\/1"}],"replies":[{"embeddable":true,"href":"https:\/\/www.acofi.edu.co\/eiei2016\/wp-json\/wp\/v2\/comments?post=18"}],"version-history":[{"count":36,"href":"https:\/\/www.acofi.edu.co\/eiei2016\/wp-json\/wp\/v2\/pages\/18\/revisions"}],"predecessor-version":[{"id":1512,"href":"https:\/\/www.acofi.edu.co\/eiei2016\/wp-json\/wp\/v2\/pages\/18\/revisions\/1512"}],"wp:attachment":[{"href":"https:\/\/www.acofi.edu.co\/eiei2016\/wp-json\/wp\/v2\/media?parent=18"}],"curies":[{"name":"wp","href":"https:\/\/api.w.org\/{rel}","templated":true}]}}