{"id":179,"date":"2015-12-07T18:46:06","date_gmt":"2015-12-07T18:46:06","guid":{"rendered":"http:\/\/www.acofi.edu.co\/womel\/?page_id=179"},"modified":"2015-12-09T19:28:02","modified_gmt":"2015-12-09T19:28:02","slug":"cartagena-2","status":"publish","type":"page","link":"http:\/\/www.acofi.edu.co\/womel\/cartagena-2\/","title":{"rendered":"Cartagena"},"content":{"rendered":"<p style=\"text-align: justify;\"><a href=\"http:\/\/www.acofi.edu.co\/womel\/wp-content\/uploads\/2015\/12\/Fotos-Cartagena69.jpg\"><img decoding=\"async\" loading=\"lazy\" class=\"alignnone size-full wp-image-287\" src=\"http:\/\/www.acofi.edu.co\/womel\/wp-content\/uploads\/2015\/12\/Fotos-Cartagena69.jpg\" alt=\"Fotos-Cartagena69\" width=\"770\" height=\"513\" srcset=\"http:\/\/www.acofi.edu.co\/womel\/wp-content\/uploads\/2015\/12\/Fotos-Cartagena69.jpg 770w, http:\/\/www.acofi.edu.co\/womel\/wp-content\/uploads\/2015\/12\/Fotos-Cartagena69-300x200.jpg 300w\" sizes=\"(max-width: 770px) 100vw, 770px\" \/><\/a><\/p>\n<p style=\"text-align: justify;\"><em>Cartagena de Indias es una ciudad de estilo colonial ubicada en el centro del litoral caribe al extremo nororiental de Colombia. Con un f\u00e1cil acceso, ya sea por v\u00eda a\u00e9rea, terrestre o mar\u00edtima es visitada cada a\u00f1o por miles de turistas que encuentran en ella el lugar perfecto donde descansar o trabajar.<\/em><\/p>\n<p style=\"text-align: justify;\"><em>Su temperatura promedio es de 30 grados cent\u00edgrados, y el agua de sus playas se mantiene c\u00e1lida durante todo el a\u00f1o, esta es una gran raz\u00f3n para tenerla en cuenta como un excelente destino tur\u00edstico en cualquier \u00e9poca del a\u00f1o.<\/em><\/p>\n<p style=\"text-align: justify;\"><em>Exuberantes paisajes, pintorescos parajes, amplias playas, bellas islas. Cartagena est\u00e1 rodeada por el Mar Caribe. Las playas est\u00e1n a pocos metros de las antiguas murallas de la Ciudad Vieja, localmente referido como El Centro.<\/em><\/p>\n<p style=\"text-align: justify;\"><em>Las playas tambi\u00e9n se extienden alrededor de la pen\u00ednsula de Bocagrande y Laguito. Y a menos de 25 minutos desde el Corralito de Piedra, est\u00e1 otra playa popular de turistas llamada La Boquilla. En ellas se puede practicar diversos deportes n\u00e1uticos como la pesca, el buceo, el windsurf o el sky en escenarios apropiados, encantadores y seguros que hacen pl\u00e1cida su pr\u00e1ctica.<\/em><\/p>\n<p style=\"text-align: justify;\"><em>Las playas de arena blanca se pueden encontrar en Playa Blanca en Bar\u00fa en el sur de la ciudad o en las Islas del Rosario ubicadas en la zona insular de Cartagena. Estas playas ofrecen toda una gama de fauna y flora m\u00e1s una variedad de buenos hoteles y restaurantes y el Acuario, para aquellos que gustan de la naturaleza marina.<\/em><\/p>\n<p style=\"text-align: justify;\"><em>Su centro hist\u00f3rico, la \u00abCiudad Amurallada\u00bb, fue declarado Patrimonio Nacional de Colombia en 1959, y por ser una ciudad llena de historia la UNESCO la declar\u00f3 Patrimonio Hist\u00f3rico y Cultural de la Humanidad en 1984. En el a\u00f1o 2007 su arquitectura militar fue galardonada como la cuarta maravilla de Colombia.<\/em><\/p>\n<p style=\"text-align: justify;\"><em>Su centro hist\u00f3rico conocido como el Corralito de Piedra, sus calles, casas y balcones dan muestra de la arquitectura republicana y barroca de una villa espa\u00f1ola de la \u00e9poca de la colonia. Vestigios intactos de garitas, ca\u00f1ones, fortalezas, baluartes y bater\u00edas son patrimonio invaluable que hace de la estad\u00eda de nuestros visitantes una experiencia eterna, porque es una ciudad m\u00e1gica, hist\u00f3rica y bella en la que confluyen pasado, presente y futuro. El 11 de noviembre de 1811, Cartagena de Indias fue la primera provincia en independizarse de la corona espa\u00f1ola, fecha recordada y festejada actualmente como el Bicentenario de Independencia.<\/em><\/p>\n<p style=\"text-align: justify;\"><em>Tomado de <a href=\"http:\/\/www.cartagenadeindias.travel\/\">http:\/\/www.cartagenadeindias.travel\/<\/a><\/em><\/p>\n<h3 style=\"text-align: justify;\"><em><strong>Datos Generales<\/strong><\/em><\/h3>\n<ul style=\"text-align: justify;\">\n<li><em>Habitantes: 955.250<\/em><\/li>\n<li><em>Extensi\u00f3n: 709 km<sup>2<\/sup><\/em><\/li>\n<li><em>Altura: 2 m.s.n.m.<\/em><\/li>\n<li><em>Temperatura promedio: 28 \u00b0C<\/em><\/li>\n<li><em>Actividades econ\u00f3micas: Industria, comercio, turismo<\/em><\/li>\n<li><em>Acceso: terrestre, a\u00e9reo, mar\u00edtimo<\/em><\/li>\n<\/ul>\n<h3 style=\"text-align: justify;\"><em><strong>Centro de Convenciones Cartagena de Indias<\/strong><\/em><\/h3>\n<p><a href=\"http:\/\/www.acofi.edu.co\/womel\/wp-content\/uploads\/2015\/12\/CCC.jpg\"><img decoding=\"async\" loading=\"lazy\" class=\"alignnone size-full wp-image-268\" src=\"http:\/\/www.acofi.edu.co\/womel\/wp-content\/uploads\/2015\/12\/CCC.jpg\" alt=\"CCC\" width=\"770\" height=\"358\" srcset=\"http:\/\/www.acofi.edu.co\/womel\/wp-content\/uploads\/2015\/12\/CCC.jpg 770w, http:\/\/www.acofi.edu.co\/womel\/wp-content\/uploads\/2015\/12\/CCC-300x139.jpg 300w\" sizes=\"(max-width: 770px) 100vw, 770px\" \/><\/a><\/p>\n<p style=\"text-align: justify;\"><em>Situado en el barrio Getseman\u00ed frente al camell\u00f3n de los m\u00e1rtires y a pocos pasos de la Torre del Reloj uno de los hitos m\u00e1s representativos y conocidos de la ciudad.<\/em><\/p>\n<p style=\"text-align: justify;\"><em>A\u00f1o tras a\u00f1o el centro de convenciones recibe m\u00e1s de 300 eventos como cumbres gubernamentales, congresos, conferencias, ferias, exhibiciones y espect\u00e1culos de una extensa variedad de audiencias y tama\u00f1os.<\/em><\/p>\n<p style=\"text-align: justify;\"><em>El recinto, dise\u00f1ado y construido espec\u00edficamente para albergar congresos y convenciones, grandes plenarias y simultaneidad de sesiones acad\u00e9micas, cuenta tambi\u00e9n con una plataforma tecnol\u00f3gica e inform\u00e1tica que cumple con las exigencias de eventos como ICANN 39, Andina Link y la VI Cumbre de las Am\u00e9ricas, que confirman as\u00ed los alcances de sus servicios.<\/em><\/p>\n<p style=\"text-align: justify;\"><em><a href=\"http:\/\/www.cccartagena.com\/\">www.cccartagena.com<\/a><\/em><\/p>\n<h3 style=\"text-align: justify;\"><em><strong>Aeropuerto Internacional Rafael N\u00fa\u00f1ez<\/strong><\/em><\/h3>\n<p><em><a href=\"http:\/\/www.acofi.edu.co\/womel\/wp-content\/uploads\/2015\/12\/Aeropuerto-Rafael-.jpg\"><img decoding=\"async\" loading=\"lazy\" class=\"alignnone size-full wp-image-190\" src=\"http:\/\/www.acofi.edu.co\/womel\/wp-content\/uploads\/2015\/12\/Aeropuerto-Rafael-.jpg\" alt=\"Aeropuerto-Rafael-\" width=\"770\" height=\"584\" srcset=\"http:\/\/www.acofi.edu.co\/womel\/wp-content\/uploads\/2015\/12\/Aeropuerto-Rafael-.jpg 770w, http:\/\/www.acofi.edu.co\/womel\/wp-content\/uploads\/2015\/12\/Aeropuerto-Rafael--300x228.jpg 300w\" sizes=\"(max-width: 770px) 100vw, 770px\" \/><\/a><\/em><\/p>\n<ul>\n<li style=\"text-align: justify;\"><em>El aeropuerto internacional de Cartagena de Indias es uno de los m\u00e1s importantes de Colombia, por el movimiento tur\u00edstico. Cuenta con vuelos internacionales provenientes de Am\u00e9rica y Europa. Alrededor de 2.19 millones de pasajeros lo transitaron en 2012.<\/em><\/li>\n<li style=\"text-align: justify;\"><em>El aeropuerto se ubica dentro del \u00e1rea urbana de Cartagena de Indias al norte del casco c\u00e9ntrico, en el barrio de Crespo. Autobuses, minibuses y taxis comunican al aeropuerto con los distintos sectores urbanos de la ciudad de Cartagena de Indias. El servicio de taxi opera las 24 horas, mientras que el de autobuses desde las 06:50 hasta las 23:45 horas.<\/em><\/li>\n<li style=\"text-align: justify;\"><em>Existen mostradores de alquiler de coches de las compa\u00f1\u00edas m\u00e1s reconocidas. El aeropuerto ofrece adem\u00e1s cajeros autom\u00e1ticos ATM, servicio de cambio de divisas, sector Vip, tel\u00e9fonos p\u00fablicos, acceso a Internet Wi-Fi sin costo y otros servicios.<\/em><\/li>\n<\/ul>\n","protected":false},"excerpt":{"rendered":"<p>Cartagena de Indias es una ciudad de estilo colonial ubicada en el centro del litoral caribe al extremo nororiental de Colombia. Con un f\u00e1cil acceso, ya sea por v\u00eda a\u00e9rea, terrestre o mar\u00edtima es visitada cada a\u00f1o por miles de turistas que encuentran en ella el lugar perfecto donde descansar o trabajar. Su temperatura promedio [&hellip;]<\/p>\n","protected":false},"author":3,"featured_media":0,"parent":0,"menu_order":0,"comment_status":"closed","ping_status":"closed","template":"","meta":[],"acf":[],"_links":{"self":[{"href":"http:\/\/www.acofi.edu.co\/womel\/wp-json\/wp\/v2\/pages\/179"}],"collection":[{"href":"http:\/\/www.acofi.edu.co\/womel\/wp-json\/wp\/v2\/pages"}],"about":[{"href":"http:\/\/www.acofi.edu.co\/womel\/wp-json\/wp\/v2\/types\/page"}],"author":[{"embeddable":true,"href":"http:\/\/www.acofi.edu.co\/womel\/wp-json\/wp\/v2\/users\/3"}],"replies":[{"embeddable":true,"href":"http:\/\/www.acofi.edu.co\/womel\/wp-json\/wp\/v2\/comments?post=179"}],"version-history":[{"count":7,"href":"http:\/\/www.acofi.edu.co\/womel\/wp-json\/wp\/v2\/pages\/179\/revisions"}],"predecessor-version":[{"id":290,"href":"http:\/\/www.acofi.edu.co\/womel\/wp-json\/wp\/v2\/pages\/179\/revisions\/290"}],"wp:attachment":[{"href":"http:\/\/www.acofi.edu.co\/womel\/wp-json\/wp\/v2\/media?parent=179"}],"curies":[{"name":"wp","href":"https:\/\/api.w.org\/{rel}","templated":true}]}}