{"id":92,"date":"2017-11-09T20:52:30","date_gmt":"2017-11-09T20:52:30","guid":{"rendered":"http:\/\/www.acofi.edu.co\/eiei2018\/?page_id=92"},"modified":"2018-09-14T20:58:59","modified_gmt":"2018-09-14T20:58:59","slug":"foro-de-estudiantes","status":"publish","type":"page","link":"http:\/\/www.acofi.edu.co\/eiei2018\/foro-de-estudiantes\/","title":{"rendered":"Foro Colombiano de Estudiantes de Ingenier\u00eda (FCEI)"},"content":{"rendered":"<h2 style=\"text-align: center;\"><img loading=\"lazy\" class=\"wp-image-1205 alignnone\" src=\"http:\/\/www.acofi.edu.co\/eiei2017\/wp-content\/uploads\/2016\/10\/Propuesta-Logo-FCEI-Vertical.jpg\" alt=\"Propuesta-Logo-FCEI-Vertical\" width=\"300\" height=\"300\" \/><\/h2>\n<p style=\"text-align: justify;\">En septiembre de 2013, la Asociaci\u00f3n Colombiana de Facultades de Ingenier\u00eda (ACOFI) realiz\u00f3 en la ciudad de Cartagena el WEEF 2013 (World Engineering Education Forum) WEEF<sup>TM<\/sup> y apoy\u00f3 directamente el Noveno Foro Global de Estudiantes de ingenier\u00eda (9th GSF) organizado por la Student Platform for Engineering Education Development (SPEED). El 9th GSF reuni\u00f3 por primera vez en Colombia a estudiantes de todas las ingenier\u00edas para tratar temas de educaci\u00f3n asociada a su formaci\u00f3n. Bajo este asunto de gran importancia, los estudiantes de ingenier\u00eda tuvieron la oportunidad de discutir acerca de los modelos de ense\u00f1anza y aprendizaje de la ingenier\u00eda y compartir con estudiantes de universidades extranjeras y nacionales en la realizaci\u00f3n de planes de acci\u00f3n pensados globalmente para aplicar localmente. Esta reuni\u00f3n, se ha realizado ininterrumpidamente desde el a\u00f1o 2014, tomando cada a\u00f1o mayor relevancia gracias a los logros obtenidos.<\/p>\n<p style=\"text-align: justify;\">En el marco del Encuentro Internacional de Educaci\u00f3n en Ingenier\u00eda ACOFI (EIEI ACOFI 2018) se realizar\u00e1 la quinta versi\u00f3n del Foro Colombiano de Estudiantes de Ingenier\u00eda (FCEI) en el que se compartir\u00e1n experiencias, reflexiones y aprendizajes desde las distintas carreras y facultades de ingenier\u00eda, alrededor de la realizaci\u00f3n de proyectos, conferencias, talleres y debates, con el objetivo de permitir que exista una retroalimentaci\u00f3n por parte de los estudiantes hacia sus universidades en el mejoramiento del proceso de aprendizaje y ense\u00f1anza en los distintos programas de ingenier\u00eda.<strong>\u00a0<\/strong><\/p>\n<h3 style=\"text-align: justify;\"><span style=\"color: #64698e;\"><strong>Objetivos<\/strong><\/span><\/h3>\n<ol>\n<li style=\"text-align: justify;\">Invitar a los estudiantes a la permanente reflexi\u00f3n sobre su proceso de formaci\u00f3n que los conduzca a debatir, innovar y hacer propuestas en torno al tema de la educaci\u00f3n en ingenier\u00eda.<\/li>\n<li style=\"text-align: justify;\">Fomentar la formaci\u00f3n de l\u00edderes acad\u00e9micos y la generaci\u00f3n de redes nacionales e internacionales para un buen desarrollo profesional de los futuros ingenieros.<\/li>\n<li style=\"text-align: justify;\">Resaltar el compromiso social de los ingenieros en Colombia.<\/li>\n<li style=\"text-align: justify;\">Destacar el trabajo de los grupos de investigaci\u00f3n de diferentes Universidades a trav\u00e9s de la exposici\u00f3n de los proyectos.<\/li>\n<li style=\"text-align: justify;\">Desarrollar proyectos de Ingenier\u00eda que aporten soluciones a las problem\u00e1ticas relacionadas con la educaci\u00f3n en ingenier\u00eda en los \u00e1mbitos local, regional o global.<\/li>\n<\/ol>\n<h3><span style=\"color: #64698e;\">Actividades<\/span><\/h3>\n<ol>\n<li style=\"text-align: justify;\">Planes de Acci\u00f3n<\/li>\n<li style=\"text-align: justify;\">Proyecto Multidisciplinario de Dise\u00f1o en Ingenier\u00eda (PDMI).<\/li>\n<li style=\"text-align: justify;\">Concurso 3MT: II Muestra de Trabajos<\/li>\n<li style=\"text-align: justify;\">Servicio comunitario<\/li>\n<li style=\"text-align: justify;\">Conferencias y paneles<\/li>\n<\/ol>\n<p><span style=\"color: #ffffff;\">.<\/span><\/p>\n<h2><span style=\"color: #ef4136;\"><strong>Planes de acci\u00f3n<\/strong><\/span><\/h2>\n<h3><strong>\u00a0<\/strong><span style=\"color: #64698e;\">\u00bfQu\u00e9 son?<\/span><\/h3>\n<p>Son un desglose de tareas y actividades para el cumplimiento de objetivos y la elaboraci\u00f3n de un proyecto, como respuesta a una determinada problem\u00e1tica.<\/p>\n<h3><span style=\"color: #64698e;\"><strong>\u00a0<\/strong>Ejes tem\u00e1ticos<strong>\u00a0<\/strong><\/span><\/h3>\n<ul>\n<li><em>Industria y Smart Cities<\/em><\/li>\n<\/ul>\n<p style=\"text-align: justify;\">Las Smart Cities son la representaci\u00f3n m\u00e1s ambiciosa del Internet de las Cosas (IoT), teniendo en cuenta que este pretende llevar el Internet a los objetos de la vida cotidiana, siendo estos capaces de conectarse e intercambiar informaci\u00f3n. Podemos decir tambi\u00e9n que es un espacio urbano con infraestructuras, redes y plataformas inteligentes, donde conviven millones de elementos de informaci\u00f3n de manera bilateral: personas, equipos electr\u00f3nicos, sistemas de informaci\u00f3n, entre otros.<\/p>\n<ul>\n<li><em>Ingenier\u00eda sostenible<\/em><\/li>\n<\/ul>\n<p style=\"text-align: justify;\">La ingenier\u00eda sostenible tiene como fin poder integrar en todos sus procesos sostenibilidad. Teniendo en cuenta la comercializaci\u00f3n, dise\u00f1o, construcci\u00f3n y productos para estos sean factibles y econ\u00f3micos y a su vez, puedan llegar a ser reutilizables. Muchos de los productos que usamos no son reutilizados, o no se ha encontrado una manera \u00f3ptima al respecto sobre qu\u00e9 materiales se podr\u00edan reemplazar para la elaboraci\u00f3n del mismo. La ingenier\u00eda sostenible busca transformar diferentes productos y procesos generadores de residuos de la industria actual para que estos sean sostenibles en el mercado.<\/p>\n<h3><span style=\"color: #64698e;\">Coordinaci\u00f3n<\/span><\/h3>\n<ul>\n<li>Cindy Natalia Pe\u00f1aranda Palacios<\/li>\n<li>Laura Daniel Pinz\u00f3n Bustamante<\/li>\n<li>Mar\u00eda Paula Duarte<\/li>\n<\/ul>\n<p><span style=\"color: #ffffff;\">.<\/span><\/p>\n<h2><span style=\"color: #ef4136;\"><strong>Curso Proyecto Multidisciplinario de Dise\u00f1o en Ingenier\u00eda<\/strong><\/span><\/h2>\n<p>Organiza: Universidad de los Andes<\/p>\n<p style=\"text-align: justify;\">El Proyecto Multidisciplinario de Dise\u00f1o en Ingenier\u00eda (PMDI) es un curso de pregrado para estudiantes de los nueve programas de ingenier\u00eda (ambiental, biom\u00e9dica, civil, el\u00e9ctrica, electr\u00f3nica, industrial, mec\u00e1nica, qu\u00edmica y sistemas) de la Facultad de Ingenier\u00eda de la Universidad de los Andes. En el contexto del PDMI, se desarrolla este curso para el Foro Colombia de Estudiantes de Ingenier\u00eda (FCEI), cuyo fin es promover en los estudiantes participantes la conformaci\u00f3n de equipos multidisciplinarios para el desarrollo y aplicaci\u00f3n de habilidades para la resoluci\u00f3n de problem\u00e1ticas reales de comunidad del Colegio.<\/p>\n<h3><span style=\"color: #64698e;\">Coordinaci\u00f3n<\/span><\/h3>\n<ul>\n<li>Juan Carlos Brice\u00f1o<\/li>\n<li>Carola Hern\u00e1ndez<\/li>\n<li>Juan Sebasti\u00e1n S\u00e1nchez<\/li>\n<\/ul>\n<p><span style=\"color: #ffffff;\">.<\/span><\/p>\n<h2><span style=\"color: #ef4136;\"><strong>Concurso 3MT: II Muestra de trabajos<\/strong><\/span><\/h2>\n<p>Organiza: ACOFI \u2013 Universidad Nacional de Colombia<\/p>\n<p style=\"text-align: justify;\">El concurso <em>Three Minute Thesis<\/em> o 3MT, es una competencia que se lleva a cabo en varias universidades en todo el mundo. Es una iniciativa dirigida en principio a estudiantes de doctorado y su objetivo es que los participantes presenten su investigaci\u00f3n en 180 segundos, de forma atractiva y logre ser entendida por un p\u00fablico que no conoce el detalle del trabajo. Este ejercicio desarrolla habilidades de presentaci\u00f3n, investigaci\u00f3n y comunicaci\u00f3n acad\u00e9mica y apoya el desarrollo de la capacidad de los estudiantes para explicar su trabajo de manera efectiva.<\/p>\n<h3><span style=\"color: #64698e;\">Coordinaci\u00f3n<\/span><\/h3>\n<p>Hern\u00e1n Cort\u00e9s<\/p>\n<p><span style=\"color: #ffffff;\">.<\/span><\/p>\n<h2><span style=\"color: #ef4136;\"><strong>Servicio comunitario<\/strong><\/span><\/h2>\n<p>Organizan: ACOFI, SPEED, Universidad de los Andes.<\/p>\n<p>El Servicio Comunitario se realiza con la intenci\u00f3n de:<\/p>\n<ul>\n<li style=\"list-style-type: none;\">\n<ul>\n<li style=\"text-align: justify;\">Favorecer el rol dinamizador de procesos de participaci\u00f3n social entre los asistentes al FCEI 2018.<\/li>\n<li style=\"text-align: justify;\">Enriquecer la actividad de educaci\u00f3n superior, a trav\u00e9s del aprendizaje de servicio, con la aplicaci\u00f3n de actividades din\u00e1micas para la generaci\u00f3n de ideas, solucionado determinadas situaciones que son restrictivas para desarrollo, de manera que logren favorecer a la sociedad.<\/li>\n<li style=\"text-align: justify;\">Fomentar en los estudiantes la aplicaci\u00f3n de sus competencias personales para la generaci\u00f3n de proyectos e ideas que contribuyan al progreso de su comunidad.<\/li>\n<li style=\"text-align: justify;\">Promover un espacio de encuentro entre diferentes participantes del \u00e1rea educativa en Colombia, para que de esta manera se integren y generen nuevas innovaciones.+<\/li>\n<\/ul>\n<\/li>\n<\/ul>\n<p><span style=\"color: #ffffff;\">.<\/span><\/p>\n<p><iframe style=\"border: 0;\" src=\"https:\/\/www.google.com\/maps\/embed?pb=!1m18!1m12!1m3!1d37333.88232947886!2d-75.51054277246337!3d10.402425736545524!2m3!1f0!2f0!3f0!3m2!1i1024!2i768!4f13.1!3m3!1m2!1s0x0%3A0xcbd73a1a83c015ff!2sInstituci%C3%B3n+Educativa+Jos%C3%A9+Manuel+Rodr%C3%ADguez+Torices+(INEM)!5e0!3m2!1ses-419!2sco!4v1534435563748\" width=\"400\" height=\"300\" frameborder=\"0\" allowfullscreen=\"allowfullscreen\"><\/iframe><\/p>\n<p><span style=\"color: #ffffff;\">.<\/span><\/p>\n<h2><span style=\"color: #ef4136;\"><strong>Conferencias y paneles<\/strong><\/span><\/h2>\n<p>Conferencia \u201cToda una vida dedicada al Sol\u201d<\/p>\n<p>Ovidio Simbaqueva Fonseca, Fundaci\u00f3n Universitaria los Libertadores<\/p>\n<p>Panel &#8211;\u00a0Por confirmar invitados<\/p>\n<p><span style=\"color: #ffffff;\">.<\/span><\/p>\n<h2><span style=\"color: #ef4136;\">Programa<\/span><\/h2>\n<p>Puede descargar el programa del Foro en PDF:\u00a0<strong><a href=\"http:\/\/www.acofi.edu.co\/eiei2018\/wp-content\/uploads\/2018\/09\/Agenda-FCEI.pdf\">Programa Foro Colombiano de Estudiantes de Ingenier\u00eda<\/a><\/strong><\/p>\n<p><img loading=\"lazy\" class=\"alignnone size-full wp-image-927\" src=\"http:\/\/www.acofi.edu.co\/eiei2018\/wp-content\/uploads\/2018\/09\/Agenda-FCEI_P\u00e1gina_1.jpg\" alt=\"\" width=\"1000\" height=\"1285\" srcset=\"http:\/\/www.acofi.edu.co\/eiei2018\/wp-content\/uploads\/2018\/09\/Agenda-FCEI_P\u00e1gina_1.jpg 1000w, http:\/\/www.acofi.edu.co\/eiei2018\/wp-content\/uploads\/2018\/09\/Agenda-FCEI_P\u00e1gina_1-233x300.jpg 233w, http:\/\/www.acofi.edu.co\/eiei2018\/wp-content\/uploads\/2018\/09\/Agenda-FCEI_P\u00e1gina_1-768x987.jpg 768w, http:\/\/www.acofi.edu.co\/eiei2018\/wp-content\/uploads\/2018\/09\/Agenda-FCEI_P\u00e1gina_1-797x1024.jpg 797w\" sizes=\"(max-width: 1000px) 100vw, 1000px\" \/> <img loading=\"lazy\" class=\"alignnone size-full wp-image-928\" src=\"http:\/\/www.acofi.edu.co\/eiei2018\/wp-content\/uploads\/2018\/09\/Agenda-FCEI_P\u00e1gina_2.jpg\" alt=\"\" width=\"1000\" height=\"1285\" srcset=\"http:\/\/www.acofi.edu.co\/eiei2018\/wp-content\/uploads\/2018\/09\/Agenda-FCEI_P\u00e1gina_2.jpg 1000w, http:\/\/www.acofi.edu.co\/eiei2018\/wp-content\/uploads\/2018\/09\/Agenda-FCEI_P\u00e1gina_2-233x300.jpg 233w, http:\/\/www.acofi.edu.co\/eiei2018\/wp-content\/uploads\/2018\/09\/Agenda-FCEI_P\u00e1gina_2-768x987.jpg 768w, http:\/\/www.acofi.edu.co\/eiei2018\/wp-content\/uploads\/2018\/09\/Agenda-FCEI_P\u00e1gina_2-797x1024.jpg 797w\" sizes=\"(max-width: 1000px) 100vw, 1000px\" \/> <img loading=\"lazy\" class=\"alignnone size-full wp-image-929\" src=\"http:\/\/www.acofi.edu.co\/eiei2018\/wp-content\/uploads\/2018\/09\/Agenda-FCEI_P\u00e1gina_3.jpg\" alt=\"\" width=\"1000\" height=\"1285\" srcset=\"http:\/\/www.acofi.edu.co\/eiei2018\/wp-content\/uploads\/2018\/09\/Agenda-FCEI_P\u00e1gina_3.jpg 1000w, http:\/\/www.acofi.edu.co\/eiei2018\/wp-content\/uploads\/2018\/09\/Agenda-FCEI_P\u00e1gina_3-233x300.jpg 233w, http:\/\/www.acofi.edu.co\/eiei2018\/wp-content\/uploads\/2018\/09\/Agenda-FCEI_P\u00e1gina_3-768x987.jpg 768w, http:\/\/www.acofi.edu.co\/eiei2018\/wp-content\/uploads\/2018\/09\/Agenda-FCEI_P\u00e1gina_3-797x1024.jpg 797w\" sizes=\"(max-width: 1000px) 100vw, 1000px\" \/><\/p>\n<p>&nbsp;<\/p>\n<h2 style=\"text-align: center;\"><span style=\"color: #ef4136;\">II Muestra de trabajos: Los Mejores proyectos de estudiantes de pregrado de ingenier\u00eda ACOFI <span style=\"color: #ffffff;\">2018<\/span><\/span><\/h2>\n<h3><span style=\"color: #ffffff;\">.<\/span><\/h3>\n<h3 style=\"text-align: justify;\"><span style=\"color: #64698e;\">Introducci\u00f3n<\/span><\/h3>\n<p style=\"text-align: justify;\">El reconocimiento del trabajo al interior del aula y su relaci\u00f3n con la sociedad se han convertido en un elemento importante y cada vez m\u00e1s com\u00fan en los procesos de formaci\u00f3n de ingenieros en Colombia. Sacar los proyectos de los salones y llevarlos a actores que no necesariamente est\u00e1n relacionados con la academia, permite a los estudiantes enfrentarse a situaciones que fortalecen sus habilidades de abstracci\u00f3n, s\u00edntesis, comunicaci\u00f3n y planeaci\u00f3n, que ser\u00e1n fundamentales para su desempe\u00f1o profesional. Diferentes son las iniciativas que se han adelantado en este sentido, en diferentes facultades de ingenier\u00eda del pa\u00eds. Sin embrago, \u00e9stos ejercicios acad\u00e9micos se quedan al interior de las asignaturas y son desconocidos por la comunidad acad\u00e9mica. En este sentido se ha propuesto la muestra de trabajos de los mejores proyectos de estudiantes de pregrado de ingenier\u00eda, con el fin de visibilizar los avances que nacen desde las aulas y llegan a las comunidades.<\/p>\n<h3><span style=\"color: #ffffff;\">.<\/span><\/h3>\n<h3 style=\"text-align: justify;\"><span style=\"color: #64698e;\">Objetivo<\/span><\/h3>\n<p style=\"text-align: justify;\">Reconocer el talento de los estudiantes de pregrado en el desarrollo de proyectos de ingenier\u00eda en grupos de trabajo.<\/p>\n<h3><span style=\"color: #ffffff;\">.<\/span><\/h3>\n<h3 style=\"text-align: justify;\"><span style=\"color: #64698e;\">Dirigida a<\/span><\/h3>\n<p style=\"text-align: justify;\">Estudiantes de pregrado de las facultades, escuelas o programas de ingenier\u00eda, quienes pueden presentar sus trabajos de forma independiente o con el acompa\u00f1amiento de profesores y empresas, pero en la que mayoritariamente la participaci\u00f3n sea de estudiantes, para ser considerado en esta categor\u00eda.<\/p>\n<h3><span style=\"color: #ffffff;\">.<\/span><\/h3>\n<h3 style=\"text-align: justify;\"><span style=\"color: #64698e;\">Requisitos<\/span><\/h3>\n<ul style=\"text-align: justify;\">\n<li>El proyecto debe ser de investigaci\u00f3n producto del trabajo de un semillero o de emprendimiento social y empresarial producto de un grupo de trabajo.<\/li>\n<li>El grupo debe estar conformado por al menos 3 estudiantes de pregrado.<\/li>\n<li>Mayoritariamente el grupo debe ser de estudiantes de pregrado de ingenier\u00eda.<\/li>\n<li>El proyecto debe haber sido desarrollado durante el 2017 o el primer semestre de 2018.<\/li>\n<li>El grupo puede estar conformado por estudiantes de la misma Universidad o estudiantes de diferentes Universidades.<\/li>\n<\/ul>\n<h3><span style=\"color: #ffffff;\">.<\/span><\/h3>\n<h3 style=\"text-align: justify;\"><span style=\"color: #64698e;\">Env\u00edo de propuestas<\/span><\/h3>\n<p style=\"text-align: justify;\">El equipo deber\u00e1 enviar la propuesta de su proyecto dentro de las fechas estipuladas.<\/p>\n<h3><span style=\"color: #ffffff;\">.<\/span><\/h3>\n<h3 style=\"text-align: justify;\"><span style=\"color: #64698e;\">Fechas importantes<\/span><\/h3>\n<ul style=\"text-align: justify;\">\n<li style=\"text-align: justify;\">1 de diciembre de 2017: el sistema se abre para la presentaci\u00f3n de res\u00famenes.<\/li>\n<li style=\"text-align: justify;\">25 de mayo de 2018: fecha l\u00edmite para la presentaci\u00f3n de res\u00famenes.<\/li>\n<li style=\"text-align: justify;\">8 de junio de 2018: publicaci\u00f3n de res\u00famenes aceptados.<\/li>\n<li style=\"text-align: justify;\">22 de junio de 2018: fecha l\u00edmite para la presentaci\u00f3n del trabajo completo.<\/li>\n<li style=\"text-align: justify;\">13 de julio de 2018: fecha l\u00edmite para el env\u00edo de los p\u00f3steres.<\/li>\n<li style=\"text-align: justify;\">31 de julio de 2018: fecha l\u00edmite para el registro de los autores.<\/li>\n<\/ul>\n<h3><span style=\"color: #ffffff;\">.<\/span><\/h3>\n<h3 style=\"text-align: justify;\"><span style=\"color: #64698e;\">Como enviar su\u00a0proyecto<\/span><\/h3>\n<h4><strong><a href=\"http:\/\/www.acofi.edu.co\/eiei2018\/wp-content\/uploads\/2017\/11\/INSTRUCTIVO-PARA-SUBIR-SU-RESUMEN-ESTUDIANTES.pdf\">INSTRUCTIVO PARA SUBIR SU RESUMEN ESTUDIANTES<\/a><\/strong><\/h4>\n<ul style=\"text-align: justify;\">\n<li>Prepare\u00a0un texto que contenga lo siguiente:\n<ol style=\"text-align: justify;\">\n<li>Breve descripci\u00f3n del proyecto (200 palabras)<\/li>\n<li>Fecha de inicio \u2013 fin del proyecto (aclarar si a\u00fan continua)<\/li>\n<li>Alcance del proyecto \u2013 poblaci\u00f3n beneficiada<\/li>\n<li>Resultados alcanzados<\/li>\n<li>Proyecci\u00f3n a futuro del proyecto.<\/li>\n<\/ol>\n<\/li>\n<li>Despu\u00e9s del 1 de noviembre de 2016, acceda al sitio web\u00a0<span style=\"color: #000000;\"><strong><a href=\"http:\/\/www.acofipapers.org\">acofipapers.org<\/a><\/strong><\/span><\/li>\n<li>Reg\u00edstrese en el sistema si a\u00fan no tiene acceso a \u00e9l<\/li>\n<li>En la categor\u00eda \u201cTrabajos de los estudiantes\u201d copie y pegue el texto del resumen en el recuadro apropiado (no necesita adjuntar ning\u00fan documento\/archivo en esta etapa)<\/li>\n<li>Es muy importante que todos los autores del trabajo queden inscritos en esta primera etapa, el sistema da la opci\u00f3n de agregar tantos autores como sea necesario<\/li>\n<\/ul>\n<p style=\"text-align: justify;\">*Se recomienda que este proceso lo realice el autor principal del trabajo, pues quien inicia el proceso es el \u00fanico contacto entre ACOFI y el trabajo a presentar.<\/p>\n<h3><span style=\"color: #ffffff;\">.<\/span><\/h3>\n<h3 style=\"text-align: justify;\"><span style=\"color: #64698e;\">Las propuestas ser\u00e1n evaluadas de acuerdo a los siguientes criterios<\/span><\/h3>\n<ul style=\"text-align: justify;\">\n<li>El proyecto es un trabajo de aplicaci\u00f3n de la ingenier\u00eda (en cualquiera de sus ramas)<\/li>\n<li>El proyecto es innovador<\/li>\n<li>Se evidencia trabajo en equipo<\/li>\n<li>El proyecto se enmarca dentro de la sustentabilidad (se tienen en cuenta las consideraci\u00f3n e impactos sociales, econ\u00f3micos y ambientales)<\/li>\n<li>El proyecto tiene proyecci\u00f3n para ser continuado a futuro.<\/li>\n<\/ul>\n<h3><span style=\"color: #ffffff;\">.<\/span><\/h3>\n<h3><span style=\"color: #64698e;\">Instructivo para la presentaci\u00f3n del trabajo completo<\/span><\/h3>\n<p>Consulte aqu\u00ed el instructivo para la elaboraci\u00f3n y posterior subida a la plataforma del trabajo en extenso. Solicitamos una lectura detalla de este instructivo.<\/p>\n<p><strong><a href=\"http:\/\/www.acofi.edu.co\/eiei2018\/wp-content\/uploads\/2018\/05\/Instructivo-presentaci\u00f3n-trabajo-completo-2018-Estudiantes.pdf\">Instructivo presentaci\u00f3n trabajo completo<\/a><\/strong><\/p>\n<h3><span style=\"color: #ffffff;\">.<\/span><\/h3>\n<h3><span style=\"color: #64698e;\">Instructivo para la presentaci\u00f3n de P\u00f3steres<\/span><\/h3>\n<p>Consulte aqu\u00ed el instructivo para la elaboraci\u00f3n y posterior remisi\u00f3n de su p\u00f3ster. Solicitamos una lectura detalla de este instructivo.<\/p>\n<p><strong><a href=\"http:\/\/www.acofi.edu.co\/eiei2018\/wp-content\/uploads\/2018\/05\/Instructivo_posteres_2018.pdf\">Instructivo presentaci\u00f3n de p\u00f3steres<\/a><\/strong><\/p>\n<h3><span style=\"color: #ffffff;\">.<\/span><\/h3>\n<h3><span style=\"color: #64698e;\">Derechos de autor<\/span><\/h3>\n<p>Todos los trabajos ser\u00e1n compilados en las memorias del Encuentro. Esta publicaci\u00f3n ser\u00e1 realizada por la Asociaci\u00f3n Colombiana de Ingenier\u00eda, ACOFI, dando los cr\u00e9ditos correspondientes a todos los autores. Dicha publicaci\u00f3n no implica ning\u00fan reconocimiento en dinero para los autores.<\/p>\n<p>La responsabilidad del contenido de las ponencias es de los autores, adem\u00e1s, se deber\u00e1 contar con la autorizaci\u00f3n respectiva para la reproducci\u00f3n de cualquier ilustraci\u00f3n, texto, tabla o figura, tomados de otros autores y\/o fuentes. ACOFI no asume responsabilidad por las opiniones expresadas en los documentos publicados. Una vez la ponencia es aceptada, los autores deber\u00e1n suministrar a la Asociaci\u00f3n, su autorizaci\u00f3n de publicaci\u00f3n por escrito (ver formato).<\/p>\n<p><strong><a href=\"http:\/\/www.acofi.edu.co\/eiei2018\/wp-content\/uploads\/2018\/05\/zz__Carta-de-derechos-2018.docx\">Formato Carta de derechos<\/a><\/strong><\/p>\n<h3><span style=\"color: #ffffff;\">.<\/span><\/h3>\n<h3 style=\"text-align: justify;\"><span style=\"color: #64698e;\">Muestra de resultados<\/span><\/h3>\n<p style=\"text-align: justify;\">La muestra de resultados se desarrollar\u00e1 bajo la metodolog\u00eda de p\u00f3ster. Cada equipo deber\u00e1 presentar su proyecto en un p\u00f3ster, acompa\u00f1ado del prototipo o entregable f\u00edsico de su proyecto si aplica.<\/p>\n<p style=\"text-align: justify;\">En la muestra de resultados debe estar por lo menos uno de los integrantes del grupo quien presentar\u00e1 el proyecto.<\/p>\n<h3><span style=\"color: #ffffff;\">.<\/span><\/h3>\n<h3 style=\"text-align: justify;\"><span style=\"color: #64698e;\">Evaluaci\u00f3n<\/span><\/h3>\n<p style=\"text-align: justify;\">Se conformar\u00e1 un grupo evaluador, el cual tendr\u00e1 en cuenta los siguientes criterios para establecer los mejores proyectos:<\/p>\n<ul style=\"text-align: justify;\">\n<li>Pertinencia para la ingenier\u00eda<\/li>\n<li>El proyecto tiene en cuenta los elementos de sustentabilidad<\/li>\n<li>Evidencia de trabajo en equipo, disciplinario o interdisciplinario<\/li>\n<li>El proyecto tiene una proyecci\u00f3n para ser continuado a futuro<\/li>\n<li>El proyecto resuelve una problem\u00e1tica social o aporta en el mejoramiento de la calidad de vida de una comunidad.<\/li>\n<li>El proyecto es innovador.<\/li>\n<li>Contenido del p\u00f3ster, distribuci\u00f3n espacial y calidad est\u00e9tica<\/li>\n<\/ul>\n<p style=\"text-align: justify;\">El grupo evaluador revisar\u00e1 los p\u00f3steres e interactuar\u00e1 con los participantes para solucionar inquietudes o ampliar informaci\u00f3n referente al proyecto.<\/p>\n<h3><span style=\"color: #ffffff;\">.<\/span><\/h3>\n<h3 style=\"text-align: justify;\"><span style=\"color: #64698e;\">Premiaci\u00f3n<\/span><\/h3>\n<p style=\"text-align: justify;\">Al final se premiar\u00e1n los mejores proyectos en las siguientes categor\u00edas<\/p>\n<ul style=\"text-align: justify;\">\n<li>Mejor proyecto: es el que re\u00fane las mayores caracter\u00edsticas de la suma de todos los criterios de evaluaci\u00f3n.<\/li>\n<li>Proyecto con mayor proyecci\u00f3n social: Se tiene en cuenta la capacidad el proyecto en la soluci\u00f3n de problem\u00e1ticas sociales o el mejoramiento de la calidad de vida de alguna comunidad.<\/li>\n<li>Proyecto m\u00e1s innovador a nivel investigativo: Se tiene en cuenta la originalidad y la diferenciaci\u00f3n de soluciones existentes.<\/li>\n<\/ul>\n<p style=\"text-align: justify;\">En la jornada de clausura del Encuentro de ACOFI se realizar\u00e1 la premiaci\u00f3n a los mejores proyectos.<\/p>\n","protected":false},"excerpt":{"rendered":"<p>En septiembre de 2013, la Asociaci\u00f3n Colombiana de Facultades de Ingenier\u00eda (ACOFI) realiz\u00f3 en la ciudad de Cartagena el WEEF 2013 (World Engineering Education Forum) WEEFTM y apoy\u00f3 directamente el Noveno Foro Global de Estudiantes de ingenier\u00eda (9th GSF) organizado por la Student Platform for Engineering Education Development (SPEED). El 9th GSF reuni\u00f3 por primera [&hellip;]<\/p>\n","protected":false},"author":2,"featured_media":0,"parent":0,"menu_order":0,"comment_status":"closed","ping_status":"closed","template":"","meta":[],"_links":{"self":[{"href":"http:\/\/www.acofi.edu.co\/eiei2018\/wp-json\/wp\/v2\/pages\/92"}],"collection":[{"href":"http:\/\/www.acofi.edu.co\/eiei2018\/wp-json\/wp\/v2\/pages"}],"about":[{"href":"http:\/\/www.acofi.edu.co\/eiei2018\/wp-json\/wp\/v2\/types\/page"}],"author":[{"embeddable":true,"href":"http:\/\/www.acofi.edu.co\/eiei2018\/wp-json\/wp\/v2\/users\/2"}],"replies":[{"embeddable":true,"href":"http:\/\/www.acofi.edu.co\/eiei2018\/wp-json\/wp\/v2\/comments?post=92"}],"version-history":[{"count":32,"href":"http:\/\/www.acofi.edu.co\/eiei2018\/wp-json\/wp\/v2\/pages\/92\/revisions"}],"predecessor-version":[{"id":930,"href":"http:\/\/www.acofi.edu.co\/eiei2018\/wp-json\/wp\/v2\/pages\/92\/revisions\/930"}],"wp:attachment":[{"href":"http:\/\/www.acofi.edu.co\/eiei2018\/wp-json\/wp\/v2\/media?parent=92"}],"curies":[{"name":"wp","href":"https:\/\/api.w.org\/{rel}","templated":true}]}}